{"id":143,"date":"2021-12-28T17:01:31","date_gmt":"2021-12-28T17:01:31","guid":{"rendered":"https:\/\/www.iscap.pt\/aeca\/?page_id=143"},"modified":"2022-09-05T15:24:45","modified_gmt":"2022-09-05T15:24:45","slug":"comitesaecaxx","status":"publish","type":"page","link":"https:\/\/www.iscap.pt\/aeca\/comitesaecaxx\/","title":{"rendered":"Comit\u00e9s"},"content":{"rendered":"\t\t<div data-elementor-type=\"wp-page\" data-elementor-id=\"143\" class=\"elementor elementor-143\">\n\t\t\t\t\t\t<section class=\"elementor-section elementor-top-section elementor-element elementor-element-9fc0b27 elementor-section-boxed elementor-section-height-default elementor-section-height-default\" data-id=\"9fc0b27\" data-element_type=\"section\" data-e-type=\"section\">\n\t\t\t\t\t\t<div class=\"elementor-container elementor-column-gap-default\">\n\t\t\t\t\t<div class=\"elementor-column elementor-col-50 elementor-top-column elementor-element elementor-element-3324504\" data-id=\"3324504\" data-element_type=\"column\" data-e-type=\"column\">\n\t\t\t<div class=\"elementor-widget-wrap elementor-element-populated\">\n\t\t\t\t\t\t<div class=\"elementor-element elementor-element-ce514e4 elementor-widget elementor-widget-text-editor\" data-id=\"ce514e4\" data-element_type=\"widget\" data-e-type=\"widget\" data-widget_type=\"text-editor.default\">\n\t\t\t\t<div class=\"elementor-widget-container\">\n\t\t\t\t\t\t\t\t\t<h3 style=\"padding-left: 40px;\">Comiss\u00e3o Organizadora<\/h3><h4>Comiss\u00e3o Geral<\/h4><p><span style=\"color: #000000;\"><strong>Ana Maria Bandeira<\/strong><\/span><\/p><p><span style=\"color: #000000;\"><strong>Manuela Patr\u00edcio<\/strong><\/span><\/p><h5>\u00a0<\/h5><h5><span style=\"color: #134686;\">Comiss\u00e3o Alargada<\/span><\/h5><div class=\"page\" title=\"Page 1\"><div class=\"layoutArea\"><div class=\"column\"><p><span style=\"color: #000000;\"><strong>Albertina Monteiro<\/strong><\/span><\/p><p><span style=\"color: #000000;\"><strong>Armindo Lima<\/strong><\/span><\/p><p><span style=\"color: #000000;\"><strong>Cla\u00fadia Pereira<\/strong><\/span><\/p><p><span style=\"color: #000000;\"><strong>Cla\u00fadia Teixeira<\/strong><\/span><\/p><p><span style=\"color: #000000;\"><strong>Helena Costa Oliveira<\/strong><\/span><\/p><p><span style=\"color: #000000;\"><strong>Maria Jos\u00e9 Ang\u00e9lico<\/strong><\/span><\/p><p><span style=\"color: #000000;\"><strong>Susana Bastos<\/strong><\/span><\/p><p><span style=\"color: #000000;\"><strong>Susana Pinto<\/strong><\/span><\/p><p><span style=\"color: #000000;\"><strong>Rui Bertuzi<\/strong><\/span><\/p><\/div><\/div><\/div>\t\t\t\t\t\t\t\t<\/div>\n\t\t\t\t<\/div>\n\t\t\t\t\t<\/div>\n\t\t<\/div>\n\t\t\t\t<div class=\"elementor-column elementor-col-50 elementor-top-column elementor-element elementor-element-1f3a410\" data-id=\"1f3a410\" data-element_type=\"column\" data-e-type=\"column\">\n\t\t\t<div class=\"elementor-widget-wrap elementor-element-populated\">\n\t\t\t\t\t\t<div class=\"elementor-element elementor-element-0b4f9cc elementor-widget elementor-widget-text-editor\" data-id=\"0b4f9cc\" data-element_type=\"widget\" data-e-type=\"widget\" data-widget_type=\"text-editor.default\">\n\t\t\t\t<div class=\"elementor-widget-container\">\n\t\t\t\t\t\t\t\t\t<h3 style=\"text-align: center;\">Comiss\u00e3o Cient\u00edfica<\/h3><h4>Presid\u00eancia<\/h4><p><strong><span style=\"color: #000000;\">Leandro Ca\u00f1ibano<\/span><br \/><\/strong><span style=\"color: #000000;\">Catedr\u00e1tico, Universidad Aut\u00f3noma de Madrid<\/span><br \/><span style=\"color: #000000;\">Presidente de AECA<\/span><\/p><p><span style=\"color: #000000;\"><strong>Am\u00e9lia Cristina Ferreira da Silva<br \/><\/strong>Professora Coordenadora, ISCAP &#8211; Instituto Polit\u00e9cnico do Porto<\/span><\/p><h4>Vogais<\/h4><div class=\"page\" title=\"Page 1\"><div class=\"layoutArea\"><div class=\"column\"><div class=\"page\" title=\"Page 1\"><div class=\"layoutArea\"><div class=\"column\"><div class=\"page\" title=\"Page 1\"><div class=\"layoutArea\"><div class=\"column\"><div class=\"page\" title=\"Page 1\"><div class=\"layoutArea\"><div class=\"column\"><p><span style=\"color: #000000;\"><strong>Alan Sangster<br \/><\/strong>Professor (Chair) in\u00a0 Accounting History, University of Aberdeen<br \/><\/span><\/p><p><span style=\"color: #000000;\"><strong>Alcina Dias<br \/><\/strong>Professora Coordenadora, ISCAP &#8211; Instituto Polit\u00e9cnico do Porto<\/span><\/p><p><span style=\"color: #000000;\"><strong>Alexandra Cristina Pinheiro Carvalho<br \/><\/strong>Professora Assistente, Escola Superior de Tecnologia e Gest\u00e3o do Instituto Polit\u00e9cnico de Leiria<\/span><\/p><p><span style=\"color: #000000;\"><strong>Ana Borrego<br \/><\/strong>Professora Adjunta, Instituto Polit\u00e9cnico de Portalegre<\/span><\/p><p><span style=\"color: #000000;\"><strong>Ana Renda<\/strong><strong><br \/><\/strong>Professora Adjunta, Universidade do Algarve<\/span><\/p><p><span style=\"color: #000000;\"><strong>Ana Rita Faria<\/strong><strong><br \/><\/strong>Professora Adjunta, Universidade do Algarve<\/span><\/p><p><span style=\"color: #000000;\"><strong>Bego\u00f1a Prieto<br \/><\/strong>Catedr\u00e1tico, Universidad Aut\u00f3noma de Madrid. <\/span><br \/><span style=\"color: #000000;\">Presidente de la Comisi\u00f3n de Historia de la Contabilidad de AECA<\/span><\/p><p><span style=\"color: #000000;\"><strong>Campos Amorim<br \/><\/strong>Professor Coordenador, ISCAP &#8211; Instituto Polit\u00e9cnico do Porto<\/span><\/p><p><span style=\"color: #000000;\"><strong>C\u00e9lia <\/strong><strong>Picoito<\/strong><strong><br \/><\/strong>Professora Adjunta, Instituto Polit\u00e9cnico de Set\u00fabal<\/span><\/p><p><span style=\"color: #000000;\"><strong>Domingo Garc\u00eda P\u00e9rez de Lema<br \/><\/strong>Catedr\u00e1tico, Universidad Polit\u00e9cnica de Cartagena.<\/span><br \/><span style=\"color: #000000;\">Presidente de la Comisi\u00f3n de Valoraci\u00f3n y Financiaci\u00f3n de Empresas de AECA<\/span><\/p><p><span style=\"color: #000000;\"><strong>Eduardo Bueno Campos<br \/><\/strong>Catedr\u00e1tico, Universidad a Distancia de Madrid.<\/span><br \/><span style=\"color: #000000;\">Presidente de la Comisi\u00f3n de Organizaci\u00f3n y Sistemas de AECA<\/span><\/p><p><span style=\"color: #000000;\"><strong>Enrique Bons\u00f3n Ponte<br \/><\/strong>Catedr\u00e1tico, Universidad de Huelva.<\/span><br \/><span style=\"color: #000000;\">Presidente de la Comisi\u00f3n de Nuevas Tecnolog\u00edas y Contabilidad de AECA<\/span><\/p><p><span style=\"color: #000000;\"><strong>Enrique Ortega Carballo<br \/><\/strong>Presidente de la Comisi\u00f3n de Principios y Normas de Contabilidad de AECA<\/span><\/p><p><span style=\"color: #000000;\"><strong>Eurico Lima Basto<br \/><\/strong>Professor Coordenador Jubilado, ISCAP &#8211; Instituto Polit\u00e9cnico do Porto<\/span><\/p><p><span style=\"color: #000000;\"><strong>Fernanda Cristina Pedrosa Alberto<br \/><\/strong>Professora Coordenadora, Instituto de Contabilidade e Administra\u00e7\u00e3o de Coimbra do Instituto Polit\u00e9cnico de Coimbra<\/span><\/p><p><span style=\"color: #000000;\"><strong>Francisco Jose Carreira<br \/><\/strong>Professor Coordenador, Escola Superior de Tecnologia e Gestao do Instituto Polit\u00e9cnico de Set\u00fabal<\/span><\/p><p><span style=\"color: #000000;\"><strong>Garry Carnegie<br \/><\/strong>Emeritus Professor, RMIT, Australia<\/span><\/p><p><span style=\"color: #000000;\"><strong>Gra\u00e7a Maria do Carmo Azevedo<br \/><\/strong>Professora Coordenadora com Agrega\u00e7\u00e3o ISCA &#8211; Universidade de Aveiro<\/span><\/p><p><span style=\"color: #000000;\"><strong>Helena Santos de Oliveira<br \/><\/strong>Professora Adjunta, ISCAP &#8211; Instituto Polit\u00e9cnico do Porto<\/span><\/p><p><span style=\"color: #000000;\"><strong>Helena Saraiva<br \/><\/strong>Professora Adjunta, Instituto Polit\u00e9cnico da Guarda\u00a0<\/span><\/p><p><span style=\"color: #000000;\"><strong>Jes\u00fas Lizcano \u00c1lvarez<br \/><\/strong>Catedr\u00e1tico, Universidad Aut\u00f3noma de Madrid. <\/span><br \/><span style=\"color: #000000;\">Presidente de la Comisi\u00f3n de Contabilidad de Gesti\u00f3n de AECA<\/span><\/p><p><span style=\"color: #000000;\"><strong>Jo\u00e3o Francisco Carvalho de Sousa<br \/><\/strong>Professor Assistente invitado, Instituto Superior de Contabilidade e Administra\u00e7\u00e3o da Universidade de Aveiro<\/span><\/p><p><span style=\"color: #000000;\"><strong>Jo\u00e3o Pedro Almeida Couto<br \/><\/strong>Professor Associado com Agrega\u00e7\u00e3o, Universidade dos A\u00e7ores<\/span><\/p><p><span style=\"color: #000000;\"><strong>Jos\u00e9 Ant\u00f3nio Vale<br \/><\/strong>Professor Adjunto, ISCAP &#8211; Instituto Polit\u00e9cnico do Porto<\/span><\/p><p><span style=\"color: #000000;\"><strong>Jos\u00e9 Carlos Lopes<br \/><\/strong>Professor Adjunto, Instituto Polit\u00e9cnico de Bragan\u00e7a<\/span><\/p><p><span style=\"color: #000000;\"><strong>Jos\u00e9 Freitas Santos<br \/><\/strong>Professor Coordenador Principal, ISCAP &#8211; Instituto Polit\u00e9cnico do Porto<\/span><\/p><p><span style=\"color: #000000;\"><strong>Jos\u00e9 Miguel Rodr\u00edguez Ant\u00f3n<br \/><\/strong>Catedr\u00e1tico, Universidad Aut\u00f3noma de Madrid<\/span><br \/><span style=\"color: #000000;\">Presidente de la Comisi\u00f3n de Turismo de AECA<\/span><\/p><p><span style=\"color: #000000;\"><strong>Juan Francisco Juli\u00e1<br \/><\/strong>Catedr\u00e1tico, Universitat Polit\u00e8cnica de Val\u00e8ncia <\/span><br \/><span style=\"color: #000000;\">Presidente Comisi\u00f3n de Contabilidad de Cooperativas y otras Empresas de la Econom\u00eda Social<\/span><\/p><p><span style=\"color: #000000;\"><strong>Karen McBride<\/strong><strong><br \/><\/strong>Reader in Accounting and Accountability, University of Portsmouth, UK. Chair of the Accounting History SIG of BAFA<br \/><\/span><\/p><p><span style=\"color: #000000;\"><strong>Ken McPhail<br \/><\/strong>Professor (Chair) in Accounting, University of Manchester, UK<br \/><\/span><\/p><p><span style=\"color: #000000;\"><strong>Lu\u00eds Gomes<br \/><\/strong>Professor Adjunto, ISCAP &#8211; Instituto Polit\u00e9cnico do Porto<\/span><\/p><p><span style=\"color: #000000;\"><strong>Luis Ure\u00f1a Garc\u00eda<br \/><\/strong>C\u00e1ritas Espa\u00f1ola<\/span><br \/><span style=\"color: #000000;\">Presidente de la Comisi\u00f3n de Entidades Sin Fines de Lucro de AECA<\/span><\/p><p><span style=\"color: #000000;\"><strong>Maria do C\u00e9u Alves <br \/><\/strong>Professora Associada, Universidade da Beira Interior<\/span><\/p><p><span style=\"color: #000000;\"><strong>Maria Fernanda Matias<\/strong><strong><br \/><\/strong>Professora Coordenadora com Agrega\u00e7\u00e3o, Universidade do Algarve<\/span><\/p><p><span style=\"color: #000000;\"><strong>Maria Jos\u00e9 Fernandes<br \/><\/strong>Professora, Escola Superior de Gest\u00e3o do Instituto Polit\u00e9cnico do C\u00e1vado e Ave\u00a0\u00a0\u00a0\u00a0<\/span><\/p><p><span style=\"color: #000000;\"><strong>Martin Quinn<br \/><\/strong>Professor of Accounting, Queen\u2019s University Belfast, UK<br \/><\/span><\/p><p><span style=\"color: #000000;\"><strong>Nuno Adriano Baptista Ribeiro<br \/><\/strong>Professor Adjunto, Instituto Polit\u00e9cnico de Bragan\u00e7a (IPB)<\/span><\/p><p><span style=\"color: #000000;\"><strong>Pedro Rivero Torre<br \/><\/strong>Catedr\u00e1tico, Universidad Complutense de Madrid. <\/span><br \/><span style=\"color: #000000;\">Presidente de la Comisi\u00f3n de Responsabilidad Social Corporativa de AECA<\/span><\/p><p><span style=\"color: #000000;\"><strong>Rog\u00e9rio Marques Serrasqueiro<br \/><\/strong>Professor Auxiliar, ISCTE-Instituto Universit\u00e1rio de Lisboa<\/span><\/p><p><span style=\"color: #000000;\"><strong>Rui Almeida<br \/><\/strong>Professor Coordenador, ISCAL &#8211; Instituto Polit\u00e9cnico de Lisboa<\/span><\/p><p><span style=\"color: #000000;\"><strong>Rute Abreu<br \/><\/strong>Professora Coordenadora, Instituto Polit\u00e9cnico da Guarda<\/span><\/p><p><span style=\"color: #000000;\"><strong>Stewart Smyth<\/strong><strong><br \/><\/strong>Professor (Chair) in Accounting, University of Sheffield, UK. President of the British Accounting and Finance Association (BAFA)<br \/><\/span><\/p><p><span style=\"color: #000000;\"><strong>Susana Silva<\/strong><strong><br \/><\/strong>Professora Adjunta, Instituto Polit\u00e9cnico de Set\u00fabal<\/span><\/p><p><span style=\"color: #000000;\"><strong>Vicente Montesinos Julve<br \/><\/strong>Catedr\u00e1tico, Universidad de Valencia. <\/span><br \/><span style=\"color: #000000;\">Presidente de la Comisi\u00f3n de Contabilidad y Administraci\u00f3n del Sector P\u00fablico de AECA<\/span><\/p><\/div><\/div><\/div><\/div><\/div><\/div><\/div><\/div><\/div><\/div><\/div><\/div>\t\t\t\t\t\t\t\t<\/div>\n\t\t\t\t<\/div>\n\t\t\t\t\t<\/div>\n\t\t<\/div>\n\t\t\t\t\t<\/div>\n\t\t<\/section>\n\t\t\t\t<section class=\"elementor-section elementor-top-section elementor-element elementor-element-afaa66b elementor-section-boxed elementor-section-height-default elementor-section-height-default\" data-id=\"afaa66b\" data-element_type=\"section\" data-e-type=\"section\">\n\t\t\t\t\t\t<div class=\"elementor-container elementor-column-gap-default\">\n\t\t\t\t\t<div class=\"elementor-column elementor-col-100 elementor-top-column elementor-element elementor-element-e3c2f8b\" data-id=\"e3c2f8b\" data-element_type=\"column\" data-e-type=\"column\">\n\t\t\t<div class=\"elementor-widget-wrap elementor-element-populated\">\n\t\t\t\t\t\t<div class=\"elementor-element elementor-element-d098311 elementor-widget elementor-widget-image\" data-id=\"d098311\" data-element_type=\"widget\" data-e-type=\"widget\" data-widget_type=\"image.default\">\n\t\t\t\t<div class=\"elementor-widget-container\">\n\t\t\t\t\t\t\t\t\t\t\t\t\t\t\t\t<a href=\"https:\/\/xxencuentro.aeca.es\" target=\"_blank\">\n\t\t\t\t\t\t\t<img fetchpriority=\"high\" decoding=\"async\" width=\"640\" height=\"162\" src=\"https:\/\/www.iscap.pt\/aeca\/wp-content\/uploads\/2022\/02\/WEB-Slider-XX-Encuentro-Internacional-AECA-VF-1024x259.png\" class=\"attachment-large size-large wp-image-633\" alt=\"Encuentro Internacional AECA XX\" srcset=\"https:\/\/www.iscap.pt\/aeca\/wp-content\/uploads\/2022\/02\/WEB-Slider-XX-Encuentro-Internacional-AECA-VF-1024x259.png 1024w, https:\/\/www.iscap.pt\/aeca\/wp-content\/uploads\/2022\/02\/WEB-Slider-XX-Encuentro-Internacional-AECA-VF-300x76.png 300w, https:\/\/www.iscap.pt\/aeca\/wp-content\/uploads\/2022\/02\/WEB-Slider-XX-Encuentro-Internacional-AECA-VF-768x195.png 768w, https:\/\/www.iscap.pt\/aeca\/wp-content\/uploads\/2022\/02\/WEB-Slider-XX-Encuentro-Internacional-AECA-VF.png 1500w\" sizes=\"(max-width: 640px) 100vw, 640px\" \/>\t\t\t\t\t\t\t\t<\/a>\n\t\t\t\t\t\t\t\t\t\t\t\t\t\t\t<\/div>\n\t\t\t\t<\/div>\n\t\t\t\t\t<\/div>\n\t\t<\/div>\n\t\t\t\t\t<\/div>\n\t\t<\/section>\n\t\t\t\t<\/div>\n\t\t","protected":false},"excerpt":{"rendered":"<p>Comiss\u00e3o Organizadora Comiss\u00e3o Geral Ana Maria Bandeira Manuela Patr\u00edcio \u00a0 Comiss\u00e3o Alargada Albertina Monteiro Armindo Lima Cla\u00fadia Pereira Cla\u00fadia Teixeira Helena Costa Oliveira Maria Jos\u00e9 Ang\u00e9lico Susana Bastos Susana Pinto Rui Bertuzi Comiss\u00e3o Cient\u00edfica Presid\u00eancia Leandro Ca\u00f1ibanoCatedr\u00e1tico, Universidad Aut\u00f3noma de MadridPresidente de AECA Am\u00e9lia Cristina Ferreira da SilvaProfessora Coordenadora, ISCAP &#8211; Instituto Polit\u00e9cnico do Porto [&hellip;]<\/p>\n","protected":false},"author":1,"featured_media":0,"parent":0,"menu_order":0,"comment_status":"closed","ping_status":"closed","template":"","meta":{"footnotes":""},"class_list":["post-143","page","type-page","status-publish","hentry"],"yoast_head":"<!-- This site is optimized with the Yoast SEO plugin v27.4 - https:\/\/yoast.com\/product\/yoast-seo-wordpress\/ -->\n<title>Comit\u00e9s - XX Encontro Internacional AECA<\/title>\n<meta name=\"description\" content=\"Comit\u00e9s do Evento. Lista descritiva da Comiss\u00e3o Organizadora e Comiss\u00e3o Cient\u00edfica.\" \/>\n<meta name=\"robots\" content=\"index, follow, max-snippet:-1, max-image-preview:large, max-video-preview:-1\" \/>\n<link rel=\"canonical\" href=\"https:\/\/www.iscap.pt\/aeca\/comitesaecaxx\/\" \/>\n<meta property=\"og:locale\" content=\"pt_PT\" \/>\n<meta property=\"og:type\" content=\"article\" \/>\n<meta property=\"og:title\" content=\"Comit\u00e9s - XX Encontro Internacional AECA\" \/>\n<meta property=\"og:description\" content=\"Comit\u00e9s do Evento. Lista descritiva da Comiss\u00e3o Organizadora e Comiss\u00e3o Cient\u00edfica.\" \/>\n<meta property=\"og:url\" content=\"https:\/\/www.iscap.pt\/aeca\/comitesaecaxx\/\" \/>\n<meta property=\"og:site_name\" content=\"XX Encontro Internacional AECA\" \/>\n<meta property=\"article:modified_time\" content=\"2022-09-05T15:24:45+00:00\" \/>\n<meta property=\"og:image\" content=\"https:\/\/www.iscap.pt\/aeca\/wp-content\/uploads\/2022\/02\/WEB-Slider-XX-Encuentro-Internacional-AECA-VF-1024x259.png\" \/>\n<meta name=\"twitter:card\" content=\"summary_large_image\" \/>\n<meta name=\"twitter:label1\" content=\"Tempo estimado de leitura\" \/>\n\t<meta name=\"twitter:data1\" content=\"4 minutos\" \/>\n<script type=\"application\/ld+json\" class=\"yoast-schema-graph\">{\"@context\":\"https:\\\/\\\/schema.org\",\"@graph\":[{\"@type\":\"WebPage\",\"@id\":\"https:\\\/\\\/www.iscap.pt\\\/aeca\\\/comitesaecaxx\\\/\",\"url\":\"https:\\\/\\\/www.iscap.pt\\\/aeca\\\/comitesaecaxx\\\/\",\"name\":\"Comit\u00e9s - XX Encontro Internacional AECA\",\"isPartOf\":{\"@id\":\"https:\\\/\\\/www.iscap.pt\\\/aeca\\\/#website\"},\"primaryImageOfPage\":{\"@id\":\"https:\\\/\\\/www.iscap.pt\\\/aeca\\\/comitesaecaxx\\\/#primaryimage\"},\"image\":{\"@id\":\"https:\\\/\\\/www.iscap.pt\\\/aeca\\\/comitesaecaxx\\\/#primaryimage\"},\"thumbnailUrl\":\"https:\\\/\\\/www.iscap.pt\\\/aeca\\\/wp-content\\\/uploads\\\/2022\\\/02\\\/WEB-Slider-XX-Encuentro-Internacional-AECA-VF-1024x259.png\",\"datePublished\":\"2021-12-28T17:01:31+00:00\",\"dateModified\":\"2022-09-05T15:24:45+00:00\",\"description\":\"Comit\u00e9s do Evento. Lista descritiva da Comiss\u00e3o Organizadora e Comiss\u00e3o Cient\u00edfica.\",\"breadcrumb\":{\"@id\":\"https:\\\/\\\/www.iscap.pt\\\/aeca\\\/comitesaecaxx\\\/#breadcrumb\"},\"inLanguage\":\"pt-PT\",\"potentialAction\":[{\"@type\":\"ReadAction\",\"target\":[\"https:\\\/\\\/www.iscap.pt\\\/aeca\\\/comitesaecaxx\\\/\"]}]},{\"@type\":\"ImageObject\",\"inLanguage\":\"pt-PT\",\"@id\":\"https:\\\/\\\/www.iscap.pt\\\/aeca\\\/comitesaecaxx\\\/#primaryimage\",\"url\":\"https:\\\/\\\/www.iscap.pt\\\/aeca\\\/wp-content\\\/uploads\\\/2022\\\/02\\\/WEB-Slider-XX-Encuentro-Internacional-AECA-VF.png\",\"contentUrl\":\"https:\\\/\\\/www.iscap.pt\\\/aeca\\\/wp-content\\\/uploads\\\/2022\\\/02\\\/WEB-Slider-XX-Encuentro-Internacional-AECA-VF.png\",\"width\":1500,\"height\":380,\"caption\":\"Cartaz do Encuentro Internacional AECA\"},{\"@type\":\"BreadcrumbList\",\"@id\":\"https:\\\/\\\/www.iscap.pt\\\/aeca\\\/comitesaecaxx\\\/#breadcrumb\",\"itemListElement\":[{\"@type\":\"ListItem\",\"position\":1,\"name\":\"In\u00edcio\",\"item\":\"https:\\\/\\\/www.iscap.pt\\\/aeca\\\/\"},{\"@type\":\"ListItem\",\"position\":2,\"name\":\"Comit\u00e9s\"}]},{\"@type\":\"WebSite\",\"@id\":\"https:\\\/\\\/www.iscap.pt\\\/aeca\\\/#website\",\"url\":\"https:\\\/\\\/www.iscap.pt\\\/aeca\\\/\",\"name\":\"XX Encontro Internacional AECA\",\"description\":\"XX Encontro Internacional AECA\",\"publisher\":{\"@id\":\"https:\\\/\\\/www.iscap.pt\\\/aeca\\\/#organization\"},\"potentialAction\":[{\"@type\":\"SearchAction\",\"target\":{\"@type\":\"EntryPoint\",\"urlTemplate\":\"https:\\\/\\\/www.iscap.pt\\\/aeca\\\/?s={search_term_string}\"},\"query-input\":{\"@type\":\"PropertyValueSpecification\",\"valueRequired\":true,\"valueName\":\"search_term_string\"}}],\"inLanguage\":\"pt-PT\"},{\"@type\":\"Organization\",\"@id\":\"https:\\\/\\\/www.iscap.pt\\\/aeca\\\/#organization\",\"name\":\"Asociaci\u00f3n Espa\u00f1ola de Contabilidad y Administraci\u00f3n de Empresas (AECA)\",\"url\":\"https:\\\/\\\/www.iscap.pt\\\/aeca\\\/\",\"logo\":{\"@type\":\"ImageObject\",\"inLanguage\":\"pt-PT\",\"@id\":\"https:\\\/\\\/www.iscap.pt\\\/aeca\\\/#\\\/schema\\\/logo\\\/image\\\/\",\"url\":\"\",\"contentUrl\":\"\",\"caption\":\"Asociaci\u00f3n Espa\u00f1ola de Contabilidad y Administraci\u00f3n de Empresas (AECA)\"},\"image\":{\"@id\":\"https:\\\/\\\/www.iscap.pt\\\/aeca\\\/#\\\/schema\\\/logo\\\/image\\\/\"}}]}<\/script>\n<!-- \/ Yoast SEO plugin. -->","yoast_head_json":{"title":"Comit\u00e9s - XX Encontro Internacional AECA","description":"Comit\u00e9s do Evento. Lista descritiva da Comiss\u00e3o Organizadora e Comiss\u00e3o Cient\u00edfica.","robots":{"index":"index","follow":"follow","max-snippet":"max-snippet:-1","max-image-preview":"max-image-preview:large","max-video-preview":"max-video-preview:-1"},"canonical":"https:\/\/www.iscap.pt\/aeca\/comitesaecaxx\/","og_locale":"pt_PT","og_type":"article","og_title":"Comit\u00e9s - XX Encontro Internacional AECA","og_description":"Comit\u00e9s do Evento. Lista descritiva da Comiss\u00e3o Organizadora e Comiss\u00e3o Cient\u00edfica.","og_url":"https:\/\/www.iscap.pt\/aeca\/comitesaecaxx\/","og_site_name":"XX Encontro Internacional AECA","article_modified_time":"2022-09-05T15:24:45+00:00","og_image":[{"url":"https:\/\/www.iscap.pt\/aeca\/wp-content\/uploads\/2022\/02\/WEB-Slider-XX-Encuentro-Internacional-AECA-VF-1024x259.png","type":"","width":"","height":""}],"twitter_card":"summary_large_image","twitter_misc":{"Tempo estimado de leitura":"4 minutos"},"schema":{"@context":"https:\/\/schema.org","@graph":[{"@type":"WebPage","@id":"https:\/\/www.iscap.pt\/aeca\/comitesaecaxx\/","url":"https:\/\/www.iscap.pt\/aeca\/comitesaecaxx\/","name":"Comit\u00e9s - XX Encontro Internacional AECA","isPartOf":{"@id":"https:\/\/www.iscap.pt\/aeca\/#website"},"primaryImageOfPage":{"@id":"https:\/\/www.iscap.pt\/aeca\/comitesaecaxx\/#primaryimage"},"image":{"@id":"https:\/\/www.iscap.pt\/aeca\/comitesaecaxx\/#primaryimage"},"thumbnailUrl":"https:\/\/www.iscap.pt\/aeca\/wp-content\/uploads\/2022\/02\/WEB-Slider-XX-Encuentro-Internacional-AECA-VF-1024x259.png","datePublished":"2021-12-28T17:01:31+00:00","dateModified":"2022-09-05T15:24:45+00:00","description":"Comit\u00e9s do Evento. Lista descritiva da Comiss\u00e3o Organizadora e Comiss\u00e3o Cient\u00edfica.","breadcrumb":{"@id":"https:\/\/www.iscap.pt\/aeca\/comitesaecaxx\/#breadcrumb"},"inLanguage":"pt-PT","potentialAction":[{"@type":"ReadAction","target":["https:\/\/www.iscap.pt\/aeca\/comitesaecaxx\/"]}]},{"@type":"ImageObject","inLanguage":"pt-PT","@id":"https:\/\/www.iscap.pt\/aeca\/comitesaecaxx\/#primaryimage","url":"https:\/\/www.iscap.pt\/aeca\/wp-content\/uploads\/2022\/02\/WEB-Slider-XX-Encuentro-Internacional-AECA-VF.png","contentUrl":"https:\/\/www.iscap.pt\/aeca\/wp-content\/uploads\/2022\/02\/WEB-Slider-XX-Encuentro-Internacional-AECA-VF.png","width":1500,"height":380,"caption":"Cartaz do Encuentro Internacional AECA"},{"@type":"BreadcrumbList","@id":"https:\/\/www.iscap.pt\/aeca\/comitesaecaxx\/#breadcrumb","itemListElement":[{"@type":"ListItem","position":1,"name":"In\u00edcio","item":"https:\/\/www.iscap.pt\/aeca\/"},{"@type":"ListItem","position":2,"name":"Comit\u00e9s"}]},{"@type":"WebSite","@id":"https:\/\/www.iscap.pt\/aeca\/#website","url":"https:\/\/www.iscap.pt\/aeca\/","name":"XX Encontro Internacional AECA","description":"XX Encontro Internacional AECA","publisher":{"@id":"https:\/\/www.iscap.pt\/aeca\/#organization"},"potentialAction":[{"@type":"SearchAction","target":{"@type":"EntryPoint","urlTemplate":"https:\/\/www.iscap.pt\/aeca\/?s={search_term_string}"},"query-input":{"@type":"PropertyValueSpecification","valueRequired":true,"valueName":"search_term_string"}}],"inLanguage":"pt-PT"},{"@type":"Organization","@id":"https:\/\/www.iscap.pt\/aeca\/#organization","name":"Asociaci\u00f3n Espa\u00f1ola de Contabilidad y Administraci\u00f3n de Empresas (AECA)","url":"https:\/\/www.iscap.pt\/aeca\/","logo":{"@type":"ImageObject","inLanguage":"pt-PT","@id":"https:\/\/www.iscap.pt\/aeca\/#\/schema\/logo\/image\/","url":"","contentUrl":"","caption":"Asociaci\u00f3n Espa\u00f1ola de Contabilidad y Administraci\u00f3n de Empresas (AECA)"},"image":{"@id":"https:\/\/www.iscap.pt\/aeca\/#\/schema\/logo\/image\/"}}]}},"_links":{"self":[{"href":"https:\/\/www.iscap.pt\/aeca\/wp-json\/wp\/v2\/pages\/143","targetHints":{"allow":["GET"]}}],"collection":[{"href":"https:\/\/www.iscap.pt\/aeca\/wp-json\/wp\/v2\/pages"}],"about":[{"href":"https:\/\/www.iscap.pt\/aeca\/wp-json\/wp\/v2\/types\/page"}],"author":[{"embeddable":true,"href":"https:\/\/www.iscap.pt\/aeca\/wp-json\/wp\/v2\/users\/1"}],"replies":[{"embeddable":true,"href":"https:\/\/www.iscap.pt\/aeca\/wp-json\/wp\/v2\/comments?post=143"}],"version-history":[{"count":99,"href":"https:\/\/www.iscap.pt\/aeca\/wp-json\/wp\/v2\/pages\/143\/revisions"}],"predecessor-version":[{"id":999,"href":"https:\/\/www.iscap.pt\/aeca\/wp-json\/wp\/v2\/pages\/143\/revisions\/999"}],"wp:attachment":[{"href":"https:\/\/www.iscap.pt\/aeca\/wp-json\/wp\/v2\/media?parent=143"}],"curies":[{"name":"wp","href":"https:\/\/api.w.org\/{rel}","templated":true}]}}