{"id":153,"date":"2021-12-28T17:03:08","date_gmt":"2021-12-28T17:03:08","guid":{"rendered":"https:\/\/www.iscap.pt\/aeca\/?page_id=153"},"modified":"2022-09-16T17:31:27","modified_gmt":"2022-09-16T17:31:27","slug":"programa","status":"publish","type":"page","link":"https:\/\/www.iscap.pt\/aeca\/programa\/","title":{"rendered":"Programa"},"content":{"rendered":"\t\t<div data-elementor-type=\"wp-page\" data-elementor-id=\"153\" class=\"elementor elementor-153\">\n\t\t\t\t\t\t<section class=\"elementor-section elementor-top-section elementor-element elementor-element-ca28dd1 elementor-section-boxed elementor-section-height-default elementor-section-height-default\" data-id=\"ca28dd1\" data-element_type=\"section\" data-e-type=\"section\">\n\t\t\t\t\t\t<div class=\"elementor-container elementor-column-gap-default\">\n\t\t\t\t\t<div class=\"elementor-column elementor-col-100 elementor-top-column elementor-element elementor-element-c2faa03\" data-id=\"c2faa03\" data-element_type=\"column\" data-e-type=\"column\">\n\t\t\t<div class=\"elementor-widget-wrap elementor-element-populated\">\n\t\t\t\t\t\t<div class=\"elementor-element elementor-element-72f0d79 elementor-align-left elementor-button-info elementor-widget elementor-widget-button\" data-id=\"72f0d79\" data-element_type=\"widget\" data-e-type=\"widget\" data-widget_type=\"button.default\">\n\t\t\t\t<div class=\"elementor-widget-container\">\n\t\t\t\t\t\t\t\t\t<div class=\"elementor-button-wrapper\">\n\t\t\t\t\t<a class=\"elementor-button elementor-button-link elementor-size-md\" href=\"https:\/\/xxencuentro.aeca.es\/programa\/\" target=\"_blank\">\n\t\t\t\t\t\t<span class=\"elementor-button-content-wrapper\">\n\t\t\t\t\t\t\t\t\t<span class=\"elementor-button-text\">Programa AECA<\/span>\n\t\t\t\t\t<\/span>\n\t\t\t\t\t<\/a>\n\t\t\t\t<\/div>\n\t\t\t\t\t\t\t\t<\/div>\n\t\t\t\t<\/div>\n\t\t\t\t\t<\/div>\n\t\t<\/div>\n\t\t\t\t\t<\/div>\n\t\t<\/section>\n\t\t\t\t<section class=\"elementor-section elementor-top-section elementor-element elementor-element-b8ada68 elementor-section-boxed elementor-section-height-default elementor-section-height-default\" data-id=\"b8ada68\" data-element_type=\"section\" data-e-type=\"section\">\n\t\t\t\t\t\t<div class=\"elementor-container elementor-column-gap-default\">\n\t\t\t\t\t<div class=\"elementor-column elementor-col-100 elementor-top-column elementor-element elementor-element-db81e06\" data-id=\"db81e06\" data-element_type=\"column\" data-e-type=\"column\">\n\t\t\t<div class=\"elementor-widget-wrap elementor-element-populated\">\n\t\t\t\t\t\t<section class=\"elementor-section elementor-inner-section elementor-element elementor-element-09eed04 elementor-section-boxed elementor-section-height-default elementor-section-height-default\" data-id=\"09eed04\" data-element_type=\"section\" data-e-type=\"section\">\n\t\t\t\t\t\t<div class=\"elementor-container elementor-column-gap-default\">\n\t\t\t\t\t<div class=\"elementor-column elementor-col-50 elementor-inner-column elementor-element elementor-element-9b33c96\" data-id=\"9b33c96\" data-element_type=\"column\" data-e-type=\"column\">\n\t\t\t<div class=\"elementor-widget-wrap elementor-element-populated\">\n\t\t\t\t\t\t<div class=\"elementor-element elementor-element-a529e99 elementor-widget elementor-widget-text-editor\" data-id=\"a529e99\" data-element_type=\"widget\" data-e-type=\"widget\" data-widget_type=\"text-editor.default\">\n\t\t\t\t<div class=\"elementor-widget-container\">\n\t\t\t\t\t\t\t\t\t<h2>22 setembro<\/h2>\n<p><span style=\"color: #000000;\"><strong>8h30 &#8211;<\/strong> Rece\u00e7\u00e3o dos Participantes.<\/span><\/p>\n<p><span style=\"color: #000000;\"><strong>9h00 &#8211;<\/strong> Sess\u00e3o de Abertura.<\/span><\/p>\n<p><span style=\"color: #000000;\"><strong>9h30 &#8211;<\/strong> Sess\u00e3o inaugural.<\/span><\/p>\n<p><span style=\"color: #0d2e56;\">Ind\u00fastria 5.0 e desenvolvimento sustent\u00e1vel: desafios e oportunidades para a Contabilidade.<\/span><\/p>\n<p><span style=\"color: #000000;\"><strong>11h &#8211;<\/strong> Coffe Break.<\/span><\/p>\n<p><span style=\"color: #000000;\"><strong>11h30 &#8211;<\/strong> Research Workshop 1 e Sess\u00f5es Paralelas I.<\/span><\/p>\n<p><span style=\"color: #000000;\"><strong>13h &#8211;<\/strong> Almo\u00e7o.<\/span><\/p>\n<p><span style=\"color: #000000;\"><strong>14h30 &#8211;<\/strong> Espa\u00e7o AECA.<\/span><\/p>\n<p><span style=\"color: #000000;\"><strong>16h &#8211;<\/strong> Research Workshop 2 e Sess\u00f5es Paralelas II.<\/span><\/p>\n<p><span style=\"color: #000000;\"><strong>17h30 &#8211;<\/strong> Mesa Redonda l.<\/span><\/p>\n<p><span style=\"color: #000000;\"><strong>20h &#8211;<\/strong> Jantar.<\/span><\/p>\t\t\t\t\t\t\t\t<\/div>\n\t\t\t\t<\/div>\n\t\t\t\t\t<\/div>\n\t\t<\/div>\n\t\t\t\t<div class=\"elementor-column elementor-col-50 elementor-inner-column elementor-element elementor-element-ac8f6c2\" data-id=\"ac8f6c2\" data-element_type=\"column\" data-e-type=\"column\">\n\t\t\t<div class=\"elementor-widget-wrap elementor-element-populated\">\n\t\t\t\t\t\t<div class=\"elementor-element elementor-element-2ec7737 elementor-widget elementor-widget-text-editor\" data-id=\"2ec7737\" data-element_type=\"widget\" data-e-type=\"widget\" data-widget_type=\"text-editor.default\">\n\t\t\t\t<div class=\"elementor-widget-container\">\n\t\t\t\t\t\t\t\t\t<h2>23 setembro<\/h2><div><p><span style=\"color: #000000;\"><strong>9h<\/strong> &#8211; Sess\u00f5es Paralelas lll.<\/span><\/p><p><span style=\"color: #000000;\"><strong>10h &#8211;<\/strong> Research Workshop 3 e Sess\u00f5es Paralelas IV.<\/span><\/p><\/div><div><span style=\"color: #000000;\"><strong>11h &#8211;<\/strong> Coffe Break.<\/span><\/div><div>\u00a0<\/div><div><span style=\"color: #000000;\"><strong>11h30 &#8211;<\/strong> Mesa Redonda ll.<\/span><\/div><div>\u00a0<\/div><div><span style=\"color: #000000;\"><strong>13h &#8211;<\/strong> Sess\u00e3o de Encerramento.<\/span><\/div><div>\u00a0<\/div><div><span style=\"color: #000000;\"><strong>13h45 &#8211;<\/strong> Encerramento e Almo\u00e7o.<\/span><\/div><div>\u00a0<\/div><div><span style=\"color: #000000;\"><strong>16h30 &#8211;<\/strong> Programa Social.<\/span><\/div><div>\u00a0<\/div><div><span style=\"color: #000000;\"><strong>20h &#8211;<\/strong> Jantar de Gala.\u00a0<\/span><\/div>\t\t\t\t\t\t\t\t<\/div>\n\t\t\t\t<\/div>\n\t\t\t\t\t<\/div>\n\t\t<\/div>\n\t\t\t\t\t<\/div>\n\t\t<\/section>\n\t\t\t\t<div class=\"elementor-element elementor-element-c535faa elementor-widget elementor-widget-text-editor\" data-id=\"c535faa\" data-element_type=\"widget\" data-e-type=\"widget\" data-widget_type=\"text-editor.default\">\n\t\t\t\t<div class=\"elementor-widget-container\">\n\t\t\t\t\t\t\t\t\t<h3 style=\"text-align: left;\"><span style=\"color: #0d2e56;\">\u00c1reas Tem\u00e1ticas<\/span>\u00a0<\/h3><div title=\"Page 2\"><div><div><p style=\"text-align: left;\"><span style=\"color: #000000;\">a) Contabilidade Financeira.<\/span><\/p><p style=\"text-align: left;\"><span style=\"color: #000000;\">b) Contabilidade de Gest\u00e3o.<\/span><\/p><p style=\"text-align: left;\"><span style=\"color: #000000;\">c) Organiza\u00e7\u00e3o e Gest\u00e3o.<\/span><\/p><p style=\"text-align: left;\"><span style=\"color: #000000;\">d) Finan\u00e7as.<\/span><\/p><p style=\"text-align: left;\"><span style=\"color: #000000;\">e) Auditoria.<\/span><\/p><p style=\"text-align: left;\"><span style=\"color: #000000;\">f) Fiscalidade.<\/span><\/p><p style=\"text-align: left;\"><span style=\"color: #000000;\">g) Novas Tecnologias e Contabilidade.<\/span><\/p><p style=\"text-align: left;\"><span style=\"color: #000000;\">h) Relato integrado e relato n\u00e3o financeiro.<\/span><\/p><p style=\"text-align: left;\"><span style=\"color: #000000;\">i) \u00c9tica e responsabilidade social.<\/span><\/p><p style=\"text-align: left;\"><span style=\"color: #000000;\">j) Hist\u00f3ria da Contabilidade.<\/span><\/p><p style=\"text-align: left;\"><span style=\"color: #000000;\">k) Sector P\u00fablico e setor n\u00e3o lucrativo.<\/span><\/p><p style=\"text-align: left;\"><span style=\"color: #000000;\">l) Turismo.<\/span><\/p><\/div><\/div><\/div>\t\t\t\t\t\t\t\t<\/div>\n\t\t\t\t<\/div>\n\t\t\t\t\t<\/div>\n\t\t<\/div>\n\t\t\t\t\t<\/div>\n\t\t<\/section>\n\t\t\t\t<\/div>\n\t\t","protected":false},"excerpt":{"rendered":"<p>Programa AECA 22 setembro 8h30 &#8211; Rece\u00e7\u00e3o dos Participantes. 9h00 &#8211; Sess\u00e3o de Abertura. 9h30 &#8211; Sess\u00e3o inaugural. Ind\u00fastria 5.0 e desenvolvimento sustent\u00e1vel: desafios e oportunidades para a Contabilidade. 11h &#8211; Coffe Break. 11h30 &#8211; Research Workshop 1 e Sess\u00f5es Paralelas I. 13h &#8211; Almo\u00e7o. 14h30 &#8211; Espa\u00e7o AECA. 16h &#8211; Research Workshop 2 e [&hellip;]<\/p>\n","protected":false},"author":1,"featured_media":0,"parent":0,"menu_order":0,"comment_status":"closed","ping_status":"closed","template":"","meta":{"footnotes":""},"class_list":["post-153","page","type-page","status-publish","hentry"],"yoast_head":"<!-- This site is optimized with the Yoast SEO plugin v27.4 - https:\/\/yoast.com\/product\/yoast-seo-wordpress\/ -->\n<title>Programa - XX Encontro Internacional AECA<\/title>\n<meta name=\"description\" content=\"Programa - \u00c1reas tem\u00e1ticas e programa descritivo da confer\u00eancia. PDF de acompanhamento ao programa.\" \/>\n<meta name=\"robots\" content=\"index, follow, max-snippet:-1, max-image-preview:large, max-video-preview:-1\" \/>\n<link rel=\"canonical\" href=\"https:\/\/www.iscap.pt\/aeca\/programa\/\" \/>\n<meta property=\"og:locale\" content=\"pt_PT\" \/>\n<meta property=\"og:type\" content=\"article\" \/>\n<meta property=\"og:title\" content=\"Programa - XX Encontro Internacional AECA\" \/>\n<meta property=\"og:description\" content=\"Programa - \u00c1reas tem\u00e1ticas e programa descritivo da confer\u00eancia. PDF de acompanhamento ao programa.\" \/>\n<meta property=\"og:url\" content=\"https:\/\/www.iscap.pt\/aeca\/programa\/\" \/>\n<meta property=\"og:site_name\" content=\"XX Encontro Internacional AECA\" \/>\n<meta property=\"article:modified_time\" content=\"2022-09-16T17:31:27+00:00\" \/>\n<meta name=\"twitter:card\" content=\"summary_large_image\" \/>\n<meta name=\"twitter:label1\" content=\"Tempo estimado de leitura\" \/>\n\t<meta name=\"twitter:data1\" content=\"1 minuto\" \/>\n<script type=\"application\/ld+json\" class=\"yoast-schema-graph\">{\"@context\":\"https:\\\/\\\/schema.org\",\"@graph\":[{\"@type\":\"WebPage\",\"@id\":\"https:\\\/\\\/www.iscap.pt\\\/aeca\\\/programa\\\/\",\"url\":\"https:\\\/\\\/www.iscap.pt\\\/aeca\\\/programa\\\/\",\"name\":\"Programa - XX Encontro Internacional AECA\",\"isPartOf\":{\"@id\":\"https:\\\/\\\/www.iscap.pt\\\/aeca\\\/#website\"},\"datePublished\":\"2021-12-28T17:03:08+00:00\",\"dateModified\":\"2022-09-16T17:31:27+00:00\",\"description\":\"Programa - \u00c1reas tem\u00e1ticas e programa descritivo da confer\u00eancia. PDF de acompanhamento ao programa.\",\"breadcrumb\":{\"@id\":\"https:\\\/\\\/www.iscap.pt\\\/aeca\\\/programa\\\/#breadcrumb\"},\"inLanguage\":\"pt-PT\",\"potentialAction\":[{\"@type\":\"ReadAction\",\"target\":[\"https:\\\/\\\/www.iscap.pt\\\/aeca\\\/programa\\\/\"]}]},{\"@type\":\"BreadcrumbList\",\"@id\":\"https:\\\/\\\/www.iscap.pt\\\/aeca\\\/programa\\\/#breadcrumb\",\"itemListElement\":[{\"@type\":\"ListItem\",\"position\":1,\"name\":\"In\u00edcio\",\"item\":\"https:\\\/\\\/www.iscap.pt\\\/aeca\\\/\"},{\"@type\":\"ListItem\",\"position\":2,\"name\":\"Programa\"}]},{\"@type\":\"WebSite\",\"@id\":\"https:\\\/\\\/www.iscap.pt\\\/aeca\\\/#website\",\"url\":\"https:\\\/\\\/www.iscap.pt\\\/aeca\\\/\",\"name\":\"XX Encontro Internacional AECA\",\"description\":\"XX Encontro Internacional AECA\",\"publisher\":{\"@id\":\"https:\\\/\\\/www.iscap.pt\\\/aeca\\\/#organization\"},\"potentialAction\":[{\"@type\":\"SearchAction\",\"target\":{\"@type\":\"EntryPoint\",\"urlTemplate\":\"https:\\\/\\\/www.iscap.pt\\\/aeca\\\/?s={search_term_string}\"},\"query-input\":{\"@type\":\"PropertyValueSpecification\",\"valueRequired\":true,\"valueName\":\"search_term_string\"}}],\"inLanguage\":\"pt-PT\"},{\"@type\":\"Organization\",\"@id\":\"https:\\\/\\\/www.iscap.pt\\\/aeca\\\/#organization\",\"name\":\"Asociaci\u00f3n Espa\u00f1ola de Contabilidad y Administraci\u00f3n de Empresas (AECA)\",\"url\":\"https:\\\/\\\/www.iscap.pt\\\/aeca\\\/\",\"logo\":{\"@type\":\"ImageObject\",\"inLanguage\":\"pt-PT\",\"@id\":\"https:\\\/\\\/www.iscap.pt\\\/aeca\\\/#\\\/schema\\\/logo\\\/image\\\/\",\"url\":\"\",\"contentUrl\":\"\",\"caption\":\"Asociaci\u00f3n Espa\u00f1ola de Contabilidad y Administraci\u00f3n de Empresas (AECA)\"},\"image\":{\"@id\":\"https:\\\/\\\/www.iscap.pt\\\/aeca\\\/#\\\/schema\\\/logo\\\/image\\\/\"}}]}<\/script>\n<!-- \/ Yoast SEO plugin. -->","yoast_head_json":{"title":"Programa - XX Encontro Internacional AECA","description":"Programa - \u00c1reas tem\u00e1ticas e programa descritivo da confer\u00eancia. PDF de acompanhamento ao programa.","robots":{"index":"index","follow":"follow","max-snippet":"max-snippet:-1","max-image-preview":"max-image-preview:large","max-video-preview":"max-video-preview:-1"},"canonical":"https:\/\/www.iscap.pt\/aeca\/programa\/","og_locale":"pt_PT","og_type":"article","og_title":"Programa - XX Encontro Internacional AECA","og_description":"Programa - \u00c1reas tem\u00e1ticas e programa descritivo da confer\u00eancia. PDF de acompanhamento ao programa.","og_url":"https:\/\/www.iscap.pt\/aeca\/programa\/","og_site_name":"XX Encontro Internacional AECA","article_modified_time":"2022-09-16T17:31:27+00:00","twitter_card":"summary_large_image","twitter_misc":{"Tempo estimado de leitura":"1 minuto"},"schema":{"@context":"https:\/\/schema.org","@graph":[{"@type":"WebPage","@id":"https:\/\/www.iscap.pt\/aeca\/programa\/","url":"https:\/\/www.iscap.pt\/aeca\/programa\/","name":"Programa - XX Encontro Internacional AECA","isPartOf":{"@id":"https:\/\/www.iscap.pt\/aeca\/#website"},"datePublished":"2021-12-28T17:03:08+00:00","dateModified":"2022-09-16T17:31:27+00:00","description":"Programa - \u00c1reas tem\u00e1ticas e programa descritivo da confer\u00eancia. PDF de acompanhamento ao programa.","breadcrumb":{"@id":"https:\/\/www.iscap.pt\/aeca\/programa\/#breadcrumb"},"inLanguage":"pt-PT","potentialAction":[{"@type":"ReadAction","target":["https:\/\/www.iscap.pt\/aeca\/programa\/"]}]},{"@type":"BreadcrumbList","@id":"https:\/\/www.iscap.pt\/aeca\/programa\/#breadcrumb","itemListElement":[{"@type":"ListItem","position":1,"name":"In\u00edcio","item":"https:\/\/www.iscap.pt\/aeca\/"},{"@type":"ListItem","position":2,"name":"Programa"}]},{"@type":"WebSite","@id":"https:\/\/www.iscap.pt\/aeca\/#website","url":"https:\/\/www.iscap.pt\/aeca\/","name":"XX Encontro Internacional AECA","description":"XX Encontro Internacional AECA","publisher":{"@id":"https:\/\/www.iscap.pt\/aeca\/#organization"},"potentialAction":[{"@type":"SearchAction","target":{"@type":"EntryPoint","urlTemplate":"https:\/\/www.iscap.pt\/aeca\/?s={search_term_string}"},"query-input":{"@type":"PropertyValueSpecification","valueRequired":true,"valueName":"search_term_string"}}],"inLanguage":"pt-PT"},{"@type":"Organization","@id":"https:\/\/www.iscap.pt\/aeca\/#organization","name":"Asociaci\u00f3n Espa\u00f1ola de Contabilidad y Administraci\u00f3n de Empresas (AECA)","url":"https:\/\/www.iscap.pt\/aeca\/","logo":{"@type":"ImageObject","inLanguage":"pt-PT","@id":"https:\/\/www.iscap.pt\/aeca\/#\/schema\/logo\/image\/","url":"","contentUrl":"","caption":"Asociaci\u00f3n Espa\u00f1ola de Contabilidad y Administraci\u00f3n de Empresas (AECA)"},"image":{"@id":"https:\/\/www.iscap.pt\/aeca\/#\/schema\/logo\/image\/"}}]}},"_links":{"self":[{"href":"https:\/\/www.iscap.pt\/aeca\/wp-json\/wp\/v2\/pages\/153","targetHints":{"allow":["GET"]}}],"collection":[{"href":"https:\/\/www.iscap.pt\/aeca\/wp-json\/wp\/v2\/pages"}],"about":[{"href":"https:\/\/www.iscap.pt\/aeca\/wp-json\/wp\/v2\/types\/page"}],"author":[{"embeddable":true,"href":"https:\/\/www.iscap.pt\/aeca\/wp-json\/wp\/v2\/users\/1"}],"replies":[{"embeddable":true,"href":"https:\/\/www.iscap.pt\/aeca\/wp-json\/wp\/v2\/comments?post=153"}],"version-history":[{"count":92,"href":"https:\/\/www.iscap.pt\/aeca\/wp-json\/wp\/v2\/pages\/153\/revisions"}],"predecessor-version":[{"id":1036,"href":"https:\/\/www.iscap.pt\/aeca\/wp-json\/wp\/v2\/pages\/153\/revisions\/1036"}],"wp:attachment":[{"href":"https:\/\/www.iscap.pt\/aeca\/wp-json\/wp\/v2\/media?parent=153"}],"curies":[{"name":"wp","href":"https:\/\/api.w.org\/{rel}","templated":true}]}}