{"id":163,"date":"2021-12-28T17:04:58","date_gmt":"2021-12-28T17:04:58","guid":{"rendered":"https:\/\/www.iscap.pt\/aeca\/?page_id=163"},"modified":"2022-09-01T16:11:23","modified_gmt":"2022-09-01T16:11:23","slug":"cidade","status":"publish","type":"page","link":"https:\/\/www.iscap.pt\/aeca\/cidade\/","title":{"rendered":"OPorto"},"content":{"rendered":"\t\t<div data-elementor-type=\"wp-page\" data-elementor-id=\"163\" class=\"elementor elementor-163\">\n\t\t\t\t\t\t<section class=\"elementor-section elementor-top-section elementor-element elementor-element-58c6cea elementor-section-boxed elementor-section-height-default elementor-section-height-default\" data-id=\"58c6cea\" data-element_type=\"section\" data-e-type=\"section\">\n\t\t\t\t\t\t<div class=\"elementor-container elementor-column-gap-default\">\n\t\t\t\t\t<div class=\"elementor-column elementor-col-100 elementor-top-column elementor-element elementor-element-557aac3\" data-id=\"557aac3\" data-element_type=\"column\" data-e-type=\"column\">\n\t\t\t<div class=\"elementor-widget-wrap elementor-element-populated\">\n\t\t\t\t\t\t<div class=\"elementor-element elementor-element-d046b0d elementor-widget elementor-widget-text-editor\" data-id=\"d046b0d\" data-element_type=\"widget\" data-e-type=\"widget\" data-widget_type=\"text-editor.default\">\n\t\t\t\t<div class=\"elementor-widget-container\">\n\t\t\t\t\t\t\t\t\t<h2><span style=\"color: #0d2e56;\"><a style=\"color: #0d2e56;\" href=\"https:\/\/www.cm-porto.pt\/cidade\" target=\"_blank\" rel=\"noopener\">A Cidade do Porto<\/a><\/span><\/h2><p class=\"article--normal text-align-justify\"><span style=\"color: #000000;\">Conhecida como a segunda maior cidade de Portugal e aquela que deu nome ao pa\u00eds. Desde 1996 que o seu centro hist\u00f3rico est\u00e1 classificado como Patrim\u00f3nio Mundial pela UNESCO. Uma cidade com monumentos hist\u00f3ricos, pontes centen\u00e1rias, parques, e o magn\u00edfico rio Douro. Oferece uma gastronomia t\u00edpica da regi\u00e3o, nomeadamente as afamadas especialidades: desde a Francesinha, passando pelas Tripas \u00e0 Moda do Porto e o Bacalhau \u00e0 Gomes de S\u00e1.<\/span><\/p><p class=\"article--normal text-align-justify\"><span style=\"color: #000000;\">Em 2001 foi considerada Capital Europeia da Cultura e em 2012 eleita como Melhor Destino Europeu, pela Associa\u00e7\u00e3o de Consumidores Europeu. Famosa pelas caves do vinho do Porto, pela qualidade dos seus restaurantes, pela sua gastronomia, a cidade do <span style=\"color: #0d2e56;\"><a style=\"color: #0d2e56;\" href=\"https:\/\/www.cm-porto.pt\/cidade\" target=\"_blank\" rel=\"noopener\">Porto<\/a><\/span> possui tamb\u00e9m diversos espa\u00e7os culturais de refer\u00eancia como o Museu de Serralves, a Casa da M\u00fasica e a inesquec\u00edvel Livraria Lello.<\/span><\/p><p class=\"article--normal text-align-justify\"><span style=\"color: #000000;\">Uma cidade cheia de vida que \u00e9 conhecida tamb\u00e9m pelas artes, investiga\u00e7\u00e3o, inova\u00e7\u00e3o e empreendedorismo. O Porto foi eleito o\u00a0Melhor Destino City Break da Europa\u00a0em 2020, e o melhor destino Europeu em 2017 pela terceira vez consecutiva.<\/span><\/p>\t\t\t\t\t\t\t\t<\/div>\n\t\t\t\t<\/div>\n\t\t\t\t\t<\/div>\n\t\t<\/div>\n\t\t\t\t\t<\/div>\n\t\t<\/section>\n\t\t\t\t<section class=\"elementor-section elementor-top-section elementor-element elementor-element-c77edeb elementor-section-boxed elementor-section-height-default elementor-section-height-default\" data-id=\"c77edeb\" data-element_type=\"section\" data-e-type=\"section\">\n\t\t\t\t\t\t<div class=\"elementor-container elementor-column-gap-default\">\n\t\t\t\t\t<div class=\"elementor-column elementor-col-100 elementor-top-column elementor-element elementor-element-cf03565\" data-id=\"cf03565\" data-element_type=\"column\" data-e-type=\"column\">\n\t\t\t<div class=\"elementor-widget-wrap elementor-element-populated\">\n\t\t\t\t\t\t<div class=\"elementor-element elementor-element-2423229 elementor-widget elementor-widget-video\" data-id=\"2423229\" data-element_type=\"widget\" data-e-type=\"widget\" data-settings=\"{&quot;youtube_url&quot;:&quot;https:\\\/\\\/youtu.be\\\/yS_EPjP_fmY&quot;,&quot;autoplay&quot;:&quot;yes&quot;,&quot;video_type&quot;:&quot;youtube&quot;,&quot;controls&quot;:&quot;yes&quot;}\" data-widget_type=\"video.default\">\n\t\t\t\t<div class=\"elementor-widget-container\">\n\t\t\t\t\t\t\t<div class=\"elementor-wrapper elementor-open-inline\">\n\t\t\t<div class=\"elementor-video\"><\/div>\t\t<\/div>\n\t\t\t\t\t\t<\/div>\n\t\t\t\t<\/div>\n\t\t\t\t\t<\/div>\n\t\t<\/div>\n\t\t\t\t\t<\/div>\n\t\t<\/section>\n\t\t\t\t<\/div>\n\t\t","protected":false},"excerpt":{"rendered":"<p>A Cidade do Porto Conhecida como a segunda maior cidade de Portugal e aquela que deu nome ao pa\u00eds. Desde 1996 que o seu centro hist\u00f3rico est\u00e1 classificado como Patrim\u00f3nio Mundial pela UNESCO. Uma cidade com monumentos hist\u00f3ricos, pontes centen\u00e1rias, parques, e o magn\u00edfico rio Douro. Oferece uma gastronomia t\u00edpica da regi\u00e3o, nomeadamente as afamadas [&hellip;]<\/p>\n","protected":false},"author":1,"featured_media":0,"parent":0,"menu_order":0,"comment_status":"closed","ping_status":"closed","template":"","meta":{"footnotes":""},"class_list":["post-163","page","type-page","status-publish","hentry"],"yoast_head":"<!-- This site is optimized with the Yoast SEO plugin v27.4 - https:\/\/yoast.com\/product\/yoast-seo-wordpress\/ -->\n<title>OPorto - XX Encontro Internacional AECA<\/title>\n<meta name=\"robots\" content=\"index, follow, max-snippet:-1, max-image-preview:large, max-video-preview:-1\" \/>\n<link rel=\"canonical\" href=\"https:\/\/www.iscap.pt\/aeca\/cidade\/\" \/>\n<meta property=\"og:locale\" content=\"pt_PT\" \/>\n<meta property=\"og:type\" content=\"article\" \/>\n<meta property=\"og:title\" content=\"OPorto - XX Encontro Internacional AECA\" \/>\n<meta property=\"og:description\" content=\"A Cidade do Porto Conhecida como a segunda maior cidade de Portugal e aquela que deu nome ao pa\u00eds. Desde 1996 que o seu centro hist\u00f3rico est\u00e1 classificado como Patrim\u00f3nio Mundial pela UNESCO. Uma cidade com monumentos hist\u00f3ricos, pontes centen\u00e1rias, parques, e o magn\u00edfico rio Douro. Oferece uma gastronomia t\u00edpica da regi\u00e3o, nomeadamente as afamadas [&hellip;]\" \/>\n<meta property=\"og:url\" content=\"https:\/\/www.iscap.pt\/aeca\/cidade\/\" \/>\n<meta property=\"og:site_name\" content=\"XX Encontro Internacional AECA\" \/>\n<meta property=\"article:modified_time\" content=\"2022-09-01T16:11:23+00:00\" \/>\n<meta name=\"twitter:card\" content=\"summary_large_image\" \/>\n<meta name=\"twitter:label1\" content=\"Tempo estimado de leitura\" \/>\n\t<meta name=\"twitter:data1\" content=\"1 minuto\" \/>\n<script type=\"application\/ld+json\" class=\"yoast-schema-graph\">{\"@context\":\"https:\\\/\\\/schema.org\",\"@graph\":[{\"@type\":\"WebPage\",\"@id\":\"https:\\\/\\\/www.iscap.pt\\\/aeca\\\/cidade\\\/\",\"url\":\"https:\\\/\\\/www.iscap.pt\\\/aeca\\\/cidade\\\/\",\"name\":\"OPorto - XX Encontro Internacional AECA\",\"isPartOf\":{\"@id\":\"https:\\\/\\\/www.iscap.pt\\\/aeca\\\/#website\"},\"datePublished\":\"2021-12-28T17:04:58+00:00\",\"dateModified\":\"2022-09-01T16:11:23+00:00\",\"breadcrumb\":{\"@id\":\"https:\\\/\\\/www.iscap.pt\\\/aeca\\\/cidade\\\/#breadcrumb\"},\"inLanguage\":\"pt-PT\",\"potentialAction\":[{\"@type\":\"ReadAction\",\"target\":[\"https:\\\/\\\/www.iscap.pt\\\/aeca\\\/cidade\\\/\"]}]},{\"@type\":\"BreadcrumbList\",\"@id\":\"https:\\\/\\\/www.iscap.pt\\\/aeca\\\/cidade\\\/#breadcrumb\",\"itemListElement\":[{\"@type\":\"ListItem\",\"position\":1,\"name\":\"In\u00edcio\",\"item\":\"https:\\\/\\\/www.iscap.pt\\\/aeca\\\/\"},{\"@type\":\"ListItem\",\"position\":2,\"name\":\"OPorto\"}]},{\"@type\":\"WebSite\",\"@id\":\"https:\\\/\\\/www.iscap.pt\\\/aeca\\\/#website\",\"url\":\"https:\\\/\\\/www.iscap.pt\\\/aeca\\\/\",\"name\":\"XX Encontro Internacional AECA\",\"description\":\"XX Encontro Internacional AECA\",\"publisher\":{\"@id\":\"https:\\\/\\\/www.iscap.pt\\\/aeca\\\/#organization\"},\"potentialAction\":[{\"@type\":\"SearchAction\",\"target\":{\"@type\":\"EntryPoint\",\"urlTemplate\":\"https:\\\/\\\/www.iscap.pt\\\/aeca\\\/?s={search_term_string}\"},\"query-input\":{\"@type\":\"PropertyValueSpecification\",\"valueRequired\":true,\"valueName\":\"search_term_string\"}}],\"inLanguage\":\"pt-PT\"},{\"@type\":\"Organization\",\"@id\":\"https:\\\/\\\/www.iscap.pt\\\/aeca\\\/#organization\",\"name\":\"Asociaci\u00f3n Espa\u00f1ola de Contabilidad y Administraci\u00f3n de Empresas (AECA)\",\"url\":\"https:\\\/\\\/www.iscap.pt\\\/aeca\\\/\",\"logo\":{\"@type\":\"ImageObject\",\"inLanguage\":\"pt-PT\",\"@id\":\"https:\\\/\\\/www.iscap.pt\\\/aeca\\\/#\\\/schema\\\/logo\\\/image\\\/\",\"url\":\"\",\"contentUrl\":\"\",\"caption\":\"Asociaci\u00f3n Espa\u00f1ola de Contabilidad y Administraci\u00f3n de Empresas (AECA)\"},\"image\":{\"@id\":\"https:\\\/\\\/www.iscap.pt\\\/aeca\\\/#\\\/schema\\\/logo\\\/image\\\/\"}}]}<\/script>\n<!-- \/ Yoast SEO plugin. -->","yoast_head_json":{"title":"OPorto - XX Encontro Internacional AECA","robots":{"index":"index","follow":"follow","max-snippet":"max-snippet:-1","max-image-preview":"max-image-preview:large","max-video-preview":"max-video-preview:-1"},"canonical":"https:\/\/www.iscap.pt\/aeca\/cidade\/","og_locale":"pt_PT","og_type":"article","og_title":"OPorto - XX Encontro Internacional AECA","og_description":"A Cidade do Porto Conhecida como a segunda maior cidade de Portugal e aquela que deu nome ao pa\u00eds. Desde 1996 que o seu centro hist\u00f3rico est\u00e1 classificado como Patrim\u00f3nio Mundial pela UNESCO. Uma cidade com monumentos hist\u00f3ricos, pontes centen\u00e1rias, parques, e o magn\u00edfico rio Douro. Oferece uma gastronomia t\u00edpica da regi\u00e3o, nomeadamente as afamadas [&hellip;]","og_url":"https:\/\/www.iscap.pt\/aeca\/cidade\/","og_site_name":"XX Encontro Internacional AECA","article_modified_time":"2022-09-01T16:11:23+00:00","twitter_card":"summary_large_image","twitter_misc":{"Tempo estimado de leitura":"1 minuto"},"schema":{"@context":"https:\/\/schema.org","@graph":[{"@type":"WebPage","@id":"https:\/\/www.iscap.pt\/aeca\/cidade\/","url":"https:\/\/www.iscap.pt\/aeca\/cidade\/","name":"OPorto - XX Encontro Internacional AECA","isPartOf":{"@id":"https:\/\/www.iscap.pt\/aeca\/#website"},"datePublished":"2021-12-28T17:04:58+00:00","dateModified":"2022-09-01T16:11:23+00:00","breadcrumb":{"@id":"https:\/\/www.iscap.pt\/aeca\/cidade\/#breadcrumb"},"inLanguage":"pt-PT","potentialAction":[{"@type":"ReadAction","target":["https:\/\/www.iscap.pt\/aeca\/cidade\/"]}]},{"@type":"BreadcrumbList","@id":"https:\/\/www.iscap.pt\/aeca\/cidade\/#breadcrumb","itemListElement":[{"@type":"ListItem","position":1,"name":"In\u00edcio","item":"https:\/\/www.iscap.pt\/aeca\/"},{"@type":"ListItem","position":2,"name":"OPorto"}]},{"@type":"WebSite","@id":"https:\/\/www.iscap.pt\/aeca\/#website","url":"https:\/\/www.iscap.pt\/aeca\/","name":"XX Encontro Internacional AECA","description":"XX Encontro Internacional AECA","publisher":{"@id":"https:\/\/www.iscap.pt\/aeca\/#organization"},"potentialAction":[{"@type":"SearchAction","target":{"@type":"EntryPoint","urlTemplate":"https:\/\/www.iscap.pt\/aeca\/?s={search_term_string}"},"query-input":{"@type":"PropertyValueSpecification","valueRequired":true,"valueName":"search_term_string"}}],"inLanguage":"pt-PT"},{"@type":"Organization","@id":"https:\/\/www.iscap.pt\/aeca\/#organization","name":"Asociaci\u00f3n Espa\u00f1ola de Contabilidad y Administraci\u00f3n de Empresas (AECA)","url":"https:\/\/www.iscap.pt\/aeca\/","logo":{"@type":"ImageObject","inLanguage":"pt-PT","@id":"https:\/\/www.iscap.pt\/aeca\/#\/schema\/logo\/image\/","url":"","contentUrl":"","caption":"Asociaci\u00f3n Espa\u00f1ola de Contabilidad y Administraci\u00f3n de Empresas (AECA)"},"image":{"@id":"https:\/\/www.iscap.pt\/aeca\/#\/schema\/logo\/image\/"}}]}},"_links":{"self":[{"href":"https:\/\/www.iscap.pt\/aeca\/wp-json\/wp\/v2\/pages\/163","targetHints":{"allow":["GET"]}}],"collection":[{"href":"https:\/\/www.iscap.pt\/aeca\/wp-json\/wp\/v2\/pages"}],"about":[{"href":"https:\/\/www.iscap.pt\/aeca\/wp-json\/wp\/v2\/types\/page"}],"author":[{"embeddable":true,"href":"https:\/\/www.iscap.pt\/aeca\/wp-json\/wp\/v2\/users\/1"}],"replies":[{"embeddable":true,"href":"https:\/\/www.iscap.pt\/aeca\/wp-json\/wp\/v2\/comments?post=163"}],"version-history":[{"count":19,"href":"https:\/\/www.iscap.pt\/aeca\/wp-json\/wp\/v2\/pages\/163\/revisions"}],"predecessor-version":[{"id":976,"href":"https:\/\/www.iscap.pt\/aeca\/wp-json\/wp\/v2\/pages\/163\/revisions\/976"}],"wp:attachment":[{"href":"https:\/\/www.iscap.pt\/aeca\/wp-json\/wp\/v2\/media?parent=163"}],"curies":[{"name":"wp","href":"https:\/\/api.w.org\/{rel}","templated":true}]}}