{"id":176,"date":"2021-12-28T17:08:48","date_gmt":"2021-12-28T17:08:48","guid":{"rendered":"https:\/\/www.iscap.pt\/aeca\/?page_id=176"},"modified":"2022-04-13T14:49:10","modified_gmt":"2022-04-13T14:49:10","slug":"alojamentos","status":"publish","type":"page","link":"https:\/\/www.iscap.pt\/aeca\/alojamentos\/","title":{"rendered":"Alojamentos"},"content":{"rendered":"\t\t<div data-elementor-type=\"wp-page\" data-elementor-id=\"176\" class=\"elementor elementor-176\">\n\t\t\t\t\t\t<section class=\"elementor-section elementor-top-section elementor-element elementor-element-fa26a87 elementor-section-boxed elementor-section-height-default elementor-section-height-default\" data-id=\"fa26a87\" data-element_type=\"section\" data-e-type=\"section\">\n\t\t\t\t\t\t<div class=\"elementor-container elementor-column-gap-default\">\n\t\t\t\t\t<div class=\"elementor-column elementor-col-66 elementor-top-column elementor-element elementor-element-44c0ff5\" data-id=\"44c0ff5\" data-element_type=\"column\" data-e-type=\"column\">\n\t\t\t<div class=\"elementor-widget-wrap elementor-element-populated\">\n\t\t\t\t\t\t<div class=\"elementor-element elementor-element-a4ced0e elementor-widget elementor-widget-text-editor\" data-id=\"a4ced0e\" data-element_type=\"widget\" data-e-type=\"widget\" data-widget_type=\"text-editor.default\">\n\t\t\t\t<div class=\"elementor-widget-container\">\n\t\t\t\t\t\t\t\t\t<h3>AXIS PORTO BUSINESS &amp; SPA HOTEL ****<span style=\"caret-color: #262626; color: #262626; font-family: BlinkMacSystemFont, -apple-system, 'Segoe UI', Roboto, Helvetica, Arial, sans-serif; font-size: 14px;\">\u00a0<\/span><\/h3><p>Promo Code: <strong>AECA22_ISCAP<br \/><\/strong>Desconto: 10% sobre a tarifa de refer\u00eancia;<\/p><p>Efetue a sua reserva, indicando o Promo Code, para: <a href=\"mailto:reservas@axisporto.com\">reservas@axisporto.com<\/a><\/p>\t\t\t\t\t\t\t\t<\/div>\n\t\t\t\t<\/div>\n\t\t\t\t\t<\/div>\n\t\t<\/div>\n\t\t\t\t<div class=\"elementor-column elementor-col-33 elementor-top-column elementor-element elementor-element-885447c\" data-id=\"885447c\" data-element_type=\"column\" data-e-type=\"column\">\n\t\t\t<div class=\"elementor-widget-wrap elementor-element-populated\">\n\t\t\t\t\t\t<div class=\"elementor-element elementor-element-090ecab elementor-widget elementor-widget-image\" data-id=\"090ecab\" data-element_type=\"widget\" data-e-type=\"widget\" data-widget_type=\"image.default\">\n\t\t\t\t<div class=\"elementor-widget-container\">\n\t\t\t\t\t\t\t\t\t\t\t\t\t\t\t\t<a href=\"https:\/\/www.axishoteis.com\/pt\/Axis-Hoteis\/Hoteis\/Axis-Porto\/O-Hotel.aspx\" target=\"_blank\">\n\t\t\t\t\t\t\t<img fetchpriority=\"high\" decoding=\"async\" width=\"640\" height=\"573\" src=\"https:\/\/www.iscap.pt\/aeca\/wp-content\/uploads\/2022\/03\/01.jpg\" class=\"attachment-large size-large wp-image-720\" alt=\"Alojamento AXIS\" srcset=\"https:\/\/www.iscap.pt\/aeca\/wp-content\/uploads\/2022\/03\/01.jpg 1000w, https:\/\/www.iscap.pt\/aeca\/wp-content\/uploads\/2022\/03\/01-300x269.jpg 300w, https:\/\/www.iscap.pt\/aeca\/wp-content\/uploads\/2022\/03\/01-768x688.jpg 768w\" sizes=\"(max-width: 640px) 100vw, 640px\" \/>\t\t\t\t\t\t\t\t<\/a>\n\t\t\t\t\t\t\t\t\t\t\t\t\t\t\t<\/div>\n\t\t\t\t<\/div>\n\t\t\t\t\t<\/div>\n\t\t<\/div>\n\t\t\t\t\t<\/div>\n\t\t<\/section>\n\t\t\t\t<section class=\"elementor-section elementor-top-section elementor-element elementor-element-b183642 elementor-section-boxed elementor-section-height-default elementor-section-height-default\" data-id=\"b183642\" data-element_type=\"section\" data-e-type=\"section\">\n\t\t\t\t\t\t<div class=\"elementor-container elementor-column-gap-default\">\n\t\t\t\t\t<div class=\"elementor-column elementor-col-33 elementor-top-column elementor-element elementor-element-0cd46bb\" data-id=\"0cd46bb\" data-element_type=\"column\" data-e-type=\"column\">\n\t\t\t<div class=\"elementor-widget-wrap elementor-element-populated\">\n\t\t\t\t\t\t<div class=\"elementor-element elementor-element-6755a63 elementor-widget elementor-widget-image\" data-id=\"6755a63\" data-element_type=\"widget\" data-e-type=\"widget\" data-widget_type=\"image.default\">\n\t\t\t\t<div class=\"elementor-widget-container\">\n\t\t\t\t\t\t\t\t\t\t\t\t\t\t\t\t<a href=\"https:\/\/hotelmoov.com\/hoteis\/porto\/hotel-moov-porto-norte\/\" target=\"_blank\">\n\t\t\t\t\t\t\t<img decoding=\"async\" width=\"640\" height=\"344\" src=\"https:\/\/www.iscap.pt\/aeca\/wp-content\/uploads\/2022\/03\/hotel-moov-porto-norte-1-1024x550.jpg\" class=\"attachment-large size-large wp-image-724\" alt=\"Alojamento MOOV\" srcset=\"https:\/\/www.iscap.pt\/aeca\/wp-content\/uploads\/2022\/03\/hotel-moov-porto-norte-1-1024x550.jpg 1024w, https:\/\/www.iscap.pt\/aeca\/wp-content\/uploads\/2022\/03\/hotel-moov-porto-norte-1-300x161.jpg 300w, https:\/\/www.iscap.pt\/aeca\/wp-content\/uploads\/2022\/03\/hotel-moov-porto-norte-1-768x413.jpg 768w, https:\/\/www.iscap.pt\/aeca\/wp-content\/uploads\/2022\/03\/hotel-moov-porto-norte-1.jpg 1280w\" sizes=\"(max-width: 640px) 100vw, 640px\" \/>\t\t\t\t\t\t\t\t<\/a>\n\t\t\t\t\t\t\t\t\t\t\t\t\t\t\t<\/div>\n\t\t\t\t<\/div>\n\t\t\t\t\t<\/div>\n\t\t<\/div>\n\t\t\t\t<div class=\"elementor-column elementor-col-66 elementor-top-column elementor-element elementor-element-7fa6f91\" data-id=\"7fa6f91\" data-element_type=\"column\" data-e-type=\"column\">\n\t\t\t<div class=\"elementor-widget-wrap elementor-element-populated\">\n\t\t\t\t\t\t<div class=\"elementor-element elementor-element-e4f089b elementor-widget elementor-widget-text-editor\" data-id=\"e4f089b\" data-element_type=\"widget\" data-e-type=\"widget\" data-widget_type=\"text-editor.default\">\n\t\t\t\t<div class=\"elementor-widget-container\">\n\t\t\t\t\t\t\t\t\t<h3>MOOV Hotel Porto Norte **<\/h3><div><p><span style=\"color: #000000;\">Per\u00edodo da confer\u00eancia: 22 a 23 de setembro de 2022;<\/span><\/p><p><span style=\"color: #000000;\">Per\u00edodo de reserva: 19 a 25 setembro de 2022;<\/span><\/p><p><span style=\"color: #000000;\">Per\u00edodo v\u00e1lido para fazer reservas:\u00a0 at\u00e9 22 de Setembro 2022;<\/span><\/p><p><span style=\"color: #000000;\">Promo Code: <strong>AECA2022<\/strong><br \/>Desconto: 15% sobre a tarifa de refer\u00eancia;<\/span><\/p><\/div>\t\t\t\t\t\t\t\t<\/div>\n\t\t\t\t<\/div>\n\t\t\t\t\t<\/div>\n\t\t<\/div>\n\t\t\t\t\t<\/div>\n\t\t<\/section>\n\t\t\t\t<section class=\"elementor-section elementor-top-section elementor-element elementor-element-2e7ae2c elementor-section-boxed elementor-section-height-default elementor-section-height-default\" data-id=\"2e7ae2c\" data-element_type=\"section\" data-e-type=\"section\">\n\t\t\t\t\t\t<div class=\"elementor-container elementor-column-gap-default\">\n\t\t\t\t\t<div class=\"elementor-column elementor-col-66 elementor-top-column elementor-element elementor-element-8fd8630\" data-id=\"8fd8630\" data-element_type=\"column\" data-e-type=\"column\">\n\t\t\t<div class=\"elementor-widget-wrap elementor-element-populated\">\n\t\t\t\t\t\t<div class=\"elementor-element elementor-element-02ac9ba elementor-widget elementor-widget-text-editor\" data-id=\"02ac9ba\" data-element_type=\"widget\" data-e-type=\"widget\" data-widget_type=\"text-editor.default\">\n\t\t\t\t<div class=\"elementor-widget-container\">\n\t\t\t\t\t\t\t\t\t<h3>HolidayInn Express Porto &#8211; City Centre<\/h3><div><p><span style=\"color: #000000;\">Pre\u00e7os v\u00e1lidos de 22 a 25 setembro de 2022;<\/span><\/p><p><span style=\"color: #000000;\">\u2022 Pequeno-almo\u00e7o Continental Buffet e Wi -Fi &#8211; OFERTA;<\/span><\/p><p><span style=\"color: #000000;\">\u2022 As tarifas incluem ch\u00e1 e caf\u00e9 nos quartos \u00e0 disposi\u00e7\u00e3o dos clientes;<\/span><\/p><p><span style=\"color: #000000;\">Desconto de 15% sobre o pre\u00e7o do dia;<br \/><\/span><span style=\"color: #000000;\">Efetue a sua reserva para o\u00a0<a href=\"mailto:hieportocitycentre@realhotelsgroup.com\">hieportocitycentre@realhotelsgroup.com<\/a><\/span><span style=\"color: #000000;\">, mencionado a participa\u00e7\u00e3o no XX ENCONTRO\u00a0 INTERNACIONAL AECA, para a atribui\u00e7\u00e3o do pre\u00e7o cedido para o evento;<\/span><\/p><p><span style=\"color: #000000;\">Taxas tur\u00edsticas n\u00e3o inclu\u00eddas (Taxa Turistica: 2.00\u20ac, pax, noite).<\/span><\/p><\/div>\t\t\t\t\t\t\t\t<\/div>\n\t\t\t\t<\/div>\n\t\t\t\t\t<\/div>\n\t\t<\/div>\n\t\t\t\t<div class=\"elementor-column elementor-col-33 elementor-top-column elementor-element elementor-element-790f8ce\" data-id=\"790f8ce\" data-element_type=\"column\" data-e-type=\"column\">\n\t\t\t<div class=\"elementor-widget-wrap elementor-element-populated\">\n\t\t\t\t\t\t<div class=\"elementor-element elementor-element-dde8c0b elementor-widget elementor-widget-image\" data-id=\"dde8c0b\" data-element_type=\"widget\" data-e-type=\"widget\" data-widget_type=\"image.default\">\n\t\t\t\t<div class=\"elementor-widget-container\">\n\t\t\t\t\t\t\t\t\t\t\t\t\t\t\t\t<a href=\"https:\/\/www.ihg.com\/holidayinnexpress\/hotels\/gb\/en\/porto\/oposc\/hoteldetail\" target=\"_blank\">\n\t\t\t\t\t\t\t<img decoding=\"async\" width=\"640\" height=\"454\" src=\"https:\/\/www.iscap.pt\/aeca\/wp-content\/uploads\/2022\/03\/hotel-exterior-1024x726.jpg\" class=\"attachment-large size-large wp-image-729\" alt=\"Alojamento HolidayInn Express\" srcset=\"https:\/\/www.iscap.pt\/aeca\/wp-content\/uploads\/2022\/03\/hotel-exterior-1024x726.jpg 1024w, https:\/\/www.iscap.pt\/aeca\/wp-content\/uploads\/2022\/03\/hotel-exterior-300x213.jpg 300w, https:\/\/www.iscap.pt\/aeca\/wp-content\/uploads\/2022\/03\/hotel-exterior-768x544.jpg 768w, https:\/\/www.iscap.pt\/aeca\/wp-content\/uploads\/2022\/03\/hotel-exterior.jpg 1400w\" sizes=\"(max-width: 640px) 100vw, 640px\" \/>\t\t\t\t\t\t\t\t<\/a>\n\t\t\t\t\t\t\t\t\t\t\t\t\t\t\t<\/div>\n\t\t\t\t<\/div>\n\t\t\t\t\t<\/div>\n\t\t<\/div>\n\t\t\t\t\t<\/div>\n\t\t<\/section>\n\t\t\t\t<section class=\"elementor-section elementor-top-section elementor-element elementor-element-4fad1aa elementor-section-boxed elementor-section-height-default elementor-section-height-default\" data-id=\"4fad1aa\" data-element_type=\"section\" data-e-type=\"section\">\n\t\t\t\t\t\t<div class=\"elementor-container elementor-column-gap-default\">\n\t\t\t\t\t<div class=\"elementor-column elementor-col-33 elementor-top-column elementor-element elementor-element-1180731\" data-id=\"1180731\" data-element_type=\"column\" data-e-type=\"column\">\n\t\t\t<div class=\"elementor-widget-wrap elementor-element-populated\">\n\t\t\t\t\t\t<div class=\"elementor-element elementor-element-e903693 elementor-widget elementor-widget-image\" data-id=\"e903693\" data-element_type=\"widget\" data-e-type=\"widget\" data-widget_type=\"image.default\">\n\t\t\t\t<div class=\"elementor-widget-container\">\n\t\t\t\t\t\t\t\t\t\t\t\t\t\t\t\t<a href=\"https:\/\/www.ihg.com\/holidayinnexpress\/hotels\/gb\/en\/porto\/prtpe\/hoteldetail?cm_mmc=GoogleMaps-_-EX-_-PT-_-PRTPE\" target=\"_blank\">\n\t\t\t\t\t\t\t<img loading=\"lazy\" decoding=\"async\" width=\"640\" height=\"427\" src=\"https:\/\/www.iscap.pt\/aeca\/wp-content\/uploads\/2022\/03\/hie-exponor-hotel10.jpg\" class=\"attachment-large size-large wp-image-733\" alt=\"Alojamento HolidayInn Express\" srcset=\"https:\/\/www.iscap.pt\/aeca\/wp-content\/uploads\/2022\/03\/hie-exponor-hotel10.jpg 960w, https:\/\/www.iscap.pt\/aeca\/wp-content\/uploads\/2022\/03\/hie-exponor-hotel10-300x200.jpg 300w, https:\/\/www.iscap.pt\/aeca\/wp-content\/uploads\/2022\/03\/hie-exponor-hotel10-768x512.jpg 768w\" sizes=\"(max-width: 640px) 100vw, 640px\" \/>\t\t\t\t\t\t\t\t<\/a>\n\t\t\t\t\t\t\t\t\t\t\t\t\t\t\t<\/div>\n\t\t\t\t<\/div>\n\t\t\t\t\t<\/div>\n\t\t<\/div>\n\t\t\t\t<div class=\"elementor-column elementor-col-66 elementor-top-column elementor-element elementor-element-f6584ac\" data-id=\"f6584ac\" data-element_type=\"column\" data-e-type=\"column\">\n\t\t\t<div class=\"elementor-widget-wrap elementor-element-populated\">\n\t\t\t\t\t\t<div class=\"elementor-element elementor-element-6311cd1 elementor-widget elementor-widget-text-editor\" data-id=\"6311cd1\" data-element_type=\"widget\" data-e-type=\"widget\" data-widget_type=\"text-editor.default\">\n\t\t\t\t<div class=\"elementor-widget-container\">\n\t\t\t\t\t\t\t\t\t<h3>HolidayInn Express Porto &#8211; Exponor<\/h3><p><span style=\"color: #000000;\">Pre\u00e7os v\u00e1lidos de 22 a 25 setembro de 2022;<\/span><\/p><p><span style=\"color: #000000;\">\u2022 Pequeno-almo\u00e7o Continental Buffet e Wi -Fi &#8211; OFERTA;\u00a0<\/span><\/p><p><span style=\"color: #000000;\">\u2022 As tarifas incluem ch\u00e1 e caf\u00e9 nos quartos \u00e0 disposi\u00e7\u00e3o dos clientes;<\/span><\/p><p><span style=\"color: #000000;\">Desconto de 15% sobre o pre\u00e7o do dia;<br \/><\/span><span style=\"color: #000000;\">Efetue a sua reserva para o\u00a0<\/span><a href=\"mailto:hieportoexponor@realhotelsgroup.com\">hieportoexponor@realhotelsgroup.com<\/a>\u00a0<span style=\"color: #000000;\">mencionado a participa\u00e7\u00e3o no XX ENCONTRO\u00a0 INTERNACIONAL AECA, para a atribui\u00e7\u00e3o do pre\u00e7o cedido para o evento;<\/span><\/p><p><span style=\"color: #000000;\">Taxas tur\u00edsticas n\u00e3o inclu\u00eddas (Taxa Turistica: 2.00\u20ac, pax, noite).<\/span><\/p><p>\u00a0<\/p>\t\t\t\t\t\t\t\t<\/div>\n\t\t\t\t<\/div>\n\t\t\t\t\t<\/div>\n\t\t<\/div>\n\t\t\t\t\t<\/div>\n\t\t<\/section>\n\t\t\t\t<section class=\"elementor-section elementor-top-section elementor-element elementor-element-ebbc5c1 elementor-section-boxed elementor-section-height-default elementor-section-height-default\" data-id=\"ebbc5c1\" data-element_type=\"section\" data-e-type=\"section\">\n\t\t\t\t\t\t<div class=\"elementor-container elementor-column-gap-default\">\n\t\t\t\t\t<div class=\"elementor-column elementor-col-66 elementor-top-column elementor-element elementor-element-5b4fe41\" data-id=\"5b4fe41\" data-element_type=\"column\" data-e-type=\"column\">\n\t\t\t<div class=\"elementor-widget-wrap elementor-element-populated\">\n\t\t\t\t\t\t<div class=\"elementor-element elementor-element-6fe80f4 elementor-widget elementor-widget-text-editor\" data-id=\"6fe80f4\" data-element_type=\"widget\" data-e-type=\"widget\" data-widget_type=\"text-editor.default\">\n\t\t\t\t<div class=\"elementor-widget-container\">\n\t\t\t\t\t\t\t\t\t<h3>Eurostars Oporto<\/h3><p>Para a efetuar a sua reserva<a href=\"http:\/\/www.eurostarsoporto.com\"> clique aqui<\/a>\u00a0<\/p><p>Pode obter um desconto inserindo o c\u00f3digo <strong>ISCAPAECA<\/strong><\/p>\t\t\t\t\t\t\t\t<\/div>\n\t\t\t\t<\/div>\n\t\t\t\t\t<\/div>\n\t\t<\/div>\n\t\t\t\t<div class=\"elementor-column elementor-col-33 elementor-top-column elementor-element elementor-element-f740a88\" data-id=\"f740a88\" data-element_type=\"column\" data-e-type=\"column\">\n\t\t\t<div class=\"elementor-widget-wrap elementor-element-populated\">\n\t\t\t\t\t\t<div class=\"elementor-element elementor-element-1085708 elementor-widget elementor-widget-image\" data-id=\"1085708\" data-element_type=\"widget\" data-e-type=\"widget\" data-widget_type=\"image.default\">\n\t\t\t\t<div class=\"elementor-widget-container\">\n\t\t\t\t\t\t\t\t\t\t\t\t\t\t\t<img loading=\"lazy\" decoding=\"async\" width=\"640\" height=\"420\" src=\"https:\/\/www.iscap.pt\/aeca\/wp-content\/uploads\/2022\/04\/1519800840234-1024x672.jpg\" class=\"attachment-large size-large wp-image-791\" alt=\"Alojamento Eurostars Oporto\" srcset=\"https:\/\/www.iscap.pt\/aeca\/wp-content\/uploads\/2022\/04\/1519800840234-1024x672.jpg 1024w, https:\/\/www.iscap.pt\/aeca\/wp-content\/uploads\/2022\/04\/1519800840234-300x197.jpg 300w, https:\/\/www.iscap.pt\/aeca\/wp-content\/uploads\/2022\/04\/1519800840234-768x504.jpg 768w, https:\/\/www.iscap.pt\/aeca\/wp-content\/uploads\/2022\/04\/1519800840234.jpg 1412w\" sizes=\"(max-width: 640px) 100vw, 640px\" \/>\t\t\t\t\t\t\t\t\t\t\t\t\t\t\t<\/div>\n\t\t\t\t<\/div>\n\t\t\t\t\t<\/div>\n\t\t<\/div>\n\t\t\t\t\t<\/div>\n\t\t<\/section>\n\t\t\t\t<section class=\"elementor-section elementor-top-section elementor-element elementor-element-c6471bd elementor-section-boxed elementor-section-height-default elementor-section-height-default\" data-id=\"c6471bd\" data-element_type=\"section\" data-e-type=\"section\">\n\t\t\t\t\t\t<div class=\"elementor-container elementor-column-gap-default\">\n\t\t\t\t\t<div class=\"elementor-column elementor-col-100 elementor-top-column elementor-element elementor-element-f7b5a2f\" data-id=\"f7b5a2f\" data-element_type=\"column\" data-e-type=\"column\">\n\t\t\t<div class=\"elementor-widget-wrap elementor-element-populated\">\n\t\t\t\t\t\t<div class=\"elementor-element elementor-element-b0b1906 elementor-widget elementor-widget-text-editor\" data-id=\"b0b1906\" data-element_type=\"widget\" data-e-type=\"widget\" data-widget_type=\"text-editor.default\">\n\t\t\t\t<div class=\"elementor-widget-container\">\n\t\t\t\t\t\t\t\t\t<h4>NOTAS:<\/h4>\n<p><span style=\"color: #000000; font-family: Calibri, sans-serif; font-size: 11pt;\">\u2022 Reservas sujeitas a disponibilidade.<\/span><\/p>\n<p><span style=\"color: #000000;\">\u2022 No caso de reservas feitas por outra via (sites internet), os&nbsp;<span style=\"caret-color: #000000;\">Hot\u00e9is<\/span>&nbsp;n\u00e3o se responsabilizam pelos valores por estes apresentados.<\/span><\/p>\t\t\t\t\t\t\t\t<\/div>\n\t\t\t\t<\/div>\n\t\t\t\t\t<\/div>\n\t\t<\/div>\n\t\t\t\t\t<\/div>\n\t\t<\/section>\n\t\t\t\t<\/div>\n\t\t","protected":false},"excerpt":{"rendered":"<p>AXIS PORTO BUSINESS &amp; SPA HOTEL ****\u00a0 Promo Code: AECA22_ISCAPDesconto: 10% sobre a tarifa de refer\u00eancia; Efetue a sua reserva, indicando o Promo Code, para: reservas@axisporto.com MOOV Hotel Porto Norte ** Per\u00edodo da confer\u00eancia: 22 a 23 de setembro de 2022; Per\u00edodo de reserva: 19 a 25 setembro de 2022; Per\u00edodo v\u00e1lido para fazer reservas:\u00a0 [&hellip;]<\/p>\n","protected":false},"author":1,"featured_media":0,"parent":0,"menu_order":0,"comment_status":"closed","ping_status":"closed","template":"","meta":{"footnotes":""},"class_list":["post-176","page","type-page","status-publish","hentry"],"yoast_head":"<!-- This site is optimized with the Yoast SEO plugin v27.4 - https:\/\/yoast.com\/product\/yoast-seo-wordpress\/ -->\n<title>Alojamentos - XX Encontro Internacional AECA<\/title>\n<meta name=\"robots\" content=\"index, follow, max-snippet:-1, max-image-preview:large, max-video-preview:-1\" \/>\n<link rel=\"canonical\" href=\"https:\/\/www.iscap.pt\/aeca\/alojamentos\/\" \/>\n<meta property=\"og:locale\" content=\"pt_PT\" \/>\n<meta property=\"og:type\" content=\"article\" \/>\n<meta property=\"og:title\" content=\"Alojamentos - XX Encontro Internacional AECA\" \/>\n<meta property=\"og:description\" content=\"AXIS PORTO BUSINESS &amp; SPA HOTEL ****\u00a0 Promo Code: AECA22_ISCAPDesconto: 10% sobre a tarifa de refer\u00eancia; Efetue a sua reserva, indicando o Promo Code, para: reservas@axisporto.com MOOV Hotel Porto Norte ** Per\u00edodo da confer\u00eancia: 22 a 23 de setembro de 2022; Per\u00edodo de reserva: 19 a 25 setembro de 2022; Per\u00edodo v\u00e1lido para fazer reservas:\u00a0 [&hellip;]\" \/>\n<meta property=\"og:url\" content=\"https:\/\/www.iscap.pt\/aeca\/alojamentos\/\" \/>\n<meta property=\"og:site_name\" content=\"XX Encontro Internacional AECA\" \/>\n<meta property=\"article:modified_time\" content=\"2022-04-13T14:49:10+00:00\" \/>\n<meta property=\"og:image\" content=\"https:\/\/www.iscap.pt\/aeca\/wp-content\/uploads\/2022\/03\/01.jpg\" \/>\n<meta name=\"twitter:card\" content=\"summary_large_image\" \/>\n<meta name=\"twitter:label1\" content=\"Tempo estimado de leitura\" \/>\n\t<meta name=\"twitter:data1\" content=\"3 minutos\" \/>\n<script type=\"application\/ld+json\" class=\"yoast-schema-graph\">{\"@context\":\"https:\\\/\\\/schema.org\",\"@graph\":[{\"@type\":\"WebPage\",\"@id\":\"https:\\\/\\\/www.iscap.pt\\\/aeca\\\/alojamentos\\\/\",\"url\":\"https:\\\/\\\/www.iscap.pt\\\/aeca\\\/alojamentos\\\/\",\"name\":\"Alojamentos - XX Encontro Internacional AECA\",\"isPartOf\":{\"@id\":\"https:\\\/\\\/www.iscap.pt\\\/aeca\\\/#website\"},\"primaryImageOfPage\":{\"@id\":\"https:\\\/\\\/www.iscap.pt\\\/aeca\\\/alojamentos\\\/#primaryimage\"},\"image\":{\"@id\":\"https:\\\/\\\/www.iscap.pt\\\/aeca\\\/alojamentos\\\/#primaryimage\"},\"thumbnailUrl\":\"https:\\\/\\\/www.iscap.pt\\\/aeca\\\/wp-content\\\/uploads\\\/2022\\\/03\\\/01.jpg\",\"datePublished\":\"2021-12-28T17:08:48+00:00\",\"dateModified\":\"2022-04-13T14:49:10+00:00\",\"breadcrumb\":{\"@id\":\"https:\\\/\\\/www.iscap.pt\\\/aeca\\\/alojamentos\\\/#breadcrumb\"},\"inLanguage\":\"pt-PT\",\"potentialAction\":[{\"@type\":\"ReadAction\",\"target\":[\"https:\\\/\\\/www.iscap.pt\\\/aeca\\\/alojamentos\\\/\"]}]},{\"@type\":\"ImageObject\",\"inLanguage\":\"pt-PT\",\"@id\":\"https:\\\/\\\/www.iscap.pt\\\/aeca\\\/alojamentos\\\/#primaryimage\",\"url\":\"https:\\\/\\\/www.iscap.pt\\\/aeca\\\/wp-content\\\/uploads\\\/2022\\\/03\\\/01.jpg\",\"contentUrl\":\"https:\\\/\\\/www.iscap.pt\\\/aeca\\\/wp-content\\\/uploads\\\/2022\\\/03\\\/01.jpg\",\"width\":1000,\"height\":896,\"caption\":\"AXIS Hotel\"},{\"@type\":\"BreadcrumbList\",\"@id\":\"https:\\\/\\\/www.iscap.pt\\\/aeca\\\/alojamentos\\\/#breadcrumb\",\"itemListElement\":[{\"@type\":\"ListItem\",\"position\":1,\"name\":\"In\u00edcio\",\"item\":\"https:\\\/\\\/www.iscap.pt\\\/aeca\\\/\"},{\"@type\":\"ListItem\",\"position\":2,\"name\":\"Alojamentos\"}]},{\"@type\":\"WebSite\",\"@id\":\"https:\\\/\\\/www.iscap.pt\\\/aeca\\\/#website\",\"url\":\"https:\\\/\\\/www.iscap.pt\\\/aeca\\\/\",\"name\":\"XX Encontro Internacional AECA\",\"description\":\"XX Encontro Internacional AECA\",\"publisher\":{\"@id\":\"https:\\\/\\\/www.iscap.pt\\\/aeca\\\/#organization\"},\"potentialAction\":[{\"@type\":\"SearchAction\",\"target\":{\"@type\":\"EntryPoint\",\"urlTemplate\":\"https:\\\/\\\/www.iscap.pt\\\/aeca\\\/?s={search_term_string}\"},\"query-input\":{\"@type\":\"PropertyValueSpecification\",\"valueRequired\":true,\"valueName\":\"search_term_string\"}}],\"inLanguage\":\"pt-PT\"},{\"@type\":\"Organization\",\"@id\":\"https:\\\/\\\/www.iscap.pt\\\/aeca\\\/#organization\",\"name\":\"Asociaci\u00f3n Espa\u00f1ola de Contabilidad y Administraci\u00f3n de Empresas (AECA)\",\"url\":\"https:\\\/\\\/www.iscap.pt\\\/aeca\\\/\",\"logo\":{\"@type\":\"ImageObject\",\"inLanguage\":\"pt-PT\",\"@id\":\"https:\\\/\\\/www.iscap.pt\\\/aeca\\\/#\\\/schema\\\/logo\\\/image\\\/\",\"url\":\"\",\"contentUrl\":\"\",\"caption\":\"Asociaci\u00f3n Espa\u00f1ola de Contabilidad y Administraci\u00f3n de Empresas (AECA)\"},\"image\":{\"@id\":\"https:\\\/\\\/www.iscap.pt\\\/aeca\\\/#\\\/schema\\\/logo\\\/image\\\/\"}}]}<\/script>\n<!-- \/ Yoast SEO plugin. -->","yoast_head_json":{"title":"Alojamentos - XX Encontro Internacional AECA","robots":{"index":"index","follow":"follow","max-snippet":"max-snippet:-1","max-image-preview":"max-image-preview:large","max-video-preview":"max-video-preview:-1"},"canonical":"https:\/\/www.iscap.pt\/aeca\/alojamentos\/","og_locale":"pt_PT","og_type":"article","og_title":"Alojamentos - XX Encontro Internacional AECA","og_description":"AXIS PORTO BUSINESS &amp; SPA HOTEL ****\u00a0 Promo Code: AECA22_ISCAPDesconto: 10% sobre a tarifa de refer\u00eancia; Efetue a sua reserva, indicando o Promo Code, para: reservas@axisporto.com MOOV Hotel Porto Norte ** Per\u00edodo da confer\u00eancia: 22 a 23 de setembro de 2022; Per\u00edodo de reserva: 19 a 25 setembro de 2022; Per\u00edodo v\u00e1lido para fazer reservas:\u00a0 [&hellip;]","og_url":"https:\/\/www.iscap.pt\/aeca\/alojamentos\/","og_site_name":"XX Encontro Internacional AECA","article_modified_time":"2022-04-13T14:49:10+00:00","og_image":[{"url":"https:\/\/www.iscap.pt\/aeca\/wp-content\/uploads\/2022\/03\/01.jpg","type":"","width":"","height":""}],"twitter_card":"summary_large_image","twitter_misc":{"Tempo estimado de leitura":"3 minutos"},"schema":{"@context":"https:\/\/schema.org","@graph":[{"@type":"WebPage","@id":"https:\/\/www.iscap.pt\/aeca\/alojamentos\/","url":"https:\/\/www.iscap.pt\/aeca\/alojamentos\/","name":"Alojamentos - XX Encontro Internacional AECA","isPartOf":{"@id":"https:\/\/www.iscap.pt\/aeca\/#website"},"primaryImageOfPage":{"@id":"https:\/\/www.iscap.pt\/aeca\/alojamentos\/#primaryimage"},"image":{"@id":"https:\/\/www.iscap.pt\/aeca\/alojamentos\/#primaryimage"},"thumbnailUrl":"https:\/\/www.iscap.pt\/aeca\/wp-content\/uploads\/2022\/03\/01.jpg","datePublished":"2021-12-28T17:08:48+00:00","dateModified":"2022-04-13T14:49:10+00:00","breadcrumb":{"@id":"https:\/\/www.iscap.pt\/aeca\/alojamentos\/#breadcrumb"},"inLanguage":"pt-PT","potentialAction":[{"@type":"ReadAction","target":["https:\/\/www.iscap.pt\/aeca\/alojamentos\/"]}]},{"@type":"ImageObject","inLanguage":"pt-PT","@id":"https:\/\/www.iscap.pt\/aeca\/alojamentos\/#primaryimage","url":"https:\/\/www.iscap.pt\/aeca\/wp-content\/uploads\/2022\/03\/01.jpg","contentUrl":"https:\/\/www.iscap.pt\/aeca\/wp-content\/uploads\/2022\/03\/01.jpg","width":1000,"height":896,"caption":"AXIS Hotel"},{"@type":"BreadcrumbList","@id":"https:\/\/www.iscap.pt\/aeca\/alojamentos\/#breadcrumb","itemListElement":[{"@type":"ListItem","position":1,"name":"In\u00edcio","item":"https:\/\/www.iscap.pt\/aeca\/"},{"@type":"ListItem","position":2,"name":"Alojamentos"}]},{"@type":"WebSite","@id":"https:\/\/www.iscap.pt\/aeca\/#website","url":"https:\/\/www.iscap.pt\/aeca\/","name":"XX Encontro Internacional AECA","description":"XX Encontro Internacional AECA","publisher":{"@id":"https:\/\/www.iscap.pt\/aeca\/#organization"},"potentialAction":[{"@type":"SearchAction","target":{"@type":"EntryPoint","urlTemplate":"https:\/\/www.iscap.pt\/aeca\/?s={search_term_string}"},"query-input":{"@type":"PropertyValueSpecification","valueRequired":true,"valueName":"search_term_string"}}],"inLanguage":"pt-PT"},{"@type":"Organization","@id":"https:\/\/www.iscap.pt\/aeca\/#organization","name":"Asociaci\u00f3n Espa\u00f1ola de Contabilidad y Administraci\u00f3n de Empresas (AECA)","url":"https:\/\/www.iscap.pt\/aeca\/","logo":{"@type":"ImageObject","inLanguage":"pt-PT","@id":"https:\/\/www.iscap.pt\/aeca\/#\/schema\/logo\/image\/","url":"","contentUrl":"","caption":"Asociaci\u00f3n Espa\u00f1ola de Contabilidad y Administraci\u00f3n de Empresas (AECA)"},"image":{"@id":"https:\/\/www.iscap.pt\/aeca\/#\/schema\/logo\/image\/"}}]}},"_links":{"self":[{"href":"https:\/\/www.iscap.pt\/aeca\/wp-json\/wp\/v2\/pages\/176","targetHints":{"allow":["GET"]}}],"collection":[{"href":"https:\/\/www.iscap.pt\/aeca\/wp-json\/wp\/v2\/pages"}],"about":[{"href":"https:\/\/www.iscap.pt\/aeca\/wp-json\/wp\/v2\/types\/page"}],"author":[{"embeddable":true,"href":"https:\/\/www.iscap.pt\/aeca\/wp-json\/wp\/v2\/users\/1"}],"replies":[{"embeddable":true,"href":"https:\/\/www.iscap.pt\/aeca\/wp-json\/wp\/v2\/comments?post=176"}],"version-history":[{"count":40,"href":"https:\/\/www.iscap.pt\/aeca\/wp-json\/wp\/v2\/pages\/176\/revisions"}],"predecessor-version":[{"id":800,"href":"https:\/\/www.iscap.pt\/aeca\/wp-json\/wp\/v2\/pages\/176\/revisions\/800"}],"wp:attachment":[{"href":"https:\/\/www.iscap.pt\/aeca\/wp-json\/wp\/v2\/media?parent=176"}],"curies":[{"name":"wp","href":"https:\/\/api.w.org\/{rel}","templated":true}]}}