{"id":181,"date":"2021-12-28T17:09:59","date_gmt":"2021-12-28T17:09:59","guid":{"rendered":"https:\/\/www.iscap.pt\/aeca\/?page_id=181"},"modified":"2022-04-12T15:48:30","modified_gmt":"2022-04-12T15:48:30","slug":"entre-em-contacto","status":"publish","type":"page","link":"https:\/\/www.iscap.pt\/aeca\/entre-em-contacto\/","title":{"rendered":"Entre em Contacto"},"content":{"rendered":"<div class=\"wpforms-container wpforms-container-full\" id=\"wpforms-667\"><form id=\"wpforms-form-667\" class=\"wpforms-validate wpforms-form wpforms-ajax-form\" data-formid=\"667\" method=\"post\" enctype=\"multipart\/form-data\" action=\"\/aeca\/wp-json\/wp\/v2\/pages\/181\" data-token=\"8213e87b21b1c541acb467bd692d6dac\" data-token-time=\"1776182010\"><noscript class=\"wpforms-error-noscript\">Please enable JavaScript in your browser to complete this form.<\/noscript><div class=\"wpforms-field-container\"><div id=\"wpforms-667-field_0-container\" class=\"wpforms-field wpforms-field-name\" data-field-id=\"0\"><label class=\"wpforms-field-label\" for=\"wpforms-667-field_0\">Nome <span class=\"wpforms-required-label\">*<\/span><\/label><input type=\"text\" id=\"wpforms-667-field_0\" class=\"wpforms-field-medium wpforms-field-required\" name=\"wpforms[fields][0]\" required><\/div><div id=\"wpforms-667-field_1-container\" class=\"wpforms-field wpforms-field-email\" data-field-id=\"1\"><label class=\"wpforms-field-label\" for=\"wpforms-667-field_1\">Email <span class=\"wpforms-required-label\">*<\/span><\/label><input type=\"email\" id=\"wpforms-667-field_1\" class=\"wpforms-field-medium wpforms-field-required\" name=\"wpforms[fields][1]\" spellcheck=\"false\" required><\/div><div id=\"wpforms-667-field_2-container\" class=\"wpforms-field wpforms-field-textarea\" data-field-id=\"2\"><label class=\"wpforms-field-label\" for=\"wpforms-667-field_2\">Coment\u00e1rio ou mensagem <span class=\"wpforms-required-label\">*<\/span><\/label><textarea id=\"wpforms-667-field_2\" class=\"wpforms-field-medium wpforms-field-required\" name=\"wpforms[fields][2]\" required><\/textarea><\/div><\/div><!-- .wpforms-field-container --><div class=\"wpforms-submit-container\" ><input type=\"hidden\" name=\"wpforms[id]\" value=\"667\"><input type=\"hidden\" name=\"page_title\" value=\"\"><input type=\"hidden\" name=\"page_url\" value=\"https:\/\/www.iscap.pt\/aeca\/wp-json\/wp\/v2\/pages\/181\"><input type=\"hidden\" name=\"url_referer\" value=\"\"><button type=\"submit\" name=\"wpforms[submit]\" id=\"wpforms-submit-667\" class=\"wpforms-submit\" data-alt-text=\"A submeter...\" data-submit-text=\"Submeter\" aria-live=\"assertive\" value=\"wpforms-submit\">Submeter<\/button><img decoding=\"async\" src=\"https:\/\/www.iscap.pt\/aeca\/wp-content\/plugins\/wpforms-lite\/assets\/images\/submit-spin.svg\" class=\"wpforms-submit-spinner\" style=\"display: none;\" width=\"26\" height=\"26\" alt=\"Loading\"><\/div><\/form><\/div>  <!-- .wpforms-container -->\n","protected":false},"excerpt":{"rendered":"","protected":false},"author":1,"featured_media":0,"parent":0,"menu_order":0,"comment_status":"closed","ping_status":"closed","template":"","meta":{"footnotes":""},"class_list":["post-181","page","type-page","status-publish","hentry"],"yoast_head":"<!-- This site is optimized with the Yoast SEO plugin v27.4 - https:\/\/yoast.com\/product\/yoast-seo-wordpress\/ -->\n<title>Entre em Contacto - XX Encontro Internacional AECA<\/title>\n<meta name=\"robots\" content=\"index, follow, max-snippet:-1, max-image-preview:large, max-video-preview:-1\" \/>\n<link rel=\"canonical\" href=\"https:\/\/www.iscap.pt\/aeca\/entre-em-contacto\/\" \/>\n<meta property=\"og:locale\" content=\"pt_PT\" \/>\n<meta property=\"og:type\" content=\"article\" \/>\n<meta property=\"og:title\" content=\"Entre em Contacto - XX Encontro Internacional AECA\" \/>\n<meta property=\"og:url\" content=\"https:\/\/www.iscap.pt\/aeca\/entre-em-contacto\/\" \/>\n<meta property=\"og:site_name\" content=\"XX Encontro Internacional AECA\" \/>\n<meta property=\"article:modified_time\" content=\"2022-04-12T15:48:30+00:00\" \/>\n<meta name=\"twitter:card\" content=\"summary_large_image\" \/>\n<meta name=\"twitter:label1\" content=\"Tempo estimado de leitura\" \/>\n\t<meta name=\"twitter:data1\" content=\"1 minuto\" \/>\n<script type=\"application\/ld+json\" class=\"yoast-schema-graph\">{\"@context\":\"https:\\\/\\\/schema.org\",\"@graph\":[{\"@type\":\"WebPage\",\"@id\":\"https:\\\/\\\/www.iscap.pt\\\/aeca\\\/entre-em-contacto\\\/\",\"url\":\"https:\\\/\\\/www.iscap.pt\\\/aeca\\\/entre-em-contacto\\\/\",\"name\":\"Entre em Contacto - XX Encontro Internacional AECA\",\"isPartOf\":{\"@id\":\"https:\\\/\\\/www.iscap.pt\\\/aeca\\\/#website\"},\"datePublished\":\"2021-12-28T17:09:59+00:00\",\"dateModified\":\"2022-04-12T15:48:30+00:00\",\"breadcrumb\":{\"@id\":\"https:\\\/\\\/www.iscap.pt\\\/aeca\\\/entre-em-contacto\\\/#breadcrumb\"},\"inLanguage\":\"pt-PT\",\"potentialAction\":[{\"@type\":\"ReadAction\",\"target\":[\"https:\\\/\\\/www.iscap.pt\\\/aeca\\\/entre-em-contacto\\\/\"]}]},{\"@type\":\"BreadcrumbList\",\"@id\":\"https:\\\/\\\/www.iscap.pt\\\/aeca\\\/entre-em-contacto\\\/#breadcrumb\",\"itemListElement\":[{\"@type\":\"ListItem\",\"position\":1,\"name\":\"In\u00edcio\",\"item\":\"https:\\\/\\\/www.iscap.pt\\\/aeca\\\/\"},{\"@type\":\"ListItem\",\"position\":2,\"name\":\"Entre em Contacto\"}]},{\"@type\":\"WebSite\",\"@id\":\"https:\\\/\\\/www.iscap.pt\\\/aeca\\\/#website\",\"url\":\"https:\\\/\\\/www.iscap.pt\\\/aeca\\\/\",\"name\":\"XX Encontro Internacional AECA\",\"description\":\"XX Encontro Internacional AECA\",\"publisher\":{\"@id\":\"https:\\\/\\\/www.iscap.pt\\\/aeca\\\/#organization\"},\"potentialAction\":[{\"@type\":\"SearchAction\",\"target\":{\"@type\":\"EntryPoint\",\"urlTemplate\":\"https:\\\/\\\/www.iscap.pt\\\/aeca\\\/?s={search_term_string}\"},\"query-input\":{\"@type\":\"PropertyValueSpecification\",\"valueRequired\":true,\"valueName\":\"search_term_string\"}}],\"inLanguage\":\"pt-PT\"},{\"@type\":\"Organization\",\"@id\":\"https:\\\/\\\/www.iscap.pt\\\/aeca\\\/#organization\",\"name\":\"Asociaci\u00f3n Espa\u00f1ola de Contabilidad y Administraci\u00f3n de Empresas (AECA)\",\"url\":\"https:\\\/\\\/www.iscap.pt\\\/aeca\\\/\",\"logo\":{\"@type\":\"ImageObject\",\"inLanguage\":\"pt-PT\",\"@id\":\"https:\\\/\\\/www.iscap.pt\\\/aeca\\\/#\\\/schema\\\/logo\\\/image\\\/\",\"url\":\"\",\"contentUrl\":\"\",\"caption\":\"Asociaci\u00f3n Espa\u00f1ola de Contabilidad y Administraci\u00f3n de Empresas (AECA)\"},\"image\":{\"@id\":\"https:\\\/\\\/www.iscap.pt\\\/aeca\\\/#\\\/schema\\\/logo\\\/image\\\/\"}}]}<\/script>\n<!-- \/ Yoast SEO plugin. -->","yoast_head_json":{"title":"Entre em Contacto - XX Encontro Internacional AECA","robots":{"index":"index","follow":"follow","max-snippet":"max-snippet:-1","max-image-preview":"max-image-preview:large","max-video-preview":"max-video-preview:-1"},"canonical":"https:\/\/www.iscap.pt\/aeca\/entre-em-contacto\/","og_locale":"pt_PT","og_type":"article","og_title":"Entre em Contacto - XX Encontro Internacional AECA","og_url":"https:\/\/www.iscap.pt\/aeca\/entre-em-contacto\/","og_site_name":"XX Encontro Internacional AECA","article_modified_time":"2022-04-12T15:48:30+00:00","twitter_card":"summary_large_image","twitter_misc":{"Tempo estimado de leitura":"1 minuto"},"schema":{"@context":"https:\/\/schema.org","@graph":[{"@type":"WebPage","@id":"https:\/\/www.iscap.pt\/aeca\/entre-em-contacto\/","url":"https:\/\/www.iscap.pt\/aeca\/entre-em-contacto\/","name":"Entre em Contacto - XX Encontro Internacional AECA","isPartOf":{"@id":"https:\/\/www.iscap.pt\/aeca\/#website"},"datePublished":"2021-12-28T17:09:59+00:00","dateModified":"2022-04-12T15:48:30+00:00","breadcrumb":{"@id":"https:\/\/www.iscap.pt\/aeca\/entre-em-contacto\/#breadcrumb"},"inLanguage":"pt-PT","potentialAction":[{"@type":"ReadAction","target":["https:\/\/www.iscap.pt\/aeca\/entre-em-contacto\/"]}]},{"@type":"BreadcrumbList","@id":"https:\/\/www.iscap.pt\/aeca\/entre-em-contacto\/#breadcrumb","itemListElement":[{"@type":"ListItem","position":1,"name":"In\u00edcio","item":"https:\/\/www.iscap.pt\/aeca\/"},{"@type":"ListItem","position":2,"name":"Entre em Contacto"}]},{"@type":"WebSite","@id":"https:\/\/www.iscap.pt\/aeca\/#website","url":"https:\/\/www.iscap.pt\/aeca\/","name":"XX Encontro Internacional AECA","description":"XX Encontro Internacional AECA","publisher":{"@id":"https:\/\/www.iscap.pt\/aeca\/#organization"},"potentialAction":[{"@type":"SearchAction","target":{"@type":"EntryPoint","urlTemplate":"https:\/\/www.iscap.pt\/aeca\/?s={search_term_string}"},"query-input":{"@type":"PropertyValueSpecification","valueRequired":true,"valueName":"search_term_string"}}],"inLanguage":"pt-PT"},{"@type":"Organization","@id":"https:\/\/www.iscap.pt\/aeca\/#organization","name":"Asociaci\u00f3n Espa\u00f1ola de Contabilidad y Administraci\u00f3n de Empresas (AECA)","url":"https:\/\/www.iscap.pt\/aeca\/","logo":{"@type":"ImageObject","inLanguage":"pt-PT","@id":"https:\/\/www.iscap.pt\/aeca\/#\/schema\/logo\/image\/","url":"","contentUrl":"","caption":"Asociaci\u00f3n Espa\u00f1ola de Contabilidad y Administraci\u00f3n de Empresas (AECA)"},"image":{"@id":"https:\/\/www.iscap.pt\/aeca\/#\/schema\/logo\/image\/"}}]}},"_links":{"self":[{"href":"https:\/\/www.iscap.pt\/aeca\/wp-json\/wp\/v2\/pages\/181","targetHints":{"allow":["GET"]}}],"collection":[{"href":"https:\/\/www.iscap.pt\/aeca\/wp-json\/wp\/v2\/pages"}],"about":[{"href":"https:\/\/www.iscap.pt\/aeca\/wp-json\/wp\/v2\/types\/page"}],"author":[{"embeddable":true,"href":"https:\/\/www.iscap.pt\/aeca\/wp-json\/wp\/v2\/users\/1"}],"replies":[{"embeddable":true,"href":"https:\/\/www.iscap.pt\/aeca\/wp-json\/wp\/v2\/comments?post=181"}],"version-history":[{"count":10,"href":"https:\/\/www.iscap.pt\/aeca\/wp-json\/wp\/v2\/pages\/181\/revisions"}],"predecessor-version":[{"id":782,"href":"https:\/\/www.iscap.pt\/aeca\/wp-json\/wp\/v2\/pages\/181\/revisions\/782"}],"wp:attachment":[{"href":"https:\/\/www.iscap.pt\/aeca\/wp-json\/wp\/v2\/media?parent=181"}],"curies":[{"name":"wp","href":"https:\/\/api.w.org\/{rel}","templated":true}]}}