{"id":909,"date":"2022-06-21T17:26:08","date_gmt":"2022-06-21T17:26:08","guid":{"rendered":"https:\/\/www.iscap.pt\/aeca\/?page_id=909"},"modified":"2022-06-21T18:49:30","modified_gmt":"2022-06-21T18:49:30","slug":"noticias","status":"publish","type":"page","link":"https:\/\/www.iscap.pt\/aeca\/noticias\/","title":{"rendered":"Not\u00edcias"},"content":{"rendered":"\t\t<div data-elementor-type=\"wp-page\" data-elementor-id=\"909\" class=\"elementor elementor-909\">\n\t\t\t\t\t\t<section class=\"elementor-section elementor-top-section elementor-element elementor-element-ba5f1bb elementor-section-boxed elementor-section-height-default elementor-section-height-default\" data-id=\"ba5f1bb\" data-element_type=\"section\" data-e-type=\"section\">\n\t\t\t\t\t\t<div class=\"elementor-container elementor-column-gap-default\">\n\t\t\t\t\t<div class=\"elementor-column elementor-col-50 elementor-top-column elementor-element elementor-element-d8e1006\" data-id=\"d8e1006\" data-element_type=\"column\" data-e-type=\"column\">\n\t\t\t<div class=\"elementor-widget-wrap elementor-element-populated\">\n\t\t\t\t\t\t<div class=\"elementor-element elementor-element-563dc12 elementor-widget elementor-widget-text-editor\" data-id=\"563dc12\" data-element_type=\"widget\" data-e-type=\"widget\" data-widget_type=\"text-editor.default\">\n\t\t\t\t<div class=\"elementor-widget-container\">\n\t\t\t\t\t\t\t\t\t<h3>I Pr\u00e9mio Internacional PYME Juan Antonio Maroto Ac\u00edn<\/h3><p style=\"font-weight: 400; text-align: left;\"><span style=\"color: #000000;\">Com o apoio organizacional da <strong>AECA <\/strong>, este novo pr\u00eamio busca, a partir do reconhecimento do legado do ilustre <strong>professor Maroto Ac\u00edn <\/strong>, promover pesquisas de qualidade sobre Pequenas e M\u00e9dias Empresas (PMEs), tanto nacional quanto internacionalmente.<\/span><\/p><h4 style=\"font-weight: 400;\"><strong>OBJETIVOS:<\/strong><\/h4><p style=\"padding-left: 40px;\"><span style=\"color: #000000;\">\u2022 Promover a investiga\u00e7\u00e3o cient\u00edfica sobre PME, com uma abordagem eminentemente aplicada que facilita a transfer\u00eancia de conhecimento entre a teoria e a pr\u00e1tica empresarial;<\/span><\/p><p style=\"padding-left: 40px;\"><span style=\"color: #000000;\">\u2022 Reconhecer a qualidade da pesquisa por meio de incentivos e divulga\u00e7\u00e3o dos melhores ambos cient\u00edficos e profissional\/ empresarial;<\/span><\/p><p style=\"padding-left: 40px;\"><span style=\"color: #000000;\">\u2022 Assegurar a publica\u00e7\u00e3o de trabalhos de qualidade em canais cient\u00edficos e profissionais adequado, tanto nacional como internacional;<\/span><\/p><p style=\"padding-left: 40px;\"><span style=\"color: #000000;\">\u2022 Acesso aos canais de comunica\u00e7\u00e3o que ajudam a projetar os resultados das investiga\u00e7\u00f5es.<\/span><\/p><h6 style=\"text-align: center;\">PRAZO DE ENVIO DOS TRABALHOS AMPLIADO AT\u00c9 12 DE JULHO<\/h6>\t\t\t\t\t\t\t\t<\/div>\n\t\t\t\t<\/div>\n\t\t\t\t\t<\/div>\n\t\t<\/div>\n\t\t\t\t<div class=\"elementor-column elementor-col-50 elementor-top-column elementor-element elementor-element-fea6f3f\" data-id=\"fea6f3f\" data-element_type=\"column\" data-e-type=\"column\">\n\t\t\t<div class=\"elementor-widget-wrap elementor-element-populated\">\n\t\t\t\t\t\t<div class=\"elementor-element elementor-element-fc65507 elementor-widget elementor-widget-text-editor\" data-id=\"fc65507\" data-element_type=\"widget\" data-e-type=\"widget\" data-widget_type=\"text-editor.default\">\n\t\t\t\t<div class=\"elementor-widget-container\">\n\t\t\t\t\t\t\t\t\t<h4 style=\"font-weight: 400;\"><strong>\u00c1REAS PRINCIPAIS:<\/strong><\/h4><p style=\"padding-left: 40px;\"><span style=\"color: #000000;\">\u2022 Globaliza\u00e7\u00e3o dos mercados;<\/span><\/p><p style=\"padding-left: 40px;\"><span style=\"color: #000000;\">\u2022 Acelera\u00e7\u00e3o da evolu\u00e7\u00e3o tecnol\u00f3gica e do desenvolvimento de novos sistemas de informa\u00e7\u00e3o e comunica\u00e7\u00e3o;<\/span><\/p><p style=\"padding-left: 40px;\"><span style=\"color: #000000;\">\u2022 Mau h\u00e1bito de gest\u00e3o do conhecimento e capital humano;<\/span><\/p><p style=\"padding-left: 40px;\"><span style=\"color: #000000;\">\u2022 Dificuldade em levantar capitais estrangeiros de longo prazo;<\/span><\/p><p style=\"padding-left: 40px;\"><span style=\"color: #000000;\">\u2022 Menor qualifica\u00e7\u00e3o de empregadores e empregados;<\/span><\/p><p style=\"padding-left: 40px;\"><span style=\"color: #000000;\">\u2022 Dificuldades de localiza\u00e7\u00e3o e infraestrutura;<\/span><\/p><p style=\"padding-left: 40px;\"><span style=\"color: #000000;\">\u2022 Complexidade para incorporar inova\u00e7\u00f5es tecnol\u00f3gicas;<\/span><\/p><p style=\"padding-left: 40px;\"><span style=\"color: #000000;\">\u2022 Aprimoramento da cultura empresarial na dire\u00e7\u00e3o da miPymes.<\/span><\/p><p style=\"font-weight: 400; text-align: center;\"><span style=\"color: #000000;\">O Pr\u00e9mio dotado de 1.500 euros ter\u00e1 dois Segundos Pr\u00e9mios de 750 euros cada. Al\u00e9m disso, quatro artigos Finalistas que receber\u00e3o 250 euros cada.<\/span><\/p><p><a href=\"https:\/\/aeca.es\/wp-content\/uploads\/2022\/03\/Bases-Premio-PYME-2022.pdf\" target=\"_blank\" rel=\"noopener\"><img decoding=\"async\" class=\"aligncenter wp-image-917\" src=\"https:\/\/www.iscap.pt\/aeca\/wp-content\/uploads\/2022\/06\/PDF_AECA-300x300.png\" alt=\"Pr\u00e9mio Internacional PYME\" width=\"183\" height=\"183\" srcset=\"https:\/\/www.iscap.pt\/aeca\/wp-content\/uploads\/2022\/06\/PDF_AECA-300x300.png 300w, https:\/\/www.iscap.pt\/aeca\/wp-content\/uploads\/2022\/06\/PDF_AECA-1024x1024.png 1024w, https:\/\/www.iscap.pt\/aeca\/wp-content\/uploads\/2022\/06\/PDF_AECA-150x150.png 150w, https:\/\/www.iscap.pt\/aeca\/wp-content\/uploads\/2022\/06\/PDF_AECA-768x768.png 768w, https:\/\/www.iscap.pt\/aeca\/wp-content\/uploads\/2022\/06\/PDF_AECA.png 1080w\" sizes=\"(max-width: 183px) 100vw, 183px\" \/><\/a><\/p>\t\t\t\t\t\t\t\t<\/div>\n\t\t\t\t<\/div>\n\t\t\t\t\t<\/div>\n\t\t<\/div>\n\t\t\t\t\t<\/div>\n\t\t<\/section>\n\t\t\t\t<section class=\"elementor-section elementor-top-section elementor-element elementor-element-53d9d1d elementor-section-boxed elementor-section-height-default elementor-section-height-default\" data-id=\"53d9d1d\" data-element_type=\"section\" data-e-type=\"section\">\n\t\t\t\t\t\t<div class=\"elementor-container elementor-column-gap-default\">\n\t\t\t\t\t<div class=\"elementor-column elementor-col-100 elementor-top-column elementor-element elementor-element-a7c27fa\" data-id=\"a7c27fa\" data-element_type=\"column\" data-e-type=\"column\">\n\t\t\t<div class=\"elementor-widget-wrap elementor-element-populated\">\n\t\t\t\t\t\t<div class=\"elementor-element elementor-element-ce572ae elementor-widget-divider--view-line elementor-widget elementor-widget-divider\" data-id=\"ce572ae\" data-element_type=\"widget\" data-e-type=\"widget\" data-widget_type=\"divider.default\">\n\t\t\t\t<div class=\"elementor-widget-container\">\n\t\t\t\t\t\t\t<div class=\"elementor-divider\">\n\t\t\t<span class=\"elementor-divider-separator\">\n\t\t\t\t\t\t<\/span>\n\t\t<\/div>\n\t\t\t\t\t\t<\/div>\n\t\t\t\t<\/div>\n\t\t\t\t\t<\/div>\n\t\t<\/div>\n\t\t\t\t\t<\/div>\n\t\t<\/section>\n\t\t\t\t<\/div>\n\t\t","protected":false},"excerpt":{"rendered":"<p>I Pr\u00e9mio Internacional PYME Juan Antonio Maroto Ac\u00edn Com o apoio organizacional da AECA , este novo pr\u00eamio busca, a partir do reconhecimento do legado do ilustre professor Maroto Ac\u00edn , promover pesquisas de qualidade sobre Pequenas e M\u00e9dias Empresas (PMEs), tanto nacional quanto internacionalmente. OBJETIVOS: \u2022 Promover a investiga\u00e7\u00e3o cient\u00edfica sobre PME, com uma [&hellip;]<\/p>\n","protected":false},"author":1,"featured_media":0,"parent":0,"menu_order":0,"comment_status":"closed","ping_status":"closed","template":"","meta":{"footnotes":""},"class_list":["post-909","page","type-page","status-publish","hentry"],"yoast_head":"<!-- This site is optimized with the Yoast SEO plugin v27.4 - https:\/\/yoast.com\/product\/yoast-seo-wordpress\/ -->\n<title>Not\u00edcias - XX Encontro Internacional AECA<\/title>\n<meta name=\"description\" content=\"Novidades, comunica\u00e7\u00f5es e not\u00edcias sobre a AECA. Fique a par de todas as novidades sobre contabilidade e administra\u00e7\u00e3o.\" \/>\n<meta name=\"robots\" content=\"index, follow, max-snippet:-1, max-image-preview:large, max-video-preview:-1\" \/>\n<link rel=\"canonical\" href=\"https:\/\/www.iscap.pt\/aeca\/noticias\/\" \/>\n<meta property=\"og:locale\" content=\"pt_PT\" \/>\n<meta property=\"og:type\" content=\"article\" \/>\n<meta property=\"og:title\" content=\"Not\u00edcias - XX Encontro Internacional AECA\" \/>\n<meta property=\"og:description\" content=\"Novidades, comunica\u00e7\u00f5es e not\u00edcias sobre a AECA. Fique a par de todas as novidades sobre contabilidade e administra\u00e7\u00e3o.\" \/>\n<meta property=\"og:url\" content=\"https:\/\/www.iscap.pt\/aeca\/noticias\/\" \/>\n<meta property=\"og:site_name\" content=\"XX Encontro Internacional AECA\" \/>\n<meta property=\"article:modified_time\" content=\"2022-06-21T18:49:30+00:00\" \/>\n<meta property=\"og:image\" content=\"https:\/\/www.iscap.pt\/aeca\/wp-content\/uploads\/2022\/06\/PDF_AECA-300x300.png\" \/>\n<meta name=\"twitter:card\" content=\"summary_large_image\" \/>\n<meta name=\"twitter:label1\" content=\"Tempo estimado de leitura\" \/>\n\t<meta name=\"twitter:data1\" content=\"2 minutos\" \/>\n<script type=\"application\/ld+json\" class=\"yoast-schema-graph\">{\"@context\":\"https:\\\/\\\/schema.org\",\"@graph\":[{\"@type\":\"WebPage\",\"@id\":\"https:\\\/\\\/www.iscap.pt\\\/aeca\\\/noticias\\\/\",\"url\":\"https:\\\/\\\/www.iscap.pt\\\/aeca\\\/noticias\\\/\",\"name\":\"Not\u00edcias - XX Encontro Internacional AECA\",\"isPartOf\":{\"@id\":\"https:\\\/\\\/www.iscap.pt\\\/aeca\\\/#website\"},\"primaryImageOfPage\":{\"@id\":\"https:\\\/\\\/www.iscap.pt\\\/aeca\\\/noticias\\\/#primaryimage\"},\"image\":{\"@id\":\"https:\\\/\\\/www.iscap.pt\\\/aeca\\\/noticias\\\/#primaryimage\"},\"thumbnailUrl\":\"https:\\\/\\\/www.iscap.pt\\\/aeca\\\/wp-content\\\/uploads\\\/2022\\\/06\\\/PDF_AECA-300x300.png\",\"datePublished\":\"2022-06-21T17:26:08+00:00\",\"dateModified\":\"2022-06-21T18:49:30+00:00\",\"description\":\"Novidades, comunica\u00e7\u00f5es e not\u00edcias sobre a AECA. Fique a par de todas as novidades sobre contabilidade e administra\u00e7\u00e3o.\",\"breadcrumb\":{\"@id\":\"https:\\\/\\\/www.iscap.pt\\\/aeca\\\/noticias\\\/#breadcrumb\"},\"inLanguage\":\"pt-PT\",\"potentialAction\":[{\"@type\":\"ReadAction\",\"target\":[\"https:\\\/\\\/www.iscap.pt\\\/aeca\\\/noticias\\\/\"]}]},{\"@type\":\"ImageObject\",\"inLanguage\":\"pt-PT\",\"@id\":\"https:\\\/\\\/www.iscap.pt\\\/aeca\\\/noticias\\\/#primaryimage\",\"url\":\"https:\\\/\\\/www.iscap.pt\\\/aeca\\\/wp-content\\\/uploads\\\/2022\\\/06\\\/PDF_AECA.png\",\"contentUrl\":\"https:\\\/\\\/www.iscap.pt\\\/aeca\\\/wp-content\\\/uploads\\\/2022\\\/06\\\/PDF_AECA.png\",\"width\":1080,\"height\":1080,\"caption\":\"I Pr\u00e9mio Internacional PYME Juan Antonio Maroto Ac\u00edn\"},{\"@type\":\"BreadcrumbList\",\"@id\":\"https:\\\/\\\/www.iscap.pt\\\/aeca\\\/noticias\\\/#breadcrumb\",\"itemListElement\":[{\"@type\":\"ListItem\",\"position\":1,\"name\":\"In\u00edcio\",\"item\":\"https:\\\/\\\/www.iscap.pt\\\/aeca\\\/\"},{\"@type\":\"ListItem\",\"position\":2,\"name\":\"Not\u00edcias\"}]},{\"@type\":\"WebSite\",\"@id\":\"https:\\\/\\\/www.iscap.pt\\\/aeca\\\/#website\",\"url\":\"https:\\\/\\\/www.iscap.pt\\\/aeca\\\/\",\"name\":\"XX Encontro Internacional AECA\",\"description\":\"XX Encontro Internacional AECA\",\"publisher\":{\"@id\":\"https:\\\/\\\/www.iscap.pt\\\/aeca\\\/#organization\"},\"potentialAction\":[{\"@type\":\"SearchAction\",\"target\":{\"@type\":\"EntryPoint\",\"urlTemplate\":\"https:\\\/\\\/www.iscap.pt\\\/aeca\\\/?s={search_term_string}\"},\"query-input\":{\"@type\":\"PropertyValueSpecification\",\"valueRequired\":true,\"valueName\":\"search_term_string\"}}],\"inLanguage\":\"pt-PT\"},{\"@type\":\"Organization\",\"@id\":\"https:\\\/\\\/www.iscap.pt\\\/aeca\\\/#organization\",\"name\":\"Asociaci\u00f3n Espa\u00f1ola de Contabilidad y Administraci\u00f3n de Empresas (AECA)\",\"url\":\"https:\\\/\\\/www.iscap.pt\\\/aeca\\\/\",\"logo\":{\"@type\":\"ImageObject\",\"inLanguage\":\"pt-PT\",\"@id\":\"https:\\\/\\\/www.iscap.pt\\\/aeca\\\/#\\\/schema\\\/logo\\\/image\\\/\",\"url\":\"\",\"contentUrl\":\"\",\"caption\":\"Asociaci\u00f3n Espa\u00f1ola de Contabilidad y Administraci\u00f3n de Empresas (AECA)\"},\"image\":{\"@id\":\"https:\\\/\\\/www.iscap.pt\\\/aeca\\\/#\\\/schema\\\/logo\\\/image\\\/\"}}]}<\/script>\n<!-- \/ Yoast SEO plugin. -->","yoast_head_json":{"title":"Not\u00edcias - XX Encontro Internacional AECA","description":"Novidades, comunica\u00e7\u00f5es e not\u00edcias sobre a AECA. Fique a par de todas as novidades sobre contabilidade e administra\u00e7\u00e3o.","robots":{"index":"index","follow":"follow","max-snippet":"max-snippet:-1","max-image-preview":"max-image-preview:large","max-video-preview":"max-video-preview:-1"},"canonical":"https:\/\/www.iscap.pt\/aeca\/noticias\/","og_locale":"pt_PT","og_type":"article","og_title":"Not\u00edcias - XX Encontro Internacional AECA","og_description":"Novidades, comunica\u00e7\u00f5es e not\u00edcias sobre a AECA. Fique a par de todas as novidades sobre contabilidade e administra\u00e7\u00e3o.","og_url":"https:\/\/www.iscap.pt\/aeca\/noticias\/","og_site_name":"XX Encontro Internacional AECA","article_modified_time":"2022-06-21T18:49:30+00:00","og_image":[{"url":"https:\/\/www.iscap.pt\/aeca\/wp-content\/uploads\/2022\/06\/PDF_AECA-300x300.png","type":"","width":"","height":""}],"twitter_card":"summary_large_image","twitter_misc":{"Tempo estimado de leitura":"2 minutos"},"schema":{"@context":"https:\/\/schema.org","@graph":[{"@type":"WebPage","@id":"https:\/\/www.iscap.pt\/aeca\/noticias\/","url":"https:\/\/www.iscap.pt\/aeca\/noticias\/","name":"Not\u00edcias - XX Encontro Internacional AECA","isPartOf":{"@id":"https:\/\/www.iscap.pt\/aeca\/#website"},"primaryImageOfPage":{"@id":"https:\/\/www.iscap.pt\/aeca\/noticias\/#primaryimage"},"image":{"@id":"https:\/\/www.iscap.pt\/aeca\/noticias\/#primaryimage"},"thumbnailUrl":"https:\/\/www.iscap.pt\/aeca\/wp-content\/uploads\/2022\/06\/PDF_AECA-300x300.png","datePublished":"2022-06-21T17:26:08+00:00","dateModified":"2022-06-21T18:49:30+00:00","description":"Novidades, comunica\u00e7\u00f5es e not\u00edcias sobre a AECA. Fique a par de todas as novidades sobre contabilidade e administra\u00e7\u00e3o.","breadcrumb":{"@id":"https:\/\/www.iscap.pt\/aeca\/noticias\/#breadcrumb"},"inLanguage":"pt-PT","potentialAction":[{"@type":"ReadAction","target":["https:\/\/www.iscap.pt\/aeca\/noticias\/"]}]},{"@type":"ImageObject","inLanguage":"pt-PT","@id":"https:\/\/www.iscap.pt\/aeca\/noticias\/#primaryimage","url":"https:\/\/www.iscap.pt\/aeca\/wp-content\/uploads\/2022\/06\/PDF_AECA.png","contentUrl":"https:\/\/www.iscap.pt\/aeca\/wp-content\/uploads\/2022\/06\/PDF_AECA.png","width":1080,"height":1080,"caption":"I Pr\u00e9mio Internacional PYME Juan Antonio Maroto Ac\u00edn"},{"@type":"BreadcrumbList","@id":"https:\/\/www.iscap.pt\/aeca\/noticias\/#breadcrumb","itemListElement":[{"@type":"ListItem","position":1,"name":"In\u00edcio","item":"https:\/\/www.iscap.pt\/aeca\/"},{"@type":"ListItem","position":2,"name":"Not\u00edcias"}]},{"@type":"WebSite","@id":"https:\/\/www.iscap.pt\/aeca\/#website","url":"https:\/\/www.iscap.pt\/aeca\/","name":"XX Encontro Internacional AECA","description":"XX Encontro Internacional AECA","publisher":{"@id":"https:\/\/www.iscap.pt\/aeca\/#organization"},"potentialAction":[{"@type":"SearchAction","target":{"@type":"EntryPoint","urlTemplate":"https:\/\/www.iscap.pt\/aeca\/?s={search_term_string}"},"query-input":{"@type":"PropertyValueSpecification","valueRequired":true,"valueName":"search_term_string"}}],"inLanguage":"pt-PT"},{"@type":"Organization","@id":"https:\/\/www.iscap.pt\/aeca\/#organization","name":"Asociaci\u00f3n Espa\u00f1ola de Contabilidad y Administraci\u00f3n de Empresas (AECA)","url":"https:\/\/www.iscap.pt\/aeca\/","logo":{"@type":"ImageObject","inLanguage":"pt-PT","@id":"https:\/\/www.iscap.pt\/aeca\/#\/schema\/logo\/image\/","url":"","contentUrl":"","caption":"Asociaci\u00f3n Espa\u00f1ola de Contabilidad y Administraci\u00f3n de Empresas (AECA)"},"image":{"@id":"https:\/\/www.iscap.pt\/aeca\/#\/schema\/logo\/image\/"}}]}},"_links":{"self":[{"href":"https:\/\/www.iscap.pt\/aeca\/wp-json\/wp\/v2\/pages\/909","targetHints":{"allow":["GET"]}}],"collection":[{"href":"https:\/\/www.iscap.pt\/aeca\/wp-json\/wp\/v2\/pages"}],"about":[{"href":"https:\/\/www.iscap.pt\/aeca\/wp-json\/wp\/v2\/types\/page"}],"author":[{"embeddable":true,"href":"https:\/\/www.iscap.pt\/aeca\/wp-json\/wp\/v2\/users\/1"}],"replies":[{"embeddable":true,"href":"https:\/\/www.iscap.pt\/aeca\/wp-json\/wp\/v2\/comments?post=909"}],"version-history":[{"count":16,"href":"https:\/\/www.iscap.pt\/aeca\/wp-json\/wp\/v2\/pages\/909\/revisions"}],"predecessor-version":[{"id":931,"href":"https:\/\/www.iscap.pt\/aeca\/wp-json\/wp\/v2\/pages\/909\/revisions\/931"}],"wp:attachment":[{"href":"https:\/\/www.iscap.pt\/aeca\/wp-json\/wp\/v2\/media?parent=909"}],"curies":[{"name":"wp","href":"https:\/\/api.w.org\/{rel}","templated":true}]}}