{"id":1902,"date":"2025-02-27T15:55:21","date_gmt":"2025-02-27T15:55:21","guid":{"rendered":"https:\/\/www.iscap.pt\/conferencias\/XI-EDICIC25\/?page_id=1902"},"modified":"2025-11-05T12:48:39","modified_gmt":"2025-11-05T12:48:39","slug":"inscricoes","status":"publish","type":"page","link":"https:\/\/www.iscap.pt\/conferencias\/XI-EDICIC25\/inscricoes\/","title":{"rendered":"Inscri\u00e7\u00f5es"},"content":{"rendered":"\n<div class=\"wp-block-stackable-spacer stk-block-spacer stk--no-padding stk-block stk-0dff4a0\" data-block-id=\"0dff4a0\"><style>.stk-0dff4a0 {height:50px !important;}<\/style><\/div>\n\n\n\n<div class=\"wp-block-columns is-layout-flex wp-container-core-columns-is-layout-28f84493 wp-block-columns-is-layout-flex\">\n<div class=\"wp-block-column is-layout-flow wp-block-column-is-layout-flow\" style=\"flex-basis:100%\">\n<div class=\"wp-block-stackable-columns stk-block-columns stk-block stk-e7feea1\" data-block-id=\"e7feea1\"><div class=\"stk-row stk-inner-blocks stk-block-content stk-content-align stk-e7feea1-column\">\n<div class=\"wp-block-stackable-column stk-block-column stk-column stk-block stk-abe4853\" data-v=\"4\" data-block-id=\"abe4853\"><div class=\"stk-column-wrapper stk-block-column__content stk-container stk-abe4853-container stk--no-background stk--no-padding\"><div class=\"stk-block-content stk-inner-blocks stk-abe4853-inner-blocks\">\n<div class=\"wp-block-stackable-columns alignfull stk-block-columns stk-block stk-29e621f stk-block-background\" data-block-id=\"29e621f\"><style>.stk-29e621f .stk--block-align-29e621f{align-items:center !important;}.stk-29e621f {background-color:#fbf6ed !important;padding-top:50px !important;padding-bottom:50px !important;margin-bottom:0px !important;}.stk-29e621f:before{background-color:#fbf6ed !important;}.stk-29e621f-column{max-width:1465px !important;min-width:auto !important;--stk-column-gap:35px !important;}@media screen and (max-width:999px){.stk-29e621f {padding-top:100px !important;padding-bottom:100px !important;}}<\/style><div class=\"stk-row stk-inner-blocks stk--block-align-29e621f stk-block-content stk-content-align stk-29e621f-column alignwide\">\n<div class=\"wp-block-stackable-column stk-block-column stk-column stk-block stk-e7cb4b7\" data-v=\"4\" data-block-id=\"e7cb4b7\"><style>.stk-e7cb4b7-container{margin-top:0px !important;margin-right:0px !important;margin-bottom:0px !important;margin-left:0px !important;}<\/style><div class=\"stk-column-wrapper stk-block-column__content stk-container stk-e7cb4b7-container stk--no-background stk--no-padding\"><div class=\"stk-block-content stk-inner-blocks stk-e7cb4b7-inner-blocks\">\n<div class=\"wp-block-stackable-text stk-block-text stk-block stk-483b83e\" data-block-id=\"483b83e\"><style>.stk-483b83e {margin-bottom:10px !important;}.stk-483b83e .stk-block-text__text{font-size:46px !important;color:#cf661c !important;}@media screen and (max-width:999px){.stk-483b83e .stk-block-text__text{font-size:46px !important;}}<\/style><p class=\"stk-block-text__text has-text-color has-palette-color-5-color has-text-align-center-mobile\"><strong><span style=\"color: var(--theme-palette-color-1, #FF6900);\" class=\"stk-highlight\">Inscri\u00e7\u00f5es<\/span><\/strong> <span style=\"color: var(--theme-palette-color-1, #FF6900);\" class=\"stk-highlight\"><strong>FECHADAS<\/strong><\/span><\/p><\/div>\n\n\n\n<div class=\"wp-block-stackable-divider stk-block-divider stk--hide-mobile has-text-align-left stk-block stk-dcead3d is-style-bar\" data-block-id=\"dcead3d\"><style>.stk-dcead3d hr.stk-block-divider__hr{background:var(--theme-palette-color-1, #FF6900) !important;border-radius:calc(4px \/ 2) !important;height:4px !important;width:17% !important;}.stk-dcead3d {margin-bottom:15px !important;}<\/style><hr class=\"stk-block-divider__hr\"\/><\/div>\n\n\n\n<div class=\"wp-block-stackable-heading stk-block-heading stk-block-heading--v2 stk-block stk-16ce130\" id=\"strong-condicoes-de-inscricao-strong\" data-block-id=\"16ce130\"><style>.stk-16ce130 {margin-bottom:14px !important;}<\/style><h4 class=\"stk-block-heading__text\"><strong>Condi\u00e7\u00f5es de inscri\u00e7\u00e3o<\/strong><\/h4><\/div>\n\n\n\n<p style=\"font-size:clamp(14px, 0.875rem + ((1vw - 3.2px) * 0.313), 18px);\"><\/p>\n\n\n\n<p style=\"font-size:clamp(14px, 0.875rem + ((1vw - 3.2px) * 0.313), 18px);\"><\/p>\n\n\n\n<ul class=\"wp-block-list\">\n<li style=\"font-size:clamp(14px, 0.875rem + ((1vw - 3.2px) * 0.313), 18px);\"><strong>At\u00e9 31\/07\/2025<\/strong><\/li>\n<\/ul>\n\n\n\n<figure class=\"wp-block-table alignleft is-style-regular\" style=\"font-size:clamp(14px, 0.875rem + ((1vw - 3.2px) * 0.313), 18px);\"><table class=\"has-fixed-layout\" style=\"border-width:1px\"><thead><tr><th class=\"has-text-align-left\" data-align=\"left\"><span style=\"color: var(--theme-palette-color-1, #FF6900);\" class=\"stk-highlight\">Modalidade<\/span><\/th><th class=\"has-text-align-left\" data-align=\"left\"><span style=\"color: var(--theme-palette-color-1, #FF6900);\" class=\"stk-highlight\">Valor<\/span><\/th><\/tr><\/thead><tbody><tr><td class=\"has-text-align-left\" data-align=\"left\"><strong><span style=\"color: #000000c7;\" class=\"stk-highlight\">Geral<\/span><\/strong><\/td><td class=\"has-text-align-left\" data-align=\"left\"><strong><span style=\"color: #000000c7;\" class=\"stk-highlight\">110 \u20ac<\/span><\/strong><\/td><\/tr><tr><td class=\"has-text-align-left\" data-align=\"left\"><strong><span style=\"color: #000000c7;\" class=\"stk-highlight\">Estudantes<\/span><\/strong><\/td><td class=\"has-text-align-left\" data-align=\"left\"><strong><span style=\"color: #000000c7;\" class=\"stk-highlight\">20 \u20ac<\/span><\/strong><\/td><\/tr><tr><td class=\"has-text-align-left\" data-align=\"left\"><strong><span style=\"color: #000000c7;\" class=\"stk-highlight\"> * Estudantes ISCAP \/ P. Porto<\/span><\/strong><\/td><td class=\"has-text-align-left\" data-align=\"left\"><strong><span style=\"color: #000000c7;\" class=\"stk-highlight\">15 \u20ac<\/span><\/strong><\/td><\/tr><tr><td class=\"has-text-align-left\" data-align=\"left\"><strong><span style=\"color: #000000c7;\" class=\"stk-highlight\">Membro da Comiss\u00e3o Cient\u00edfica<\/span><\/strong><\/td><td class=\"has-text-align-left\" data-align=\"left\"><strong><span style=\"color: #000000c7;\" class=\"stk-highlight\">60 \u20ac<\/span><\/strong><\/td><\/tr><\/tbody><\/table><\/figure>\n\n\n\n<div class=\"wp-block-stackable-spacer stk-block-spacer stk--no-padding stk-block stk-bcac0a2\" data-block-id=\"bcac0a2\"><style>.stk-bcac0a2 {height:35px !important;}<\/style><\/div>\n\n\n\n<ul class=\"wp-block-list\">\n<li style=\"font-size:clamp(14px, 0.875rem + ((1vw - 3.2px) * 0.313), 18px);\"><strong>Desde 01\/08\/2025<\/strong> <strong>at\u00e9 30\/09\/2025<\/strong><\/li>\n<\/ul>\n\n\n\n<figure class=\"wp-block-table alignleft is-style-regular\" style=\"font-size:clamp(14px, 0.875rem + ((1vw - 3.2px) * 0.313), 18px);\"><table class=\"has-fixed-layout\" style=\"border-width:1px\"><thead><tr><th class=\"has-text-align-left\" data-align=\"left\"><span style=\"color: var(--theme-palette-color-1, #FF6900);\" class=\"stk-highlight\">Modalidade<\/span><\/th><th class=\"has-text-align-left\" data-align=\"left\"><span style=\"color: var(--theme-palette-color-1, #FF6900);\" class=\"stk-highlight\">Valor<\/span><\/th><\/tr><\/thead><tbody><tr><td class=\"has-text-align-left\" data-align=\"left\"><strong><span style=\"color: #000000c7;\" class=\"stk-highlight\">Geral<\/span><\/strong><\/td><td class=\"has-text-align-left\" data-align=\"left\"><strong><span style=\"color: #000000c7;\" class=\"stk-highlight\">130 \u20ac<\/span><\/strong><\/td><\/tr><tr><td class=\"has-text-align-left\" data-align=\"left\"><strong><span style=\"color: #000000c7;\" class=\"stk-highlight\">Estudantes<\/span><\/strong><\/td><td class=\"has-text-align-left\" data-align=\"left\"><strong><span style=\"color: #000000c7;\" class=\"stk-highlight\">30 \u20ac<\/span><\/strong><\/td><\/tr><tr><td class=\"has-text-align-left\" data-align=\"left\"><strong><span style=\"color: #000000c7;\" class=\"stk-highlight\"> * Estudantes ISCAP \/ P. Porto<\/span><\/strong><\/td><td class=\"has-text-align-left\" data-align=\"left\"><strong><span style=\"color: #000000c7;\" class=\"stk-highlight\">20 \u20ac<\/span><\/strong><\/td><\/tr><tr><td class=\"has-text-align-left\" data-align=\"left\"><strong><span style=\"color: #000000c7;\" class=\"stk-highlight\">Membro da Comiss\u00e3o Cient\u00edfica<\/span><\/strong><\/td><td class=\"has-text-align-left\" data-align=\"left\"><strong><span style=\"color: #000000c7;\" class=\"stk-highlight\">80 \u20ac<\/span><\/strong><\/td><\/tr><\/tbody><\/table><\/figure>\n\n\n\n<div class=\"wp-block-stackable-spacer stk-block-spacer stk--no-padding stk-block stk-3b897ba\" data-block-id=\"3b897ba\"><style>.stk-3b897ba {height:25px !important;}<\/style><\/div>\n\n\n\n<p><\/p>\n\n\n\n<p class=\"has-text-align-left\" style=\"font-size:clamp(14px, 0.875rem + ((1vw - 3.2px) * 0.313), 18px);\"><\/p>\n<\/div><\/div><\/div>\n<\/div><\/div>\n<\/div><\/div><\/div>\n<\/div><\/div>\n<\/div>\n<\/div>\n\n\n\n\n\n<p><\/p>\n","protected":false},"excerpt":{"rendered":"<p>Inscri\u00e7\u00f5es FECHADAS Condi\u00e7\u00f5es de inscri\u00e7\u00e3o Modalidade Valor Geral 110 \u20ac Estudantes 20 \u20ac * Estudantes ISCAP \/ P. Porto 15 \u20ac Membro da Comiss\u00e3o Cient\u00edfica 60 \u20ac Modalidade Valor Geral 130 \u20ac Estudantes 30 \u20ac * Estudantes ISCAP \/ P. Porto 20 \u20ac Membro da Comiss\u00e3o Cient\u00edfica 80 \u20ac<\/p>\n","protected":false},"author":1,"featured_media":0,"parent":0,"menu_order":0,"comment_status":"closed","ping_status":"closed","template":"","meta":{"footnotes":""},"class_list":["post-1902","page","type-page","status-publish","hentry"],"blocksy_meta":[],"yoast_head":"<!-- This site is optimized with the Yoast SEO plugin v27.1.1 - https:\/\/yoast.com\/product\/yoast-seo-wordpress\/ -->\n<title>Inscri\u00e7\u00f5es - XI EDICIC Ib\u00e9rico 2025<\/title>\n<meta name=\"robots\" content=\"index, follow, max-snippet:-1, max-image-preview:large, max-video-preview:-1\" \/>\n<link rel=\"canonical\" href=\"https:\/\/www.iscap.pt\/conferencias\/XI-EDICIC25\/inscricoes\/\" \/>\n<meta property=\"og:locale\" content=\"pt_PT\" \/>\n<meta property=\"og:type\" content=\"article\" \/>\n<meta property=\"og:title\" content=\"Inscri\u00e7\u00f5es - XI EDICIC Ib\u00e9rico 2025\" \/>\n<meta property=\"og:description\" content=\"Inscri\u00e7\u00f5es FECHADAS Condi\u00e7\u00f5es de inscri\u00e7\u00e3o Modalidade Valor Geral 110 \u20ac Estudantes 20 \u20ac * Estudantes ISCAP \/ P. Porto 15 \u20ac Membro da Comiss\u00e3o Cient\u00edfica 60 \u20ac Modalidade Valor Geral 130 \u20ac Estudantes 30 \u20ac * Estudantes ISCAP \/ P. Porto 20 \u20ac Membro da Comiss\u00e3o Cient\u00edfica 80 \u20ac\" \/>\n<meta property=\"og:url\" content=\"https:\/\/www.iscap.pt\/conferencias\/XI-EDICIC25\/inscricoes\/\" \/>\n<meta property=\"og:site_name\" content=\"XI EDICIC Ib\u00e9rico 2025\" \/>\n<meta property=\"article:publisher\" content=\"https:\/\/www.facebook.com\/EdicicOficial\" \/>\n<meta property=\"article:modified_time\" content=\"2025-11-05T12:48:39+00:00\" \/>\n<meta name=\"twitter:card\" content=\"summary_large_image\" \/>\n<meta name=\"twitter:site\" content=\"@EDICIC_OFICIAL\" \/>\n<meta name=\"twitter:label1\" content=\"Est. reading time\" \/>\n\t<meta name=\"twitter:data1\" content=\"1 minuto\" \/>\n<script type=\"application\/ld+json\" class=\"yoast-schema-graph\">{\"@context\":\"https:\/\/schema.org\",\"@graph\":[{\"@type\":\"WebPage\",\"@id\":\"https:\/\/www.iscap.pt\/conferencias\/XI-EDICIC25\/inscricoes\/\",\"url\":\"https:\/\/www.iscap.pt\/conferencias\/XI-EDICIC25\/inscricoes\/\",\"name\":\"Inscri\u00e7\u00f5es - XI EDICIC Ib\u00e9rico 2025\",\"isPartOf\":{\"@id\":\"https:\/\/www.iscap.pt\/conferencias\/XI-EDICIC25\/#website\"},\"datePublished\":\"2025-02-27T15:55:21+00:00\",\"dateModified\":\"2025-11-05T12:48:39+00:00\",\"breadcrumb\":{\"@id\":\"https:\/\/www.iscap.pt\/conferencias\/XI-EDICIC25\/inscricoes\/#breadcrumb\"},\"inLanguage\":\"pt-PT\",\"potentialAction\":[{\"@type\":\"ReadAction\",\"target\":[\"https:\/\/www.iscap.pt\/conferencias\/XI-EDICIC25\/inscricoes\/\"]}]},{\"@type\":\"BreadcrumbList\",\"@id\":\"https:\/\/www.iscap.pt\/conferencias\/XI-EDICIC25\/inscricoes\/#breadcrumb\",\"itemListElement\":[{\"@type\":\"ListItem\",\"position\":1,\"name\":\"In\u00edcio\",\"item\":\"https:\/\/www.iscap.pt\/conferencias\/XI-EDICIC25\/\"},{\"@type\":\"ListItem\",\"position\":2,\"name\":\"Inscri\u00e7\u00f5es\"}]},{\"@type\":\"WebSite\",\"@id\":\"https:\/\/www.iscap.pt\/conferencias\/XI-EDICIC25\/#website\",\"url\":\"https:\/\/www.iscap.pt\/conferencias\/XI-EDICIC25\/\",\"name\":\"XI EDICIC Ib\u00e9rico 2025\",\"description\":\"XI Encontro EDICIC Ib\u00e9rico, P. Porto\/ISCAP, novembro 2025\",\"publisher\":{\"@id\":\"https:\/\/www.iscap.pt\/conferencias\/XI-EDICIC25\/#organization\"},\"potentialAction\":[{\"@type\":\"SearchAction\",\"target\":{\"@type\":\"EntryPoint\",\"urlTemplate\":\"https:\/\/www.iscap.pt\/conferencias\/XI-EDICIC25\/?s={search_term_string}\"},\"query-input\":{\"@type\":\"PropertyValueSpecification\",\"valueRequired\":true,\"valueName\":\"search_term_string\"}}],\"inLanguage\":\"pt-PT\"},{\"@type\":\"Organization\",\"@id\":\"https:\/\/www.iscap.pt\/conferencias\/XI-EDICIC25\/#organization\",\"name\":\"XI EDICIC Ib\u00e9rico 2025\",\"url\":\"https:\/\/www.iscap.pt\/conferencias\/XI-EDICIC25\/\",\"logo\":{\"@type\":\"ImageObject\",\"inLanguage\":\"pt-PT\",\"@id\":\"https:\/\/www.iscap.pt\/conferencias\/XI-EDICIC25\/#\/schema\/logo\/image\/\",\"url\":\"https:\/\/www.iscap.pt\/conferencias\/XI-EDICIC25\/wp-content\/uploads\/2025\/02\/XIEnancib-HOR-1.png\",\"contentUrl\":\"https:\/\/www.iscap.pt\/conferencias\/XI-EDICIC25\/wp-content\/uploads\/2025\/02\/XIEnancib-HOR-1.png\",\"width\":1012,\"height\":314,\"caption\":\"XI EDICIC Ib\u00e9rico 2025\"},\"image\":{\"@id\":\"https:\/\/www.iscap.pt\/conferencias\/XI-EDICIC25\/#\/schema\/logo\/image\/\"},\"sameAs\":[\"https:\/\/www.facebook.com\/EdicicOficial\",\"https:\/\/x.com\/EDICIC_OFICIAL\",\"https:\/\/www.instagram.com\/edicic_oficial\/\",\"https:\/\/www.youtube.com\/channel\/UCUNOuC9ud2za30O6yRJTNQQ\"]}]}<\/script>\n<!-- \/ Yoast SEO plugin. -->","yoast_head_json":{"title":"Inscri\u00e7\u00f5es - XI EDICIC Ib\u00e9rico 2025","robots":{"index":"index","follow":"follow","max-snippet":"max-snippet:-1","max-image-preview":"max-image-preview:large","max-video-preview":"max-video-preview:-1"},"canonical":"https:\/\/www.iscap.pt\/conferencias\/XI-EDICIC25\/inscricoes\/","og_locale":"pt_PT","og_type":"article","og_title":"Inscri\u00e7\u00f5es - XI EDICIC Ib\u00e9rico 2025","og_description":"Inscri\u00e7\u00f5es FECHADAS Condi\u00e7\u00f5es de inscri\u00e7\u00e3o Modalidade Valor Geral 110 \u20ac Estudantes 20 \u20ac * Estudantes ISCAP \/ P. Porto 15 \u20ac Membro da Comiss\u00e3o Cient\u00edfica 60 \u20ac Modalidade Valor Geral 130 \u20ac Estudantes 30 \u20ac * Estudantes ISCAP \/ P. Porto 20 \u20ac Membro da Comiss\u00e3o Cient\u00edfica 80 \u20ac","og_url":"https:\/\/www.iscap.pt\/conferencias\/XI-EDICIC25\/inscricoes\/","og_site_name":"XI EDICIC Ib\u00e9rico 2025","article_publisher":"https:\/\/www.facebook.com\/EdicicOficial","article_modified_time":"2025-11-05T12:48:39+00:00","twitter_card":"summary_large_image","twitter_site":"@EDICIC_OFICIAL","twitter_misc":{"Est. reading time":"1 minuto"},"schema":{"@context":"https:\/\/schema.org","@graph":[{"@type":"WebPage","@id":"https:\/\/www.iscap.pt\/conferencias\/XI-EDICIC25\/inscricoes\/","url":"https:\/\/www.iscap.pt\/conferencias\/XI-EDICIC25\/inscricoes\/","name":"Inscri\u00e7\u00f5es - XI EDICIC Ib\u00e9rico 2025","isPartOf":{"@id":"https:\/\/www.iscap.pt\/conferencias\/XI-EDICIC25\/#website"},"datePublished":"2025-02-27T15:55:21+00:00","dateModified":"2025-11-05T12:48:39+00:00","breadcrumb":{"@id":"https:\/\/www.iscap.pt\/conferencias\/XI-EDICIC25\/inscricoes\/#breadcrumb"},"inLanguage":"pt-PT","potentialAction":[{"@type":"ReadAction","target":["https:\/\/www.iscap.pt\/conferencias\/XI-EDICIC25\/inscricoes\/"]}]},{"@type":"BreadcrumbList","@id":"https:\/\/www.iscap.pt\/conferencias\/XI-EDICIC25\/inscricoes\/#breadcrumb","itemListElement":[{"@type":"ListItem","position":1,"name":"In\u00edcio","item":"https:\/\/www.iscap.pt\/conferencias\/XI-EDICIC25\/"},{"@type":"ListItem","position":2,"name":"Inscri\u00e7\u00f5es"}]},{"@type":"WebSite","@id":"https:\/\/www.iscap.pt\/conferencias\/XI-EDICIC25\/#website","url":"https:\/\/www.iscap.pt\/conferencias\/XI-EDICIC25\/","name":"XI EDICIC Ib\u00e9rico 2025","description":"XI Encontro EDICIC Ib\u00e9rico, P. Porto\/ISCAP, novembro 2025","publisher":{"@id":"https:\/\/www.iscap.pt\/conferencias\/XI-EDICIC25\/#organization"},"potentialAction":[{"@type":"SearchAction","target":{"@type":"EntryPoint","urlTemplate":"https:\/\/www.iscap.pt\/conferencias\/XI-EDICIC25\/?s={search_term_string}"},"query-input":{"@type":"PropertyValueSpecification","valueRequired":true,"valueName":"search_term_string"}}],"inLanguage":"pt-PT"},{"@type":"Organization","@id":"https:\/\/www.iscap.pt\/conferencias\/XI-EDICIC25\/#organization","name":"XI EDICIC Ib\u00e9rico 2025","url":"https:\/\/www.iscap.pt\/conferencias\/XI-EDICIC25\/","logo":{"@type":"ImageObject","inLanguage":"pt-PT","@id":"https:\/\/www.iscap.pt\/conferencias\/XI-EDICIC25\/#\/schema\/logo\/image\/","url":"https:\/\/www.iscap.pt\/conferencias\/XI-EDICIC25\/wp-content\/uploads\/2025\/02\/XIEnancib-HOR-1.png","contentUrl":"https:\/\/www.iscap.pt\/conferencias\/XI-EDICIC25\/wp-content\/uploads\/2025\/02\/XIEnancib-HOR-1.png","width":1012,"height":314,"caption":"XI EDICIC Ib\u00e9rico 2025"},"image":{"@id":"https:\/\/www.iscap.pt\/conferencias\/XI-EDICIC25\/#\/schema\/logo\/image\/"},"sameAs":["https:\/\/www.facebook.com\/EdicicOficial","https:\/\/x.com\/EDICIC_OFICIAL","https:\/\/www.instagram.com\/edicic_oficial\/","https:\/\/www.youtube.com\/channel\/UCUNOuC9ud2za30O6yRJTNQQ"]}]}},"_links":{"self":[{"href":"https:\/\/www.iscap.pt\/conferencias\/XI-EDICIC25\/wp-json\/wp\/v2\/pages\/1902","targetHints":{"allow":["GET"]}}],"collection":[{"href":"https:\/\/www.iscap.pt\/conferencias\/XI-EDICIC25\/wp-json\/wp\/v2\/pages"}],"about":[{"href":"https:\/\/www.iscap.pt\/conferencias\/XI-EDICIC25\/wp-json\/wp\/v2\/types\/page"}],"author":[{"embeddable":true,"href":"https:\/\/www.iscap.pt\/conferencias\/XI-EDICIC25\/wp-json\/wp\/v2\/users\/1"}],"replies":[{"embeddable":true,"href":"https:\/\/www.iscap.pt\/conferencias\/XI-EDICIC25\/wp-json\/wp\/v2\/comments?post=1902"}],"version-history":[{"count":66,"href":"https:\/\/www.iscap.pt\/conferencias\/XI-EDICIC25\/wp-json\/wp\/v2\/pages\/1902\/revisions"}],"predecessor-version":[{"id":3447,"href":"https:\/\/www.iscap.pt\/conferencias\/XI-EDICIC25\/wp-json\/wp\/v2\/pages\/1902\/revisions\/3447"}],"wp:attachment":[{"href":"https:\/\/www.iscap.pt\/conferencias\/XI-EDICIC25\/wp-json\/wp\/v2\/media?parent=1902"}],"curies":[{"name":"wp","href":"https:\/\/api.w.org\/{rel}","templated":true}]}}