{"id":2144,"date":"2025-03-10T00:38:38","date_gmt":"2025-03-10T00:38:38","guid":{"rendered":"https:\/\/www.iscap.pt\/conferencias\/XI-EDICIC25\/?page_id=2144"},"modified":"2025-11-04T22:54:18","modified_gmt":"2025-11-04T22:54:18","slug":"envios","status":"publish","type":"page","link":"https:\/\/www.iscap.pt\/conferencias\/XI-EDICIC25\/es\/envios\/","title":{"rendered":"Env\u00edos"},"content":{"rendered":"\n<div class=\"wp-block-stackable-spacer stk-block-spacer stk--no-padding stk-block stk-003b996 stk-block-background\" data-block-id=\"003b996\"><style>.stk-003b996 {height:36px !important;background-color:var(--theme-palette-color-5, #edeff2) !important;}.stk-003b996:before{background-color:var(--theme-palette-color-5, #edeff2) !important;}<\/style><\/div>\n\n\n\n<div class=\"wp-block-file aligncenter has-palette-color-5-background-color has-background\"><a id=\"wp-block-file--media-44630c6a-4596-4b0f-a0f1-6d174e17b171\" href=\"https:\/\/www.iscap.pt\/conferencias\/XI-EDICIC25\/wp-content\/uploads\/2025\/09\/Template-XI-EDICIC_Presentacion-ES-1.pptx\" target=\"_blank\" rel=\"noreferrer noopener\"><strong><span style=\"color: var(--theme-palette-color-1, #FF6900);\" class=\"stk-highlight\">PLANTILLA PARA PRESENTACI\u00d3N DE TRABAJOS &#8211; ES<\/span><\/strong><\/a><a href=\"https:\/\/www.iscap.pt\/conferencias\/XI-EDICIC25\/wp-content\/uploads\/2025\/09\/Template-XI-EDICIC_Presentacion-ES-1.pptx\" class=\"wp-block-file__button wp-element-button\" download aria-describedby=\"wp-block-file--media-44630c6a-4596-4b0f-a0f1-6d174e17b171\">Descargar<\/a><\/div>\n\n\n\n<div class=\"wp-block-file aligncenter has-palette-color-5-background-color has-background\"><a id=\"wp-block-file--media-f6a7fcd6-88e1-4e1c-b9c2-4a3ee42024c8\" href=\"https:\/\/www.iscap.pt\/conferencias\/XI-EDICIC25\/wp-content\/uploads\/2025\/11\/Template_cartazposter-XIEDICIC-4.pptx\" target=\"_blank\" rel=\"noreferrer noopener\">Template_cartazposter-XIEDICIC<\/a><a href=\"https:\/\/www.iscap.pt\/conferencias\/XI-EDICIC25\/wp-content\/uploads\/2025\/11\/Template_cartazposter-XIEDICIC-4.pptx\" class=\"wp-block-file__button wp-element-button\" download aria-describedby=\"wp-block-file--media-f6a7fcd6-88e1-4e1c-b9c2-4a3ee42024c8\">Descargar<\/a><\/div>\n\n\n\n<figure class=\"wp-block-image aligncenter size-full is-resized\"><img loading=\"lazy\" decoding=\"async\" width=\"1080\" height=\"1080\" src=\"https:\/\/www.iscap.pt\/conferencias\/XI-EDICIC25\/wp-content\/uploads\/2025\/07\/NUEVAS-FECHAS-1.png\" alt=\"\" class=\"wp-image-3169\" style=\"width:530px;height:auto\" srcset=\"https:\/\/www.iscap.pt\/conferencias\/XI-EDICIC25\/wp-content\/uploads\/2025\/07\/NUEVAS-FECHAS-1.png 1080w, https:\/\/www.iscap.pt\/conferencias\/XI-EDICIC25\/wp-content\/uploads\/2025\/07\/NUEVAS-FECHAS-1-300x300.png 300w, https:\/\/www.iscap.pt\/conferencias\/XI-EDICIC25\/wp-content\/uploads\/2025\/07\/NUEVAS-FECHAS-1-1024x1024.png 1024w, https:\/\/www.iscap.pt\/conferencias\/XI-EDICIC25\/wp-content\/uploads\/2025\/07\/NUEVAS-FECHAS-1-150x150.png 150w, https:\/\/www.iscap.pt\/conferencias\/XI-EDICIC25\/wp-content\/uploads\/2025\/07\/NUEVAS-FECHAS-1-768x768.png 768w\" sizes=\"auto, (max-width: 1080px) 100vw, 1080px\" \/><\/figure>\n\n\n\n<div class=\"wp-block-stackable-spacer stk-block-spacer stk--no-padding stk-block stk-7cb6eae\" data-block-id=\"7cb6eae\"><style>.stk-7cb6eae {height:25px !important;}<\/style><\/div>\n\n\n\n<blockquote class=\"wp-block-quote is-layout-flow wp-block-quote-is-layout-flow\">\n<p class=\"has-palette-color-5-background-color has-background has-medium-font-size\"><strong><span style=\"color: var(--theme-palette-color-1, #FF6900);\" class=\"stk-highlight\">IMPORTANTE:<\/span><\/strong>&nbsp;<strong><span style=\"color: var(--theme-palette-color-4, #111518);\" class=\"stk-highlight\">Para presentar el trabajo en el XI Encuentro EDICIC Ib\u00e9rico es obligatorio<\/span><\/strong> <strong><span style=\"color: var(--theme-palette-color-1, #FF6900);\" class=\"stk-highlight\">enviar el texto completo<\/span><\/strong>, <strong><span style=\"color: var(--theme-palette-color-4, #111518);\" class=\"stk-highlight\">con las modificaciones indicadas por los evaluadores<\/span><\/strong>, <span style=\"color: #ee0a0a;\" class=\"stk-highlight\"><strong>hasta el 28\/07\/2025<\/strong><\/span>, realizando <strong><span style=\"color: #ed0a0a;\" class=\"stk-highlight\">un nuevo env\u00edo<\/span><\/strong><span style=\"color: var(--theme-palette-color-1, #FF6900);\" class=\"stk-highlight\"><strong> <\/strong><\/span><span style=\"color: var(--theme-palette-color-4, #111518);\" class=\"stk-highlight\"><strong><a href=\"https:\/\/ocs.edicic.org\/XI_EDICIC_Iberico\/index\" target=\"_blank\" rel=\"noreferrer noopener\">en la plataforma de env\u00edos<\/a><\/strong>,<a href=\"https:\/\/ocs.edicic.org\/XI_EDICIC_Iberico\/index\" target=\"_blank\" rel=\"noreferrer noopener\"><strong> AQU<\/strong><\/a><\/span><span style=\"color: var(--theme-palette-color-1, #FF6900);\" class=\"stk-highlight\"><a href=\"https:\/\/ocs.edicic.org\/XI_EDICIC_Iberico\/index\" target=\"_blank\" rel=\"noreferrer noopener\"><strong>\u00cd<\/strong><\/a><\/span><\/p>\n\n\n\n<p class=\"has-medium-font-size\"><\/p>\n<\/blockquote>\n\n\n\n<div class=\"wp-block-stackable-spacer stk-block-spacer stk--no-padding stk-block stk-f223d8e\" data-block-id=\"f223d8e\"><style>.stk-f223d8e {height:15px !important;}<\/style><\/div>\n\n\n\n<div class=\"wp-block-stackable-heading stk-block-heading stk-block-heading--v2 stk-block stk-41f6f5a\" id=\"envios\" data-block-id=\"41f6f5a\"><style>.stk-41f6f5a {margin-bottom:16px !important;}.stk-41f6f5a .stk-block-heading__text{line-height:1.2em !important;}<\/style><h2 class=\"stk-block-heading__text has-text-align-center\">Env\u00edos<\/h2><\/div>\n\n\n\n<div class=\"wp-block-stackable-text stk-block-text stk-block stk-8e78d5e\" data-block-id=\"8e78d5e\"><style>.stk-8e78d5e {margin-bottom:0px !important;}.stk-8e78d5e .stk-block-text__text{text-shadow:none !important;}<\/style><p class=\"stk-block-text__text has-text-align-center\">El registro en el sistema y el posterior acceso, mediante un nombre de usuario y una contrase\u00f1a, son obligatorios para enviar trabajos y para supervisar el proceso editorial en curso. <a href=\"https:\/\/ocs.edicic.org\/XI_EDICIC_Iberico\/login\">Acceda a<\/a> una cuenta existente o <a href=\"https:\/\/ocs.edicic.org\/XI_EDICIC_Iberico\/user\/register\">Registre<\/a> una cuenta nueva.<\/p><\/div>\n\n\n\n<p><\/p>\n\n\n\n<div class=\"wp-block-stackable-heading stk-block-heading stk-block-heading--v2 stk-block stk-026b2e5\" id=\"condiciones-de-envio\" data-block-id=\"026b2e5\"><style>.stk-026b2e5 {margin-bottom:0px !important;}.stk-026b2e5 .stk-block-heading__text{line-height:1.2em !important;}<\/style><h2 class=\"stk-block-heading__text has-text-align-center\">Condiciones de env\u00edo<\/h2><\/div>\n\n\n\n<p><\/p>\n\n\n\n<p class=\"has-text-align-center\"><strong>Evaluaci\u00f3n de los trabajos:<\/strong><\/p>\n\n\n\n<p class=\"has-text-align-center\">Los trabajos son evaluados por dos evaluadores&nbsp;<em>ad hoc<\/em>&nbsp;(<em>double blind&nbsp;review<\/em>)<em>,<\/em>&nbsp;designados por el Comit\u00e9&nbsp;Cient\u00edfico del Evento que, a su vez, despu\u00e9s de la evaluaci\u00f3n pueden aceptar o no la ponencia para su exposici\u00f3n y posterior publicaci\u00f3n.<\/p>\n\n\n\n<p><\/p>\n\n\n\n<div class=\"wp-block-stackable-text stk-block-text stk-block stk-32d69ca\" data-block-id=\"32d69ca\"><style>.stk-32d69ca {margin-bottom:0px !important;}<\/style><p class=\"stk-block-text__text has-text-align-center\">Como parte del proceso de env\u00edo, los autores deben comprobar que su env\u00edo cumple todos los puntos enumerados en la <a href=\"https:\/\/ocs.edicic.org\/XI_EDICIC_Iberico\/about\/submissions\">plataforma de env\u00edo<\/a>. Los env\u00edos que no cumplan las normas ser\u00e1n devueltos a los autores.<\/p><\/div>\n\n\n\n<div class=\"wp-block-stackable-spacer stk-block-spacer stk--no-padding stk-block stk-8716a57\" data-block-id=\"8716a57\"><style>.stk-8716a57 {height:75px !important;}@media screen and (max-width:999px){.stk-8716a57 {height:80px !important;}}<\/style><\/div>\n\n\n\n<div class=\"wp-block-stackable-heading stk-block-heading stk-block-heading--v2 stk-block stk-2e666bd\" id=\"em-plantilla-em-de-envio\" data-block-id=\"2e666bd\"><style>.stk-2e666bd {margin-bottom:0px !important;}.stk-2e666bd .stk-block-heading__text{line-height:1.2em !important;}<\/style><h2 class=\"stk-block-heading__text has-text-align-center\"><em>Plantilla <\/em>de env\u00edo<\/h2><\/div>\n\n\n\n<div class=\"wp-block-stackable-text stk-block-text stk-block stk-6c50d73\" data-block-id=\"6c50d73\"><style>.stk-6c50d73 {margin-bottom:0px !important;}<\/style><p class=\"stk-block-text__text has-text-align-center\"><em>Modelo de<\/em> presentaci\u00f3n en espa\u00f1ol (Formato&nbsp;<a href=\"https:\/\/www.iscap.pt\/conferencias\/XI-EDICIC25\/wp-content\/uploads\/2025\/04\/Plantilla_Resumen_X_Encontro_EDICIC_Iberico-1-1_atualizado03.04.25.docx\" target=\"_blank\" rel=\"noreferrer noopener\">.DOCX<\/a>) (Formato&nbsp;<a href=\"https:\/\/www.iscap.pt\/conferencias\/XI-EDICIC25\/wp-content\/uploads\/2025\/04\/Plantilla_Resumen_X_Encontro_EDICIC_Iberico-1-1_atualizado03.04.25.pdf\" target=\"_blank\" rel=\"noreferrer noopener\">.PDF<\/a>)<\/p><\/div>\n\n\n\n<div class=\"wp-block-stackable-spacer stk-block-spacer stk--no-padding stk-block stk-07c2568\" data-block-id=\"07c2568\"><style>.stk-07c2568 {height:25px !important;}@media screen and (max-width:999px){.stk-07c2568 {height:80px !important;}}<\/style><\/div>\n\n\n\n<p><strong>Para m\u00e1s informaci\u00f3n, consulte la p\u00e1gina<\/strong> \u00ab<a href=\"https:\/\/www.iscap.pt\/conferencias\/XI-EDICIC25\/es\/instrucciones-para-autores\/\"><strong>Instrucciones para Autores<\/strong><\/a>\u00bb.<\/p>\n\n\n\n<div class=\"wp-block-stackable-heading aligncenter stk-block-heading stk-block-heading--v2 stk-block stk-c19c7a9\" id=\"plantilla-para-presentacion-de-trabajos-span-style-color-var-theme-palette-color-1-ff-6900-class-stk-highlight-ppt-span\" data-block-id=\"c19c7a9\"><h2 class=\"stk-block-heading__text\">Plantilla para presentaci\u00f3n de trabajos <span style=\"color: var(--theme-palette-color-1, #FF6900);\" class=\"stk-highlight\">(PPT)<\/span><\/h2><\/div>\n\n\n\n<div class=\"wp-block-stackable-spacer stk-block-spacer stk--no-padding stk-block stk-44e2b22 stk-block-background\" data-block-id=\"44e2b22\"><style>.stk-44e2b22 {height:35px !important;background-color:var(--theme-palette-color-5, #edeff2) !important;}.stk-44e2b22:before{background-color:var(--theme-palette-color-5, #edeff2) !important;}<\/style><\/div>\n\n\n\n<div class=\"wp-block-file aligncenter has-palette-color-5-background-color has-background\"><a id=\"wp-block-file--media-f8ea966b-ca2d-4f0a-9320-da525b58bec0\" href=\"https:\/\/www.iscap.pt\/conferencias\/XI-EDICIC25\/wp-content\/uploads\/2025\/09\/Template-XI-EDICIC_Presentacion-ES-2.pptx\" target=\"_blank\" rel=\"noreferrer noopener\"><strong><span style=\"color: var(--theme-palette-color-1, #FF6900);\" class=\"stk-highlight\">PLANTILLA PARA PRESENTACI\u00d3N DE TRABAJOS &#8211; ES<\/span><\/strong><\/a><a href=\"https:\/\/www.iscap.pt\/conferencias\/XI-EDICIC25\/wp-content\/uploads\/2025\/09\/Template-XI-EDICIC_Presentacion-ES-2.pptx\" class=\"wp-block-file__button wp-element-button\" download aria-describedby=\"wp-block-file--media-f8ea966b-ca2d-4f0a-9320-da525b58bec0\">Descargar<\/a><\/div>\n\n\n\n<div class=\"wp-block-stackable-spacer stk-block-spacer stk--no-padding stk-block stk-d3f6c46\" data-block-id=\"d3f6c46\"><\/div>\n","protected":false},"excerpt":{"rendered":"<p>IMPORTANTE:&nbsp;Para presentar el trabajo en el XI Encuentro EDICIC Ib\u00e9rico es obligatorio enviar el texto completo, con las modificaciones indicadas por los evaluadores, hasta el 28\/07\/2025, realizando un nuevo env\u00edo en la plataforma de env\u00edos, AQU\u00cd Env\u00edos El registro en el sistema y el posterior acceso, mediante un nombre de usuario y una contrase\u00f1a, son [&hellip;]<\/p>\n","protected":false},"author":1,"featured_media":1547,"parent":0,"menu_order":0,"comment_status":"closed","ping_status":"closed","template":"","meta":{"footnotes":""},"class_list":["post-2144","page","type-page","status-publish","has-post-thumbnail","hentry"],"blocksy_meta":{"styles_descriptor":{"styles":{"desktop":"","tablet":"","mobile":""},"google_fonts":[],"version":6}},"yoast_head":"<!-- This site is optimized with the Yoast SEO plugin v27.1.1 - https:\/\/yoast.com\/product\/yoast-seo-wordpress\/ -->\n<title>Env\u00edos - XI EDICIC Ib\u00e9rico 2025<\/title>\n<meta name=\"robots\" content=\"index, follow, max-snippet:-1, max-image-preview:large, max-video-preview:-1\" \/>\n<link rel=\"canonical\" href=\"https:\/\/www.iscap.pt\/conferencias\/XI-EDICIC25\/es\/envios\/\" \/>\n<meta property=\"og:locale\" content=\"pt_PT\" \/>\n<meta property=\"og:type\" content=\"article\" \/>\n<meta property=\"og:title\" content=\"Env\u00edos - XI EDICIC Ib\u00e9rico 2025\" \/>\n<meta property=\"og:description\" content=\"IMPORTANTE:&nbsp;Para presentar el trabajo en el XI Encuentro EDICIC Ib\u00e9rico es obligatorio enviar el texto completo, con las modificaciones indicadas por los evaluadores, hasta el 28\/07\/2025, realizando un nuevo env\u00edo en la plataforma de env\u00edos, AQU\u00cd Env\u00edos El registro en el sistema y el posterior acceso, mediante un nombre de usuario y una contrase\u00f1a, son [&hellip;]\" \/>\n<meta property=\"og:url\" content=\"https:\/\/www.iscap.pt\/conferencias\/XI-EDICIC25\/es\/envios\/\" \/>\n<meta property=\"og:site_name\" content=\"XI EDICIC Ib\u00e9rico 2025\" \/>\n<meta property=\"article:publisher\" content=\"https:\/\/www.facebook.com\/EdicicOficial\" \/>\n<meta property=\"article:modified_time\" content=\"2025-11-04T22:54:18+00:00\" \/>\n<meta property=\"og:image\" content=\"https:\/\/www.iscap.pt\/conferencias\/XI-EDICIC25\/wp-content\/uploads\/2025\/02\/aperture-vintage-ELUPiavf5aU-unsplash.jpg\" \/>\n\t<meta property=\"og:image:width\" content=\"2400\" \/>\n\t<meta property=\"og:image:height\" content=\"1600\" \/>\n\t<meta property=\"og:image:type\" content=\"image\/jpeg\" \/>\n<meta name=\"twitter:card\" content=\"summary_large_image\" \/>\n<meta name=\"twitter:site\" content=\"@EDICIC_OFICIAL\" \/>\n<meta name=\"twitter:label1\" content=\"Est. reading time\" \/>\n\t<meta name=\"twitter:data1\" content=\"2 minutos\" \/>\n<script type=\"application\/ld+json\" class=\"yoast-schema-graph\">{\"@context\":\"https:\/\/schema.org\",\"@graph\":[{\"@type\":\"WebPage\",\"@id\":\"https:\/\/www.iscap.pt\/conferencias\/XI-EDICIC25\/es\/envios\/\",\"url\":\"https:\/\/www.iscap.pt\/conferencias\/XI-EDICIC25\/es\/envios\/\",\"name\":\"Env\u00edos - XI EDICIC Ib\u00e9rico 2025\",\"isPartOf\":{\"@id\":\"https:\/\/www.iscap.pt\/conferencias\/XI-EDICIC25\/#website\"},\"primaryImageOfPage\":{\"@id\":\"https:\/\/www.iscap.pt\/conferencias\/XI-EDICIC25\/es\/envios\/#primaryimage\"},\"image\":{\"@id\":\"https:\/\/www.iscap.pt\/conferencias\/XI-EDICIC25\/es\/envios\/#primaryimage\"},\"thumbnailUrl\":\"https:\/\/www.iscap.pt\/conferencias\/XI-EDICIC25\/wp-content\/uploads\/2025\/02\/aperture-vintage-ELUPiavf5aU-unsplash.jpg\",\"datePublished\":\"2025-03-10T00:38:38+00:00\",\"dateModified\":\"2025-11-04T22:54:18+00:00\",\"breadcrumb\":{\"@id\":\"https:\/\/www.iscap.pt\/conferencias\/XI-EDICIC25\/es\/envios\/#breadcrumb\"},\"inLanguage\":\"pt-PT\",\"potentialAction\":[{\"@type\":\"ReadAction\",\"target\":[\"https:\/\/www.iscap.pt\/conferencias\/XI-EDICIC25\/es\/envios\/\"]}]},{\"@type\":\"ImageObject\",\"inLanguage\":\"pt-PT\",\"@id\":\"https:\/\/www.iscap.pt\/conferencias\/XI-EDICIC25\/es\/envios\/#primaryimage\",\"url\":\"https:\/\/www.iscap.pt\/conferencias\/XI-EDICIC25\/wp-content\/uploads\/2025\/02\/aperture-vintage-ELUPiavf5aU-unsplash.jpg\",\"contentUrl\":\"https:\/\/www.iscap.pt\/conferencias\/XI-EDICIC25\/wp-content\/uploads\/2025\/02\/aperture-vintage-ELUPiavf5aU-unsplash.jpg\",\"width\":2400,\"height\":1600,\"caption\":\"XI EDICIC Ib\u00e9rico\"},{\"@type\":\"BreadcrumbList\",\"@id\":\"https:\/\/www.iscap.pt\/conferencias\/XI-EDICIC25\/es\/envios\/#breadcrumb\",\"itemListElement\":[{\"@type\":\"ListItem\",\"position\":1,\"name\":\"In\u00edcio\",\"item\":\"https:\/\/www.iscap.pt\/conferencias\/XI-EDICIC25\/\"},{\"@type\":\"ListItem\",\"position\":2,\"name\":\"Env\u00edos\"}]},{\"@type\":\"WebSite\",\"@id\":\"https:\/\/www.iscap.pt\/conferencias\/XI-EDICIC25\/#website\",\"url\":\"https:\/\/www.iscap.pt\/conferencias\/XI-EDICIC25\/\",\"name\":\"XI EDICIC Ib\u00e9rico 2025\",\"description\":\"XI Encontro EDICIC Ib\u00e9rico, P. Porto\/ISCAP, novembro 2025\",\"publisher\":{\"@id\":\"https:\/\/www.iscap.pt\/conferencias\/XI-EDICIC25\/#organization\"},\"potentialAction\":[{\"@type\":\"SearchAction\",\"target\":{\"@type\":\"EntryPoint\",\"urlTemplate\":\"https:\/\/www.iscap.pt\/conferencias\/XI-EDICIC25\/?s={search_term_string}\"},\"query-input\":{\"@type\":\"PropertyValueSpecification\",\"valueRequired\":true,\"valueName\":\"search_term_string\"}}],\"inLanguage\":\"pt-PT\"},{\"@type\":\"Organization\",\"@id\":\"https:\/\/www.iscap.pt\/conferencias\/XI-EDICIC25\/#organization\",\"name\":\"XI EDICIC Ib\u00e9rico 2025\",\"url\":\"https:\/\/www.iscap.pt\/conferencias\/XI-EDICIC25\/\",\"logo\":{\"@type\":\"ImageObject\",\"inLanguage\":\"pt-PT\",\"@id\":\"https:\/\/www.iscap.pt\/conferencias\/XI-EDICIC25\/#\/schema\/logo\/image\/\",\"url\":\"https:\/\/www.iscap.pt\/conferencias\/XI-EDICIC25\/wp-content\/uploads\/2025\/02\/XIEnancib-HOR-1.png\",\"contentUrl\":\"https:\/\/www.iscap.pt\/conferencias\/XI-EDICIC25\/wp-content\/uploads\/2025\/02\/XIEnancib-HOR-1.png\",\"width\":1012,\"height\":314,\"caption\":\"XI EDICIC Ib\u00e9rico 2025\"},\"image\":{\"@id\":\"https:\/\/www.iscap.pt\/conferencias\/XI-EDICIC25\/#\/schema\/logo\/image\/\"},\"sameAs\":[\"https:\/\/www.facebook.com\/EdicicOficial\",\"https:\/\/x.com\/EDICIC_OFICIAL\",\"https:\/\/www.instagram.com\/edicic_oficial\/\",\"https:\/\/www.youtube.com\/channel\/UCUNOuC9ud2za30O6yRJTNQQ\"]}]}<\/script>\n<!-- \/ Yoast SEO plugin. -->","yoast_head_json":{"title":"Env\u00edos - XI EDICIC Ib\u00e9rico 2025","robots":{"index":"index","follow":"follow","max-snippet":"max-snippet:-1","max-image-preview":"max-image-preview:large","max-video-preview":"max-video-preview:-1"},"canonical":"https:\/\/www.iscap.pt\/conferencias\/XI-EDICIC25\/es\/envios\/","og_locale":"pt_PT","og_type":"article","og_title":"Env\u00edos - XI EDICIC Ib\u00e9rico 2025","og_description":"IMPORTANTE:&nbsp;Para presentar el trabajo en el XI Encuentro EDICIC Ib\u00e9rico es obligatorio enviar el texto completo, con las modificaciones indicadas por los evaluadores, hasta el 28\/07\/2025, realizando un nuevo env\u00edo en la plataforma de env\u00edos, AQU\u00cd Env\u00edos El registro en el sistema y el posterior acceso, mediante un nombre de usuario y una contrase\u00f1a, son [&hellip;]","og_url":"https:\/\/www.iscap.pt\/conferencias\/XI-EDICIC25\/es\/envios\/","og_site_name":"XI EDICIC Ib\u00e9rico 2025","article_publisher":"https:\/\/www.facebook.com\/EdicicOficial","article_modified_time":"2025-11-04T22:54:18+00:00","og_image":[{"width":2400,"height":1600,"url":"https:\/\/www.iscap.pt\/conferencias\/XI-EDICIC25\/wp-content\/uploads\/2025\/02\/aperture-vintage-ELUPiavf5aU-unsplash.jpg","type":"image\/jpeg"}],"twitter_card":"summary_large_image","twitter_site":"@EDICIC_OFICIAL","twitter_misc":{"Est. reading time":"2 minutos"},"schema":{"@context":"https:\/\/schema.org","@graph":[{"@type":"WebPage","@id":"https:\/\/www.iscap.pt\/conferencias\/XI-EDICIC25\/es\/envios\/","url":"https:\/\/www.iscap.pt\/conferencias\/XI-EDICIC25\/es\/envios\/","name":"Env\u00edos - XI EDICIC Ib\u00e9rico 2025","isPartOf":{"@id":"https:\/\/www.iscap.pt\/conferencias\/XI-EDICIC25\/#website"},"primaryImageOfPage":{"@id":"https:\/\/www.iscap.pt\/conferencias\/XI-EDICIC25\/es\/envios\/#primaryimage"},"image":{"@id":"https:\/\/www.iscap.pt\/conferencias\/XI-EDICIC25\/es\/envios\/#primaryimage"},"thumbnailUrl":"https:\/\/www.iscap.pt\/conferencias\/XI-EDICIC25\/wp-content\/uploads\/2025\/02\/aperture-vintage-ELUPiavf5aU-unsplash.jpg","datePublished":"2025-03-10T00:38:38+00:00","dateModified":"2025-11-04T22:54:18+00:00","breadcrumb":{"@id":"https:\/\/www.iscap.pt\/conferencias\/XI-EDICIC25\/es\/envios\/#breadcrumb"},"inLanguage":"pt-PT","potentialAction":[{"@type":"ReadAction","target":["https:\/\/www.iscap.pt\/conferencias\/XI-EDICIC25\/es\/envios\/"]}]},{"@type":"ImageObject","inLanguage":"pt-PT","@id":"https:\/\/www.iscap.pt\/conferencias\/XI-EDICIC25\/es\/envios\/#primaryimage","url":"https:\/\/www.iscap.pt\/conferencias\/XI-EDICIC25\/wp-content\/uploads\/2025\/02\/aperture-vintage-ELUPiavf5aU-unsplash.jpg","contentUrl":"https:\/\/www.iscap.pt\/conferencias\/XI-EDICIC25\/wp-content\/uploads\/2025\/02\/aperture-vintage-ELUPiavf5aU-unsplash.jpg","width":2400,"height":1600,"caption":"XI EDICIC Ib\u00e9rico"},{"@type":"BreadcrumbList","@id":"https:\/\/www.iscap.pt\/conferencias\/XI-EDICIC25\/es\/envios\/#breadcrumb","itemListElement":[{"@type":"ListItem","position":1,"name":"In\u00edcio","item":"https:\/\/www.iscap.pt\/conferencias\/XI-EDICIC25\/"},{"@type":"ListItem","position":2,"name":"Env\u00edos"}]},{"@type":"WebSite","@id":"https:\/\/www.iscap.pt\/conferencias\/XI-EDICIC25\/#website","url":"https:\/\/www.iscap.pt\/conferencias\/XI-EDICIC25\/","name":"XI EDICIC Ib\u00e9rico 2025","description":"XI Encontro EDICIC Ib\u00e9rico, P. Porto\/ISCAP, novembro 2025","publisher":{"@id":"https:\/\/www.iscap.pt\/conferencias\/XI-EDICIC25\/#organization"},"potentialAction":[{"@type":"SearchAction","target":{"@type":"EntryPoint","urlTemplate":"https:\/\/www.iscap.pt\/conferencias\/XI-EDICIC25\/?s={search_term_string}"},"query-input":{"@type":"PropertyValueSpecification","valueRequired":true,"valueName":"search_term_string"}}],"inLanguage":"pt-PT"},{"@type":"Organization","@id":"https:\/\/www.iscap.pt\/conferencias\/XI-EDICIC25\/#organization","name":"XI EDICIC Ib\u00e9rico 2025","url":"https:\/\/www.iscap.pt\/conferencias\/XI-EDICIC25\/","logo":{"@type":"ImageObject","inLanguage":"pt-PT","@id":"https:\/\/www.iscap.pt\/conferencias\/XI-EDICIC25\/#\/schema\/logo\/image\/","url":"https:\/\/www.iscap.pt\/conferencias\/XI-EDICIC25\/wp-content\/uploads\/2025\/02\/XIEnancib-HOR-1.png","contentUrl":"https:\/\/www.iscap.pt\/conferencias\/XI-EDICIC25\/wp-content\/uploads\/2025\/02\/XIEnancib-HOR-1.png","width":1012,"height":314,"caption":"XI EDICIC Ib\u00e9rico 2025"},"image":{"@id":"https:\/\/www.iscap.pt\/conferencias\/XI-EDICIC25\/#\/schema\/logo\/image\/"},"sameAs":["https:\/\/www.facebook.com\/EdicicOficial","https:\/\/x.com\/EDICIC_OFICIAL","https:\/\/www.instagram.com\/edicic_oficial\/","https:\/\/www.youtube.com\/channel\/UCUNOuC9ud2za30O6yRJTNQQ"]}]}},"_links":{"self":[{"href":"https:\/\/www.iscap.pt\/conferencias\/XI-EDICIC25\/wp-json\/wp\/v2\/pages\/2144","targetHints":{"allow":["GET"]}}],"collection":[{"href":"https:\/\/www.iscap.pt\/conferencias\/XI-EDICIC25\/wp-json\/wp\/v2\/pages"}],"about":[{"href":"https:\/\/www.iscap.pt\/conferencias\/XI-EDICIC25\/wp-json\/wp\/v2\/types\/page"}],"author":[{"embeddable":true,"href":"https:\/\/www.iscap.pt\/conferencias\/XI-EDICIC25\/wp-json\/wp\/v2\/users\/1"}],"replies":[{"embeddable":true,"href":"https:\/\/www.iscap.pt\/conferencias\/XI-EDICIC25\/wp-json\/wp\/v2\/comments?post=2144"}],"version-history":[{"count":38,"href":"https:\/\/www.iscap.pt\/conferencias\/XI-EDICIC25\/wp-json\/wp\/v2\/pages\/2144\/revisions"}],"predecessor-version":[{"id":3434,"href":"https:\/\/www.iscap.pt\/conferencias\/XI-EDICIC25\/wp-json\/wp\/v2\/pages\/2144\/revisions\/3434"}],"wp:featuredmedia":[{"embeddable":true,"href":"https:\/\/www.iscap.pt\/conferencias\/XI-EDICIC25\/wp-json\/wp\/v2\/media\/1547"}],"wp:attachment":[{"href":"https:\/\/www.iscap.pt\/conferencias\/XI-EDICIC25\/wp-json\/wp\/v2\/media?parent=2144"}],"curies":[{"name":"wp","href":"https:\/\/api.w.org\/{rel}","templated":true}]}}