{"id":575,"date":"2020-06-12T15:43:30","date_gmt":"2020-06-12T15:43:30","guid":{"rendered":"https:\/\/startersites.io\/blocksy\/charity\/?page_id=3"},"modified":"2025-03-10T15:21:56","modified_gmt":"2025-03-10T15:21:56","slug":"politica-de-privacidade","status":"publish","type":"page","link":"https:\/\/www.iscap.pt\/conferencias\/XI-EDICIC25\/politica-de-privacidade\/","title":{"rendered":"Pol\u00edtica de Privacidade"},"content":{"rendered":"\n<div style=\"height:50px\" aria-hidden=\"true\" class=\"wp-block-spacer\"><\/div>\n\n\n\n<p class=\"has-palette-color-4-color has-text-color has-link-color wp-elements-9824ed7a253528dc3cf7c456868af8c1\">A comiss\u00e3o organizadora do <strong>XI Encontro EDICIC Ib\u00e9rico<\/strong> \u00e9 a entidade respons\u00e1vel por esta pol\u00edtica de privacidade e, deste modo, pela recolha e tratamento dos dados pessoais e curriculares, que no \u00e2mbito deste evento, e de acordo com as submiss\u00f5es e inscri\u00e7\u00f5es realizadas, ir\u00e1 recolher e tratar por serem imprescind\u00edveis para a realiza\u00e7\u00e3o desse fim.<br>Em nenhuma situa\u00e7\u00e3o ser\u00e1 solicitado qualquer outro tipo de informa\u00e7\u00e3o.<\/p>\n\n\n\n<p class=\"has-palette-color-4-color has-text-color has-link-color wp-elements-729ee33fe2f7fcb8d12cca4436578333\"><strong>QUANDO E COMO RECOLHEMOS OS SEUS DADOS?<\/strong><br>Os dados pessoais podem ser recolhidos atrav\u00e9s de e-mail, formul\u00e1rio de inscri\u00e7\u00f5es e submiss\u00f5es.<br>Alguns dados pessoais s\u00e3o de fornecimento obrigat\u00f3rio para cumprimento dos objetivos de participa\u00e7\u00e3o no <strong>XI Encontro EDICIC Ib\u00e9rico<\/strong> e, em caso de falta ou insufici\u00eancia desses dados, a comiss\u00e3o organizadora poder\u00e1 n\u00e3o conseguir dar seguimento \u00e0s inscri\u00e7\u00f5es ou submiss\u00f5es de trabalhos, pelo que agradecemos o preenchimento de todos os campos exigidos.<\/p>\n\n\n\n<p class=\"has-palette-color-4-color has-text-color has-link-color wp-elements-c8e0c2275302fa550af23a079b024f26\">Os dados pessoais recolhidos s\u00e3o tratados informaticamente e no estrito cumprimento da legisla\u00e7\u00e3o de prote\u00e7\u00e3o de dados, sendo armazenados em base de dados espec\u00edficas, criadas para o efeito e, em situa\u00e7\u00e3o alguma, os dados recolhidos ser\u00e3o utilizados para outra finalidade que n\u00e3o seja aquela para a qual foi dado o consentimento por parte do titular dos dados.<\/p>\n\n\n\n<p class=\"has-palette-color-4-color has-text-color has-link-color wp-elements-05cc9b62844308543978ea4bb3cdbc77\">Se desejar obter mais informa\u00e7\u00f5es sobre a nossa pol\u00edtica de privacidade, alterar\/ atualizar os seus dados, ou apag\u00e1-los da nossa base de dados, por favor, entre em contacto, para:<br><strong>Instituto Superior de Contabilidade e Administra\u00e7\u00e3o do Porto<\/strong><br>Rua Jaime Lopes Amorim, s\/n<br>4465-004, S\u00e3o Mamede de Infesta<\/p>\n\n\n\n<p class=\"has-palette-color-4-color has-text-color has-link-color wp-elements-c35e1b68911d327e9da236c7356a0475\">T.&nbsp;<a href=\"tel:00351229050000\">+351 22 905 00 00<\/a><\/p>\n\n\n\n<p class=\"has-palette-color-4-color has-text-color has-link-color wp-elements-2c64bfddc220c7760b076ba838a50d3c\"><strong>XI Encontro Ib\u00e9rico EDICIC<\/strong> \u2013 <strong>General Chair<\/strong>:<br>Milena de Carvalho (PhD)<br><a href=\"mailto:milenacarvalho@iscap.ipp.pt\">milenacarvalho@iscap.ipp.pt<\/a><\/p>\n\n\n\n<p><\/p>\n","protected":false},"excerpt":{"rendered":"<p>A comiss\u00e3o organizadora do XI Encontro EDICIC Ib\u00e9rico \u00e9 a entidade respons\u00e1vel por esta pol\u00edtica de privacidade e, deste modo, pela recolha e tratamento dos dados pessoais e curriculares, que no \u00e2mbito deste evento, e de acordo com as submiss\u00f5es e inscri\u00e7\u00f5es realizadas, ir\u00e1 recolher e tratar por serem imprescind\u00edveis para a realiza\u00e7\u00e3o desse fim.Em [&hellip;]<\/p>\n","protected":false},"author":1,"featured_media":1547,"parent":0,"menu_order":0,"comment_status":"closed","ping_status":"closed","template":"","meta":{"footnotes":""},"class_list":["post-575","page","type-page","status-publish","has-post-thumbnail","hentry"],"blocksy_meta":{"styles_descriptor":{"styles":{"desktop":"","tablet":"","mobile":""},"google_fonts":[],"version":6}},"yoast_head":"<!-- This site is optimized with the Yoast SEO plugin v27.1.1 - https:\/\/yoast.com\/product\/yoast-seo-wordpress\/ -->\n<title>Pol\u00edtica de Privacidade - XI EDICIC Ib\u00e9rico 2025<\/title>\n<meta name=\"robots\" content=\"index, follow, max-snippet:-1, max-image-preview:large, max-video-preview:-1\" \/>\n<link rel=\"canonical\" href=\"https:\/\/www.iscap.pt\/conferencias\/XI-EDICIC25\/politica-de-privacidade\/\" \/>\n<meta property=\"og:locale\" content=\"pt_PT\" \/>\n<meta property=\"og:type\" content=\"article\" \/>\n<meta property=\"og:title\" content=\"Pol\u00edtica de Privacidade - XI EDICIC Ib\u00e9rico 2025\" \/>\n<meta property=\"og:description\" content=\"A comiss\u00e3o organizadora do XI Encontro EDICIC Ib\u00e9rico \u00e9 a entidade respons\u00e1vel por esta pol\u00edtica de privacidade e, deste modo, pela recolha e tratamento dos dados pessoais e curriculares, que no \u00e2mbito deste evento, e de acordo com as submiss\u00f5es e inscri\u00e7\u00f5es realizadas, ir\u00e1 recolher e tratar por serem imprescind\u00edveis para a realiza\u00e7\u00e3o desse fim.Em [&hellip;]\" \/>\n<meta property=\"og:url\" content=\"https:\/\/www.iscap.pt\/conferencias\/XI-EDICIC25\/politica-de-privacidade\/\" \/>\n<meta property=\"og:site_name\" content=\"XI EDICIC Ib\u00e9rico 2025\" \/>\n<meta property=\"article:publisher\" content=\"https:\/\/www.facebook.com\/EdicicOficial\" \/>\n<meta property=\"article:modified_time\" content=\"2025-03-10T15:21:56+00:00\" \/>\n<meta property=\"og:image\" content=\"https:\/\/www.iscap.pt\/conferencias\/XI-EDICIC25\/wp-content\/uploads\/2025\/02\/aperture-vintage-ELUPiavf5aU-unsplash.jpg\" \/>\n\t<meta property=\"og:image:width\" content=\"2400\" \/>\n\t<meta property=\"og:image:height\" content=\"1600\" \/>\n\t<meta property=\"og:image:type\" content=\"image\/jpeg\" \/>\n<meta name=\"twitter:card\" content=\"summary_large_image\" \/>\n<meta name=\"twitter:site\" content=\"@EDICIC_OFICIAL\" \/>\n<meta name=\"twitter:label1\" content=\"Est. reading time\" \/>\n\t<meta name=\"twitter:data1\" content=\"2 minutos\" \/>\n<script type=\"application\/ld+json\" class=\"yoast-schema-graph\">{\"@context\":\"https:\/\/schema.org\",\"@graph\":[{\"@type\":\"WebPage\",\"@id\":\"https:\/\/www.iscap.pt\/conferencias\/XI-EDICIC25\/politica-de-privacidade\/\",\"url\":\"https:\/\/www.iscap.pt\/conferencias\/XI-EDICIC25\/politica-de-privacidade\/\",\"name\":\"Pol\u00edtica de Privacidade - XI EDICIC Ib\u00e9rico 2025\",\"isPartOf\":{\"@id\":\"https:\/\/www.iscap.pt\/conferencias\/XI-EDICIC25\/#website\"},\"primaryImageOfPage\":{\"@id\":\"https:\/\/www.iscap.pt\/conferencias\/XI-EDICIC25\/politica-de-privacidade\/#primaryimage\"},\"image\":{\"@id\":\"https:\/\/www.iscap.pt\/conferencias\/XI-EDICIC25\/politica-de-privacidade\/#primaryimage\"},\"thumbnailUrl\":\"https:\/\/www.iscap.pt\/conferencias\/XI-EDICIC25\/wp-content\/uploads\/2025\/02\/aperture-vintage-ELUPiavf5aU-unsplash.jpg\",\"datePublished\":\"2020-06-12T15:43:30+00:00\",\"dateModified\":\"2025-03-10T15:21:56+00:00\",\"breadcrumb\":{\"@id\":\"https:\/\/www.iscap.pt\/conferencias\/XI-EDICIC25\/politica-de-privacidade\/#breadcrumb\"},\"inLanguage\":\"pt-PT\",\"potentialAction\":[{\"@type\":\"ReadAction\",\"target\":[\"https:\/\/www.iscap.pt\/conferencias\/XI-EDICIC25\/politica-de-privacidade\/\"]}]},{\"@type\":\"ImageObject\",\"inLanguage\":\"pt-PT\",\"@id\":\"https:\/\/www.iscap.pt\/conferencias\/XI-EDICIC25\/politica-de-privacidade\/#primaryimage\",\"url\":\"https:\/\/www.iscap.pt\/conferencias\/XI-EDICIC25\/wp-content\/uploads\/2025\/02\/aperture-vintage-ELUPiavf5aU-unsplash.jpg\",\"contentUrl\":\"https:\/\/www.iscap.pt\/conferencias\/XI-EDICIC25\/wp-content\/uploads\/2025\/02\/aperture-vintage-ELUPiavf5aU-unsplash.jpg\",\"width\":2400,\"height\":1600,\"caption\":\"XI EDICIC Ib\u00e9rico\"},{\"@type\":\"BreadcrumbList\",\"@id\":\"https:\/\/www.iscap.pt\/conferencias\/XI-EDICIC25\/politica-de-privacidade\/#breadcrumb\",\"itemListElement\":[{\"@type\":\"ListItem\",\"position\":1,\"name\":\"In\u00edcio\",\"item\":\"https:\/\/www.iscap.pt\/conferencias\/XI-EDICIC25\/\"},{\"@type\":\"ListItem\",\"position\":2,\"name\":\"Pol\u00edtica de Privacidade\"}]},{\"@type\":\"WebSite\",\"@id\":\"https:\/\/www.iscap.pt\/conferencias\/XI-EDICIC25\/#website\",\"url\":\"https:\/\/www.iscap.pt\/conferencias\/XI-EDICIC25\/\",\"name\":\"XI EDICIC Ib\u00e9rico 2025\",\"description\":\"XI Encontro EDICIC Ib\u00e9rico, P. Porto\/ISCAP, novembro 2025\",\"publisher\":{\"@id\":\"https:\/\/www.iscap.pt\/conferencias\/XI-EDICIC25\/#organization\"},\"potentialAction\":[{\"@type\":\"SearchAction\",\"target\":{\"@type\":\"EntryPoint\",\"urlTemplate\":\"https:\/\/www.iscap.pt\/conferencias\/XI-EDICIC25\/?s={search_term_string}\"},\"query-input\":{\"@type\":\"PropertyValueSpecification\",\"valueRequired\":true,\"valueName\":\"search_term_string\"}}],\"inLanguage\":\"pt-PT\"},{\"@type\":\"Organization\",\"@id\":\"https:\/\/www.iscap.pt\/conferencias\/XI-EDICIC25\/#organization\",\"name\":\"XI EDICIC Ib\u00e9rico 2025\",\"url\":\"https:\/\/www.iscap.pt\/conferencias\/XI-EDICIC25\/\",\"logo\":{\"@type\":\"ImageObject\",\"inLanguage\":\"pt-PT\",\"@id\":\"https:\/\/www.iscap.pt\/conferencias\/XI-EDICIC25\/#\/schema\/logo\/image\/\",\"url\":\"https:\/\/www.iscap.pt\/conferencias\/XI-EDICIC25\/wp-content\/uploads\/2025\/02\/XIEnancib-HOR-1.png\",\"contentUrl\":\"https:\/\/www.iscap.pt\/conferencias\/XI-EDICIC25\/wp-content\/uploads\/2025\/02\/XIEnancib-HOR-1.png\",\"width\":1012,\"height\":314,\"caption\":\"XI EDICIC Ib\u00e9rico 2025\"},\"image\":{\"@id\":\"https:\/\/www.iscap.pt\/conferencias\/XI-EDICIC25\/#\/schema\/logo\/image\/\"},\"sameAs\":[\"https:\/\/www.facebook.com\/EdicicOficial\",\"https:\/\/x.com\/EDICIC_OFICIAL\",\"https:\/\/www.instagram.com\/edicic_oficial\/\",\"https:\/\/www.youtube.com\/channel\/UCUNOuC9ud2za30O6yRJTNQQ\"]}]}<\/script>\n<!-- \/ Yoast SEO plugin. -->","yoast_head_json":{"title":"Pol\u00edtica de Privacidade - XI EDICIC Ib\u00e9rico 2025","robots":{"index":"index","follow":"follow","max-snippet":"max-snippet:-1","max-image-preview":"max-image-preview:large","max-video-preview":"max-video-preview:-1"},"canonical":"https:\/\/www.iscap.pt\/conferencias\/XI-EDICIC25\/politica-de-privacidade\/","og_locale":"pt_PT","og_type":"article","og_title":"Pol\u00edtica de Privacidade - XI EDICIC Ib\u00e9rico 2025","og_description":"A comiss\u00e3o organizadora do XI Encontro EDICIC Ib\u00e9rico \u00e9 a entidade respons\u00e1vel por esta pol\u00edtica de privacidade e, deste modo, pela recolha e tratamento dos dados pessoais e curriculares, que no \u00e2mbito deste evento, e de acordo com as submiss\u00f5es e inscri\u00e7\u00f5es realizadas, ir\u00e1 recolher e tratar por serem imprescind\u00edveis para a realiza\u00e7\u00e3o desse fim.Em [&hellip;]","og_url":"https:\/\/www.iscap.pt\/conferencias\/XI-EDICIC25\/politica-de-privacidade\/","og_site_name":"XI EDICIC Ib\u00e9rico 2025","article_publisher":"https:\/\/www.facebook.com\/EdicicOficial","article_modified_time":"2025-03-10T15:21:56+00:00","og_image":[{"width":2400,"height":1600,"url":"https:\/\/www.iscap.pt\/conferencias\/XI-EDICIC25\/wp-content\/uploads\/2025\/02\/aperture-vintage-ELUPiavf5aU-unsplash.jpg","type":"image\/jpeg"}],"twitter_card":"summary_large_image","twitter_site":"@EDICIC_OFICIAL","twitter_misc":{"Est. reading time":"2 minutos"},"schema":{"@context":"https:\/\/schema.org","@graph":[{"@type":"WebPage","@id":"https:\/\/www.iscap.pt\/conferencias\/XI-EDICIC25\/politica-de-privacidade\/","url":"https:\/\/www.iscap.pt\/conferencias\/XI-EDICIC25\/politica-de-privacidade\/","name":"Pol\u00edtica de Privacidade - XI EDICIC Ib\u00e9rico 2025","isPartOf":{"@id":"https:\/\/www.iscap.pt\/conferencias\/XI-EDICIC25\/#website"},"primaryImageOfPage":{"@id":"https:\/\/www.iscap.pt\/conferencias\/XI-EDICIC25\/politica-de-privacidade\/#primaryimage"},"image":{"@id":"https:\/\/www.iscap.pt\/conferencias\/XI-EDICIC25\/politica-de-privacidade\/#primaryimage"},"thumbnailUrl":"https:\/\/www.iscap.pt\/conferencias\/XI-EDICIC25\/wp-content\/uploads\/2025\/02\/aperture-vintage-ELUPiavf5aU-unsplash.jpg","datePublished":"2020-06-12T15:43:30+00:00","dateModified":"2025-03-10T15:21:56+00:00","breadcrumb":{"@id":"https:\/\/www.iscap.pt\/conferencias\/XI-EDICIC25\/politica-de-privacidade\/#breadcrumb"},"inLanguage":"pt-PT","potentialAction":[{"@type":"ReadAction","target":["https:\/\/www.iscap.pt\/conferencias\/XI-EDICIC25\/politica-de-privacidade\/"]}]},{"@type":"ImageObject","inLanguage":"pt-PT","@id":"https:\/\/www.iscap.pt\/conferencias\/XI-EDICIC25\/politica-de-privacidade\/#primaryimage","url":"https:\/\/www.iscap.pt\/conferencias\/XI-EDICIC25\/wp-content\/uploads\/2025\/02\/aperture-vintage-ELUPiavf5aU-unsplash.jpg","contentUrl":"https:\/\/www.iscap.pt\/conferencias\/XI-EDICIC25\/wp-content\/uploads\/2025\/02\/aperture-vintage-ELUPiavf5aU-unsplash.jpg","width":2400,"height":1600,"caption":"XI EDICIC Ib\u00e9rico"},{"@type":"BreadcrumbList","@id":"https:\/\/www.iscap.pt\/conferencias\/XI-EDICIC25\/politica-de-privacidade\/#breadcrumb","itemListElement":[{"@type":"ListItem","position":1,"name":"In\u00edcio","item":"https:\/\/www.iscap.pt\/conferencias\/XI-EDICIC25\/"},{"@type":"ListItem","position":2,"name":"Pol\u00edtica de Privacidade"}]},{"@type":"WebSite","@id":"https:\/\/www.iscap.pt\/conferencias\/XI-EDICIC25\/#website","url":"https:\/\/www.iscap.pt\/conferencias\/XI-EDICIC25\/","name":"XI EDICIC Ib\u00e9rico 2025","description":"XI Encontro EDICIC Ib\u00e9rico, P. Porto\/ISCAP, novembro 2025","publisher":{"@id":"https:\/\/www.iscap.pt\/conferencias\/XI-EDICIC25\/#organization"},"potentialAction":[{"@type":"SearchAction","target":{"@type":"EntryPoint","urlTemplate":"https:\/\/www.iscap.pt\/conferencias\/XI-EDICIC25\/?s={search_term_string}"},"query-input":{"@type":"PropertyValueSpecification","valueRequired":true,"valueName":"search_term_string"}}],"inLanguage":"pt-PT"},{"@type":"Organization","@id":"https:\/\/www.iscap.pt\/conferencias\/XI-EDICIC25\/#organization","name":"XI EDICIC Ib\u00e9rico 2025","url":"https:\/\/www.iscap.pt\/conferencias\/XI-EDICIC25\/","logo":{"@type":"ImageObject","inLanguage":"pt-PT","@id":"https:\/\/www.iscap.pt\/conferencias\/XI-EDICIC25\/#\/schema\/logo\/image\/","url":"https:\/\/www.iscap.pt\/conferencias\/XI-EDICIC25\/wp-content\/uploads\/2025\/02\/XIEnancib-HOR-1.png","contentUrl":"https:\/\/www.iscap.pt\/conferencias\/XI-EDICIC25\/wp-content\/uploads\/2025\/02\/XIEnancib-HOR-1.png","width":1012,"height":314,"caption":"XI EDICIC Ib\u00e9rico 2025"},"image":{"@id":"https:\/\/www.iscap.pt\/conferencias\/XI-EDICIC25\/#\/schema\/logo\/image\/"},"sameAs":["https:\/\/www.facebook.com\/EdicicOficial","https:\/\/x.com\/EDICIC_OFICIAL","https:\/\/www.instagram.com\/edicic_oficial\/","https:\/\/www.youtube.com\/channel\/UCUNOuC9ud2za30O6yRJTNQQ"]}]}},"_links":{"self":[{"href":"https:\/\/www.iscap.pt\/conferencias\/XI-EDICIC25\/wp-json\/wp\/v2\/pages\/575","targetHints":{"allow":["GET"]}}],"collection":[{"href":"https:\/\/www.iscap.pt\/conferencias\/XI-EDICIC25\/wp-json\/wp\/v2\/pages"}],"about":[{"href":"https:\/\/www.iscap.pt\/conferencias\/XI-EDICIC25\/wp-json\/wp\/v2\/types\/page"}],"author":[{"embeddable":true,"href":"https:\/\/www.iscap.pt\/conferencias\/XI-EDICIC25\/wp-json\/wp\/v2\/users\/1"}],"replies":[{"embeddable":true,"href":"https:\/\/www.iscap.pt\/conferencias\/XI-EDICIC25\/wp-json\/wp\/v2\/comments?post=575"}],"version-history":[{"count":5,"href":"https:\/\/www.iscap.pt\/conferencias\/XI-EDICIC25\/wp-json\/wp\/v2\/pages\/575\/revisions"}],"predecessor-version":[{"id":2160,"href":"https:\/\/www.iscap.pt\/conferencias\/XI-EDICIC25\/wp-json\/wp\/v2\/pages\/575\/revisions\/2160"}],"wp:featuredmedia":[{"embeddable":true,"href":"https:\/\/www.iscap.pt\/conferencias\/XI-EDICIC25\/wp-json\/wp\/v2\/media\/1547"}],"wp:attachment":[{"href":"https:\/\/www.iscap.pt\/conferencias\/XI-EDICIC25\/wp-json\/wp\/v2\/media?parent=575"}],"curies":[{"name":"wp","href":"https:\/\/api.w.org\/{rel}","templated":true}]}}