{"id":682,"date":"2022-02-20T07:07:33","date_gmt":"2022-02-20T07:07:33","guid":{"rendered":"https:\/\/startersites.io\/stagingthree\/?page_id=682"},"modified":"2025-11-04T22:55:29","modified_gmt":"2025-11-04T22:55:29","slug":"submissoes","status":"publish","type":"page","link":"https:\/\/www.iscap.pt\/conferencias\/XI-EDICIC25\/submissoes\/","title":{"rendered":"Submiss\u00f5es"},"content":{"rendered":"\n<div class=\"wp-block-stackable-spacer stk-block-spacer stk--no-padding stk-block stk-417079d stk-block-background\" data-block-id=\"417079d\"><style>.stk-417079d {height:35px !important;}<\/style><\/div>\n\n\n\n<div class=\"wp-block-file aligncenter has-palette-color-5-background-color has-background\"><a id=\"wp-block-file--media-d929e8dc-8670-4b40-aeae-aa4bf79a94e4\" href=\"https:\/\/www.iscap.pt\/conferencias\/XI-EDICIC25\/wp-content\/uploads\/2025\/09\/Template-XI-EDICIC_Apresentacao-PT-1.pptx\" target=\"_blank\" rel=\"noreferrer noopener\"><span style=\"color: var(--theme-palette-color-1, #FF6900);\" class=\"stk-highlight\"><strong>TEMPLATE PARA APRESENTA\u00c7\u00c3O DE TRABALHOS &#8211; PT<\/strong><\/span><\/a><a href=\"https:\/\/www.iscap.pt\/conferencias\/XI-EDICIC25\/wp-content\/uploads\/2025\/09\/Template-XI-EDICIC_Apresentacao-PT-1.pptx\" class=\"wp-block-file__button wp-element-button\" download aria-describedby=\"wp-block-file--media-d929e8dc-8670-4b40-aeae-aa4bf79a94e4\">Descarregar<\/a><\/div>\n\n\n\n<div class=\"wp-block-file aligncenter has-palette-color-5-background-color has-background\"><a id=\"wp-block-file--media-aa0ba2fe-061f-4f7c-a227-210bc5012ad6\" href=\"https:\/\/www.iscap.pt\/conferencias\/XI-EDICIC25\/wp-content\/uploads\/2025\/11\/Template_cartazposter-XIEDICIC-5.pptx\" target=\"_blank\" rel=\"noreferrer noopener\">Template_cartazposter-XIEDICIC<\/a><a href=\"https:\/\/www.iscap.pt\/conferencias\/XI-EDICIC25\/wp-content\/uploads\/2025\/11\/Template_cartazposter-XIEDICIC-5.pptx\" class=\"wp-block-file__button wp-element-button\" download aria-describedby=\"wp-block-file--media-aa0ba2fe-061f-4f7c-a227-210bc5012ad6\">Descarregar<\/a><\/div>\n\n\n\n<figure class=\"wp-block-image aligncenter size-full is-resized\"><img loading=\"lazy\" decoding=\"async\" width=\"1080\" height=\"1080\" src=\"https:\/\/www.iscap.pt\/conferencias\/XI-EDICIC25\/wp-content\/uploads\/2025\/07\/NOVAS-DATAS-1.png\" alt=\"\" class=\"wp-image-3160\" style=\"width:539px;height:auto\" srcset=\"https:\/\/www.iscap.pt\/conferencias\/XI-EDICIC25\/wp-content\/uploads\/2025\/07\/NOVAS-DATAS-1.png 1080w, https:\/\/www.iscap.pt\/conferencias\/XI-EDICIC25\/wp-content\/uploads\/2025\/07\/NOVAS-DATAS-1-300x300.png 300w, https:\/\/www.iscap.pt\/conferencias\/XI-EDICIC25\/wp-content\/uploads\/2025\/07\/NOVAS-DATAS-1-1024x1024.png 1024w, https:\/\/www.iscap.pt\/conferencias\/XI-EDICIC25\/wp-content\/uploads\/2025\/07\/NOVAS-DATAS-1-150x150.png 150w, https:\/\/www.iscap.pt\/conferencias\/XI-EDICIC25\/wp-content\/uploads\/2025\/07\/NOVAS-DATAS-1-768x768.png 768w\" sizes=\"auto, (max-width: 1080px) 100vw, 1080px\" \/><\/figure>\n\n\n\n<div class=\"wp-block-stackable-spacer stk-block-spacer stk--no-padding stk-block stk-6090630\" data-block-id=\"6090630\"><style>.stk-6090630 {height:25px !important;}@media screen and (max-width:999px){.stk-6090630 {height:80px !important;}}<\/style><\/div>\n\n\n\n<blockquote class=\"wp-block-quote is-layout-flow wp-block-quote-is-layout-flow\">\n<p class=\"has-palette-color-5-background-color has-background has-medium-font-size\"><strong><span style=\"color: var(--theme-palette-color-1, #FF6900);\" class=\"stk-highlight\">IMPORTANTE:<\/span><\/strong>&nbsp;<strong><span style=\"color: var(--theme-palette-color-4, #111518);\" class=\"stk-highlight\">Para apresentar o trabalho no XI Encontro EDICIC Ib\u00e9rico \u00e9 obrigat\u00f3rio <\/span><\/strong><span style=\"color: var(--theme-palette-color-1, #FF6900);\" class=\"stk-highlight\"><strong>enviar o texto completo, <\/strong><\/span><strong><span style=\"color: var(--theme-palette-color-4, #111518);\" class=\"stk-highlight\">com as altera\u00e7\u00f5es indicadas pelos avaliadores, at\u00e9<\/span><\/strong><span style=\"color: var(--theme-palette-color-1, #FF6900);\" class=\"stk-highlight\"><strong> <\/strong><\/span><span style=\"color: #ef0606;\" class=\"stk-highlight\"><strong>28\/07\/2025<\/strong>,<\/span><span style=\"color: var(--theme-palette-color-1, #FF6900);\" class=\"stk-highlight\"> <\/span><strong><span style=\"color: var(--theme-palette-color-4, #111518);\" class=\"stk-highlight\">efetuando <\/span><span style=\"color: #ef0909;\" class=\"stk-highlight\">nova submiss\u00e3o<\/span><\/strong><span style=\"color: var(--theme-palette-color-1, #FF6900);\" class=\"stk-highlight\"><strong> <\/strong><\/span><span style=\"color: var(--theme-palette-color-4, #111518);\" class=\"stk-highlight\"><strong><a href=\"https:\/\/ocs.edicic.org\/XI_EDICIC_Iberico\/index\" target=\"_blank\" rel=\"noreferrer noopener\">na plataforma de envios<\/a><\/strong>,<a href=\"https:\/\/ocs.edicic.org\/XI_EDICIC_Iberico\/index\" target=\"_blank\" rel=\"noreferrer noopener\"><strong> AQUI<\/strong><\/a><\/span><\/p>\n\n\n\n<p class=\"has-medium-font-size\"><\/p>\n<\/blockquote>\n\n\n\n<div class=\"wp-block-stackable-spacer stk-block-spacer stk--no-padding stk-block stk-237627a\" data-block-id=\"237627a\"><style>.stk-237627a {height:15px !important;}<\/style><\/div>\n\n\n\n<div class=\"wp-block-stackable-heading stk-block-heading stk-block-heading--v2 stk-block stk-41f6f5a\" id=\"submissoes\" data-block-id=\"41f6f5a\"><style>.stk-41f6f5a {margin-bottom:16px !important;}.stk-41f6f5a .stk-block-heading__text{line-height:1.2em !important;}<\/style><h2 class=\"stk-block-heading__text has-text-align-center\">Submiss\u00f5es<\/h2><\/div>\n\n\n\n<div class=\"wp-block-stackable-text stk-block-text stk-block stk-8e78d5e\" data-block-id=\"8e78d5e\"><style>.stk-8e78d5e {margin-bottom:0px !important;}.stk-8e78d5e .stk-block-text__text{text-shadow:none !important;}<\/style><p class=\"stk-block-text__text has-text-align-center\">O registo no sistema e posterior acesso, atrav\u00e9s de utilizador e senha, s\u00e3o obrigat\u00f3rios para a submiss\u00e3o de trabalhos, bem como para acompanhar o processo editorial em curso.&nbsp;<a href=\"https:\/\/ocs.edicic.org\/XI_EDICIC_Iberico\/login\" target=\"_blank\" rel=\"noreferrer noopener\">Acesso<\/a>&nbsp;numa conta existente ou&nbsp;<a href=\"https:\/\/ocs.edicic.org\/XI_EDICIC_Iberico\/user\/register\" target=\"_blank\" rel=\"noreferrer noopener\">Registar<\/a>&nbsp;uma nova conta.<\/p><\/div>\n\n\n\n<div class=\"wp-block-stackable-spacer stk-block-spacer stk--no-padding stk-block stk-d3cb7d3\" data-block-id=\"d3cb7d3\"><style>.stk-d3cb7d3 {height:75px !important;}@media screen and (max-width:999px){.stk-d3cb7d3 {height:80px !important;}}<\/style><\/div>\n\n\n\n<div class=\"wp-block-stackable-heading stk-block-heading stk-block-heading--v2 stk-block stk-026b2e5\" id=\"condicoes-para-submissao\" data-block-id=\"026b2e5\"><style>.stk-026b2e5 {margin-bottom:0px !important;}.stk-026b2e5 .stk-block-heading__text{line-height:1.2em !important;}<\/style><h2 class=\"stk-block-heading__text has-text-align-center\">Condi\u00e7\u00f5es para submiss\u00e3o<\/h2><\/div>\n\n\n\n<p><\/p>\n\n\n\n<p class=\"has-text-align-center\"><strong>Avalia\u00e7\u00e3o dos trabalhos:<\/strong><\/p>\n\n\n\n<p class=\"has-text-align-center\">Os trabalhos s\u00e3o avaliados por dois avaliadores&nbsp;<em>ad hoc&nbsp;<\/em>(<em>double blind review<\/em>), designados pela&nbsp;Comiss\u00e3o Cient\u00edfica do Evento que, por sua vez, ap\u00f3s a avalia\u00e7\u00e3o podem aceitar ou n\u00e3o o trabalho para sua apresenta\u00e7\u00e3o e posterior publica\u00e7\u00e3o.<\/p>\n\n\n\n<div class=\"wp-block-stackable-text stk-block-text stk-block stk-32d69ca\" data-block-id=\"32d69ca\"><style>.stk-32d69ca {margin-bottom:0px !important;}<\/style><p class=\"stk-block-text__text has-text-align-center\">Como parte do processo de submiss\u00e3o, os autores s\u00e3o obrigados a verificar a conformidade da submiss\u00e3o em rela\u00e7\u00e3o a todos os pontos listados na <a href=\"https:\/\/ocs.edicic.org\/XI_EDICIC_Iberico\/about\/submissions\" target=\"_blank\" rel=\"noreferrer noopener\">plataforma de submiss\u00e3o<\/a>. As submiss\u00f5es que n\u00e3o estiverem de acordo com as normas ser\u00e3o devolvidas aos autores.<\/p><\/div>\n\n\n\n<div class=\"wp-block-stackable-spacer stk-block-spacer stk--no-padding stk-block stk-8716a57\" data-block-id=\"8716a57\"><style>.stk-8716a57 {height:75px !important;}@media screen and (max-width:999px){.stk-8716a57 {height:80px !important;}}<\/style><\/div>\n\n\n\n<div class=\"wp-block-stackable-heading stk-block-heading stk-block-heading--v2 stk-block stk-2e666bd\" id=\"modelo-em-template-em-para-submissao\" data-block-id=\"2e666bd\"><style>.stk-2e666bd {margin-bottom:0px !important;}.stk-2e666bd .stk-block-heading__text{line-height:1.2em !important;}<\/style><h2 class=\"stk-block-heading__text has-text-align-center\">Modelo \/ <em>Template <\/em>para submiss\u00e3o<\/h2><\/div>\n\n\n\n<div class=\"wp-block-stackable-text stk-block-text stk-block stk-6c50d73\" data-block-id=\"6c50d73\"><style>.stk-6c50d73 {margin-bottom:0px !important;}<\/style><p class=\"stk-block-text__text has-text-align-center\"><em>Template<\/em>&nbsp;para submiss\u00e3o em portugu\u00eas (Formato&nbsp;<a href=\"https:\/\/www.iscap.pt\/conferencias\/XI-EDICIC25\/wp-content\/uploads\/2025\/04\/Template_XI_Encontro_EDICIC_Iberico_PT_atualizad0_03.04.25.docx\" target=\"_blank\" rel=\"noreferrer noopener\">.DOCX<\/a>) (Formato&nbsp;<a href=\"https:\/\/www.iscap.pt\/conferencias\/XI-EDICIC25\/wp-content\/uploads\/2025\/04\/Template_XI_Encontro_EDICIC_Iberico_PT_atualizad0_03.04.25.pdf\" target=\"_blank\" rel=\"noreferrer noopener\">.PDF<\/a>)<\/p><\/div>\n\n\n\n<div class=\"wp-block-stackable-spacer stk-block-spacer stk--no-padding stk-block stk-07c2568\" data-block-id=\"07c2568\"><style>.stk-07c2568 {height:25px !important;}@media screen and (max-width:999px){.stk-07c2568 {height:80px !important;}}<\/style><\/div>\n\n\n\n<p><strong>Para informa\u00e7\u00e3o mais detalhada consulte a p\u00e1gina<\/strong> \u00ab<a href=\"https:\/\/www.iscap.pt\/conferencias\/XI-EDICIC25\/instrucoes-para-autores\/\"><strong>Instru\u00e7\u00f5es para Autores<\/strong><\/a>\u00bb<br><\/p>\n\n\n\n<div class=\"wp-block-stackable-heading aligncenter stk-block-heading stk-block-heading--v2 stk-block stk-515a408\" id=\"modelo-em-template-em-para-apresentacao-de-trabalhos-span-style-color-var-theme-palette-color-1-ff-6900-class-stk-highlight-ppt-span\" data-block-id=\"515a408\"><h2 class=\"stk-block-heading__text\">Modelo \/ <em>Template <\/em>para Apresenta\u00e7\u00e3o de Trabalhos <span style=\"color: var(--theme-palette-color-1, #FF6900);\" class=\"stk-highlight\">(PPT)<\/span><\/h2><\/div>\n\n\n\n<div class=\"wp-block-stackable-spacer stk-block-spacer stk--no-padding stk-block stk-48ac8c2 stk-block-background\" data-block-id=\"48ac8c2\"><style>.stk-48ac8c2 {height:30px !important;background-color:var(--theme-palette-color-5, #edeff2) !important;}.stk-48ac8c2:before{background-color:var(--theme-palette-color-5, #edeff2) !important;}<\/style><\/div>\n\n\n\n<div class=\"wp-block-file aligncenter has-palette-color-5-background-color has-background\"><a id=\"wp-block-file--media-147236cb-a380-4abb-aeac-242cfb555c50\" href=\"https:\/\/www.iscap.pt\/conferencias\/XI-EDICIC25\/wp-content\/uploads\/2025\/09\/Template-XI-EDICIC_Apresentacao-PT-2.pptx\" target=\"_blank\" rel=\"noreferrer noopener\"><strong><span style=\"color: var(--theme-palette-color-1, #FF6900);\" class=\"stk-highlight\">TEMPLATE PARA APRESENTA\u00c7\u00c3O DE TRABALHOS<\/span><\/strong><\/a><a href=\"https:\/\/www.iscap.pt\/conferencias\/XI-EDICIC25\/wp-content\/uploads\/2025\/09\/Template-XI-EDICIC_Apresentacao-PT-2.pptx\" class=\"wp-block-file__button wp-element-button\" download aria-describedby=\"wp-block-file--media-147236cb-a380-4abb-aeac-242cfb555c50\">Descarregar<\/a><\/div>\n\n\n\n<p><\/p>\n","protected":false},"excerpt":{"rendered":"<p>IMPORTANTE:&nbsp;Para apresentar o trabalho no XI Encontro EDICIC Ib\u00e9rico \u00e9 obrigat\u00f3rio enviar o texto completo, com as altera\u00e7\u00f5es indicadas pelos avaliadores, at\u00e9 28\/07\/2025, efetuando nova submiss\u00e3o na plataforma de envios, AQUI Submiss\u00f5es O registo no sistema e posterior acesso, atrav\u00e9s de utilizador e senha, s\u00e3o obrigat\u00f3rios para a submiss\u00e3o de trabalhos, bem como para acompanhar [&hellip;]<\/p>\n","protected":false},"author":1,"featured_media":1547,"parent":0,"menu_order":0,"comment_status":"closed","ping_status":"closed","template":"","meta":{"footnotes":""},"class_list":["post-682","page","type-page","status-publish","has-post-thumbnail","hentry"],"blocksy_meta":{"styles_descriptor":{"styles":{"desktop":"","tablet":"","mobile":""},"google_fonts":[],"version":6}},"yoast_head":"<!-- This site is optimized with the Yoast SEO plugin v27.1.1 - https:\/\/yoast.com\/product\/yoast-seo-wordpress\/ -->\n<title>Submiss\u00f5es - XI EDICIC Ib\u00e9rico 2025<\/title>\n<meta name=\"robots\" content=\"index, follow, max-snippet:-1, max-image-preview:large, max-video-preview:-1\" \/>\n<link rel=\"canonical\" href=\"https:\/\/www.iscap.pt\/conferencias\/XI-EDICIC25\/submissoes\/\" \/>\n<meta property=\"og:locale\" content=\"pt_PT\" \/>\n<meta property=\"og:type\" content=\"article\" \/>\n<meta property=\"og:title\" content=\"Submiss\u00f5es - XI EDICIC Ib\u00e9rico 2025\" \/>\n<meta property=\"og:description\" content=\"IMPORTANTE:&nbsp;Para apresentar o trabalho no XI Encontro EDICIC Ib\u00e9rico \u00e9 obrigat\u00f3rio enviar o texto completo, com as altera\u00e7\u00f5es indicadas pelos avaliadores, at\u00e9 28\/07\/2025, efetuando nova submiss\u00e3o na plataforma de envios, AQUI Submiss\u00f5es O registo no sistema e posterior acesso, atrav\u00e9s de utilizador e senha, s\u00e3o obrigat\u00f3rios para a submiss\u00e3o de trabalhos, bem como para acompanhar [&hellip;]\" \/>\n<meta property=\"og:url\" content=\"https:\/\/www.iscap.pt\/conferencias\/XI-EDICIC25\/submissoes\/\" \/>\n<meta property=\"og:site_name\" content=\"XI EDICIC Ib\u00e9rico 2025\" \/>\n<meta property=\"article:publisher\" content=\"https:\/\/www.facebook.com\/EdicicOficial\" \/>\n<meta property=\"article:modified_time\" content=\"2025-11-04T22:55:29+00:00\" \/>\n<meta property=\"og:image\" content=\"https:\/\/www.iscap.pt\/conferencias\/XI-EDICIC25\/wp-content\/uploads\/2025\/02\/aperture-vintage-ELUPiavf5aU-unsplash.jpg\" \/>\n\t<meta property=\"og:image:width\" content=\"2400\" \/>\n\t<meta property=\"og:image:height\" content=\"1600\" \/>\n\t<meta property=\"og:image:type\" content=\"image\/jpeg\" \/>\n<meta name=\"twitter:card\" content=\"summary_large_image\" \/>\n<meta name=\"twitter:site\" content=\"@EDICIC_OFICIAL\" \/>\n<meta name=\"twitter:label1\" content=\"Est. reading time\" \/>\n\t<meta name=\"twitter:data1\" content=\"2 minutos\" \/>\n<script type=\"application\/ld+json\" class=\"yoast-schema-graph\">{\"@context\":\"https:\/\/schema.org\",\"@graph\":[{\"@type\":\"WebPage\",\"@id\":\"https:\/\/www.iscap.pt\/conferencias\/XI-EDICIC25\/submissoes\/\",\"url\":\"https:\/\/www.iscap.pt\/conferencias\/XI-EDICIC25\/submissoes\/\",\"name\":\"Submiss\u00f5es - XI EDICIC Ib\u00e9rico 2025\",\"isPartOf\":{\"@id\":\"https:\/\/www.iscap.pt\/conferencias\/XI-EDICIC25\/#website\"},\"primaryImageOfPage\":{\"@id\":\"https:\/\/www.iscap.pt\/conferencias\/XI-EDICIC25\/submissoes\/#primaryimage\"},\"image\":{\"@id\":\"https:\/\/www.iscap.pt\/conferencias\/XI-EDICIC25\/submissoes\/#primaryimage\"},\"thumbnailUrl\":\"https:\/\/www.iscap.pt\/conferencias\/XI-EDICIC25\/wp-content\/uploads\/2025\/02\/aperture-vintage-ELUPiavf5aU-unsplash.jpg\",\"datePublished\":\"2022-02-20T07:07:33+00:00\",\"dateModified\":\"2025-11-04T22:55:29+00:00\",\"breadcrumb\":{\"@id\":\"https:\/\/www.iscap.pt\/conferencias\/XI-EDICIC25\/submissoes\/#breadcrumb\"},\"inLanguage\":\"pt-PT\",\"potentialAction\":[{\"@type\":\"ReadAction\",\"target\":[\"https:\/\/www.iscap.pt\/conferencias\/XI-EDICIC25\/submissoes\/\"]}]},{\"@type\":\"ImageObject\",\"inLanguage\":\"pt-PT\",\"@id\":\"https:\/\/www.iscap.pt\/conferencias\/XI-EDICIC25\/submissoes\/#primaryimage\",\"url\":\"https:\/\/www.iscap.pt\/conferencias\/XI-EDICIC25\/wp-content\/uploads\/2025\/02\/aperture-vintage-ELUPiavf5aU-unsplash.jpg\",\"contentUrl\":\"https:\/\/www.iscap.pt\/conferencias\/XI-EDICIC25\/wp-content\/uploads\/2025\/02\/aperture-vintage-ELUPiavf5aU-unsplash.jpg\",\"width\":2400,\"height\":1600,\"caption\":\"XI EDICIC Ib\u00e9rico\"},{\"@type\":\"BreadcrumbList\",\"@id\":\"https:\/\/www.iscap.pt\/conferencias\/XI-EDICIC25\/submissoes\/#breadcrumb\",\"itemListElement\":[{\"@type\":\"ListItem\",\"position\":1,\"name\":\"In\u00edcio\",\"item\":\"https:\/\/www.iscap.pt\/conferencias\/XI-EDICIC25\/\"},{\"@type\":\"ListItem\",\"position\":2,\"name\":\"Submiss\u00f5es\"}]},{\"@type\":\"WebSite\",\"@id\":\"https:\/\/www.iscap.pt\/conferencias\/XI-EDICIC25\/#website\",\"url\":\"https:\/\/www.iscap.pt\/conferencias\/XI-EDICIC25\/\",\"name\":\"XI EDICIC Ib\u00e9rico 2025\",\"description\":\"XI Encontro EDICIC Ib\u00e9rico, P. Porto\/ISCAP, novembro 2025\",\"publisher\":{\"@id\":\"https:\/\/www.iscap.pt\/conferencias\/XI-EDICIC25\/#organization\"},\"potentialAction\":[{\"@type\":\"SearchAction\",\"target\":{\"@type\":\"EntryPoint\",\"urlTemplate\":\"https:\/\/www.iscap.pt\/conferencias\/XI-EDICIC25\/?s={search_term_string}\"},\"query-input\":{\"@type\":\"PropertyValueSpecification\",\"valueRequired\":true,\"valueName\":\"search_term_string\"}}],\"inLanguage\":\"pt-PT\"},{\"@type\":\"Organization\",\"@id\":\"https:\/\/www.iscap.pt\/conferencias\/XI-EDICIC25\/#organization\",\"name\":\"XI EDICIC Ib\u00e9rico 2025\",\"url\":\"https:\/\/www.iscap.pt\/conferencias\/XI-EDICIC25\/\",\"logo\":{\"@type\":\"ImageObject\",\"inLanguage\":\"pt-PT\",\"@id\":\"https:\/\/www.iscap.pt\/conferencias\/XI-EDICIC25\/#\/schema\/logo\/image\/\",\"url\":\"https:\/\/www.iscap.pt\/conferencias\/XI-EDICIC25\/wp-content\/uploads\/2025\/02\/XIEnancib-HOR-1.png\",\"contentUrl\":\"https:\/\/www.iscap.pt\/conferencias\/XI-EDICIC25\/wp-content\/uploads\/2025\/02\/XIEnancib-HOR-1.png\",\"width\":1012,\"height\":314,\"caption\":\"XI EDICIC Ib\u00e9rico 2025\"},\"image\":{\"@id\":\"https:\/\/www.iscap.pt\/conferencias\/XI-EDICIC25\/#\/schema\/logo\/image\/\"},\"sameAs\":[\"https:\/\/www.facebook.com\/EdicicOficial\",\"https:\/\/x.com\/EDICIC_OFICIAL\",\"https:\/\/www.instagram.com\/edicic_oficial\/\",\"https:\/\/www.youtube.com\/channel\/UCUNOuC9ud2za30O6yRJTNQQ\"]}]}<\/script>\n<!-- \/ Yoast SEO plugin. -->","yoast_head_json":{"title":"Submiss\u00f5es - XI EDICIC Ib\u00e9rico 2025","robots":{"index":"index","follow":"follow","max-snippet":"max-snippet:-1","max-image-preview":"max-image-preview:large","max-video-preview":"max-video-preview:-1"},"canonical":"https:\/\/www.iscap.pt\/conferencias\/XI-EDICIC25\/submissoes\/","og_locale":"pt_PT","og_type":"article","og_title":"Submiss\u00f5es - XI EDICIC Ib\u00e9rico 2025","og_description":"IMPORTANTE:&nbsp;Para apresentar o trabalho no XI Encontro EDICIC Ib\u00e9rico \u00e9 obrigat\u00f3rio enviar o texto completo, com as altera\u00e7\u00f5es indicadas pelos avaliadores, at\u00e9 28\/07\/2025, efetuando nova submiss\u00e3o na plataforma de envios, AQUI Submiss\u00f5es O registo no sistema e posterior acesso, atrav\u00e9s de utilizador e senha, s\u00e3o obrigat\u00f3rios para a submiss\u00e3o de trabalhos, bem como para acompanhar [&hellip;]","og_url":"https:\/\/www.iscap.pt\/conferencias\/XI-EDICIC25\/submissoes\/","og_site_name":"XI EDICIC Ib\u00e9rico 2025","article_publisher":"https:\/\/www.facebook.com\/EdicicOficial","article_modified_time":"2025-11-04T22:55:29+00:00","og_image":[{"width":2400,"height":1600,"url":"https:\/\/www.iscap.pt\/conferencias\/XI-EDICIC25\/wp-content\/uploads\/2025\/02\/aperture-vintage-ELUPiavf5aU-unsplash.jpg","type":"image\/jpeg"}],"twitter_card":"summary_large_image","twitter_site":"@EDICIC_OFICIAL","twitter_misc":{"Est. reading time":"2 minutos"},"schema":{"@context":"https:\/\/schema.org","@graph":[{"@type":"WebPage","@id":"https:\/\/www.iscap.pt\/conferencias\/XI-EDICIC25\/submissoes\/","url":"https:\/\/www.iscap.pt\/conferencias\/XI-EDICIC25\/submissoes\/","name":"Submiss\u00f5es - XI EDICIC Ib\u00e9rico 2025","isPartOf":{"@id":"https:\/\/www.iscap.pt\/conferencias\/XI-EDICIC25\/#website"},"primaryImageOfPage":{"@id":"https:\/\/www.iscap.pt\/conferencias\/XI-EDICIC25\/submissoes\/#primaryimage"},"image":{"@id":"https:\/\/www.iscap.pt\/conferencias\/XI-EDICIC25\/submissoes\/#primaryimage"},"thumbnailUrl":"https:\/\/www.iscap.pt\/conferencias\/XI-EDICIC25\/wp-content\/uploads\/2025\/02\/aperture-vintage-ELUPiavf5aU-unsplash.jpg","datePublished":"2022-02-20T07:07:33+00:00","dateModified":"2025-11-04T22:55:29+00:00","breadcrumb":{"@id":"https:\/\/www.iscap.pt\/conferencias\/XI-EDICIC25\/submissoes\/#breadcrumb"},"inLanguage":"pt-PT","potentialAction":[{"@type":"ReadAction","target":["https:\/\/www.iscap.pt\/conferencias\/XI-EDICIC25\/submissoes\/"]}]},{"@type":"ImageObject","inLanguage":"pt-PT","@id":"https:\/\/www.iscap.pt\/conferencias\/XI-EDICIC25\/submissoes\/#primaryimage","url":"https:\/\/www.iscap.pt\/conferencias\/XI-EDICIC25\/wp-content\/uploads\/2025\/02\/aperture-vintage-ELUPiavf5aU-unsplash.jpg","contentUrl":"https:\/\/www.iscap.pt\/conferencias\/XI-EDICIC25\/wp-content\/uploads\/2025\/02\/aperture-vintage-ELUPiavf5aU-unsplash.jpg","width":2400,"height":1600,"caption":"XI EDICIC Ib\u00e9rico"},{"@type":"BreadcrumbList","@id":"https:\/\/www.iscap.pt\/conferencias\/XI-EDICIC25\/submissoes\/#breadcrumb","itemListElement":[{"@type":"ListItem","position":1,"name":"In\u00edcio","item":"https:\/\/www.iscap.pt\/conferencias\/XI-EDICIC25\/"},{"@type":"ListItem","position":2,"name":"Submiss\u00f5es"}]},{"@type":"WebSite","@id":"https:\/\/www.iscap.pt\/conferencias\/XI-EDICIC25\/#website","url":"https:\/\/www.iscap.pt\/conferencias\/XI-EDICIC25\/","name":"XI EDICIC Ib\u00e9rico 2025","description":"XI Encontro EDICIC Ib\u00e9rico, P. Porto\/ISCAP, novembro 2025","publisher":{"@id":"https:\/\/www.iscap.pt\/conferencias\/XI-EDICIC25\/#organization"},"potentialAction":[{"@type":"SearchAction","target":{"@type":"EntryPoint","urlTemplate":"https:\/\/www.iscap.pt\/conferencias\/XI-EDICIC25\/?s={search_term_string}"},"query-input":{"@type":"PropertyValueSpecification","valueRequired":true,"valueName":"search_term_string"}}],"inLanguage":"pt-PT"},{"@type":"Organization","@id":"https:\/\/www.iscap.pt\/conferencias\/XI-EDICIC25\/#organization","name":"XI EDICIC Ib\u00e9rico 2025","url":"https:\/\/www.iscap.pt\/conferencias\/XI-EDICIC25\/","logo":{"@type":"ImageObject","inLanguage":"pt-PT","@id":"https:\/\/www.iscap.pt\/conferencias\/XI-EDICIC25\/#\/schema\/logo\/image\/","url":"https:\/\/www.iscap.pt\/conferencias\/XI-EDICIC25\/wp-content\/uploads\/2025\/02\/XIEnancib-HOR-1.png","contentUrl":"https:\/\/www.iscap.pt\/conferencias\/XI-EDICIC25\/wp-content\/uploads\/2025\/02\/XIEnancib-HOR-1.png","width":1012,"height":314,"caption":"XI EDICIC Ib\u00e9rico 2025"},"image":{"@id":"https:\/\/www.iscap.pt\/conferencias\/XI-EDICIC25\/#\/schema\/logo\/image\/"},"sameAs":["https:\/\/www.facebook.com\/EdicicOficial","https:\/\/x.com\/EDICIC_OFICIAL","https:\/\/www.instagram.com\/edicic_oficial\/","https:\/\/www.youtube.com\/channel\/UCUNOuC9ud2za30O6yRJTNQQ"]}]}},"_links":{"self":[{"href":"https:\/\/www.iscap.pt\/conferencias\/XI-EDICIC25\/wp-json\/wp\/v2\/pages\/682","targetHints":{"allow":["GET"]}}],"collection":[{"href":"https:\/\/www.iscap.pt\/conferencias\/XI-EDICIC25\/wp-json\/wp\/v2\/pages"}],"about":[{"href":"https:\/\/www.iscap.pt\/conferencias\/XI-EDICIC25\/wp-json\/wp\/v2\/types\/page"}],"author":[{"embeddable":true,"href":"https:\/\/www.iscap.pt\/conferencias\/XI-EDICIC25\/wp-json\/wp\/v2\/users\/1"}],"replies":[{"embeddable":true,"href":"https:\/\/www.iscap.pt\/conferencias\/XI-EDICIC25\/wp-json\/wp\/v2\/comments?post=682"}],"version-history":[{"count":47,"href":"https:\/\/www.iscap.pt\/conferencias\/XI-EDICIC25\/wp-json\/wp\/v2\/pages\/682\/revisions"}],"predecessor-version":[{"id":3436,"href":"https:\/\/www.iscap.pt\/conferencias\/XI-EDICIC25\/wp-json\/wp\/v2\/pages\/682\/revisions\/3436"}],"wp:featuredmedia":[{"embeddable":true,"href":"https:\/\/www.iscap.pt\/conferencias\/XI-EDICIC25\/wp-json\/wp\/v2\/media\/1547"}],"wp:attachment":[{"href":"https:\/\/www.iscap.pt\/conferencias\/XI-EDICIC25\/wp-json\/wp\/v2\/media?parent=682"}],"curies":[{"name":"wp","href":"https:\/\/api.w.org\/{rel}","templated":true}]}}