{"id":1285,"date":"2025-10-28T22:37:42","date_gmt":"2025-10-28T22:37:42","guid":{"rendered":"https:\/\/www.iscap.pt\/conferencias\/XIX-EncontroCTDI25\/?page_id=1285"},"modified":"2025-11-13T19:34:46","modified_gmt":"2025-11-13T19:34:46","slug":"comissoes-2","status":"publish","type":"page","link":"https:\/\/www.iscap.pt\/conferencias\/XIX-EncontroCTDI25\/comissoes-2\/","title":{"rendered":"Comiss\u00f5es"},"content":{"rendered":"\n<p data-block-type=\"core\"><span style=\"color: #865d36;\" class=\"stk-highlight\"><strong>GENERAL CHAIR<\/strong><br><\/span><strong><span style=\"color: var(--theme-palette-color-3, #4a4a4a);\" class=\"stk-highlight\">Milena Carvalho:&nbsp;<\/span><\/strong><a href=\"mailto:milenacarvalho@iscap.ipp.pt\" target=\"_blank\" rel=\"noreferrer noopener\"><span style=\"color: #ac8968;\" class=\"stk-highlight\">milenacarvalho@iscap.ipp.pt<\/span><\/a><strong><span style=\"color: #ac8968;\" class=\"stk-highlight\">&nbsp;<\/span><span style=\"color: var(--theme-palette-color-3, #4a4a4a);\" class=\"stk-highlight\">(Polit\u00e9cnico do Porto)&nbsp;<\/span><\/strong><\/p>\n\n\n\n<h6 class=\"wp-block-heading\" id=\"h.wy5fv6k2zr1b_l\" data-block-type=\"core\"><strong><span style=\"color: #865d36;\" class=\"stk-highlight\">COMISS\u00c3O ORGANIZADORA | ORGANISING COMMITTEE<\/span><\/strong><\/h6>\n\n\n\n<ul class=\"wp-block-list\" data-block-type=\"core\">\n<li data-block-type=\"core\"><strong><span style=\"color: #614224;\" class=\"stk-highlight\">Ant\u00f3nio Jos\u00e9 Abreu (Polit\u00e9cnico do Porto)<\/span><\/strong><\/li>\n\n\n\n<li data-block-type=\"core\"><strong><span style=\"color: #614224;\" class=\"stk-highlight\">Cl\u00e1udia Pinto (Universidade de Vigo)<\/span><\/strong><\/li>\n\n\n\n<li data-block-type=\"core\"><strong><span style=\"color: #614224;\" class=\"stk-highlight\">Dalbert Marques Oliveira (Faculdade de Letras da Universidade de Coimbra)<\/span><\/strong><\/li>\n\n\n\n<li data-block-type=\"core\"><strong><span style=\"color: #614224;\" class=\"stk-highlight\">Jo\u00e3o Vidal Carvalho (Polit\u00e9cnico do Porto)<\/span><\/strong><\/li>\n\n\n\n<li data-block-type=\"core\"><strong><span style=\"color: #614224;\" class=\"stk-highlight\">Maria In\u00eas Braga (Polit\u00e9cnico do Porto)<\/span><\/strong><\/li>\n\n\n\n<li data-block-type=\"core\"><strong><span style=\"color: #614224;\" class=\"stk-highlight\">Olga Ferreira (Polit\u00e9cnico do Porto, Universidad de Salamanca (USAL))&nbsp;<\/span><\/strong><\/li>\n\n\n\n<li data-block-type=\"core\"><strong><span style=\"color: #614224;\" class=\"stk-highlight\">Paula Sande (Polit\u00e9cnico do Porto)<\/span><\/strong><\/li>\n\n\n\n<li data-block-type=\"core\"><strong><span style=\"color: #614224;\" class=\"stk-highlight\">Pedro Duarte (Polit\u00e9cnico do Porto)<\/span><\/strong><\/li>\n\n\n\n<li data-block-type=\"core\"><strong><span style=\"color: #614224;\" class=\"stk-highlight\">Ricardo Soares (Polit\u00e9cnico do Porto)<\/span><\/strong><\/li>\n\n\n\n<li data-block-type=\"core\"><strong><span style=\"color: #614224;\" class=\"stk-highlight\">Rui Humberto Pereira (Polit\u00e9cnico do Porto)<\/span><\/strong><\/li>\n\n\n\n<li data-block-type=\"core\"><strong><span style=\"color: #614224;\" class=\"stk-highlight\">Susana Martins (Polit\u00e9cnico do Porto)<\/span><\/strong><\/li>\n\n\n\n<li data-block-type=\"core\"><strong><span style=\"color: #614224;\" class=\"stk-highlight\">Susana Pinto (Polit\u00e9cnico do Porto)<\/span><\/strong><\/li>\n<\/ul>\n\n\n\n<h6 class=\"wp-block-heading\" id=\"h.rcv94lpe90im_l\" data-block-type=\"core\"><strong><span style=\"color: #865d36;\" class=\"stk-highlight\">COMISS\u00c3O&nbsp;CIENT\u00cdFICA&nbsp;|&nbsp;SCIENTIFIC&nbsp;COMMITTEE<\/span><\/strong><\/h6>\n\n\n\n<ul class=\"wp-block-list\" data-block-type=\"core\">\n<li data-block-type=\"core\"><strong><span style=\"color: #ac8968;\" class=\"stk-highlight\">Agostinho Sousa Pinto (Polit\u00e9cnico do Porto)<\/span><\/strong><\/li>\n\n\n\n<li data-block-type=\"core\"><strong><span style=\"color: #ac8968;\" class=\"stk-highlight\">Ana Alves Pereira (Associa\u00e7\u00e3o Portuguesa de Bibliotec\u00e1rios, Arquivistas, Profissionais da Informa\u00e7\u00e3o e Documenta\u00e7\u00e3o (BAD))<\/span><\/strong><\/li>\n\n\n\n<li data-block-type=\"core\"><strong><span style=\"color: #ac8968;\" class=\"stk-highlight\">Ana Branca de Carvalho (Polit\u00e9cnico de Lamego)<\/span><\/strong><\/li>\n\n\n\n<li data-block-type=\"core\"><strong><span style=\"color: #ac8968;\" class=\"stk-highlight\">Ana Novo (Universidade Aberta)<\/span><\/strong><\/li>\n\n\n\n<li data-block-type=\"core\"><strong><span style=\"color: #ac8968;\" class=\"stk-highlight\">Ana L\u00facia Terra (Faculdade de Letras da Universidade de Coimbra)<\/span><\/strong><\/li>\n\n\n\n<li data-block-type=\"core\"><strong><span style=\"color: #ac8968;\" class=\"stk-highlight\">Ana Isabel Azevedo (Polit\u00e9cnico do Porto)<\/span><\/strong><\/li>\n\n\n\n<li data-block-type=\"core\"><span style=\"color: #ac8968;\" class=\"stk-highlight\"><strong>Ana Paula Camarinha (Polit\u00e9cnico do Porto)<\/strong><\/span><\/li>\n\n\n\n<li data-block-type=\"core\"><strong><span style=\"color: #ac8968;\" class=\"stk-highlight\">Armando Malheiro (Faculdade de Letras da Universidade do Porto)<\/span><\/strong><\/li>\n\n\n\n<li data-block-type=\"core\"><strong><span style=\"color: #ac8968;\" class=\"stk-highlight\">Alexandra Albuquerque (Polit\u00e9cnico do Porto)<\/span><\/strong><\/li>\n\n\n\n<li data-block-type=\"core\"><strong><span style=\"color: #ac8968;\" class=\"stk-highlight\">Ant\u00f3nio Jos\u00e9 Abreu (Polit\u00e9cnico do Porto)<\/span><\/strong><\/li>\n\n\n\n<li data-block-type=\"core\"><strong><span style=\"color: #ac8968;\" class=\"stk-highlight\">Ant\u00f3nio Regedor (Universidade Fernando Pessoa)<\/span><\/strong><\/li>\n\n\n\n<li data-block-type=\"core\"><strong><span style=\"color: #ac8968;\" class=\"stk-highlight\">Ant\u00f3nio Vidal Carvalho (Polit\u00e9cnico do Porto)<\/span><\/strong><\/li>\n\n\n\n<li data-block-type=\"core\"><strong><span style=\"color: #ac8968;\" class=\"stk-highlight\">Aurora Gonz\u00e1lez-Teruel (Departamento de Historia de la Ciencia y Documentaci\u00f3n \u2013 Universitat de Valencia)<\/span><\/strong><\/li>\n\n\n\n<li data-block-type=\"core\"><strong><span style=\"color: #ac8968;\" class=\"stk-highlight\">Bel\u00e9n Garcia-Delgado (Universidad Europea de Madrid)<\/span><\/strong><\/li>\n\n\n\n<li data-block-type=\"core\"><strong><span style=\"color: #ac8968;\" class=\"stk-highlight\">Blanca Rodr\u00edguez Bravo (\u00c1rea Biblioteconom\u00eda y Documentaci\u00f3n Departamento de Patrimonio Art\u00edstico y Documental \u2013 Universidad de Le\u00f3n)<\/span><\/strong><\/li>\n\n\n\n<li data-block-type=\"core\"><strong><span style=\"color: #ac8968;\" class=\"stk-highlight\">Carlos da Silva Guardado (Universidade de Lisboa)<\/span><\/strong><\/li>\n\n\n\n<li data-block-type=\"core\"><strong><span style=\"color: #ac8968;\" class=\"stk-highlight\">Cassia Cordeiro Furtado (Universidade Federal do Maranh\u00e3o)<\/span><\/strong><\/li>\n\n\n\n<li data-block-type=\"core\"><strong><span style=\"color: #ac8968;\" class=\"stk-highlight\">C\u00e9lia Talma Gon\u00e7alves (Polit\u00e9cnico do Porto)<\/span><\/strong><\/li>\n\n\n\n<li data-block-type=\"core\"><strong><span style=\"color: #ac8968;\" class=\"stk-highlight\">Cristina Torres (Polit\u00e9cnico do Porto)<\/span><\/strong><\/li>\n\n\n\n<li data-block-type=\"core\"><strong><span style=\"color: #ac8968;\" class=\"stk-highlight\">Cl\u00e1udia Neto (Polit\u00e9cnico do Porto)<\/span><\/strong><\/li>\n\n\n\n<li data-block-type=\"core\"><strong><span style=\"color: #ac8968;\" class=\"stk-highlight\">Cl\u00e1udia Pinto (Universidade de Vigo)<\/span><\/strong><\/li>\n\n\n\n<li data-block-type=\"core\"><strong><span style=\"color: #ac8968;\" class=\"stk-highlight\">Dalbert Marques Oliveira (Faculdade de Letras da Universidade de Coimbra)<\/span><\/strong><\/li>\n\n\n\n<li data-block-type=\"core\"><strong><span style=\"color: #ac8968;\" class=\"stk-highlight\">Dina Baptista (Universidade de Aveiro)<\/span><\/strong><\/li>\n\n\n\n<li data-block-type=\"core\"><strong><span style=\"color: #ac8968;\" class=\"stk-highlight\">Elisa Cerveira (Faculdade de Letras da Universidade do Porto)<\/span><\/strong><\/li>\n\n\n\n<li data-block-type=\"core\"><strong><span style=\"color: #ac8968;\" class=\"stk-highlight\">Eno\u00ed Dag\u00f4 Liedke (Universidade Federal do Rio Grande do Sul)<\/span><\/strong><\/li>\n\n\n\n<li data-block-type=\"core\"><strong><span style=\"color: #ac8968;\" class=\"stk-highlight\">Eus\u00e9bio F. Costa (Instituto Europeu de Estudos Superiores)<\/span><\/strong><\/li>\n\n\n\n<li data-block-type=\"core\"><strong><span style=\"color: #ac8968;\" class=\"stk-highlight\">Julce Mary Cornelsen (Universidade Estadual de Londrina, Paran\u00e1, Brasil)<\/span><\/strong><\/li>\n\n\n\n<li data-block-type=\"core\"><strong><span style=\"color: #ac8968;\" class=\"stk-highlight\">Lu\u00edsa Alvim (Universidade de \u00c9vora)<\/span><\/strong><\/li>\n\n\n\n<li data-block-type=\"core\"><strong><span style=\"color: #ac8968;\" class=\"stk-highlight\">Lu\u00eds Borges Gouveia (Universidade Fernando Pessoa)<\/span><\/strong><\/li>\n\n\n\n<li data-block-type=\"core\"><strong><span style=\"color: #ac8968;\" class=\"stk-highlight\">Lu\u00eds Silva Rodrigues (Polit\u00e9cnico do Porto)<\/span><\/strong><\/li>\n\n\n\n<li data-block-type=\"core\"><strong><span style=\"color: #ac8968;\" class=\"stk-highlight\">Maria Beatriz Marques (Faculdade de Letras da Universidade de Coimbra)<\/span><\/strong><\/li>\n\n\n\n<li data-block-type=\"core\"><strong><span style=\"color: #ac8968;\" class=\"stk-highlight\">Mar\u00eda Del Carmen Rodriguez L\u00f3pez (\u00c1rea de Biblioteconom\u00eda y Documentaci\u00f3n \u2013 Instituto de Humanismo y Tradici\u00f3n Cl\u00e1sica Universidad de Le\u00f3n)<\/span><\/strong><\/li>\n\n\n\n<li data-block-type=\"core\"><strong><span style=\"color: #ac8968;\" class=\"stk-highlight\">Maria In\u00eas Braga (Polit\u00e9cnico do Porto)<\/span><\/strong><\/li>\n\n\n\n<li data-block-type=\"core\"><strong><span style=\"color: #ac8968;\" class=\"stk-highlight\">Maria Jo\u00e3o Castro (Polit\u00e9cnico do Porto)<\/span><\/strong><\/li>\n\n\n\n<li data-block-type=\"core\"><strong><span style=\"color: #ac8968;\" class=\"stk-highlight\">Maria Jos\u00e9 Ang\u00e9lico (Polit\u00e9cnico do Porto)<\/span><\/strong><\/li>\n\n\n\n<li data-block-type=\"core\"><strong><span style=\"color: #ac8968;\" class=\"stk-highlight\">Maria Manuel Borges (Faculdade de Letras Universidade de Coimbra)<\/span><\/strong><\/li>\n\n\n\n<li data-block-type=\"core\"><strong><span style=\"color: #ac8968;\" class=\"stk-highlight\">Marta Brand\u00e3o (C\u00e2mara Municipal do Porto)<\/span><\/strong><\/li>\n\n\n\n<li data-block-type=\"core\"><strong><span style=\"color: #ac8968;\" class=\"stk-highlight\">Michael Boock (Oregon State University Libraries &amp; Press)<\/span><\/strong><\/li>\n\n\n\n<li data-block-type=\"core\"><strong><span style=\"color: #ac8968;\" class=\"stk-highlight\">Milena Carvalho (Polit\u00e9cnico do Porto)<\/span><\/strong><\/li>\n\n\n\n<li data-block-type=\"core\"><strong><span style=\"color: #ac8968;\" class=\"stk-highlight\">Paula Och\u00f4a (Universidade Nova de Lisboa)<\/span><\/strong><\/li>\n\n\n\n<li data-block-type=\"core\"><strong><span style=\"color: #ac8968;\" class=\"stk-highlight\">Paula Sande (Polit\u00e9cnico do Porto)<\/span><\/strong><\/li>\n\n\n\n<li data-block-type=\"core\"><strong><span style=\"color: #ac8968;\" class=\"stk-highlight\">Paulo Trigueiros (Polit\u00e9cnico do Porto)<\/span><\/strong><\/li>\n\n\n\n<li data-block-type=\"core\"><strong><span style=\"color: #ac8968;\" class=\"stk-highlight\">Pedro Penteado (Dire\u00e7\u00e3o-Geral do Livro, dos Arquivos e das Bibliotecas (DGLAB)<\/span><\/strong><\/li>\n\n\n\n<li data-block-type=\"core\"><strong><span style=\"color: #ac8968;\" class=\"stk-highlight\">Rasa Pocevi\u010dien\u0117 (Department of Management and Communication in \u0160iauliai State University of Applies Sciences \u2013 Litu\u00e2nia)<\/span><\/strong><\/li>\n\n\n\n<li data-block-type=\"core\"><strong><span style=\"color: #ac8968;\" class=\"stk-highlight\">Rosa Saraiva (A Associa\u00e7\u00e3o Portuguesa de Documenta\u00e7\u00e3o e Informa\u00e7\u00e3o de Sa\u00fade APDIS)<\/span><\/strong><\/li>\n\n\n\n<li data-block-type=\"core\"><strong><span style=\"color: #ac8968;\" class=\"stk-highlight\">Rainer Rubira Garc\u00eda (Universidad Rey Juan Carlos)<\/span><\/strong><\/li>\n\n\n\n<li data-block-type=\"core\"><strong><span style=\"color: #ac8968;\" class=\"stk-highlight\">Rui Humberto Pereira (Polit\u00e9cnico do Porto)<\/span><\/strong><\/li>\n\n\n\n<li data-block-type=\"core\"><strong><span style=\"color: #ac8968;\" class=\"stk-highlight\">Sandra Dias (Dire\u00e7\u00e3o-Geral do Livro, dos Arquivos e das Bibliotecas (DGLAB)<\/span><\/strong><\/li>\n\n\n\n<li data-block-type=\"core\"><strong><span style=\"color: #ac8968;\" class=\"stk-highlight\">S\u00f3nia Estrela (Universidade de Aveiro)<\/span><\/strong><\/li>\n\n\n\n<li data-block-type=\"core\"><strong><span style=\"color: #ac8968;\" class=\"stk-highlight\">Tania Todorova (Library Management and Archival Studies Department \u2013 University of Sofia, Bulg\u00e1ria)<\/span><\/strong><\/li>\n<\/ul>\n","protected":false},"excerpt":{"rendered":"<p>GENERAL CHAIRMilena Carvalho:&nbsp;milenacarvalho@iscap.ipp.pt&nbsp;(Polit\u00e9cnico do Porto)&nbsp; COMISS\u00c3O ORGANIZADORA | ORGANISING COMMITTEE COMISS\u00c3O&nbsp;CIENT\u00cdFICA&nbsp;|&nbsp;SCIENTIFIC&nbsp;COMMITTEE<\/p>\n","protected":false},"author":1,"featured_media":1190,"parent":0,"menu_order":0,"comment_status":"closed","ping_status":"closed","template":"","meta":{"pgc_sgb_lightbox_settings":"","_themeisle_gutenberg_block_has_review":false,"footnotes":""},"class_list":["post-1285","page","type-page","status-publish","has-post-thumbnail","hentry"],"blocksy_meta":[],"_links":{"self":[{"href":"https:\/\/www.iscap.pt\/conferencias\/XIX-EncontroCTDI25\/wp-json\/wp\/v2\/pages\/1285","targetHints":{"allow":["GET"]}}],"collection":[{"href":"https:\/\/www.iscap.pt\/conferencias\/XIX-EncontroCTDI25\/wp-json\/wp\/v2\/pages"}],"about":[{"href":"https:\/\/www.iscap.pt\/conferencias\/XIX-EncontroCTDI25\/wp-json\/wp\/v2\/types\/page"}],"author":[{"embeddable":true,"href":"https:\/\/www.iscap.pt\/conferencias\/XIX-EncontroCTDI25\/wp-json\/wp\/v2\/users\/1"}],"replies":[{"embeddable":true,"href":"https:\/\/www.iscap.pt\/conferencias\/XIX-EncontroCTDI25\/wp-json\/wp\/v2\/comments?post=1285"}],"version-history":[{"count":4,"href":"https:\/\/www.iscap.pt\/conferencias\/XIX-EncontroCTDI25\/wp-json\/wp\/v2\/pages\/1285\/revisions"}],"predecessor-version":[{"id":1470,"href":"https:\/\/www.iscap.pt\/conferencias\/XIX-EncontroCTDI25\/wp-json\/wp\/v2\/pages\/1285\/revisions\/1470"}],"wp:featuredmedia":[{"embeddable":true,"href":"https:\/\/www.iscap.pt\/conferencias\/XIX-EncontroCTDI25\/wp-json\/wp\/v2\/media\/1190"}],"wp:attachment":[{"href":"https:\/\/www.iscap.pt\/conferencias\/XIX-EncontroCTDI25\/wp-json\/wp\/v2\/media?parent=1285"}],"curies":[{"name":"wp","href":"https:\/\/api.w.org\/{rel}","templated":true}]}}