{"id":1322,"date":"2025-10-28T23:17:54","date_gmt":"2025-10-28T23:17:54","guid":{"rendered":"https:\/\/www.iscap.pt\/conferencias\/XIX-EncontroCTDI25\/?page_id=1322"},"modified":"2025-11-14T16:33:01","modified_gmt":"2025-11-14T16:33:01","slug":"chamada-de-trabalhos","status":"publish","type":"page","link":"https:\/\/www.iscap.pt\/conferencias\/XIX-EncontroCTDI25\/chamada-de-trabalhos\/","title":{"rendered":"Chamada de trabalhos"},"content":{"rendered":"\n<div class=\"wp-block-stackable-button-group stk-block-button-group stk-block stk-c99ca8f\" data-block-id=\"c99ca8f\"><div class=\"stk-row stk-inner-blocks stk-block-content stk-button-group\">\n<div class=\"wp-block-stackable-button stk-block-button stk-block stk-96efc7e\" data-block-id=\"96efc7e\"><style>.stk-96efc7e .stk-button{background:#865d36 !important;}.stk-96efc7e .stk-button__inner-text{color:#fffffe !important;}<\/style><a class=\"stk-link stk-button stk--hover-effect-darken\" href=\"https:\/\/parc.ipp.pt\/index.php\/ctdi\/about\/submissions\" target=\"_blank\" rel=\"noreferrer noopener\"><span class=\"has-text-color stk-button__inner-text\">SUBMISS\u00d5ES<\/span><\/a><\/div>\n<\/div><\/div>\n\n\n\n<div class=\"wp-block-stackable-heading stk-block-heading stk-block-heading--v2 stk-block stk-ae24fc3\" id=\"span-style-color-ff-6900-class-stk-highlight-strong-datas-importantes-strong-span\" data-block-id=\"ae24fc3\"><style>.stk-ae24fc3 {margin-bottom:18px !important;}<\/style><h4 class=\"stk-block-heading__text\"><span style=\"color: #ff6900;\" class=\"stk-highlight\"><strong>DATAS IMPORTANTES<\/strong>:<\/span><\/h4><\/div>\n\n\n\n<div class=\"wp-block-stackable-icon-list stk-block-icon-list stk-block stk-960b10f\" data-block-id=\"960b10f\"><style>.stk-960b10f {margin-bottom:0px !important;}<\/style><svg style=\"display:none\"><defs><g id=\"stk-icon-list__icon-svg-def-960b10f\"><svg xmlns=\"http:\/\/www.w3.org\/2000\/svg\" viewBox=\"0 0 190 190\"><polygon points=\"173.8,28.4 60.4,141.8 15.7,97.2 5.1,107.8 60.4,163 184.4,39 173.8,28.4\"\/><\/svg><\/g><\/defs><\/svg><ul class=\"stk-block-icon-list__ul stk-block-icon-list--column\">\n<li class=\"wp-block-stackable-icon-list-item stk-block-icon-list-item stk-block stk-efcf1cd\" data-block-id=\"efcf1cd\"><div class=\"stk-block-icon-list-item__content\"><span class=\"stk--svg-wrapper\"><div class=\"stk--inner-svg\"><svg aria-hidden=\"true\" width=\"32\" height=\"32\"><use xlink:href=\"#stk-icon-list__icon-svg-def-960b10f\"><\/use><\/svg><\/div><\/span><span class=\"stk-block-icon-list-item__text\"><span style=\"color: #865d36;\" class=\"stk-highlight\"><strong>Resumo: <s>15 nov. 2025<\/s><\/strong><\/span> <strong><span style=\"color: #cf2e2e;\" class=\"stk-highlight\">23 nov. 2025<\/span><\/strong><\/span><\/div><\/li>\n<\/ul><\/div>\n\n\n\n<div class=\"wp-block-stackable-icon-list stk-block-icon-list stk-block stk-0db169c\" data-block-id=\"0db169c\"><style>.stk-0db169c {margin-bottom:0px !important;}<\/style><svg style=\"display:none\"><defs><g id=\"stk-icon-list__icon-svg-def-0db169c\"><svg xmlns=\"http:\/\/www.w3.org\/2000\/svg\" viewBox=\"0 0 190 190\"><polygon points=\"173.8,28.4 60.4,141.8 15.7,97.2 5.1,107.8 60.4,163 184.4,39 173.8,28.4\"\/><\/svg><\/g><\/defs><\/svg><ul class=\"stk-block-icon-list__ul stk-block-icon-list--column\">\n<li class=\"wp-block-stackable-icon-list-item stk-block-icon-list-item stk-block stk-06e22a9\" data-block-id=\"06e22a9\"><div class=\"stk-block-icon-list-item__content\"><span class=\"stk--svg-wrapper\"><div class=\"stk--inner-svg\"><svg aria-hidden=\"true\" width=\"32\" height=\"32\"><use xlink:href=\"#stk-icon-list__icon-svg-def-0db169c\"><\/use><\/svg><\/div><\/span><span class=\"stk-block-icon-list-item__text\"><span style=\"color: #865d36;\" class=\"stk-highlight\"><strong>Notifica\u00e7\u00e3o aos autores: <s>17 nov. 2025<\/s><\/strong><\/span> <strong><span style=\"color: #0f0e17;\" class=\"stk-highlight\">27 nov. 2025<\/span><\/strong><\/span><\/div><\/li>\n<\/ul><\/div>\n\n\n\n<div class=\"wp-block-stackable-icon-list stk-block-icon-list stk-block stk-7c4f307\" data-block-id=\"7c4f307\"><style>.stk-7c4f307 {margin-bottom:0px !important;}<\/style><svg style=\"display:none\"><defs><g id=\"stk-icon-list__icon-svg-def-7c4f307\"><svg xmlns=\"http:\/\/www.w3.org\/2000\/svg\" viewBox=\"0 0 190 190\"><polygon points=\"173.8,28.4 60.4,141.8 15.7,97.2 5.1,107.8 60.4,163 184.4,39 173.8,28.4\"\/><\/svg><\/g><\/defs><\/svg><ul class=\"stk-block-icon-list__ul stk-block-icon-list--column\">\n<li class=\"wp-block-stackable-icon-list-item stk-block-icon-list-item stk-block stk-6ad21f0\" data-block-id=\"6ad21f0\"><div class=\"stk-block-icon-list-item__content\"><span class=\"stk--svg-wrapper\"><div class=\"stk--inner-svg\"><svg aria-hidden=\"true\" width=\"32\" height=\"32\"><use xlink:href=\"#stk-icon-list__icon-svg-def-7c4f307\"><\/use><\/svg><\/div><\/span><span class=\"stk-block-icon-list-item__text\"><strong><span style=\"color: #865d36;\" class=\"stk-highlight\">Texto completo: <\/span><span style=\"color: #0f0e17;\" class=\"stk-highlight\">06 dez. 2025<\/span><\/strong><\/span><\/div><\/li>\n<\/ul><\/div>\n\n\n\n<div class=\"wp-block-stackable-icon-list stk-block-icon-list stk-block stk-99559ba\" data-block-id=\"99559ba\"><svg style=\"display:none\"><defs><g id=\"stk-icon-list__icon-svg-def-99559ba\"><svg xmlns=\"http:\/\/www.w3.org\/2000\/svg\" viewBox=\"0 0 190 190\"><polygon points=\"173.8,28.4 60.4,141.8 15.7,97.2 5.1,107.8 60.4,163 184.4,39 173.8,28.4\"\/><\/svg><\/g><\/defs><\/svg><ul class=\"stk-block-icon-list__ul stk-block-icon-list--column\">\n<li class=\"wp-block-stackable-icon-list-item stk-block-icon-list-item stk-block stk-7503c25\" data-block-id=\"7503c25\"><div class=\"stk-block-icon-list-item__content\"><span class=\"stk--svg-wrapper\"><div class=\"stk--inner-svg\"><svg aria-hidden=\"true\" width=\"32\" height=\"32\"><use xlink:href=\"#stk-icon-list__icon-svg-def-99559ba\"><\/use><\/svg><\/div><\/span><span class=\"stk-block-icon-list-item__text\"><span style=\"color: #865d36;\" class=\"stk-highlight\"><strong>Submiss\u00e3o final (Camera-ready): <\/strong><\/span><strong><span style=\"color: #0f0e17;\" class=\"stk-highlight\">06 dez. 2025<\/span><\/strong><\/span><\/div><\/li>\n<\/ul><\/div>\n\n\n\n<div class=\"wp-block-stackable-spacer stk-block-spacer stk--no-padding stk-block stk-55f2b01\" data-block-id=\"55f2b01\"><style>.stk-55f2b01 {height:10px !important;}<\/style><\/div>\n\n\n\n<p data-block-type=\"core\"><span style=\"color: #614224;\" class=\"stk-highlight\">Esta confer\u00eancia aceita a submiss\u00e3o de&nbsp;<strong>artigos<\/strong>&nbsp;(5-10 p\u00e1ginas) e&nbsp;<strong>p\u00f3steres<\/strong>&nbsp;que enquadrem trabalhos e reflex\u00f5es sobre o tema exposto. \u00c9 ainda poss\u00edvel submeter p\u00f3steres sobre este tema. Ver mais informa\u00e7\u00e3o em&nbsp;<a href=\"https:\/\/www.iscap.pt\/conferencias\/XIX-EncontroCTDI25\/instrucoes-para-autores\/\"><strong>Instru\u00e7\u00f5es para autores.<\/strong><\/a><\/span><\/p>\n\n\n\n<p data-block-type=\"core\"><span style=\"color: #614224;\" class=\"stk-highlight\">Ser\u00e3o aceites artigos e p\u00f3steres em&nbsp;<strong>portugu\u00eas&nbsp;<\/strong>e&nbsp;<strong>ingl\u00eas<\/strong>.&nbsp;<\/span><\/p>\n\n\n\n<p data-block-type=\"core\"><span style=\"color: #614224;\" class=\"stk-highlight\">Por favor, consulte as instru\u00e7\u00f5es para os autores\/ <strong>Registo para submiss\u00e3o na liga\u00e7\u00e3o abaixo indicada<\/strong>:<\/span><\/p>\n\n\n\n<p data-block-type=\"core\"><span style=\"color: #ff6900;\" class=\"stk-highlight\"><strong><a href=\"https:\/\/parc.ipp.pt\/index.php\/ctdi\/about\/submissions\" target=\"_blank\" rel=\"noreferrer noopener\">https:\/\/parc.ipp.pt\/index.php\/ctdi\/about\/submissions<\/a><\/strong><\/span><\/p>\n\n\n\n<p data-block-type=\"core\"><span style=\"color: #614224;\" class=\"stk-highlight\">Ou clique no bot\u00e3o \u201c<\/span><strong><span style=\"color: var(--theme-palette-color-3, #4a4a4a);\" class=\"stk-highlight\">SUBMISS\u00d5ES<\/span><\/strong><span style=\"color: #614224;\" class=\"stk-highlight\">\u201c, no topo da p\u00e1gina<\/span><\/p>\n\n\n\n<div class=\"wp-block-stackable-heading stk-block-heading stk-block-heading--v2 stk-block stk-f26e337\" id=\"strong-span-style-color-ac-8968-class-stk-highlight-criterios-de-submissao-span-br-strong\" data-block-id=\"f26e337\"><style>.stk-f26e337 {margin-bottom:0px !important;}<\/style><h4 class=\"stk-block-heading__text\"><strong><span style=\"color: #ac8968;\" class=\"stk-highlight\">Crit\u00e9rios de Submiss\u00e3o<\/span><br><\/strong><\/h4><\/div>\n\n\n\n<ul class=\"wp-block-list\" data-block-type=\"core\">\n<li data-block-type=\"core\"><span style=\"color: #614224;\" class=\"stk-highlight\">Todos os artigos ser\u00e3o submetidos a uma \u201c<em>double-blind review<\/em>\u201d por, pelo menos, dois membros da Comiss\u00e3o Cient\u00edfica.<\/span>&nbsp;<\/li>\n\n\n\n<li data-block-type=\"core\"><span style=\"color: #614224;\" class=\"stk-highlight\">Com base na avalia\u00e7\u00e3o dos membros da Comiss\u00e3o Cient\u00edfica, uma proposta pode ser rejeitada ou aceite pelo Presidente da Confer\u00eancia.&nbsp;<\/span><\/li>\n\n\n\n<li data-block-type=\"core\"><span style=\"color: #614224;\" class=\"stk-highlight\">Os autores das propostas aceites ter\u00e3o&nbsp;<strong>15 minutos<\/strong>&nbsp;para apresentar o seu trabalho na Confer\u00eancia.&nbsp;<\/span><\/li>\n\n\n\n<li data-block-type=\"core\"><span style=\"color: #614224;\" class=\"stk-highlight\">No final de cada bloco de apresenta\u00e7\u00f5es, ser\u00e3o reservados&nbsp;<strong>10 minutos para perguntas e discuss\u00e3o<\/strong>.&nbsp;<\/span><\/li>\n\n\n\n<li data-block-type=\"core\"><span style=\"color: #614224;\" class=\"stk-highlight\">Todas as apresenta\u00e7\u00f5es ser\u00e3o alvo de publica\u00e7\u00e3o no Livro de Atas da Confer\u00eancia. No caso dos posters, ser\u00e1 publicado o resumo alargado.<\/span><\/li>\n<\/ul>\n","protected":false},"excerpt":{"rendered":"<p>SUBMISS\u00d5ES DATAS IMPORTANTES: Esta confer\u00eancia aceita a submiss\u00e3o de&nbsp;artigos&nbsp;(5-10 p\u00e1ginas) e&nbsp;p\u00f3steres&nbsp;que enquadrem trabalhos e reflex\u00f5es sobre o tema exposto. \u00c9 ainda poss\u00edvel submeter p\u00f3steres sobre este tema. Ver mais informa\u00e7\u00e3o em&nbsp;Instru\u00e7\u00f5es para autores. Ser\u00e3o aceites artigos e p\u00f3steres em&nbsp;portugu\u00eas&nbsp;e&nbsp;ingl\u00eas.&nbsp; Por favor, consulte as instru\u00e7\u00f5es para os autores\/ Registo para submiss\u00e3o na liga\u00e7\u00e3o abaixo indicada: https:\/\/parc.ipp.pt\/index.php\/ctdi\/about\/submissions [&hellip;]<\/p>\n","protected":false},"author":1,"featured_media":0,"parent":0,"menu_order":0,"comment_status":"closed","ping_status":"closed","template":"","meta":{"pgc_sgb_lightbox_settings":"","_themeisle_gutenberg_block_has_review":false,"footnotes":""},"class_list":["post-1322","page","type-page","status-publish","hentry"],"blocksy_meta":[],"_links":{"self":[{"href":"https:\/\/www.iscap.pt\/conferencias\/XIX-EncontroCTDI25\/wp-json\/wp\/v2\/pages\/1322","targetHints":{"allow":["GET"]}}],"collection":[{"href":"https:\/\/www.iscap.pt\/conferencias\/XIX-EncontroCTDI25\/wp-json\/wp\/v2\/pages"}],"about":[{"href":"https:\/\/www.iscap.pt\/conferencias\/XIX-EncontroCTDI25\/wp-json\/wp\/v2\/types\/page"}],"author":[{"embeddable":true,"href":"https:\/\/www.iscap.pt\/conferencias\/XIX-EncontroCTDI25\/wp-json\/wp\/v2\/users\/1"}],"replies":[{"embeddable":true,"href":"https:\/\/www.iscap.pt\/conferencias\/XIX-EncontroCTDI25\/wp-json\/wp\/v2\/comments?post=1322"}],"version-history":[{"count":16,"href":"https:\/\/www.iscap.pt\/conferencias\/XIX-EncontroCTDI25\/wp-json\/wp\/v2\/pages\/1322\/revisions"}],"predecessor-version":[{"id":1475,"href":"https:\/\/www.iscap.pt\/conferencias\/XIX-EncontroCTDI25\/wp-json\/wp\/v2\/pages\/1322\/revisions\/1475"}],"wp:attachment":[{"href":"https:\/\/www.iscap.pt\/conferencias\/XIX-EncontroCTDI25\/wp-json\/wp\/v2\/media?parent=1322"}],"curies":[{"name":"wp","href":"https:\/\/api.w.org\/{rel}","templated":true}]}}