{"id":1330,"date":"2025-10-28T23:27:03","date_gmt":"2025-10-28T23:27:03","guid":{"rendered":"https:\/\/www.iscap.pt\/conferencias\/XIX-EncontroCTDI25\/?page_id=1330"},"modified":"2025-11-16T20:10:07","modified_gmt":"2025-11-16T20:10:07","slug":"instrucoes-para-autores","status":"publish","type":"page","link":"https:\/\/www.iscap.pt\/conferencias\/XIX-EncontroCTDI25\/instrucoes-para-autores\/","title":{"rendered":"Instru\u00e7\u00f5es para autores"},"content":{"rendered":"\n<div class=\"wp-block-stackable-spacer stk-block-spacer stk--no-padding stk-block stk-550a48f\" data-block-id=\"550a48f\"><style>.stk-550a48f {height:20px !important;}<\/style><\/div>\n\n\n\n<div class=\"wp-block-file\" data-block-type=\"core\"><a id=\"wp-block-file--media-dd5242a3-4f5c-4fde-a060-d25ca8aba0a7\" href=\"https:\/\/www.iscap.pt\/conferencias\/XIX-EncontroCTDI25\/wp-content\/uploads\/2025\/10\/Template-ArtigoPT.docx\" target=\"_blank\" rel=\"noreferrer noopener\"><strong><span style=\"color: #865d36;\" class=\"stk-highlight\">Template-Artigo_PT<\/span><\/strong><\/a><a href=\"https:\/\/www.iscap.pt\/conferencias\/XIX-EncontroCTDI25\/wp-content\/uploads\/2025\/10\/Template-ArtigoPT.docx\" class=\"wp-block-file__button wp-element-button\" download aria-describedby=\"wp-block-file--media-dd5242a3-4f5c-4fde-a060-d25ca8aba0a7\"><span style=\"color: var(--theme-palette-color-6, #f9fafb);\" class=\"stk-highlight\">Descarregar<\/span><\/a><\/div>\n\n\n\n<div class=\"wp-block-file\" data-block-type=\"core\"><a id=\"wp-block-file--media-576ce849-5859-459f-824a-b9aa10e20e13\" href=\"https:\/\/www.iscap.pt\/conferencias\/XIX-EncontroCTDI25\/wp-content\/uploads\/2025\/10\/Template-PosterPT_vc.ppt\"><span style=\"color: #865d36;\" class=\"stk-highlight\"><strong>Template-Poster_PT<\/strong><\/span><\/a><a href=\"https:\/\/www.iscap.pt\/conferencias\/XIX-EncontroCTDI25\/wp-content\/uploads\/2025\/10\/Template-PosterPT_vc.ppt\" class=\"wp-block-file__button wp-element-button\" download aria-describedby=\"wp-block-file--media-576ce849-5859-459f-824a-b9aa10e20e13\"><span style=\"color: var(--theme-palette-color-6, #f9fafb);\" class=\"stk-highlight\">Descarregar<\/span><\/a><\/div>\n\n\n\n<div class=\"wp-block-file\" data-block-type=\"core\"><a id=\"wp-block-file--media-c6067eea-0a1c-4ae1-9170-12a4ce7b8d1d\" href=\"https:\/\/www.iscap.pt\/conferencias\/XIX-EncontroCTDI25\/wp-content\/uploads\/2025\/10\/Template-apresentacoes.pptx\"><strong><span style=\"color: #865d36;\" class=\"stk-highlight\">Template_Apresenta\u00e7\u00f5es<\/span><\/strong><\/a><a href=\"https:\/\/www.iscap.pt\/conferencias\/XIX-EncontroCTDI25\/wp-content\/uploads\/2025\/10\/Template-apresentacoes.pptx\" class=\"wp-block-file__button wp-element-button\" download aria-describedby=\"wp-block-file--media-c6067eea-0a1c-4ae1-9170-12a4ce7b8d1d\">Descarregar<\/a><\/div>\n\n\n\n<div class=\"wp-block-stackable-heading stk-block-heading stk-block-heading--v2 stk-block stk-9b727d2\" id=\"strong-submissao-de-artigo-strong\" data-block-id=\"9b727d2\"><h4 class=\"stk-block-heading__text\"><strong>Submiss\u00e3o de artigo<\/strong><\/h4><\/div>\n\n\n\n<ul class=\"wp-block-list\" data-block-type=\"core\">\n<li data-block-type=\"core\"><span style=\"color: #614224;\" class=\"stk-highlight\">O artigo n\u00e3o poder\u00e1 ter mais do que 10 p\u00e1ginas (incluindo refer\u00eancias) e n\u00e3o poder\u00e1 ter menos de 5 p\u00e1ginas.<\/span><\/li>\n\n\n\n<li data-block-type=\"core\"><span style=\"color: #614224;\" class=\"stk-highlight\">Os autores dever\u00e3o seguir o&nbsp;<a href=\"https:\/\/www.iscap.pt\/conferencias\/XIX-EncontroCTDI25\/wp-content\/uploads\/2025\/10\/Template-ArtigoPT.docx\" target=\"_blank\" rel=\"noreferrer noopener\">modelo&nbsp;<\/a>da confer\u00eancia.<\/span><\/li>\n\n\n\n<li data-block-type=\"core\"><span style=\"color: #614224;\" class=\"stk-highlight\">Um artigo deve conter pelo menos as sec\u00e7\u00f5es: Resumo, Introdu\u00e7\u00e3o, Metodologia, Resultados, Conclus\u00f5es e Refer\u00eancias.<\/span><\/li>\n\n\n\n<li data-block-type=\"core\"><span style=\"color: #614224;\" class=\"stk-highlight\">As abreviaturas devem ser definidas na primeira vez que aparecem no texto antes de serem utilizadas apenas como abreviatura. <\/span><span style=\"color: #865d36;\" class=\"stk-highlight\">Note-se que as abreviaturas no t\u00edtulo n\u00e3o s\u00e3o permitidas.<\/span><\/li>\n\n\n\n<li data-block-type=\"core\"><span style=\"color: #614224;\" class=\"stk-highlight\">Evitar f\u00f3rmulas complexas. Para os s\u00edmbolos \u2264 ou \u2265, escrever em vez disso &lt;= ou &gt;=.<\/span><\/li>\n\n\n\n<li data-block-type=\"core\"><span style=\"color: #614224;\" class=\"stk-highlight\">As tabelas ou gr\u00e1ficos n\u00e3o podem ser inclu\u00eddos e ser\u00e3o apagados pelos editores.<\/span><\/li>\n\n\n\n<li data-block-type=\"core\"><span style=\"color: #614224;\" class=\"stk-highlight\">Os resumos n\u00e3o podem ter mais de 3500 carateres&nbsp; e menos de 900 carateres, incluindo espa\u00e7os.<\/span><br><\/li>\n<\/ul>\n\n\n\n<div class=\"wp-block-stackable-heading stk-block-heading stk-block-heading--v2 stk-block stk-68c3a1d\" id=\"strong-submissao-de-poster-strong\" data-block-id=\"68c3a1d\"><h4 class=\"stk-block-heading__text\"><strong>Submiss\u00e3o de poster<\/strong><\/h4><\/div>\n\n\n\n<ul class=\"wp-block-list\" data-block-type=\"core\">\n<li data-block-type=\"core\"><span style=\"color: #614224;\" class=\"stk-highlight\">O poster dever\u00e1 ter a dimens\u00e3o: 120 cm x 90 cm<\/span><\/li>\n\n\n\n<li data-block-type=\"core\"><span style=\"color: #614224;\" class=\"stk-highlight\">Os autores dever\u00e3o seguir o&nbsp;<a href=\"https:\/\/www.iscap.pt\/conferencias\/XIX-EncontroCTDI25\/wp-content\/uploads\/2025\/10\/Template-PosterPT_vc.ppt\" target=\"_blank\" rel=\"noreferrer noopener\">modelo<\/a> da confer\u00eancia.<\/span><\/li>\n<\/ul>\n\n\n\n<div class=\"wp-block-stackable-heading stk-block-heading stk-block-heading--v2 stk-block stk-ba23996\" id=\"br-strong-bibliografia-e-estilo-de-citacao-br-strong-span-style-color-614224-class-stk-highlight-strong-apa-strong-7-edicao-span-br-strong-br-br-apresentacao-de-artigo-strong\" data-block-id=\"ba23996\"><h5 class=\"stk-block-heading__text\"><br><strong>Bibliografia e estilo de cita\u00e7\u00e3o<br><\/strong><span style=\"color: #614224;\" class=\"stk-highlight\"><strong>APA&nbsp;<\/strong>7\u00aa Edi\u00e7\u00e3o.<\/span><br><strong><br><br>Apresenta\u00e7\u00e3o de artigo<\/strong><\/h5><\/div>\n\n\n\n<ul class=\"wp-block-list\" data-block-type=\"core\">\n<li data-block-type=\"core\"><span style=\"color: #614224;\" class=\"stk-highlight\">As apresenta\u00e7\u00f5es devem ser feitas em portugu\u00eas ou em ingl\u00eas.<\/span><\/li>\n\n\n\n<li data-block-type=\"core\"><span style=\"color: #614224;\" class=\"stk-highlight\">Cada apresenta\u00e7\u00e3o tem a dura\u00e7\u00e3o de 15 minutos (inclui perguntas e respostas).<\/span><\/li>\n\n\n\n<li data-block-type=\"core\"><span style=\"color: #614224;\" class=\"stk-highlight\">Certifique-se de que est\u00e1 dispon\u00edvel pelo menos 30 minutos antes do in\u00edcio da sess\u00e3o.<\/span><\/li>\n\n\n\n<li data-block-type=\"core\"><span style=\"color: #614224;\" class=\"stk-highlight\">Enviar a apresenta\u00e7\u00e3o at\u00e9 \u00e0 v\u00e9spera da confer\u00eancia.<\/span><\/li>\n\n\n\n<li data-block-type=\"core\"><span style=\"color: #614224;\" class=\"stk-highlight\">Todos os oradores ser\u00e3o apresentados \u00e0 audi\u00eancia pelo&nbsp;<em>chair<\/em>&nbsp;da sess\u00e3o.<\/span><\/li>\n<\/ul>\n\n\n\n<div class=\"wp-block-stackable-heading stk-block-heading stk-block-heading--v2 stk-block stk-3b4a220\" id=\"strong-nbsp-strong-strong-nbsp-apresentacao-de-poster-strong\" data-block-id=\"3b4a220\"><h5 class=\"stk-block-heading__text\"><strong>&nbsp;<\/strong><strong>&nbsp;Apresenta\u00e7\u00e3o de poster<\/strong><\/h5><\/div>\n\n\n\n<ul class=\"wp-block-list\" data-block-type=\"core\">\n<li data-block-type=\"core\"><span style=\"color: #614224;\" class=\"stk-highlight\">As apresenta\u00e7\u00f5es devem ser feitas em portugu\u00eas ou em ingl\u00eas.<\/span><\/li>\n\n\n\n<li data-block-type=\"core\"><span style=\"color: #614224;\" class=\"stk-highlight\">Cada apresenta\u00e7\u00e3o tem a dura\u00e7\u00e3o de 10 minutos.<\/span><\/li>\n\n\n\n<li data-block-type=\"core\"><span style=\"color: #614224;\" class=\"stk-highlight\">Certifique-se de que est\u00e1 dispon\u00edvel pelo menos 15 minutos antes do in\u00edcio da sess\u00e3o.<\/span><\/li>\n<\/ul>\n\n\n\n<div class=\"wp-block-stackable-spacer stk-block-spacer stk--no-padding stk-block stk-0be259e\" data-block-id=\"0be259e\"><style>.stk-0be259e {height:30px !important;}<\/style><\/div>\n\n\n\n<div class=\"wp-block-stackable-button-group stk-block-button-group stk-block stk-3786734\" data-block-id=\"3786734\"><div class=\"stk-row stk-inner-blocks stk-block-content stk-button-group\">\n<div class=\"wp-block-stackable-button stk-block-button stk-block stk-3c4a0c5\" data-block-id=\"3c4a0c5\"><style>.stk-3c4a0c5 .stk-button{background:#865d36 !important;}<\/style><a class=\"stk-link stk-button stk--hover-effect-darken\" href=\"https:\/\/parc.ipp.pt\/index.php\/ctdi\/about\/submissions\"><span class=\"stk-button__inner-text\"><strong>SUBMISS\u00d5ES<\/strong><\/span><\/a><\/div>\n<\/div><\/div>\n","protected":false},"excerpt":{"rendered":"<p>Submiss\u00e3o de artigo Submiss\u00e3o de poster Bibliografia e estilo de cita\u00e7\u00e3oAPA&nbsp;7\u00aa Edi\u00e7\u00e3o. Apresenta\u00e7\u00e3o de artigo &nbsp;&nbsp;Apresenta\u00e7\u00e3o de poster SUBMISS\u00d5ES<\/p>\n","protected":false},"author":1,"featured_media":0,"parent":0,"menu_order":0,"comment_status":"closed","ping_status":"closed","template":"","meta":{"pgc_sgb_lightbox_settings":"","_themeisle_gutenberg_block_has_review":false,"footnotes":""},"class_list":["post-1330","page","type-page","status-publish","hentry"],"blocksy_meta":[],"_links":{"self":[{"href":"https:\/\/www.iscap.pt\/conferencias\/XIX-EncontroCTDI25\/wp-json\/wp\/v2\/pages\/1330","targetHints":{"allow":["GET"]}}],"collection":[{"href":"https:\/\/www.iscap.pt\/conferencias\/XIX-EncontroCTDI25\/wp-json\/wp\/v2\/pages"}],"about":[{"href":"https:\/\/www.iscap.pt\/conferencias\/XIX-EncontroCTDI25\/wp-json\/wp\/v2\/types\/page"}],"author":[{"embeddable":true,"href":"https:\/\/www.iscap.pt\/conferencias\/XIX-EncontroCTDI25\/wp-json\/wp\/v2\/users\/1"}],"replies":[{"embeddable":true,"href":"https:\/\/www.iscap.pt\/conferencias\/XIX-EncontroCTDI25\/wp-json\/wp\/v2\/comments?post=1330"}],"version-history":[{"count":20,"href":"https:\/\/www.iscap.pt\/conferencias\/XIX-EncontroCTDI25\/wp-json\/wp\/v2\/pages\/1330\/revisions"}],"predecessor-version":[{"id":1480,"href":"https:\/\/www.iscap.pt\/conferencias\/XIX-EncontroCTDI25\/wp-json\/wp\/v2\/pages\/1330\/revisions\/1480"}],"wp:attachment":[{"href":"https:\/\/www.iscap.pt\/conferencias\/XIX-EncontroCTDI25\/wp-json\/wp\/v2\/media?parent=1330"}],"curies":[{"name":"wp","href":"https:\/\/api.w.org\/{rel}","templated":true}]}}