{"id":1409,"date":"2025-10-29T15:16:23","date_gmt":"2025-10-29T15:16:23","guid":{"rendered":"https:\/\/www.iscap.pt\/conferencias\/XIX-EncontroCTDI25\/?page_id=1409"},"modified":"2025-12-09T21:43:08","modified_gmt":"2025-12-09T21:43:08","slug":"inscricoes","status":"publish","type":"page","link":"https:\/\/www.iscap.pt\/conferencias\/XIX-EncontroCTDI25\/inscricoes\/","title":{"rendered":"Inscri\u00e7\u00f5es"},"content":{"rendered":"\n<div class=\"wp-block-stackable-button-group stk-block-button-group stk-block stk-f3116ec\" data-block-id=\"f3116ec\"><div class=\"stk-row stk-inner-blocks stk-block-content stk-button-group\">\n<div class=\"wp-block-stackable-button stk-block-button stk-block stk-4f88cdd\" data-block-id=\"4f88cdd\"><style>.stk-4f88cdd .stk-button{background:#865d36 !important;}.stk-4f88cdd .stk-button__inner-text{color:#fffffe !important;}<\/style><a class=\"stk-link stk-button stk--hover-effect-darken\" href=\"https:\/\/forms.office.com\/Pages\/ResponsePage.aspx?id=luUd1aBFpUqg2EfRyViqMgVUS6O8SExHt1t8aHVTn4NUNTNSMEtPM1pSWjlVNlpYTTJBSFM5NVpZNS4u\" target=\"_blank\" rel=\"noreferrer noopener\"><span class=\"has-text-color stk-button__inner-text\">INSCRI\u00c7\u00d5ES<\/span><\/a><\/div>\n<\/div><\/div>\n\n\n\n<div class=\"wp-block-stackable-heading stk-block-heading stk-block-heading--v2 stk-block stk-d4a817c\" id=\"span-style-color-ff-6900-class-stk-highlight-s-data-limite-de-inscricao-09-de-dezembro-de-2025-s-span-as-inscricoes-encontram-se-encerradas\" data-block-id=\"d4a817c\"><h4 class=\"stk-block-heading__text has-text-align-center\"><span style=\"color: #ff6900;\" class=\"stk-highlight\"><s>Data Limite de inscri\u00e7\u00e3o: 09 de dezembro de 2025<\/s><\/span> &#8211; As inscri\u00e7\u00f5es encontram-se encerradas<\/h4><\/div>\n\n\n\n<div class=\"wp-block-stackable-heading stk-block-heading stk-block-heading--v2 stk-block stk-e82c7e6\" id=\"span-style-color-865-d-36-class-stk-highlight-modalidades-de-inscricao-em-registration-modalities-em-span\" data-block-id=\"e82c7e6\"><h4 class=\"stk-block-heading__text has-text-align-center\"><span style=\"color: #865d36;\" class=\"stk-highlight\">Modalidades de inscri\u00e7\u00e3o | <em>Registration modalities<\/em><\/span><\/h4><\/div>\n\n\n\n<div class=\"wp-block-stackable-image stk-block-image has-text-align-center stk-block stk-e5544db\" data-block-id=\"e5544db\"><style>.stk-e5544db .stk-img-wrapper{width:385px !important;height:280px !important;}<\/style><figure><span class=\"stk-img-wrapper stk-image--shape-stretch\"><img loading=\"lazy\" decoding=\"async\" class=\"stk-img wp-image-1413\" src=\"https:\/\/www.iscap.pt\/conferencias\/XIX-EncontroCTDI25\/wp-content\/uploads\/2025\/10\/modalidades-de-inscricao.jpg\" width=\"815\" height=\"587\" alt=\"Modalidades de inscri\u00e7\u00e3o\" srcset=\"https:\/\/www.iscap.pt\/conferencias\/XIX-EncontroCTDI25\/wp-content\/uploads\/2025\/10\/modalidades-de-inscricao.jpg 815w, https:\/\/www.iscap.pt\/conferencias\/XIX-EncontroCTDI25\/wp-content\/uploads\/2025\/10\/modalidades-de-inscricao-300x216.jpg 300w, https:\/\/www.iscap.pt\/conferencias\/XIX-EncontroCTDI25\/wp-content\/uploads\/2025\/10\/modalidades-de-inscricao-768x553.jpg 768w\" sizes=\"auto, (max-width: 815px) 100vw, 815px\" \/><\/span><\/figure><\/div>\n\n\n\n<div class=\"wp-block-stackable-icon-list stk-block-icon-list stk-block stk-459ee3b\" data-block-id=\"459ee3b\"><style>.stk-459ee3b {margin-bottom:7px !important;}<\/style><svg style=\"display:none\"><defs><g id=\"stk-icon-list__icon-svg-def-459ee3b\"><svg xmlns=\"http:\/\/www.w3.org\/2000\/svg\" viewBox=\"0 0 190 190\"><polygon points=\"173.8,28.4 60.4,141.8 15.7,97.2 5.1,107.8 60.4,163 184.4,39 173.8,28.4\"\/><\/svg><\/g><\/defs><\/svg><ul class=\"stk-block-icon-list__ul stk-block-icon-list--column\">\n<li class=\"wp-block-stackable-icon-list-item stk-block-icon-list-item stk-block stk-bef62bf\" data-block-id=\"bef62bf\"><div class=\"stk-block-icon-list-item__content\"><span class=\"stk--svg-wrapper\"><div class=\"stk--inner-svg\"><svg aria-hidden=\"true\" width=\"32\" height=\"32\"><use xlink:href=\"#stk-icon-list__icon-svg-def-459ee3b\"><\/use><\/svg><\/div><\/span><span class=\"stk-block-icon-list-item__text\"><span style=\"color: #865d36;\" class=\"stk-highlight\"><strong><s>As inscri\u00e7\u00f5es est\u00e3o abertas at\u00e9 ao dia 09 de dezembro de 2025 | <em>Registration is open until December 09, 2025.<\/em><\/s><\/strong><\/span><\/span><\/div><\/li>\n<\/ul><\/div>\n\n\n\n<div class=\"wp-block-stackable-icon-list stk-block-icon-list stk-block stk-37930ae\" data-block-id=\"37930ae\"><style>.stk-37930ae {margin-bottom:7px !important;}<\/style><svg style=\"display:none\"><defs><g id=\"stk-icon-list__icon-svg-def-37930ae\"><svg xmlns=\"http:\/\/www.w3.org\/2000\/svg\" viewBox=\"0 0 190 190\"><polygon points=\"173.8,28.4 60.4,141.8 15.7,97.2 5.1,107.8 60.4,163 184.4,39 173.8,28.4\"\/><\/svg><\/g><\/defs><\/svg><ul class=\"stk-block-icon-list__ul stk-block-icon-list--column\">\n<li class=\"wp-block-stackable-icon-list-item stk-block-icon-list-item stk-block stk-a417b4a\" data-block-id=\"a417b4a\"><div class=\"stk-block-icon-list-item__content\"><span class=\"stk--svg-wrapper\"><div class=\"stk--inner-svg\"><svg aria-hidden=\"true\" width=\"32\" height=\"32\"><use xlink:href=\"#stk-icon-list__icon-svg-def-37930ae\"><\/use><\/svg><\/div><\/span><span class=\"stk-block-icon-list-item__text\"><span style=\"color: #865d36;\" class=\"stk-highlight\"><strong>O pagamento da inscri\u00e7\u00e3o dever\u00e1 ser efetuado por transfer\u00eancia banc\u00e1ria para o <\/strong><\/span><strong><span style=\"color: var(--theme-palette-color-3, #4a4a4a);\" class=\"stk-highlight\">IBAN<\/span><\/strong><span style=\"color: #865d36;\" class=\"stk-highlight\"><strong> | <em>The registration fee must be paid by bank transfer to<\/em> <\/strong><\/span><strong><span style=\"color: var(--theme-palette-color-3, #4a4a4a);\" class=\"stk-highlight\">IBAN: PT50 0781 0112 00000001016 3<\/span><\/strong><\/span><\/div><\/li>\n<\/ul><\/div>\n\n\n\n<div class=\"wp-block-stackable-icon-list stk-block-icon-list stk-block stk-402203b\" data-block-id=\"402203b\"><style>.stk-402203b {margin-bottom:35px !important;}<\/style><svg style=\"display:none\"><defs><g id=\"stk-icon-list__icon-svg-def-402203b\"><svg xmlns=\"http:\/\/www.w3.org\/2000\/svg\" viewBox=\"0 0 190 190\"><polygon points=\"173.8,28.4 60.4,141.8 15.7,97.2 5.1,107.8 60.4,163 184.4,39 173.8,28.4\"\/><\/svg><\/g><\/defs><\/svg><ul class=\"stk-block-icon-list__ul stk-block-icon-list--column\">\n<li class=\"wp-block-stackable-icon-list-item stk-block-icon-list-item stk-block stk-2040e3d\" data-block-id=\"2040e3d\"><div class=\"stk-block-icon-list-item__content\"><span class=\"stk--svg-wrapper\"><div class=\"stk--inner-svg\"><svg aria-hidden=\"true\" width=\"32\" height=\"32\"><use xlink:href=\"#stk-icon-list__icon-svg-def-402203b\"><\/use><\/svg><\/div><\/span><span class=\"stk-block-icon-list-item__text\"><strong><span style=\"color: #865d36;\" class=\"stk-highlight\">Por favor, enviar o comprovativo de pagamento para o endere\u00e7o | <em>Please send proof of payment to the email address:<\/em> <a href=\"mailto:olgaferreira@sc.ipp.pt\">olgaferreira@sc.ipp.pt<\/a><\/span><\/strong><\/span><\/div><\/li>\n<\/ul><\/div>\n\n\n\n<div class=\"wp-block-stackable-heading stk-block-heading stk-block-heading--v2 stk-block stk-6bcc681\" id=\"efetuar-inscricao\" data-block-id=\"6bcc681\"><style>.stk-6bcc681 {margin-bottom:10px !important;}<\/style><h4 class=\"stk-block-heading__text\">Efetuar inscri\u00e7\u00e3o:<\/h4><\/div>\n\n\n\n<p data-block-type=\"core\"><strong><span style=\"color: #865d36;\" class=\"stk-highlight\">Para efetuar a sua inscri\u00e7\u00e3o preencha e submeta o formul\u00e1rio disponibilizado atrav\u00e9s do link abaixo indicado:<\/span><\/strong><\/p>\n\n\n\n<p data-block-type=\"core\"><a href=\"https:\/\/forms.office.com\/e\/n8U8ViAfW7?origin=lprLink\"><span style=\"color: #ff6900;\" class=\"stk-highlight\"><strong>https:\/\/forms.office.com\/e\/n8U8ViAfW7?origin=lprLink<\/strong><\/span><\/a><\/p>\n\n\n\n<p data-block-type=\"core\"><span style=\"color: #865d36;\" class=\"stk-highlight\"><strong>Ou diretamente no c\u00f3digo QR disponibilizado nesta p\u00e1gina:<\/strong><\/span><\/p>\n\n\n\n<div class=\"wp-block-stackable-image stk-block-image stk-block stk-5751d9a\" data-block-id=\"5751d9a\"><style>.stk-5751d9a .stk-img-wrapper{width:200px !important;height:200px !important;}<\/style><figure><span class=\"stk-img-wrapper stk-image--shape-stretch\"><img loading=\"lazy\" decoding=\"async\" class=\"stk-img wp-image-1429\" src=\"https:\/\/www.iscap.pt\/conferencias\/XIX-EncontroCTDI25\/wp-content\/uploads\/2025\/10\/transferir.png\" width=\"800\" height=\"800\" alt=\"Formul\u00e1rio de inscri\u00e7\u00e3o\" srcset=\"https:\/\/www.iscap.pt\/conferencias\/XIX-EncontroCTDI25\/wp-content\/uploads\/2025\/10\/transferir.png 800w, https:\/\/www.iscap.pt\/conferencias\/XIX-EncontroCTDI25\/wp-content\/uploads\/2025\/10\/transferir-300x300.png 300w, https:\/\/www.iscap.pt\/conferencias\/XIX-EncontroCTDI25\/wp-content\/uploads\/2025\/10\/transferir-150x150.png 150w, https:\/\/www.iscap.pt\/conferencias\/XIX-EncontroCTDI25\/wp-content\/uploads\/2025\/10\/transferir-768x768.png 768w\" sizes=\"auto, (max-width: 800px) 100vw, 800px\" \/><\/span><\/figure><\/div>\n","protected":false},"excerpt":{"rendered":"<p>INSCRI\u00c7\u00d5ES Data Limite de inscri\u00e7\u00e3o: 09 de dezembro de 2025 &#8211; As inscri\u00e7\u00f5es encontram-se encerradas Modalidades de inscri\u00e7\u00e3o | Registration modalities Efetuar inscri\u00e7\u00e3o: Para efetuar a sua inscri\u00e7\u00e3o preencha e submeta o formul\u00e1rio disponibilizado atrav\u00e9s do link abaixo indicado: https:\/\/forms.office.com\/e\/n8U8ViAfW7?origin=lprLink Ou diretamente no c\u00f3digo QR disponibilizado nesta p\u00e1gina:<\/p>\n","protected":false},"author":1,"featured_media":0,"parent":0,"menu_order":0,"comment_status":"closed","ping_status":"closed","template":"","meta":{"pgc_sgb_lightbox_settings":"","_themeisle_gutenberg_block_has_review":false,"footnotes":""},"class_list":["post-1409","page","type-page","status-publish","hentry"],"blocksy_meta":[],"_links":{"self":[{"href":"https:\/\/www.iscap.pt\/conferencias\/XIX-EncontroCTDI25\/wp-json\/wp\/v2\/pages\/1409","targetHints":{"allow":["GET"]}}],"collection":[{"href":"https:\/\/www.iscap.pt\/conferencias\/XIX-EncontroCTDI25\/wp-json\/wp\/v2\/pages"}],"about":[{"href":"https:\/\/www.iscap.pt\/conferencias\/XIX-EncontroCTDI25\/wp-json\/wp\/v2\/types\/page"}],"author":[{"embeddable":true,"href":"https:\/\/www.iscap.pt\/conferencias\/XIX-EncontroCTDI25\/wp-json\/wp\/v2\/users\/1"}],"replies":[{"embeddable":true,"href":"https:\/\/www.iscap.pt\/conferencias\/XIX-EncontroCTDI25\/wp-json\/wp\/v2\/comments?post=1409"}],"version-history":[{"count":24,"href":"https:\/\/www.iscap.pt\/conferencias\/XIX-EncontroCTDI25\/wp-json\/wp\/v2\/pages\/1409\/revisions"}],"predecessor-version":[{"id":1573,"href":"https:\/\/www.iscap.pt\/conferencias\/XIX-EncontroCTDI25\/wp-json\/wp\/v2\/pages\/1409\/revisions\/1573"}],"wp:attachment":[{"href":"https:\/\/www.iscap.pt\/conferencias\/XIX-EncontroCTDI25\/wp-json\/wp\/v2\/media?parent=1409"}],"curies":[{"name":"wp","href":"https:\/\/api.w.org\/{rel}","templated":true}]}}