{"id":3,"date":"2025-10-23T14:01:37","date_gmt":"2025-10-23T14:01:37","guid":{"rendered":"https:\/\/www.iscap.pt\/conferencias\/XIX-EncontroCTDI25\/?page_id=3"},"modified":"2025-10-28T21:55:46","modified_gmt":"2025-10-28T21:55:46","slug":"politica-privacidade","status":"publish","type":"page","link":"https:\/\/www.iscap.pt\/conferencias\/XIX-EncontroCTDI25\/politica-privacidade\/","title":{"rendered":"Pol\u00edtica de privacidade"},"content":{"rendered":"\n<div class=\"wp-block-group is-layout-constrained wp-block-group-is-layout-constrained\" data-block-type=\"core\">\n<div class=\"wp-block-group is-layout-constrained wp-block-group-is-layout-constrained\" data-block-type=\"core\">\n<p data-block-type=\"core\">O endere\u00e7o do nosso site \u00e9: https:\/\/www.iscap.pt\/conferencias\/XIX-EncontroCTDI25.<\/p>\n\n\n\n<p data-block-type=\"core\">A comiss\u00e3o organizadora do XIX Encontro Internacional de CTDI \u00e9 a entidade respons\u00e1vel por esta pol\u00edtica de privacidade e, deste modo, pela recolha e tratamento dos dados pessoais e curriculares, que no \u00e2mbito deste evento, e de acordo com as submiss\u00f5es e inscri\u00e7\u00f5es realizadas, ir\u00e1 recolher e tratar por serem imprescind\u00edveis para a realiza\u00e7\u00e3o desse fim.<\/p>\n<\/div>\n\n\n\n<p data-block-type=\"core\">Em nenhuma situa\u00e7\u00e3o ser\u00e1 solicitado qualquer outro tipo de informa\u00e7\u00e3o.<\/p>\n\n\n\n<div class=\"wp-block-group is-layout-constrained wp-block-group-is-layout-constrained\" data-block-type=\"core\">\n<p data-block-type=\"core\"><strong><span style=\"color: #614224;\" class=\"stk-highlight\">QUANDO E COMO RECOLHEMOS OS SEUS DADOS?<\/span><\/strong><\/p>\n\n\n\n<p data-block-type=\"core\">Os dados pessoais podem ser recolhidos atrav\u00e9s de e-mail, formul\u00e1rio de inscri\u00e7\u00f5es e submiss\u00f5es.<\/p>\n\n\n\n<p data-block-type=\"core\">Alguns dados pessoais s\u00e3o de fornecimento obrigat\u00f3rio para cumprimento dos objetivos de participa\u00e7\u00e3o no XIX Encontro Internacional de CTDI e, em caso de falta ou insufici\u00eancia desses dados, a comiss\u00e3o organizadora poder\u00e1 n\u00e3o conseguir dar seguimento \u00e0s inscri\u00e7\u00f5es ou submiss\u00f5es de trabalhos, pelo que agradecemos o preenchimento de todos os campos exigidos.<\/p>\n\n\n\n<p data-block-type=\"core\">Os dados pessoais recolhidos s\u00e3o tratados informaticamente e no estrito cumprimento da legisla\u00e7\u00e3o de prote\u00e7\u00e3o de dados, sendo armazenados em base de dados espec\u00edficas, criadas para o efeito e, em situa\u00e7\u00e3o alguma, os dados recolhidos ser\u00e3o utilizados para outra finalidade que n\u00e3o seja aquela para a qual foi dado o consentimento por parte do titular dos dados.<\/p>\n\n\n\n<p data-block-type=\"core\">Se desejar obter mais informa\u00e7\u00f5es sobre a nossa pol\u00edtica de privacidade, alterar\/ atualizar os seus dados, ou apag\u00e1-los da nossa base de dados, por favor, entre em contacto, para:<\/p>\n<\/div>\n\n\n\n<p data-block-type=\"core\"><strong>Instituto Superior de Contabilidade e Administra\u00e7\u00e3o do Porto<\/strong><br>Rua Jaime Lopes Amorim, s\/n<br>4465-004, S\u00e3o Mamede de Infesta<\/p>\n\n\n\n<p data-block-type=\"core\"><strong>T.<\/strong><strong>&nbsp;<\/strong>+351 22 905 00 00<\/p>\n\n\n\n<p data-block-type=\"core\"><strong>Encontro Internacional de CTDI \u2013&nbsp;<em>General Chair<\/em>:<\/strong><br><strong>Milena de Carvalho (PhD)<\/strong><br><a href=\"mailto:milenacarvalho@iscap.ipp.pt\" target=\"_blank\" rel=\"noreferrer noopener\"><strong>milenacarvalho@iscap.ipp.pt<\/strong><\/a><\/p>\n<\/div>\n\n\n\n<h3 class=\"wp-block-heading\" data-block-type=\"core\"><span style=\"color: #614224;\" class=\"stk-highlight\">Multim\u00e9dia<\/span><\/h3>\n\n\n\n<p data-block-type=\"core\">Ao carregar imagens para o site, deve evitar carregar imagens com dados incorporados de geolocaliza\u00e7\u00e3o (EXIF GPS). Os visitantes podem descarregar e extrair os dados de geolocaliza\u00e7\u00e3o das imagens do site.<\/p>\n\n\n\n<h3 class=\"wp-block-heading\" data-block-type=\"core\"><span style=\"color: #614224;\" class=\"stk-highlight\">Cookies<\/span><\/h3>\n\n\n\n<p data-block-type=\"core\">Se deixar um coment\u00e1rio no nosso site pode optar por guardar o seu nome, endere\u00e7o de e-mail e site nos cookies. Isto \u00e9 para sua conveni\u00eancia para n\u00e3o ter de preencher novamente os seus dados quando deixar outro coment\u00e1rio. Estes cookies durar\u00e3o um ano.<\/p>\n\n\n\n<p data-block-type=\"core\">Se visitar a p\u00e1gina de in\u00edcio de sess\u00e3o, ser\u00e1 configurado um cookie tempor\u00e1rio para determinar se o seu navegador aceita cookies. Este cookie n\u00e3o cont\u00e9m dados pessoais e ser\u00e1 eliminado ao fechar o seu navegador.<\/p>\n\n\n\n<p data-block-type=\"core\">Ao iniciar a sess\u00e3o, ser\u00e3o configurados alguns cookies para guardar a sua informa\u00e7\u00e3o de sess\u00e3o e as suas escolhas de visualiza\u00e7\u00e3o de ecr\u00e3. Os cookies de in\u00edcio de sess\u00e3o duram um ano. Se selecionar &#8220;Lembrar-me&#8221;, a sua sess\u00e3o ir\u00e1 persistir durante duas semanas. Ao terminar a sess\u00e3o, os cookies de inicio de sess\u00e3o ser\u00e3o removidos.<\/p>\n\n\n\n<p data-block-type=\"core\">Se editar ou publicar um artigo, ser\u00e1 guardado no seu navegador um cookie adicional. Este cookie n\u00e3o inclui dados pessoais apenas indica o ID de conte\u00fado do artigo que acabou de editar. Expira ao fim de 1 dia.<\/p>\n\n\n\n<h3 class=\"wp-block-heading\" data-block-type=\"core\"><span style=\"color: #614224;\" class=\"stk-highlight\">Conte\u00fado incorporado de outros sites<\/span><\/h3>\n\n\n\n<p data-block-type=\"core\">Os artigos neste site podem incluir conte\u00fado incorporado (por exemplo: v\u00eddeos, imagens, artigos, etc.). O conte\u00fado incorporado de outros sites comporta-se tal como se o utilizador visitasse esses sites.<\/p>\n\n\n\n<p data-block-type=\"core\">Este site pode recolher dados sobre si, usar cookies, incorporar rastreio feito por terceiros, monitorizar as suas intera\u00e7\u00f5es com o mesmo, incluindo registar as intera\u00e7\u00f5es com conte\u00fado incorporado se tiver uma conta e estiver com sess\u00e3o iniciada nesse site.<\/p>\n\n\n\n<h3 class=\"wp-block-heading\" data-block-type=\"core\"><span style=\"color: #614224;\" class=\"stk-highlight\">Com quem s\u00e3o partilhados os seus dados<\/span><\/h3>\n\n\n\n<p data-block-type=\"core\">Se solicitar uma redefini\u00e7\u00e3o de senha, o seu endere\u00e7o de IP ser\u00e1 inclu\u00eddo no e-mail de redefini\u00e7\u00e3o.<\/p>\n\n\n\n<h3 class=\"wp-block-heading\" data-block-type=\"core\"><span style=\"color: #614224;\" class=\"stk-highlight\">Por quanto tempo s\u00e3o retidos os seus dados<\/span><\/h3>\n\n\n\n<p data-block-type=\"core\">Para utilizadores que se registem no nosso site (se algum), guardamos a informa\u00e7\u00e3o pessoal fornecida no seu perfil de utilizador. Todos os utilizadores podem ver, editar, ou eliminar a sua informa\u00e7\u00e3o pessoal a qualquer momento (com a exce\u00e7\u00e3o de n\u00e3o poderem alterar o nome de utilizador). Os administradores do site podem tamb\u00e9m ver e editar essa informa\u00e7\u00e3o.<\/p>\n","protected":false},"excerpt":{"rendered":"<p>O endere\u00e7o do nosso site \u00e9: https:\/\/www.iscap.pt\/conferencias\/XIX-EncontroCTDI25. A comiss\u00e3o organizadora do XIX Encontro Internacional de CTDI \u00e9 a entidade respons\u00e1vel por esta pol\u00edtica de privacidade e, deste modo, pela recolha e tratamento dos dados pessoais e curriculares, que no \u00e2mbito deste evento, e de acordo com as submiss\u00f5es e inscri\u00e7\u00f5es realizadas, ir\u00e1 recolher e tratar [&hellip;]<\/p>\n","protected":false},"author":1,"featured_media":0,"parent":0,"menu_order":0,"comment_status":"closed","ping_status":"closed","template":"","meta":{"pgc_sgb_lightbox_settings":"","_themeisle_gutenberg_block_has_review":false,"footnotes":""},"class_list":["post-3","page","type-page","status-publish","hentry"],"blocksy_meta":[],"_links":{"self":[{"href":"https:\/\/www.iscap.pt\/conferencias\/XIX-EncontroCTDI25\/wp-json\/wp\/v2\/pages\/3","targetHints":{"allow":["GET"]}}],"collection":[{"href":"https:\/\/www.iscap.pt\/conferencias\/XIX-EncontroCTDI25\/wp-json\/wp\/v2\/pages"}],"about":[{"href":"https:\/\/www.iscap.pt\/conferencias\/XIX-EncontroCTDI25\/wp-json\/wp\/v2\/types\/page"}],"author":[{"embeddable":true,"href":"https:\/\/www.iscap.pt\/conferencias\/XIX-EncontroCTDI25\/wp-json\/wp\/v2\/users\/1"}],"replies":[{"embeddable":true,"href":"https:\/\/www.iscap.pt\/conferencias\/XIX-EncontroCTDI25\/wp-json\/wp\/v2\/comments?post=3"}],"version-history":[{"count":6,"href":"https:\/\/www.iscap.pt\/conferencias\/XIX-EncontroCTDI25\/wp-json\/wp\/v2\/pages\/3\/revisions"}],"predecessor-version":[{"id":1271,"href":"https:\/\/www.iscap.pt\/conferencias\/XIX-EncontroCTDI25\/wp-json\/wp\/v2\/pages\/3\/revisions\/1271"}],"wp:attachment":[{"href":"https:\/\/www.iscap.pt\/conferencias\/XIX-EncontroCTDI25\/wp-json\/wp\/v2\/media?parent=3"}],"curies":[{"name":"wp","href":"https:\/\/api.w.org\/{rel}","templated":true}]}}