{"id":13,"date":"2022-12-28T12:25:30","date_gmt":"2022-12-28T12:25:30","guid":{"rendered":"https:\/\/www.iscap.pt\/gaie\/?page_id=13"},"modified":"2025-07-24T13:36:32","modified_gmt":"2025-07-24T13:36:32","slug":"plataformas","status":"publish","type":"page","link":"https:\/\/www.iscap.pt\/gaie\/plataformas\/","title":{"rendered":"Plataformas"},"content":{"rendered":"\n<p>O GAIE &#8211; Gabinete de Apoio \u00e0 Inova\u00e7\u00e3o em Educa\u00e7\u00e3o (N\u00facleo de Educa\u00e7\u00e3o) do ISCAP disponibiliza \u00e0 sua comunidade acad\u00e9mica as seguintes plataformas:<\/p>\n\n\n\n<hr class=\"wp-block-separator has-alpha-channel-opacity\"\/>\n\n\n\n<h2 class=\"wp-block-heading\">Moodle<\/h2>\n\n\n\n<div class=\"wp-block-columns is-layout-flex wp-container-core-columns-is-layout-28f84493 wp-block-columns-is-layout-flex\">\n<div class=\"wp-block-column is-layout-flow wp-block-column-is-layout-flow\">\n<p><a href=\"https:\/\/online.iscap.ipp.pt\/ano202526\/\">Moodle 25\/26<\/a> &#8211; Plataforma que aloja todos os cursos ministrados no ISCAP no ano letivo atual.<\/p>\n<\/div>\n\n\n\n<div class=\"wp-block-column is-layout-flow wp-block-column-is-layout-flow\">\n<p><a href=\"https:\/\/online.iscap.ipp.pt\/ano202223\/\">M<\/a><a href=\"https:\/\/online.iscap.ipp.pt\/avalia41\/\">oodle Avalia 41<\/a> &#8211; Plataforma do ISCAP usada para a realiza\u00e7\u00e3o de momentos de avalia\u00e7\u00e3o online.<\/p>\n<\/div>\n\n\n\n<div class=\"wp-block-column is-layout-flow wp-block-column-is-layout-flow\">\n<p><a href=\"https:\/\/online.iscap.ipp.pt\/formar50\/\">Moodle Forma\u00e7\u00e3o e Projetos (v5.0)<\/a>&#8211; Plataforma usada para alojar cursos externos, projetos de investiga\u00e7\u00e3o e outros conte\u00fados.<\/p>\n<\/div>\n<\/div>\n\n\n\n<h5 class=\"wp-block-heading\">Plataformas anteriores<\/h5>\n\n\n\n<div class=\"wp-block-columns is-layout-flex wp-container-core-columns-is-layout-28f84493 wp-block-columns-is-layout-flex\">\n<div class=\"wp-block-column is-layout-flow wp-block-column-is-layout-flow\">\n<p><a href=\"https:\/\/online.iscap.ipp.pt\/ano202425\/\">Moodle 24\/25<\/a> &#8211; Plataforma que aloja todos os cursos ministrados no ISCAP no ano letivo atual.<\/p>\n<\/div>\n\n\n\n<div class=\"wp-block-column is-layout-flow wp-block-column-is-layout-flow\">\n<p><a href=\"https:\/\/online.iscap.ipp.pt\/formar35\/\">Moodle Forma\u00e7\u00e3o e Projetos (v.3.5)<\/a>  &#8211; Plataforma usada para alojar cursos externos, projetos de investiga\u00e7\u00e3o e outros conte\u00fados.<\/p>\n<\/div>\n\n\n\n<div class=\"wp-block-column is-layout-flow wp-block-column-is-layout-flow\"><\/div>\n<\/div>\n\n\n\n<div class=\"wp-block-columns is-layout-flex wp-container-core-columns-is-layout-28f84493 wp-block-columns-is-layout-flex\">\n<div class=\"wp-block-column is-layout-flow wp-block-column-is-layout-flow\" style=\"flex-basis:100%\">\n<div class=\"wp-block-group is-nowrap is-layout-flex wp-container-core-group-is-layout-6c531013 wp-block-group-is-layout-flex\">\n<p><a href=\"https:\/\/online.iscap.ipp.pt\/ano202324\/\">Moodle 23\/24<\/a> &#8211; Plataforma que aloja todos os cursos do ano 2022\/23.<\/p>\n\n\n\n<p><a href=\"https:\/\/online.iscap.ipp.pt\/ano202223\/\">Moodle 22\/23<\/a> &#8211; Plataforma que aloja todos os cursos do ano 2021\/22.<\/p>\n\n\n\n<p><a href=\"https:\/\/online.iscap.ipp.pt\/ano202221\/\">Moodle 22\/21<\/a>&#8211; Plataforma que aloja todos os cursos do ano 2020\/21.<\/p>\n\n\n\n<p><a href=\"https:\/\/online.iscap.ipp.pt\/avalia39\/\" data-type=\"URL\" data-id=\"https:\/\/online.iscap.ipp.pt\/avalia35\/\">Moodle Avalia 39<\/a><strong> <\/strong>&#8211; Plataforma usada para a realiza\u00e7\u00e3o de avalia\u00e7\u00e3o online.<\/p>\n<\/div>\n<\/div>\n<\/div>\n\n\n\n<hr class=\"wp-block-separator has-alpha-channel-opacity\"\/>\n\n\n\n<h2 class=\"wp-block-heading\">LimeSurvey<\/h2>\n\n\n\n<p><strong><a href=\"https:\/\/online.iscap.ipp.pt\/iscapsurvey\/index.php\/admin\/authentication\/sa\/login\">ISCAP Survey<\/a><\/strong> &#8211; Plataforma destinada \u00e0 conce\u00e7\u00e3o e aplica\u00e7\u00e3o de question\u00e1rios online usada pela comunidade do ISCAP.<\/p>\n","protected":false},"excerpt":{"rendered":"<p>O GAIE &#8211; Gabinete de Apoio \u00e0 Inova\u00e7\u00e3o em Educa\u00e7\u00e3o (N\u00facleo de Educa\u00e7\u00e3o) do ISCAP disponibiliza \u00e0 sua comunidade acad\u00e9mica as seguintes plataformas: Moodle Moodle 25\/26 &#8211; Plataforma que aloja todos os cursos ministrados no ISCAP no ano letivo atual. Moodle Avalia 41 &#8211; Plataforma do ISCAP usada para a realiza\u00e7\u00e3o de momentos de avalia\u00e7\u00e3o [&hellip;]<\/p>\n","protected":false},"author":1,"featured_media":0,"parent":0,"menu_order":0,"comment_status":"closed","ping_status":"closed","template":"","meta":{"_uag_custom_page_level_css":"","site-sidebar-layout":"default","site-content-layout":"","ast-site-content-layout":"default","site-content-style":"default","site-sidebar-style":"default","ast-global-header-display":"","ast-banner-title-visibility":"","ast-main-header-display":"","ast-hfb-above-header-display":"","ast-hfb-below-header-display":"","ast-hfb-mobile-header-display":"","site-post-title":"","ast-breadcrumbs-content":"","ast-featured-img":"","footer-sml-layout":"","theme-transparent-header-meta":"","adv-header-id-meta":"","stick-header-meta":"","header-above-stick-meta":"","header-main-stick-meta":"","header-below-stick-meta":"","astra-migrate-meta-layouts":"set","ast-page-background-enabled":"default","ast-page-background-meta":{"desktop":{"background-color":"var(--ast-global-color-4)","background-image":"","background-repeat":"repeat","background-position":"center center","background-size":"auto","background-attachment":"scroll","background-type":"","background-media":"","overlay-type":"","overlay-color":"","overlay-opacity":"","overlay-gradient":""},"tablet":{"background-color":"","background-image":"","background-repeat":"repeat","background-position":"center center","background-size":"auto","background-attachment":"scroll","background-type":"","background-media":"","overlay-type":"","overlay-color":"","overlay-opacity":"","overlay-gradient":""},"mobile":{"background-color":"","background-image":"","background-repeat":"repeat","background-position":"center center","background-size":"auto","background-attachment":"scroll","background-type":"","background-media":"","overlay-type":"","overlay-color":"","overlay-opacity":"","overlay-gradient":""}},"ast-content-background-meta":{"desktop":{"background-color":"var(--ast-global-color-5)","background-image":"","background-repeat":"repeat","background-position":"center center","background-size":"auto","background-attachment":"scroll","background-type":"","background-media":"","overlay-type":"","overlay-color":"","overlay-opacity":"","overlay-gradient":""},"tablet":{"background-color":"var(--ast-global-color-5)","background-image":"","background-repeat":"repeat","background-position":"center center","background-size":"auto","background-attachment":"scroll","background-type":"","background-media":"","overlay-type":"","overlay-color":"","overlay-opacity":"","overlay-gradient":""},"mobile":{"background-color":"var(--ast-global-color-5)","background-image":"","background-repeat":"repeat","background-position":"center center","background-size":"auto","background-attachment":"scroll","background-type":"","background-media":"","overlay-type":"","overlay-color":"","overlay-opacity":"","overlay-gradient":""}},"footnotes":""},"class_list":["post-13","page","type-page","status-publish","hentry"],"uagb_featured_image_src":{"full":false,"thumbnail":false,"medium":false,"medium_large":false,"large":false,"1536x1536":false,"2048x2048":false},"uagb_author_info":{"display_name":"eiag_admin","author_link":"https:\/\/www.iscap.pt\/gaie\/author\/eiag_admin\/"},"uagb_comment_info":0,"uagb_excerpt":"O GAIE &#8211; Gabinete de Apoio \u00e0 Inova\u00e7\u00e3o em Educa\u00e7\u00e3o (N\u00facleo de Educa\u00e7\u00e3o) do ISCAP disponibiliza \u00e0 sua comunidade acad\u00e9mica as seguintes plataformas: Moodle Moodle 25\/26 &#8211; Plataforma que aloja todos os cursos ministrados no ISCAP no ano letivo atual. Moodle Avalia 41 &#8211; Plataforma do ISCAP usada para a realiza\u00e7\u00e3o de momentos de avalia\u00e7\u00e3o&hellip;","_links":{"self":[{"href":"https:\/\/www.iscap.pt\/gaie\/wp-json\/wp\/v2\/pages\/13","targetHints":{"allow":["GET"]}}],"collection":[{"href":"https:\/\/www.iscap.pt\/gaie\/wp-json\/wp\/v2\/pages"}],"about":[{"href":"https:\/\/www.iscap.pt\/gaie\/wp-json\/wp\/v2\/types\/page"}],"author":[{"embeddable":true,"href":"https:\/\/www.iscap.pt\/gaie\/wp-json\/wp\/v2\/users\/1"}],"replies":[{"embeddable":true,"href":"https:\/\/www.iscap.pt\/gaie\/wp-json\/wp\/v2\/comments?post=13"}],"version-history":[{"count":9,"href":"https:\/\/www.iscap.pt\/gaie\/wp-json\/wp\/v2\/pages\/13\/revisions"}],"predecessor-version":[{"id":914,"href":"https:\/\/www.iscap.pt\/gaie\/wp-json\/wp\/v2\/pages\/13\/revisions\/914"}],"wp:attachment":[{"href":"https:\/\/www.iscap.pt\/gaie\/wp-json\/wp\/v2\/media?parent=13"}],"curies":[{"name":"wp","href":"https:\/\/api.w.org\/{rel}","templated":true}]}}