{"id":15,"date":"2022-12-28T12:25:45","date_gmt":"2022-12-28T12:25:45","guid":{"rendered":"https:\/\/www.iscap.pt\/gaie\/?page_id=15"},"modified":"2023-02-01T12:18:01","modified_gmt":"2023-02-01T12:18:01","slug":"servicos","status":"publish","type":"page","link":"https:\/\/www.iscap.pt\/gaie\/servicos\/","title":{"rendered":"Servi\u00e7os"},"content":{"rendered":"\n<p>O GAIE N\u00facleo de Educa\u00e7\u00e3o disponibiliza \u00e0 comunidade do ISCAP o seguinte conjunto de servi\u00e7os:<\/p>\n\n\n\n<div class=\"wp-block-columns has-ast-global-color-4-background-color has-background is-layout-flex wp-container-core-columns-is-layout-28f84493 wp-block-columns-is-layout-flex\">\n<div class=\"wp-block-column is-layout-flow wp-block-column-is-layout-flow\" style=\"flex-basis:33.33%\">\n<figure class=\"wp-block-image size-large\"><img loading=\"lazy\" decoding=\"async\" width=\"1024\" height=\"683\" src=\"https:\/\/www.iscap.pt\/gaie\/wp-content\/uploads\/2023\/01\/pexels-the-coach-space-2977565-1024x683.jpg\" alt=\"\" class=\"wp-image-61\" srcset=\"https:\/\/www.iscap.pt\/gaie\/wp-content\/uploads\/2023\/01\/pexels-the-coach-space-2977565-1024x683.jpg 1024w, https:\/\/www.iscap.pt\/gaie\/wp-content\/uploads\/2023\/01\/pexels-the-coach-space-2977565-300x200.jpg 300w, https:\/\/www.iscap.pt\/gaie\/wp-content\/uploads\/2023\/01\/pexels-the-coach-space-2977565-768x512.jpg 768w, https:\/\/www.iscap.pt\/gaie\/wp-content\/uploads\/2023\/01\/pexels-the-coach-space-2977565-1536x1024.jpg 1536w, https:\/\/www.iscap.pt\/gaie\/wp-content\/uploads\/2023\/01\/pexels-the-coach-space-2977565-2048x1365.jpg 2048w\" sizes=\"auto, (max-width: 1024px) 100vw, 1024px\" \/><\/figure>\n<\/div>\n\n\n\n<div class=\"wp-block-column is-layout-flow wp-block-column-is-layout-flow\" style=\"flex-basis:66.66%\">\n<h3 class=\"wp-block-heading\">Consultoria<\/h3>\n\n\n\n<p>A equipa do GAIE est\u00e1 dispon\u00edvel para prestar apoio e consultoria individualizada aos docentes, investigadores e estudantes que o requisitem no \u00e2mbito da inova\u00e7\u00e3o educativa, manuseamento de tecnologias educativas e de ensino a dist\u00e2ncia. No \u00e2mbito da sua miss\u00e3o presta ainda consultoria externa quando solicitado.<\/p>\n<\/div>\n<\/div>\n\n\n\n<div class=\"wp-block-columns is-layout-flex wp-container-core-columns-is-layout-28f84493 wp-block-columns-is-layout-flex\">\n<div class=\"wp-block-column is-layout-flow wp-block-column-is-layout-flow\" style=\"flex-basis:66.66%\">\n<h3 class=\"wp-block-heading\">Forma\u00e7\u00e3o<\/h3>\n\n\n\n<p>O GAIE promove e oferece oportunidades de forma\u00e7\u00e3o \u00e0 comunidade do ISCAP, especialmente no \u00e2mbito da inova\u00e7\u00e3o em educa\u00e7\u00e3o, tecnologias educativas, compet\u00eancias pedag\u00f3gicas, novas estrat\u00e9gias de ensino-aprendizagem, desenvolvimento de cursos em ambiente virtual (Moodle), etc.<\/p>\n<\/div>\n\n\n\n<div class=\"wp-block-column is-layout-flow wp-block-column-is-layout-flow\" style=\"flex-basis:33.33%\">\n<figure class=\"wp-block-image size-large\"><img loading=\"lazy\" decoding=\"async\" width=\"1024\" height=\"684\" src=\"https:\/\/www.iscap.pt\/gaie\/wp-content\/uploads\/2023\/01\/pexels-christina-morillo-1181396-1024x684.jpg\" alt=\"\" class=\"wp-image-62\" srcset=\"https:\/\/www.iscap.pt\/gaie\/wp-content\/uploads\/2023\/01\/pexels-christina-morillo-1181396-1024x684.jpg 1024w, https:\/\/www.iscap.pt\/gaie\/wp-content\/uploads\/2023\/01\/pexels-christina-morillo-1181396-300x200.jpg 300w, https:\/\/www.iscap.pt\/gaie\/wp-content\/uploads\/2023\/01\/pexels-christina-morillo-1181396-768x513.jpg 768w, https:\/\/www.iscap.pt\/gaie\/wp-content\/uploads\/2023\/01\/pexels-christina-morillo-1181396-1536x1025.jpg 1536w, https:\/\/www.iscap.pt\/gaie\/wp-content\/uploads\/2023\/01\/pexels-christina-morillo-1181396-2048x1367.jpg 2048w\" sizes=\"auto, (max-width: 1024px) 100vw, 1024px\" \/><\/figure>\n<\/div>\n<\/div>\n\n\n\n<div class=\"wp-block-columns has-ast-global-color-4-background-color has-background is-layout-flex wp-container-core-columns-is-layout-28f84493 wp-block-columns-is-layout-flex\">\n<div class=\"wp-block-column is-layout-flow wp-block-column-is-layout-flow\" style=\"flex-basis:33.33%\">\n<figure class=\"wp-block-image size-large\"><img loading=\"lazy\" decoding=\"async\" width=\"1024\" height=\"695\" src=\"https:\/\/www.iscap.pt\/gaie\/wp-content\/uploads\/2023\/01\/e-learning-g400b4057d_1280-1024x695.jpg\" alt=\"\" class=\"wp-image-65\" srcset=\"https:\/\/www.iscap.pt\/gaie\/wp-content\/uploads\/2023\/01\/e-learning-g400b4057d_1280-1024x695.jpg 1024w, https:\/\/www.iscap.pt\/gaie\/wp-content\/uploads\/2023\/01\/e-learning-g400b4057d_1280-300x204.jpg 300w, https:\/\/www.iscap.pt\/gaie\/wp-content\/uploads\/2023\/01\/e-learning-g400b4057d_1280-768x521.jpg 768w, https:\/\/www.iscap.pt\/gaie\/wp-content\/uploads\/2023\/01\/e-learning-g400b4057d_1280.jpg 1280w\" sizes=\"auto, (max-width: 1024px) 100vw, 1024px\" \/><\/figure>\n<\/div>\n\n\n\n<div class=\"wp-block-column is-layout-flow wp-block-column-is-layout-flow\" style=\"flex-basis:66.66%\">\n<h3 class=\"wp-block-heading\">Ensino a Dist\u00e2ncia<\/h3>\n\n\n\n<p>A organiza\u00e7\u00e3o de uma Unidade Curricular em regime a dist\u00e2ncia (e-learning) ou hibrido (b-learning) engloba elementos e estrat\u00e9gias de ensino diferentes do ensino presencial. Deste modo, a equipa do GAIE est\u00e1 dispon\u00edvel para apoiar os docentes na convers\u00e3o de diferentes unidades curriculares e materiais educativos para o regime de e-learning ou b-learning.<\/p>\n<\/div>\n<\/div>\n\n\n\n<div class=\"wp-block-columns is-layout-flex wp-container-core-columns-is-layout-28f84493 wp-block-columns-is-layout-flex\">\n<div class=\"wp-block-column is-layout-flow wp-block-column-is-layout-flow\" style=\"flex-basis:66.66%\">\n<h3 class=\"wp-block-heading\">Suporte T\u00e9cnico<\/h3>\n\n\n\n<p>O GAIE \u00e9 o servi\u00e7o respons\u00e1vel pela administra\u00e7\u00e3o das plataformas Moodle e LimeSurvey utilizadas pela comunidade acad\u00e9mica do ISCAP. Neste \u00e2mbito presta o suporte t\u00e9cnico necess\u00e1rio aos docentes e estudantes para o manuseamento e otimiza\u00e7\u00e3o das referidas plataformas. <\/p>\n<\/div>\n\n\n\n<div class=\"wp-block-column is-layout-flow wp-block-column-is-layout-flow\" style=\"flex-basis:33.33%\">\n<figure class=\"wp-block-image size-large\"><img loading=\"lazy\" decoding=\"async\" width=\"1024\" height=\"682\" src=\"https:\/\/www.iscap.pt\/gaie\/wp-content\/uploads\/2023\/02\/keyboard-gcfab7ef34_1280-1024x682.jpg\" alt=\"\" class=\"wp-image-250\" srcset=\"https:\/\/www.iscap.pt\/gaie\/wp-content\/uploads\/2023\/02\/keyboard-gcfab7ef34_1280-1024x682.jpg 1024w, https:\/\/www.iscap.pt\/gaie\/wp-content\/uploads\/2023\/02\/keyboard-gcfab7ef34_1280-300x200.jpg 300w, https:\/\/www.iscap.pt\/gaie\/wp-content\/uploads\/2023\/02\/keyboard-gcfab7ef34_1280-768x512.jpg 768w, https:\/\/www.iscap.pt\/gaie\/wp-content\/uploads\/2023\/02\/keyboard-gcfab7ef34_1280.jpg 1280w\" sizes=\"auto, (max-width: 1024px) 100vw, 1024px\" \/><\/figure>\n<\/div>\n<\/div>\n","protected":false},"excerpt":{"rendered":"<p>O GAIE N\u00facleo de Educa\u00e7\u00e3o disponibiliza \u00e0 comunidade do ISCAP o seguinte conjunto de servi\u00e7os: Consultoria A equipa do GAIE est\u00e1 dispon\u00edvel para prestar apoio e consultoria individualizada aos docentes, investigadores e estudantes que o requisitem no \u00e2mbito da inova\u00e7\u00e3o educativa, manuseamento de tecnologias educativas e de ensino a dist\u00e2ncia. No \u00e2mbito da sua miss\u00e3o [&hellip;]<\/p>\n","protected":false},"author":1,"featured_media":0,"parent":0,"menu_order":0,"comment_status":"closed","ping_status":"closed","template":"","meta":{"_uag_custom_page_level_css":"","site-sidebar-layout":"default","site-content-layout":"","ast-site-content-layout":"default","site-content-style":"default","site-sidebar-style":"default","ast-global-header-display":"","ast-banner-title-visibility":"","ast-main-header-display":"","ast-hfb-above-header-display":"","ast-hfb-below-header-display":"","ast-hfb-mobile-header-display":"","site-post-title":"","ast-breadcrumbs-content":"","ast-featured-img":"","footer-sml-layout":"","theme-transparent-header-meta":"","adv-header-id-meta":"","stick-header-meta":"","header-above-stick-meta":"","header-main-stick-meta":"","header-below-stick-meta":"","astra-migrate-meta-layouts":"default","ast-page-background-enabled":"default","ast-page-background-meta":{"desktop":{"background-color":"var(--ast-global-color-4)","background-image":"","background-repeat":"repeat","background-position":"center center","background-size":"auto","background-attachment":"scroll","background-type":"","background-media":"","overlay-type":"","overlay-color":"","overlay-opacity":"","overlay-gradient":""},"tablet":{"background-color":"","background-image":"","background-repeat":"repeat","background-position":"center center","background-size":"auto","background-attachment":"scroll","background-type":"","background-media":"","overlay-type":"","overlay-color":"","overlay-opacity":"","overlay-gradient":""},"mobile":{"background-color":"","background-image":"","background-repeat":"repeat","background-position":"center center","background-size":"auto","background-attachment":"scroll","background-type":"","background-media":"","overlay-type":"","overlay-color":"","overlay-opacity":"","overlay-gradient":""}},"ast-content-background-meta":{"desktop":{"background-color":"var(--ast-global-color-5)","background-image":"","background-repeat":"repeat","background-position":"center center","background-size":"auto","background-attachment":"scroll","background-type":"","background-media":"","overlay-type":"","overlay-color":"","overlay-opacity":"","overlay-gradient":""},"tablet":{"background-color":"var(--ast-global-color-5)","background-image":"","background-repeat":"repeat","background-position":"center center","background-size":"auto","background-attachment":"scroll","background-type":"","background-media":"","overlay-type":"","overlay-color":"","overlay-opacity":"","overlay-gradient":""},"mobile":{"background-color":"var(--ast-global-color-5)","background-image":"","background-repeat":"repeat","background-position":"center center","background-size":"auto","background-attachment":"scroll","background-type":"","background-media":"","overlay-type":"","overlay-color":"","overlay-opacity":"","overlay-gradient":""}},"footnotes":""},"class_list":["post-15","page","type-page","status-publish","hentry"],"uagb_featured_image_src":{"full":false,"thumbnail":false,"medium":false,"medium_large":false,"large":false,"1536x1536":false,"2048x2048":false},"uagb_author_info":{"display_name":"eiag_admin","author_link":"https:\/\/www.iscap.pt\/gaie\/author\/eiag_admin\/"},"uagb_comment_info":0,"uagb_excerpt":"O GAIE N\u00facleo de Educa\u00e7\u00e3o disponibiliza \u00e0 comunidade do ISCAP o seguinte conjunto de servi\u00e7os: Consultoria A equipa do GAIE est\u00e1 dispon\u00edvel para prestar apoio e consultoria individualizada aos docentes, investigadores e estudantes que o requisitem no \u00e2mbito da inova\u00e7\u00e3o educativa, manuseamento de tecnologias educativas e de ensino a dist\u00e2ncia. No \u00e2mbito da sua miss\u00e3o&hellip;","_links":{"self":[{"href":"https:\/\/www.iscap.pt\/gaie\/wp-json\/wp\/v2\/pages\/15","targetHints":{"allow":["GET"]}}],"collection":[{"href":"https:\/\/www.iscap.pt\/gaie\/wp-json\/wp\/v2\/pages"}],"about":[{"href":"https:\/\/www.iscap.pt\/gaie\/wp-json\/wp\/v2\/types\/page"}],"author":[{"embeddable":true,"href":"https:\/\/www.iscap.pt\/gaie\/wp-json\/wp\/v2\/users\/1"}],"replies":[{"embeddable":true,"href":"https:\/\/www.iscap.pt\/gaie\/wp-json\/wp\/v2\/comments?post=15"}],"version-history":[{"count":9,"href":"https:\/\/www.iscap.pt\/gaie\/wp-json\/wp\/v2\/pages\/15\/revisions"}],"predecessor-version":[{"id":251,"href":"https:\/\/www.iscap.pt\/gaie\/wp-json\/wp\/v2\/pages\/15\/revisions\/251"}],"wp:attachment":[{"href":"https:\/\/www.iscap.pt\/gaie\/wp-json\/wp\/v2\/media?parent=15"}],"curies":[{"name":"wp","href":"https:\/\/api.w.org\/{rel}","templated":true}]}}