{"id":235,"date":"2023-01-26T14:33:51","date_gmt":"2023-01-26T14:33:51","guid":{"rendered":"https:\/\/www.iscap.pt\/gaie\/?page_id=235"},"modified":"2024-09-27T15:05:43","modified_gmt":"2024-09-27T15:05:43","slug":"moodle","status":"publish","type":"page","link":"https:\/\/www.iscap.pt\/gaie\/moodle\/","title":{"rendered":"Moodle"},"content":{"rendered":"\n<p>O Moodle \u00e9 um software livre de apoio \u00e0 aprendizagem atrav\u00e9s de um ambiente virtual. \u00c9 uma plataforma muito \u00fatil n\u00e3o s\u00f3 para disponibilizar materiais pedag\u00f3gicos aos estudantes como tamb\u00e9m para a realiza\u00e7\u00e3o de cursos online, realiza\u00e7\u00e3o da avalia\u00e7\u00e3o online, potenciador de aprendizagem e comunica\u00e7\u00e3o entre o professor e os estudantes, etc. Com o objetivo de facilitar o manuseamento da plataforma Moodle divulgamos alguns recursos interessantes.<\/p>\n\n\n\n<hr class=\"wp-block-separator has-alpha-channel-opacity\"\/>\n\n\n\n<div class=\"wp-block-columns is-layout-flex wp-container-core-columns-is-layout-28f84493 wp-block-columns-is-layout-flex\">\n<div class=\"wp-block-column is-layout-flow wp-block-column-is-layout-flow\">\n<div class=\"wp-block-group is-vertical is-layout-flex wp-container-core-group-is-layout-fe9cc265 wp-block-group-is-layout-flex\">\n<h4 class=\"wp-block-heading\">MoodleDocs<\/h4>\n\n\n\n<p>Documenta\u00e7\u00e3o de apoio t\u00e9cnico como guias, instru\u00e7\u00f5es de utiliza\u00e7\u00e3o, dicas, etc., para facilitar a utiliza\u00e7\u00e3o da plataforma, pelo moodle.org<\/p>\n\n\n\n<div class=\"wp-block-buttons is-layout-flex wp-block-buttons-is-layout-flex\">\n<div class=\"wp-block-button\"><a class=\"wp-block-button__link wp-element-button\" href=\"https:\/\/docs.moodle.org\/39\/en\/Main_page\">Consultar<\/a><\/div>\n<\/div>\n<\/div>\n<\/div>\n\n\n\n<div class=\"wp-block-column is-layout-flow wp-block-column-is-layout-flow\">\n<div class=\"wp-block-group is-vertical is-layout-flex wp-container-core-group-is-layout-fe9cc265 wp-block-group-is-layout-flex\">\n<h4 class=\"wp-block-heading\">V\u00eddeos tutoriais Moodle<\/h4>\n<\/div>\n\n\n\n<p>V\u00eddeos de curta dura\u00e7\u00e3o que mostram passo a passo como gerir as suas p\u00e1ginas Moodle e utilizar recursos e atividades, pelo moodle academy.<\/p>\n\n\n\n<div class=\"wp-block-buttons is-layout-flex wp-block-buttons-is-layout-flex\">\n<div class=\"wp-block-button\"><a class=\"wp-block-button__link wp-element-button\" href=\"https:\/\/www.youtube.com\/playlist?list=PLxcO_MFWQBDfJRhsDTNPA5lwesdCMKF4d\">Consultar<\/a><\/div>\n<\/div>\n<\/div>\n<\/div>\n\n\n\n<div class=\"wp-block-columns is-layout-flex wp-container-core-columns-is-layout-28f84493 wp-block-columns-is-layout-flex\">\n<div class=\"wp-block-column is-layout-flow wp-block-column-is-layout-flow\">\n<div class=\"wp-block-group is-vertical is-layout-flex wp-container-core-group-is-layout-fe9cc265 wp-block-group-is-layout-flex\">\n<h4 class=\"wp-block-heading\">Sele\u00e7\u00e3o de ferramentas Moodle<\/h4>\n\n\n\n<p>Tabela de apoio e diagn\u00f3stico na sele\u00e7\u00e3o de ferramentas a usar no Moodle, por Joyce Seitzinger.<\/p>\n\n\n\n<div class=\"wp-block-buttons is-layout-flex wp-block-buttons-is-layout-flex\">\n<div class=\"wp-block-button\"><a class=\"wp-block-button__link wp-element-button\" href=\"http:\/\/aefreamunde.com\/attachments\/article\/192\/Moodle-Tool-Guide-for-Teachers.pdf\">Consultar<\/a><\/div>\n<\/div>\n<\/div>\n<\/div>\n\n\n\n<div class=\"wp-block-column is-layout-flow wp-block-column-is-layout-flow\">\n<div class=\"wp-block-group is-vertical is-layout-flex wp-container-core-group-is-layout-fe9cc265 wp-block-group-is-layout-flex\">\n<h4 class=\"wp-block-heading\">V\u00eddeos tutoriais GAIE<\/h4>\n\n\n\n<p>V\u00eddeos preparados pelo GAIE com instru\u00e7\u00f5es de como criar uma p\u00e1gina Moodle a partir da S.O., fazer um backup e restauro, etc.<\/p>\n\n\n\n<div class=\"wp-block-buttons is-layout-flex wp-block-buttons-is-layout-flex\">\n<div class=\"wp-block-button\"><a class=\"wp-block-button__link wp-element-button\" href=\"https:\/\/www.iscap.pt\/gaie\/video-tutoriais-gaie\/\">Consultar<\/a><\/div>\n<\/div>\n<\/div>\n<\/div>\n<\/div>\n","protected":false},"excerpt":{"rendered":"<p>O Moodle \u00e9 um software livre de apoio \u00e0 aprendizagem atrav\u00e9s de um ambiente virtual. \u00c9 uma plataforma muito \u00fatil n\u00e3o s\u00f3 para disponibilizar materiais pedag\u00f3gicos aos estudantes como tamb\u00e9m para a realiza\u00e7\u00e3o de cursos online, realiza\u00e7\u00e3o da avalia\u00e7\u00e3o online, potenciador de aprendizagem e comunica\u00e7\u00e3o entre o professor e os estudantes, etc. Com o objetivo [&hellip;]<\/p>\n","protected":false},"author":1,"featured_media":0,"parent":0,"menu_order":0,"comment_status":"closed","ping_status":"closed","template":"","meta":{"_uag_custom_page_level_css":"","site-sidebar-layout":"default","site-content-layout":"","ast-site-content-layout":"default","site-content-style":"default","site-sidebar-style":"default","ast-global-header-display":"","ast-banner-title-visibility":"","ast-main-header-display":"","ast-hfb-above-header-display":"","ast-hfb-below-header-display":"","ast-hfb-mobile-header-display":"","site-post-title":"","ast-breadcrumbs-content":"","ast-featured-img":"","footer-sml-layout":"","theme-transparent-header-meta":"","adv-header-id-meta":"","stick-header-meta":"","header-above-stick-meta":"","header-main-stick-meta":"","header-below-stick-meta":"","astra-migrate-meta-layouts":"set","ast-page-background-enabled":"default","ast-page-background-meta":{"desktop":{"background-color":"var(--ast-global-color-4)","background-image":"","background-repeat":"repeat","background-position":"center center","background-size":"auto","background-attachment":"scroll","background-type":"","background-media":"","overlay-type":"","overlay-color":"","overlay-opacity":"","overlay-gradient":""},"tablet":{"background-color":"","background-image":"","background-repeat":"repeat","background-position":"center center","background-size":"auto","background-attachment":"scroll","background-type":"","background-media":"","overlay-type":"","overlay-color":"","overlay-opacity":"","overlay-gradient":""},"mobile":{"background-color":"","background-image":"","background-repeat":"repeat","background-position":"center center","background-size":"auto","background-attachment":"scroll","background-type":"","background-media":"","overlay-type":"","overlay-color":"","overlay-opacity":"","overlay-gradient":""}},"ast-content-background-meta":{"desktop":{"background-color":"var(--ast-global-color-5)","background-image":"","background-repeat":"repeat","background-position":"center center","background-size":"auto","background-attachment":"scroll","background-type":"","background-media":"","overlay-type":"","overlay-color":"","overlay-opacity":"","overlay-gradient":""},"tablet":{"background-color":"var(--ast-global-color-5)","background-image":"","background-repeat":"repeat","background-position":"center center","background-size":"auto","background-attachment":"scroll","background-type":"","background-media":"","overlay-type":"","overlay-color":"","overlay-opacity":"","overlay-gradient":""},"mobile":{"background-color":"var(--ast-global-color-5)","background-image":"","background-repeat":"repeat","background-position":"center center","background-size":"auto","background-attachment":"scroll","background-type":"","background-media":"","overlay-type":"","overlay-color":"","overlay-opacity":"","overlay-gradient":""}},"footnotes":""},"class_list":["post-235","page","type-page","status-publish","hentry"],"uagb_featured_image_src":{"full":false,"thumbnail":false,"medium":false,"medium_large":false,"large":false,"1536x1536":false,"2048x2048":false},"uagb_author_info":{"display_name":"eiag_admin","author_link":"https:\/\/www.iscap.pt\/gaie\/author\/eiag_admin\/"},"uagb_comment_info":0,"uagb_excerpt":"O Moodle \u00e9 um software livre de apoio \u00e0 aprendizagem atrav\u00e9s de um ambiente virtual. \u00c9 uma plataforma muito \u00fatil n\u00e3o s\u00f3 para disponibilizar materiais pedag\u00f3gicos aos estudantes como tamb\u00e9m para a realiza\u00e7\u00e3o de cursos online, realiza\u00e7\u00e3o da avalia\u00e7\u00e3o online, potenciador de aprendizagem e comunica\u00e7\u00e3o entre o professor e os estudantes, etc. Com o objetivo&hellip;","_links":{"self":[{"href":"https:\/\/www.iscap.pt\/gaie\/wp-json\/wp\/v2\/pages\/235","targetHints":{"allow":["GET"]}}],"collection":[{"href":"https:\/\/www.iscap.pt\/gaie\/wp-json\/wp\/v2\/pages"}],"about":[{"href":"https:\/\/www.iscap.pt\/gaie\/wp-json\/wp\/v2\/types\/page"}],"author":[{"embeddable":true,"href":"https:\/\/www.iscap.pt\/gaie\/wp-json\/wp\/v2\/users\/1"}],"replies":[{"embeddable":true,"href":"https:\/\/www.iscap.pt\/gaie\/wp-json\/wp\/v2\/comments?post=235"}],"version-history":[{"count":5,"href":"https:\/\/www.iscap.pt\/gaie\/wp-json\/wp\/v2\/pages\/235\/revisions"}],"predecessor-version":[{"id":757,"href":"https:\/\/www.iscap.pt\/gaie\/wp-json\/wp\/v2\/pages\/235\/revisions\/757"}],"wp:attachment":[{"href":"https:\/\/www.iscap.pt\/gaie\/wp-json\/wp\/v2\/media?parent=235"}],"curies":[{"name":"wp","href":"https:\/\/api.w.org\/{rel}","templated":true}]}}