{"id":239,"date":"2023-01-26T14:33:34","date_gmt":"2023-01-26T14:33:34","guid":{"rendered":"https:\/\/www.iscap.pt\/gaie\/?page_id=239"},"modified":"2023-01-26T14:33:34","modified_gmt":"2023-01-26T14:33:34","slug":"educacao-a-distancia","status":"publish","type":"page","link":"https:\/\/www.iscap.pt\/gaie\/educacao-a-distancia\/","title":{"rendered":"Educa\u00e7\u00e3o a Dist\u00e2ncia"},"content":{"rendered":"\n<p>A Educa\u00e7\u00e3o a Dist\u00e2ncia (EaD), seja num formato inteiramente online (<em>e-learning<\/em>) seja num formato hibrido (<em>b-learning<\/em>), \u00e9 uma solu\u00e7\u00e3o cred\u00edvel, eficaz e adequada \u00e0s tend\u00eancias sociais e estilos de vida atuais. A transi\u00e7\u00e3o digital que se est\u00e1 atualmente a processar levar\u00e1 cada vez mais \u00e0 ado\u00e7\u00e3o de abordagens educativas mediadas pela tecnologia. Seguidamente divulgamos alguns documentos de apoio sobre EaD.<\/p>\n\n\n\n<hr class=\"wp-block-separator has-alpha-channel-opacity\"\/>\n\n\n\n<div class=\"wp-block-columns is-layout-flex wp-container-core-columns-is-layout-28f84493 wp-block-columns-is-layout-flex\">\n<div class=\"wp-block-column is-layout-flow wp-block-column-is-layout-flow\">\n<div class=\"wp-block-group is-vertical is-layout-flex wp-container-core-group-is-layout-fe9cc265 wp-block-group-is-layout-flex\">\n<h5 class=\"wp-block-heading\">Prepara\u00e7\u00e3o de cursos online<\/h5>\n<\/div>\n\n\n\n<p>Checklist de apoio ao desenho e desenvolvimento de cursos online, por Joan Van Duzer<\/p>\n\n\n\n<div class=\"wp-block-buttons is-layout-flex wp-block-buttons-is-layout-flex\">\n<div class=\"wp-block-button\"><a class=\"wp-block-button__link wp-element-button\" href=\"http:\/\/raleighway.com\/addie\/docs\/instructionalDesignTips.pdf\" target=\"_blank\" rel=\"noreferrer noopener\">Consultar<\/a><\/div>\n<\/div>\n<\/div>\n\n\n\n<div class=\"wp-block-column is-layout-flow wp-block-column-is-layout-flow\">\n<div class=\"wp-block-group is-vertical is-layout-flex wp-container-core-group-is-layout-fe9cc265 wp-block-group-is-layout-flex\">\n<h5 class=\"wp-block-heading\">Orienta\u00e7\u00f5es para cursos online<\/h5>\n<\/div>\n\n\n\n<p>Orienta\u00e7\u00f5es para assegurar a qualidade na prepara\u00e7\u00e3o de cursos online, pela Universidade do Hava\u00ed<\/p>\n\n\n\n<div class=\"wp-block-buttons is-layout-flex wp-block-buttons-is-layout-flex\">\n<div class=\"wp-block-button\"><a class=\"wp-block-button__link wp-element-button\" href=\"https:\/\/clt.manoa.hawaii.edu\/wp-content\/uploads\/2016\/04\/QualityGuidelines20150917.pdf\" target=\"_blank\" rel=\"noreferrer noopener\">Consultar<\/a><\/div>\n<\/div>\n<\/div>\n\n\n\n<div class=\"wp-block-column is-layout-flow wp-block-column-is-layout-flow\">\n<div class=\"wp-block-group is-vertical is-layout-flex wp-container-core-group-is-layout-fe9cc265 wp-block-group-is-layout-flex\">\n<h5 class=\"wp-block-heading\">Metodologias do e-learning<\/h5>\n<\/div>\n\n\n\n<p>Guia com orienta\u00e7\u00f5es para desenhar e desenvolver cursos em regime de e-learning, pela FAO (ONU)<\/p>\n\n\n\n<div class=\"wp-block-buttons is-layout-flex wp-block-buttons-is-layout-flex\">\n<div class=\"wp-block-button\"><a class=\"wp-block-button__link wp-element-button\" href=\"https:\/\/www.elearningnews.it\/_resources\/images\/ebook\/e-learning-methodologies.pdf\" target=\"_blank\" rel=\"noreferrer noopener\">Consultar<\/a><\/div>\n<\/div>\n<\/div>\n<\/div>\n\n\n\n<div class=\"wp-block-columns is-layout-flex wp-container-core-columns-is-layout-28f84493 wp-block-columns-is-layout-flex\">\n<div class=\"wp-block-column is-layout-flow wp-block-column-is-layout-flow\">\n<div class=\"wp-block-group is-vertical is-layout-flex wp-container-core-group-is-layout-fe9cc265 wp-block-group-is-layout-flex\">\n<h5 class=\"wp-block-heading\">Avalia\u00e7\u00e3o digital<\/h5>\n<\/div>\n\n\n\n<p>Informa\u00e7\u00e3o sobre as diversas tipologias de avalia\u00e7\u00e3o por meio digital, pela Universidade de Dublin<\/p>\n\n\n\n<div class=\"wp-block-buttons is-layout-flex wp-block-buttons-is-layout-flex\">\n<div class=\"wp-block-button\"><a class=\"wp-block-button__link wp-element-button\" href=\"https:\/\/www.tcd.ie\/academicpractice\/Gateway_to_Assessment\/students\/types_digital_assessment\/\" target=\"_blank\" rel=\"noreferrer noopener\">Consultar<\/a><\/div>\n<\/div>\n<\/div>\n\n\n\n<div class=\"wp-block-column is-layout-flow wp-block-column-is-layout-flow\">\n<div class=\"wp-block-group is-vertical is-layout-flex wp-container-core-group-is-layout-fe9cc265 wp-block-group-is-layout-flex\">\n<h5 class=\"wp-block-heading\">Avalia\u00e7\u00e3o digital vs. tradicional<\/h5>\n<\/div>\n\n\n\n<p>Artigo que discute a migra\u00e7\u00e3o da avalia\u00e7\u00e3o tradicional vs. avalia\u00e7\u00e3o digital, pela Universidade de Cambridge<\/p>\n\n\n\n<div class=\"wp-block-buttons is-layout-flex wp-block-buttons-is-layout-flex\">\n<div class=\"wp-block-button\"><a class=\"wp-block-button__link wp-element-button\" href=\"https:\/\/www.cambridge.org\/news-and-insights\/insights\/what-do-we-mean-by-digital-assessment\" target=\"_blank\" rel=\"noreferrer noopener\">Consultar<\/a><\/div>\n<\/div>\n<\/div>\n\n\n\n<div class=\"wp-block-column is-layout-flow wp-block-column-is-layout-flow\">\n<div class=\"wp-block-group is-vertical is-layout-flex wp-container-core-group-is-layout-fe9cc265 wp-block-group-is-layout-flex\">\n<h5 class=\"wp-block-heading\">Design Instrucional<\/h5>\n<\/div>\n\n\n\n<p>Artigo que explora os diferentes modelos de design instrucional para a cria\u00e7\u00e3o de material pedag\u00f3gico, por creately.com<\/p>\n\n\n\n<div class=\"wp-block-buttons is-layout-flex wp-block-buttons-is-layout-flex\">\n<div class=\"wp-block-button\"><a class=\"wp-block-button__link wp-element-button\" href=\"https:\/\/creately.com\/blog\/education\/instructional-design-models-process\/?fbclid=IwAR2Bcasv_FG2pP-lQfJRYdtqjeQcO6J6jjss7WPF-M6M8loEjR2nB1W6MNc\" target=\"_blank\" rel=\"noreferrer noopener\">Consultar<\/a><\/div>\n<\/div>\n<\/div>\n<\/div>\n","protected":false},"excerpt":{"rendered":"<p>A Educa\u00e7\u00e3o a Dist\u00e2ncia (EaD), seja num formato inteiramente online (e-learning) seja num formato hibrido (b-learning), \u00e9 uma solu\u00e7\u00e3o cred\u00edvel, eficaz e adequada \u00e0s tend\u00eancias sociais e estilos de vida atuais. A transi\u00e7\u00e3o digital que se est\u00e1 atualmente a processar levar\u00e1 cada vez mais \u00e0 ado\u00e7\u00e3o de abordagens educativas mediadas pela tecnologia. Seguidamente divulgamos alguns [&hellip;]<\/p>\n","protected":false},"author":1,"featured_media":0,"parent":0,"menu_order":0,"comment_status":"closed","ping_status":"closed","template":"","meta":{"_uag_custom_page_level_css":"","site-sidebar-layout":"default","site-content-layout":"","ast-site-content-layout":"default","site-content-style":"default","site-sidebar-style":"default","ast-global-header-display":"","ast-banner-title-visibility":"","ast-main-header-display":"","ast-hfb-above-header-display":"","ast-hfb-below-header-display":"","ast-hfb-mobile-header-display":"","site-post-title":"","ast-breadcrumbs-content":"","ast-featured-img":"","footer-sml-layout":"","theme-transparent-header-meta":"","adv-header-id-meta":"","stick-header-meta":"","header-above-stick-meta":"","header-main-stick-meta":"","header-below-stick-meta":"","astra-migrate-meta-layouts":"default","ast-page-background-enabled":"default","ast-page-background-meta":{"desktop":{"background-color":"var(--ast-global-color-4)","background-image":"","background-repeat":"repeat","background-position":"center center","background-size":"auto","background-attachment":"scroll","background-type":"","background-media":"","overlay-type":"","overlay-color":"","overlay-opacity":"","overlay-gradient":""},"tablet":{"background-color":"","background-image":"","background-repeat":"repeat","background-position":"center center","background-size":"auto","background-attachment":"scroll","background-type":"","background-media":"","overlay-type":"","overlay-color":"","overlay-opacity":"","overlay-gradient":""},"mobile":{"background-color":"","background-image":"","background-repeat":"repeat","background-position":"center center","background-size":"auto","background-attachment":"scroll","background-type":"","background-media":"","overlay-type":"","overlay-color":"","overlay-opacity":"","overlay-gradient":""}},"ast-content-background-meta":{"desktop":{"background-color":"var(--ast-global-color-5)","background-image":"","background-repeat":"repeat","background-position":"center center","background-size":"auto","background-attachment":"scroll","background-type":"","background-media":"","overlay-type":"","overlay-color":"","overlay-opacity":"","overlay-gradient":""},"tablet":{"background-color":"var(--ast-global-color-5)","background-image":"","background-repeat":"repeat","background-position":"center center","background-size":"auto","background-attachment":"scroll","background-type":"","background-media":"","overlay-type":"","overlay-color":"","overlay-opacity":"","overlay-gradient":""},"mobile":{"background-color":"var(--ast-global-color-5)","background-image":"","background-repeat":"repeat","background-position":"center center","background-size":"auto","background-attachment":"scroll","background-type":"","background-media":"","overlay-type":"","overlay-color":"","overlay-opacity":"","overlay-gradient":""}},"footnotes":""},"class_list":["post-239","page","type-page","status-publish","hentry"],"uagb_featured_image_src":{"full":false,"thumbnail":false,"medium":false,"medium_large":false,"large":false,"1536x1536":false,"2048x2048":false},"uagb_author_info":{"display_name":"eiag_admin","author_link":"https:\/\/www.iscap.pt\/gaie\/author\/eiag_admin\/"},"uagb_comment_info":0,"uagb_excerpt":"A Educa\u00e7\u00e3o a Dist\u00e2ncia (EaD), seja num formato inteiramente online (e-learning) seja num formato hibrido (b-learning), \u00e9 uma solu\u00e7\u00e3o cred\u00edvel, eficaz e adequada \u00e0s tend\u00eancias sociais e estilos de vida atuais. A transi\u00e7\u00e3o digital que se est\u00e1 atualmente a processar levar\u00e1 cada vez mais \u00e0 ado\u00e7\u00e3o de abordagens educativas mediadas pela tecnologia. Seguidamente divulgamos alguns&hellip;","_links":{"self":[{"href":"https:\/\/www.iscap.pt\/gaie\/wp-json\/wp\/v2\/pages\/239","targetHints":{"allow":["GET"]}}],"collection":[{"href":"https:\/\/www.iscap.pt\/gaie\/wp-json\/wp\/v2\/pages"}],"about":[{"href":"https:\/\/www.iscap.pt\/gaie\/wp-json\/wp\/v2\/types\/page"}],"author":[{"embeddable":true,"href":"https:\/\/www.iscap.pt\/gaie\/wp-json\/wp\/v2\/users\/1"}],"replies":[{"embeddable":true,"href":"https:\/\/www.iscap.pt\/gaie\/wp-json\/wp\/v2\/comments?post=239"}],"version-history":[{"count":1,"href":"https:\/\/www.iscap.pt\/gaie\/wp-json\/wp\/v2\/pages\/239\/revisions"}],"predecessor-version":[{"id":240,"href":"https:\/\/www.iscap.pt\/gaie\/wp-json\/wp\/v2\/pages\/239\/revisions\/240"}],"wp:attachment":[{"href":"https:\/\/www.iscap.pt\/gaie\/wp-json\/wp\/v2\/media?parent=239"}],"curies":[{"name":"wp","href":"https:\/\/api.w.org\/{rel}","templated":true}]}}