{"id":326,"date":"2023-03-31T09:02:24","date_gmt":"2023-03-31T09:02:24","guid":{"rendered":"https:\/\/www.iscap.pt\/gaie\/?page_id=326"},"modified":"2025-02-10T09:46:59","modified_gmt":"2025-02-10T09:46:59","slug":"tecnologias-educativas","status":"publish","type":"page","link":"https:\/\/www.iscap.pt\/gaie\/tecnologias-educativas\/","title":{"rendered":"Tecnologias Educativas"},"content":{"rendered":"\n<p>Este espa\u00e7o \u00e9 dedicado \u00e0 divulga\u00e7\u00e3o de tecnologias educativas que possam suportar uma pr\u00e1tica docente mais atual e alinhada com as novas tend\u00eancias pedag\u00f3gicas. <\/p>\n\n\n\n<div class=\"wp-block-columns is-layout-flex wp-container-core-columns-is-layout-28f84493 wp-block-columns-is-layout-flex\">\n<div class=\"wp-block-column is-layout-flow wp-block-column-is-layout-flow\">\n<div class=\"wp-block-group is-vertical is-layout-flex wp-container-core-group-is-layout-fe9cc265 wp-block-group-is-layout-flex\">\n<h2 class=\"wp-block-heading\">Moodle 4 &#8211; O que mudou?<\/h2>\n<\/div>\n\n\n\n<div data-wp-interactive=\"core\/file\" class=\"wp-block-file\"><object data-wp-bind--hidden=\"!state.hasPdfPreview\" hidden class=\"wp-block-file__embed\" data=\"https:\/\/www.iscap.pt\/gaie\/wp-content\/uploads\/2023\/07\/2023_booklet-moodle4-o-que-mudou.pdf\" type=\"application\/pdf\" style=\"width:100%;height:600px\" aria-label=\"Incorpora\u00e7\u00e3o de 2023_booklet-moodle4-o-que-mudou.\"><\/object><a id=\"wp-block-file--media-35ac3a72-0522-4f01-b02a-9d2306985645\" href=\"https:\/\/www.iscap.pt\/gaie\/wp-content\/uploads\/2023\/07\/2023_booklet-moodle4-o-que-mudou.pdf\">2023_booklet-moodle4-o-que-mudou<\/a><a href=\"https:\/\/www.iscap.pt\/gaie\/wp-content\/uploads\/2023\/07\/2023_booklet-moodle4-o-que-mudou.pdf\" class=\"wp-block-file__button wp-element-button\" download aria-describedby=\"wp-block-file--media-35ac3a72-0522-4f01-b02a-9d2306985645\">Descarregar<\/a><\/div>\n<\/div>\n\n\n\n<div class=\"wp-block-column is-layout-flow wp-block-column-is-layout-flow\">\n<div class=\"wp-block-group is-vertical is-layout-flex wp-container-core-group-is-layout-fe9cc265 wp-block-group-is-layout-flex\">\n<div class=\"wp-block-uagb-advanced-heading uagb-block-7c912cb2\"><h2 class=\"uagb-heading-text\">Identific<\/h2><\/div>\n<\/div>\n\n\n\n<div data-wp-interactive=\"core\/file\" class=\"wp-block-file\"><object data-wp-bind--hidden=\"!state.hasPdfPreview\" hidden class=\"wp-block-file__embed\" data=\"https:\/\/www.iscap.pt\/gaie\/wp-content\/uploads\/2025\/02\/2025_identific_breve_manual_do_utilizador.pdf\" type=\"application\/pdf\" style=\"width:100%;height:600px\" aria-label=\"Incorpora\u00e7\u00e3o de 2025_identific_breve_manual_do_utilizador.\"><\/object><a id=\"wp-block-file--media-83827743-bb5f-440a-9e3e-7f2fb3b0f408\" href=\"https:\/\/www.iscap.pt\/gaie\/wp-content\/uploads\/2025\/02\/2025_identific_breve_manual_do_utilizador.pdf\">2025_identific_breve_manual_do_utilizador<\/a><a href=\"https:\/\/www.iscap.pt\/gaie\/wp-content\/uploads\/2025\/02\/2025_identific_breve_manual_do_utilizador.pdf\" class=\"wp-block-file__button wp-element-button\" download aria-describedby=\"wp-block-file--media-83827743-bb5f-440a-9e3e-7f2fb3b0f408\">Descarregar<\/a><\/div>\n<\/div>\n<\/div>\n\n\n\n<div class=\"wp-block-columns is-layout-flex wp-container-core-columns-is-layout-28f84493 wp-block-columns-is-layout-flex\">\n<div class=\"wp-block-column is-layout-flow wp-block-column-is-layout-flow\">\n<div class=\"wp-block-group is-vertical is-layout-flex wp-container-core-group-is-layout-fe9cc265 wp-block-group-is-layout-flex\">\n<h2 class=\"wp-block-heading\">H5P<\/h2>\n\n\n\n<div data-wp-interactive=\"core\/file\" class=\"wp-block-file\"><object data-wp-bind--hidden=\"!state.hasPdfPreview\" hidden class=\"wp-block-file__embed\" data=\"https:\/\/www.iscap.pt\/gaie\/wp-content\/uploads\/2023\/03\/introducao_ao_H5P_video_interativo.pdf\" type=\"application\/pdf\" style=\"width:100%;height:600px\" aria-label=\"Incorpora\u00e7\u00e3o de introducao_ao_H5P_video_interativo.\"><\/object><a id=\"wp-block-file--media-55ff6b0b-0244-4e33-a669-b485a5fd80d9\" href=\"https:\/\/www.iscap.pt\/gaie\/wp-content\/uploads\/2023\/03\/introducao_ao_H5P_video_interativo.pdf\">introducao_ao_H5P_video_interativo<\/a><a href=\"https:\/\/www.iscap.pt\/gaie\/wp-content\/uploads\/2023\/03\/introducao_ao_H5P_video_interativo.pdf\" class=\"wp-block-file__button wp-element-button\" download aria-describedby=\"wp-block-file--media-55ff6b0b-0244-4e33-a669-b485a5fd80d9\">Descarregar<\/a><\/div>\n<\/div>\n<\/div>\n\n\n\n<div class=\"wp-block-column is-layout-flow wp-block-column-is-layout-flow\">\n<div class=\"wp-block-group is-vertical is-layout-flex wp-container-core-group-is-layout-fe9cc265 wp-block-group-is-layout-flex\">\n<h2 class=\"wp-block-heading\">V\u00eddeo-Aulas com PPT<\/h2>\n<\/div>\n\n\n\n<div data-wp-interactive=\"core\/file\" class=\"wp-block-file\"><object data-wp-bind--hidden=\"!state.hasPdfPreview\" hidden class=\"wp-block-file__embed\" data=\"https:\/\/www.iscap.pt\/gaie\/wp-content\/uploads\/2023\/05\/apresentacao_videoaulas_com_ppt.pdf\" type=\"application\/pdf\" style=\"width:100%;height:600px\" aria-label=\"Incorpora\u00e7\u00e3o de apresentacao_videoaulas_com_ppt.\"><\/object><a id=\"wp-block-file--media-fa273734-f614-4d6b-90f4-59efd0a30eec\" href=\"https:\/\/www.iscap.pt\/gaie\/wp-content\/uploads\/2023\/05\/apresentacao_videoaulas_com_ppt.pdf\">apresentacao_videoaulas_com_ppt<\/a><a href=\"https:\/\/www.iscap.pt\/gaie\/wp-content\/uploads\/2023\/05\/apresentacao_videoaulas_com_ppt.pdf\" class=\"wp-block-file__button wp-element-button\" download aria-describedby=\"wp-block-file--media-fa273734-f614-4d6b-90f4-59efd0a30eec\">Descarregar<\/a><\/div>\n<\/div>\n<\/div>\n","protected":false},"excerpt":{"rendered":"<p>Este espa\u00e7o \u00e9 dedicado \u00e0 divulga\u00e7\u00e3o de tecnologias educativas que possam suportar uma pr\u00e1tica docente mais atual e alinhada com as novas tend\u00eancias pedag\u00f3gicas. Moodle 4 &#8211; O que mudou? Identific H5P V\u00eddeo-Aulas com PPT<\/p>\n","protected":false},"author":1,"featured_media":0,"parent":0,"menu_order":0,"comment_status":"closed","ping_status":"closed","template":"","meta":{"_uag_custom_page_level_css":"","site-sidebar-layout":"default","site-content-layout":"","ast-site-content-layout":"default","site-content-style":"default","site-sidebar-style":"default","ast-global-header-display":"","ast-banner-title-visibility":"","ast-main-header-display":"","ast-hfb-above-header-display":"","ast-hfb-below-header-display":"","ast-hfb-mobile-header-display":"","site-post-title":"","ast-breadcrumbs-content":"","ast-featured-img":"","footer-sml-layout":"","theme-transparent-header-meta":"","adv-header-id-meta":"","stick-header-meta":"","header-above-stick-meta":"","header-main-stick-meta":"","header-below-stick-meta":"","astra-migrate-meta-layouts":"set","ast-page-background-enabled":"default","ast-page-background-meta":{"desktop":{"background-color":"var(--ast-global-color-4)","background-image":"","background-repeat":"repeat","background-position":"center center","background-size":"auto","background-attachment":"scroll","background-type":"","background-media":"","overlay-type":"","overlay-color":"","overlay-opacity":"","overlay-gradient":""},"tablet":{"background-color":"","background-image":"","background-repeat":"repeat","background-position":"center center","background-size":"auto","background-attachment":"scroll","background-type":"","background-media":"","overlay-type":"","overlay-color":"","overlay-opacity":"","overlay-gradient":""},"mobile":{"background-color":"","background-image":"","background-repeat":"repeat","background-position":"center center","background-size":"auto","background-attachment":"scroll","background-type":"","background-media":"","overlay-type":"","overlay-color":"","overlay-opacity":"","overlay-gradient":""}},"ast-content-background-meta":{"desktop":{"background-color":"var(--ast-global-color-5)","background-image":"","background-repeat":"repeat","background-position":"center center","background-size":"auto","background-attachment":"scroll","background-type":"","background-media":"","overlay-type":"","overlay-color":"","overlay-opacity":"","overlay-gradient":""},"tablet":{"background-color":"var(--ast-global-color-5)","background-image":"","background-repeat":"repeat","background-position":"center center","background-size":"auto","background-attachment":"scroll","background-type":"","background-media":"","overlay-type":"","overlay-color":"","overlay-opacity":"","overlay-gradient":""},"mobile":{"background-color":"var(--ast-global-color-5)","background-image":"","background-repeat":"repeat","background-position":"center center","background-size":"auto","background-attachment":"scroll","background-type":"","background-media":"","overlay-type":"","overlay-color":"","overlay-opacity":"","overlay-gradient":""}},"footnotes":""},"class_list":["post-326","page","type-page","status-publish","hentry"],"uagb_featured_image_src":{"full":false,"thumbnail":false,"medium":false,"medium_large":false,"large":false,"1536x1536":false,"2048x2048":false},"uagb_author_info":{"display_name":"eiag_admin","author_link":"https:\/\/www.iscap.pt\/gaie\/author\/eiag_admin\/"},"uagb_comment_info":0,"uagb_excerpt":"Este espa\u00e7o \u00e9 dedicado \u00e0 divulga\u00e7\u00e3o de tecnologias educativas que possam suportar uma pr\u00e1tica docente mais atual e alinhada com as novas tend\u00eancias pedag\u00f3gicas. Moodle 4 &#8211; O que mudou? Identific H5P V\u00eddeo-Aulas com PPT","_links":{"self":[{"href":"https:\/\/www.iscap.pt\/gaie\/wp-json\/wp\/v2\/pages\/326","targetHints":{"allow":["GET"]}}],"collection":[{"href":"https:\/\/www.iscap.pt\/gaie\/wp-json\/wp\/v2\/pages"}],"about":[{"href":"https:\/\/www.iscap.pt\/gaie\/wp-json\/wp\/v2\/types\/page"}],"author":[{"embeddable":true,"href":"https:\/\/www.iscap.pt\/gaie\/wp-json\/wp\/v2\/users\/1"}],"replies":[{"embeddable":true,"href":"https:\/\/www.iscap.pt\/gaie\/wp-json\/wp\/v2\/comments?post=326"}],"version-history":[{"count":5,"href":"https:\/\/www.iscap.pt\/gaie\/wp-json\/wp\/v2\/pages\/326\/revisions"}],"predecessor-version":[{"id":826,"href":"https:\/\/www.iscap.pt\/gaie\/wp-json\/wp\/v2\/pages\/326\/revisions\/826"}],"wp:attachment":[{"href":"https:\/\/www.iscap.pt\/gaie\/wp-json\/wp\/v2\/media?parent=326"}],"curies":[{"name":"wp","href":"https:\/\/api.w.org\/{rel}","templated":true}]}}