{"id":48,"date":"2023-01-03T10:16:17","date_gmt":"2023-01-03T10:16:17","guid":{"rendered":"https:\/\/www.iscap.pt\/gaie\/?page_id=48"},"modified":"2024-12-05T14:01:54","modified_gmt":"2024-12-05T14:01:54","slug":"atendimento","status":"publish","type":"page","link":"https:\/\/www.iscap.pt\/gaie\/atendimento\/","title":{"rendered":"Atendimento"},"content":{"rendered":"\n<p>O GAIE presta um servi\u00e7o de atendimento aos docentes e estudantes do ISCAP nas modalidades presencial e online.<\/p>\n\n\n\n<hr class=\"wp-block-separator has-alpha-channel-opacity\"\/>\n\n\n\n<div class=\"wp-block-columns is-layout-flex wp-container-core-columns-is-layout-28f84493 wp-block-columns-is-layout-flex\">\n<div class=\"wp-block-column is-layout-flow wp-block-column-is-layout-flow\" style=\"flex-basis:33.33%\">\n<figure class=\"wp-block-image size-full\"><img loading=\"lazy\" decoding=\"async\" width=\"640\" height=\"427\" src=\"https:\/\/www.iscap.pt\/gaie\/wp-content\/uploads\/2023\/01\/laptop-ga9b0d9a7f_640.jpg\" alt=\"\" class=\"wp-image-151\" srcset=\"https:\/\/www.iscap.pt\/gaie\/wp-content\/uploads\/2023\/01\/laptop-ga9b0d9a7f_640.jpg 640w, https:\/\/www.iscap.pt\/gaie\/wp-content\/uploads\/2023\/01\/laptop-ga9b0d9a7f_640-300x200.jpg 300w\" sizes=\"auto, (max-width: 640px) 100vw, 640px\" \/><\/figure>\n<\/div>\n\n\n\n<div class=\"wp-block-column is-vertically-aligned-center is-layout-flow wp-block-column-is-layout-flow\" style=\"flex-basis:66.66%\">\n<h2 class=\"wp-block-heading\">Hor\u00e1rios<\/h2>\n\n\n\n<p>Segunda-feira a Sexta-feira &#8211; das 10h00 \u00e0s 12h30 e das 14h30 \u00e0s 16h30<\/p>\n\n\n\n<p>*Quinta-feira &#8211; das 13h00 \u00e0s 19h30 (<strong>em per\u00edodos letivos<\/strong>)<\/p>\n\n\n\n<p class=\"has-text-color\" style=\"color:#c94d24\"><strong>Email: <\/strong>gaie.edu@iscap.ipp.pt |<strong> Tel: <\/strong>229 050 039 |<strong> Ext: <\/strong>22718 | <strong>Gab<\/strong>. 318 (Piso 3)<\/p>\n<\/div>\n<\/div>\n\n\n\n<p><\/p>\n","protected":false},"excerpt":{"rendered":"<p>O GAIE presta um servi\u00e7o de atendimento aos docentes e estudantes do ISCAP nas modalidades presencial e online. Hor\u00e1rios Segunda-feira a Sexta-feira &#8211; das 10h00 \u00e0s 12h30 e das 14h30 \u00e0s 16h30 *Quinta-feira &#8211; das 13h00 \u00e0s 19h30 (em per\u00edodos letivos) Email: gaie.edu@iscap.ipp.pt | Tel: 229 050 039 | Ext: 22718 | Gab. 318 (Piso [&hellip;]<\/p>\n","protected":false},"author":1,"featured_media":0,"parent":0,"menu_order":0,"comment_status":"closed","ping_status":"closed","template":"","meta":{"_uag_custom_page_level_css":"","site-sidebar-layout":"default","site-content-layout":"","ast-site-content-layout":"default","site-content-style":"default","site-sidebar-style":"default","ast-global-header-display":"","ast-banner-title-visibility":"","ast-main-header-display":"","ast-hfb-above-header-display":"","ast-hfb-below-header-display":"","ast-hfb-mobile-header-display":"","site-post-title":"","ast-breadcrumbs-content":"","ast-featured-img":"","footer-sml-layout":"","theme-transparent-header-meta":"","adv-header-id-meta":"","stick-header-meta":"","header-above-stick-meta":"","header-main-stick-meta":"","header-below-stick-meta":"","astra-migrate-meta-layouts":"set","ast-page-background-enabled":"default","ast-page-background-meta":{"desktop":{"background-color":"var(--ast-global-color-4)","background-image":"","background-repeat":"repeat","background-position":"center center","background-size":"auto","background-attachment":"scroll","background-type":"","background-media":"","overlay-type":"","overlay-color":"","overlay-opacity":"","overlay-gradient":""},"tablet":{"background-color":"","background-image":"","background-repeat":"repeat","background-position":"center center","background-size":"auto","background-attachment":"scroll","background-type":"","background-media":"","overlay-type":"","overlay-color":"","overlay-opacity":"","overlay-gradient":""},"mobile":{"background-color":"","background-image":"","background-repeat":"repeat","background-position":"center center","background-size":"auto","background-attachment":"scroll","background-type":"","background-media":"","overlay-type":"","overlay-color":"","overlay-opacity":"","overlay-gradient":""}},"ast-content-background-meta":{"desktop":{"background-color":"var(--ast-global-color-5)","background-image":"","background-repeat":"repeat","background-position":"center center","background-size":"auto","background-attachment":"scroll","background-type":"","background-media":"","overlay-type":"","overlay-color":"","overlay-opacity":"","overlay-gradient":""},"tablet":{"background-color":"var(--ast-global-color-5)","background-image":"","background-repeat":"repeat","background-position":"center center","background-size":"auto","background-attachment":"scroll","background-type":"","background-media":"","overlay-type":"","overlay-color":"","overlay-opacity":"","overlay-gradient":""},"mobile":{"background-color":"var(--ast-global-color-5)","background-image":"","background-repeat":"repeat","background-position":"center center","background-size":"auto","background-attachment":"scroll","background-type":"","background-media":"","overlay-type":"","overlay-color":"","overlay-opacity":"","overlay-gradient":""}},"footnotes":""},"class_list":["post-48","page","type-page","status-publish","hentry"],"uagb_featured_image_src":{"full":false,"thumbnail":false,"medium":false,"medium_large":false,"large":false,"1536x1536":false,"2048x2048":false},"uagb_author_info":{"display_name":"eiag_admin","author_link":"https:\/\/www.iscap.pt\/gaie\/author\/eiag_admin\/"},"uagb_comment_info":0,"uagb_excerpt":"O GAIE presta um servi\u00e7o de atendimento aos docentes e estudantes do ISCAP nas modalidades presencial e online. Hor\u00e1rios Segunda-feira a Sexta-feira &#8211; das 10h00 \u00e0s 12h30 e das 14h30 \u00e0s 16h30 *Quinta-feira &#8211; das 13h00 \u00e0s 19h30 (em per\u00edodos letivos) Email: gaie.edu@iscap.ipp.pt | Tel: 229 050 039 | Ext: 22718 | Gab. 318 (Piso&hellip;","_links":{"self":[{"href":"https:\/\/www.iscap.pt\/gaie\/wp-json\/wp\/v2\/pages\/48","targetHints":{"allow":["GET"]}}],"collection":[{"href":"https:\/\/www.iscap.pt\/gaie\/wp-json\/wp\/v2\/pages"}],"about":[{"href":"https:\/\/www.iscap.pt\/gaie\/wp-json\/wp\/v2\/types\/page"}],"author":[{"embeddable":true,"href":"https:\/\/www.iscap.pt\/gaie\/wp-json\/wp\/v2\/users\/1"}],"replies":[{"embeddable":true,"href":"https:\/\/www.iscap.pt\/gaie\/wp-json\/wp\/v2\/comments?post=48"}],"version-history":[{"count":9,"href":"https:\/\/www.iscap.pt\/gaie\/wp-json\/wp\/v2\/pages\/48\/revisions"}],"predecessor-version":[{"id":794,"href":"https:\/\/www.iscap.pt\/gaie\/wp-json\/wp\/v2\/pages\/48\/revisions\/794"}],"wp:attachment":[{"href":"https:\/\/www.iscap.pt\/gaie\/wp-json\/wp\/v2\/media?parent=48"}],"curies":[{"name":"wp","href":"https:\/\/api.w.org\/{rel}","templated":true}]}}