{"id":9,"date":"2022-12-28T12:24:57","date_gmt":"2022-12-28T12:24:57","guid":{"rendered":"https:\/\/www.iscap.pt\/gaie\/?page_id=9"},"modified":"2023-02-01T10:34:10","modified_gmt":"2023-02-01T10:34:10","slug":"sobre","status":"publish","type":"page","link":"https:\/\/www.iscap.pt\/gaie\/sobre\/","title":{"rendered":"Sobre"},"content":{"rendered":"\n<div class=\"wp-block-cover alignfull is-light\" style=\"min-height:213px;aspect-ratio:unset;\"><span aria-hidden=\"true\" class=\"wp-block-cover__background has-background-dim\"><\/span><img loading=\"lazy\" decoding=\"async\" width=\"1274\" height=\"324\" class=\"wp-block-cover__image-background wp-image-42\" alt=\"\" src=\"https:\/\/www.iscap.pt\/gaie\/wp-content\/uploads\/2022\/12\/logo_moodle2223.png\" style=\"object-position:100% 38%\" data-object-fit=\"cover\" data-object-position=\"100% 38%\" srcset=\"https:\/\/www.iscap.pt\/gaie\/wp-content\/uploads\/2022\/12\/logo_moodle2223.png 1274w, https:\/\/www.iscap.pt\/gaie\/wp-content\/uploads\/2022\/12\/logo_moodle2223-300x76.png 300w, https:\/\/www.iscap.pt\/gaie\/wp-content\/uploads\/2022\/12\/logo_moodle2223-1024x260.png 1024w, https:\/\/www.iscap.pt\/gaie\/wp-content\/uploads\/2022\/12\/logo_moodle2223-768x195.png 768w\" sizes=\"auto, (max-width: 1274px) 100vw, 1274px\" \/><div class=\"wp-block-cover__inner-container is-layout-flow wp-block-cover-is-layout-flow\">\n<p class=\"has-text-align-center has-large-font-size\">Miss\u00e3o &amp; Objetivos<\/p>\n<\/div><\/div>\n\n\n\n<p><\/p>\n\n\n\n<p>O Gabinete de Apoio \u00e0 Inova\u00e7\u00e3o em Educa\u00e7\u00e3o (GAIE) tem como principal miss\u00e3o promover a concilia\u00e7\u00e3o das necessidades pedag\u00f3gicas inerentes ao ensino superior com a eficiente introdu\u00e7\u00e3o, gest\u00e3o e utiliza\u00e7\u00e3o da tecnologia ao servi\u00e7o da educa\u00e7\u00e3o.&nbsp;&nbsp;Este gabinete \u00e9 composto por dois n\u00facleos \u2013 o N\u00facleo de Educa\u00e7\u00e3o e o N\u00facleo de Audiovisuais e Multim\u00e9dia -, que concentram compet\u00eancias nas \u00e1reas t\u00e9cnico-pedag\u00f3gica, l\u00ednguas aplicadas, forma\u00e7\u00e3o de docentes e desenvolvimento e gest\u00e3o de recursos audiovisuais e multim\u00e9dia.<\/p>\n\n\n\n<p>Atrav\u00e9s do <strong>N\u00facleo de Educa\u00e7\u00e3o<\/strong>, o GAIE pretende assegurar os seguintes objetivos:<\/p>\n\n\n\n<p><\/p>\n\n\n\n<ul class=\"wp-block-list\">\n<li>a consultadoria e o acompanhamento de docentes e estudantes no manuseamento de tecnologias educativas e de ensino online <\/li>\n\n\n\n<li>o desenho, organiza\u00e7\u00e3o e oferta de a\u00e7\u00f5es de forma\u00e7\u00e3o cont\u00ednua no \u00e2mbito da inova\u00e7\u00e3o educativa<\/li>\n\n\n\n<li>o aconselhamento pedag\u00f3gico para o desenvolvimento de estrat\u00e9gias de ensino-aprendizagem com recurso \u00e0s tecnologias educativas, o apoio \u00e0 constru\u00e7\u00e3o e desenvolvimento de conte\u00fados educativos para as diferentes \u00e1reas cient\u00edficas<\/li>\n\n\n\n<li>a dissemina\u00e7\u00e3o de boas pr\u00e1ticas, metodologias e aplica\u00e7\u00f5es pedag\u00f3gicas<\/li>\n\n\n\n<li>a disponibiliza\u00e7\u00e3o dos meios t\u00e9cnicos necess\u00e1rios ao desenvolvimento de cursos em ambiente Moodle<\/li>\n\n\n\n<li>a colabora\u00e7\u00e3o estreita com os restantes gabinetes e servi\u00e7os do ISCAP.<\/li>\n<\/ul>\n\n\n\n<div style=\"height:100px\" aria-hidden=\"true\" class=\"wp-block-spacer\"><\/div>\n\n\n\n<p><\/p>\n","protected":false},"excerpt":{"rendered":"<p>O Gabinete de Apoio \u00e0 Inova\u00e7\u00e3o em Educa\u00e7\u00e3o (GAIE) tem como principal miss\u00e3o promover a concilia\u00e7\u00e3o das necessidades pedag\u00f3gicas inerentes ao ensino superior com a eficiente introdu\u00e7\u00e3o, gest\u00e3o e utiliza\u00e7\u00e3o da tecnologia ao servi\u00e7o da educa\u00e7\u00e3o.&nbsp;&nbsp;Este gabinete \u00e9 composto por dois n\u00facleos \u2013 o N\u00facleo de Educa\u00e7\u00e3o e o N\u00facleo de Audiovisuais e Multim\u00e9dia -, [&hellip;]<\/p>\n","protected":false},"author":1,"featured_media":0,"parent":0,"menu_order":0,"comment_status":"closed","ping_status":"closed","template":"","meta":{"_uag_custom_page_level_css":"","site-sidebar-layout":"default","site-content-layout":"","ast-site-content-layout":"default","site-content-style":"default","site-sidebar-style":"default","ast-global-header-display":"","ast-banner-title-visibility":"","ast-main-header-display":"","ast-hfb-above-header-display":"","ast-hfb-below-header-display":"","ast-hfb-mobile-header-display":"","site-post-title":"","ast-breadcrumbs-content":"","ast-featured-img":"","footer-sml-layout":"","theme-transparent-header-meta":"","adv-header-id-meta":"","stick-header-meta":"","header-above-stick-meta":"","header-main-stick-meta":"","header-below-stick-meta":"","astra-migrate-meta-layouts":"default","ast-page-background-enabled":"default","ast-page-background-meta":{"desktop":{"background-color":"var(--ast-global-color-4)","background-image":"","background-repeat":"repeat","background-position":"center center","background-size":"auto","background-attachment":"scroll","background-type":"","background-media":"","overlay-type":"","overlay-color":"","overlay-opacity":"","overlay-gradient":""},"tablet":{"background-color":"","background-image":"","background-repeat":"repeat","background-position":"center center","background-size":"auto","background-attachment":"scroll","background-type":"","background-media":"","overlay-type":"","overlay-color":"","overlay-opacity":"","overlay-gradient":""},"mobile":{"background-color":"","background-image":"","background-repeat":"repeat","background-position":"center center","background-size":"auto","background-attachment":"scroll","background-type":"","background-media":"","overlay-type":"","overlay-color":"","overlay-opacity":"","overlay-gradient":""}},"ast-content-background-meta":{"desktop":{"background-color":"var(--ast-global-color-5)","background-image":"","background-repeat":"repeat","background-position":"center center","background-size":"auto","background-attachment":"scroll","background-type":"","background-media":"","overlay-type":"","overlay-color":"","overlay-opacity":"","overlay-gradient":""},"tablet":{"background-color":"var(--ast-global-color-5)","background-image":"","background-repeat":"repeat","background-position":"center center","background-size":"auto","background-attachment":"scroll","background-type":"","background-media":"","overlay-type":"","overlay-color":"","overlay-opacity":"","overlay-gradient":""},"mobile":{"background-color":"var(--ast-global-color-5)","background-image":"","background-repeat":"repeat","background-position":"center center","background-size":"auto","background-attachment":"scroll","background-type":"","background-media":"","overlay-type":"","overlay-color":"","overlay-opacity":"","overlay-gradient":""}},"footnotes":""},"class_list":["post-9","page","type-page","status-publish","hentry"],"uagb_featured_image_src":{"full":false,"thumbnail":false,"medium":false,"medium_large":false,"large":false,"1536x1536":false,"2048x2048":false},"uagb_author_info":{"display_name":"eiag_admin","author_link":"https:\/\/www.iscap.pt\/gaie\/author\/eiag_admin\/"},"uagb_comment_info":0,"uagb_excerpt":"O Gabinete de Apoio \u00e0 Inova\u00e7\u00e3o em Educa\u00e7\u00e3o (GAIE) tem como principal miss\u00e3o promover a concilia\u00e7\u00e3o das necessidades pedag\u00f3gicas inerentes ao ensino superior com a eficiente introdu\u00e7\u00e3o, gest\u00e3o e utiliza\u00e7\u00e3o da tecnologia ao servi\u00e7o da educa\u00e7\u00e3o.&nbsp;&nbsp;Este gabinete \u00e9 composto por dois n\u00facleos \u2013 o N\u00facleo de Educa\u00e7\u00e3o e o N\u00facleo de Audiovisuais e Multim\u00e9dia -,&hellip;","_links":{"self":[{"href":"https:\/\/www.iscap.pt\/gaie\/wp-json\/wp\/v2\/pages\/9","targetHints":{"allow":["GET"]}}],"collection":[{"href":"https:\/\/www.iscap.pt\/gaie\/wp-json\/wp\/v2\/pages"}],"about":[{"href":"https:\/\/www.iscap.pt\/gaie\/wp-json\/wp\/v2\/types\/page"}],"author":[{"embeddable":true,"href":"https:\/\/www.iscap.pt\/gaie\/wp-json\/wp\/v2\/users\/1"}],"replies":[{"embeddable":true,"href":"https:\/\/www.iscap.pt\/gaie\/wp-json\/wp\/v2\/comments?post=9"}],"version-history":[{"count":11,"href":"https:\/\/www.iscap.pt\/gaie\/wp-json\/wp\/v2\/pages\/9\/revisions"}],"predecessor-version":[{"id":249,"href":"https:\/\/www.iscap.pt\/gaie\/wp-json\/wp\/v2\/pages\/9\/revisions\/249"}],"wp:attachment":[{"href":"https:\/\/www.iscap.pt\/gaie\/wp-json\/wp\/v2\/media?parent=9"}],"curies":[{"name":"wp","href":"https:\/\/api.w.org\/{rel}","templated":true}]}}