{"id":104,"date":"2020-10-07T07:59:03","date_gmt":"2020-10-07T07:59:03","guid":{"rendered":"https:\/\/gustavomonteiro.pt\/wp-gri\/about\/"},"modified":"2026-03-16T11:44:44","modified_gmt":"2026-03-16T11:44:44","slug":"about","status":"publish","type":"page","link":"https:\/\/www.iscap.pt\/gri\/about\/","title":{"rendered":"Sobre n\u00f3s"},"content":{"rendered":"\t\t<div data-elementor-type=\"wp-page\" data-elementor-id=\"104\" class=\"elementor elementor-104\">\n\t\t\t\t\t\t<section class=\"elementor-section elementor-top-section elementor-element elementor-element-eb47150 elementor-section-boxed elementor-section-height-default elementor-section-height-default\" data-id=\"eb47150\" data-element_type=\"section\" data-settings=\"{&quot;background_background&quot;:&quot;classic&quot;}\">\n\t\t\t\t\t\t<div class=\"elementor-container elementor-column-gap-no\">\n\t\t\t\t\t<div class=\"elementor-column elementor-col-50 elementor-top-column elementor-element elementor-element-ef3d779\" data-id=\"ef3d779\" data-element_type=\"column\" data-settings=\"{&quot;background_background&quot;:&quot;classic&quot;}\">\n\t\t\t<div class=\"elementor-widget-wrap elementor-element-populated\">\n\t\t\t\t\t\t<div class=\"elementor-element elementor-element-ec49596 elementor-widget elementor-widget-spacer\" data-id=\"ec49596\" data-element_type=\"widget\" data-widget_type=\"spacer.default\">\n\t\t\t\t<div class=\"elementor-widget-container\">\n\t\t\t\t\t<div class=\"elementor-spacer\">\n\t\t\t<div class=\"elementor-spacer-inner\"><\/div>\n\t\t<\/div>\n\t\t\t\t<\/div>\n\t\t\t\t<\/div>\n\t\t\t\t<div class=\"elementor-element elementor-element-0bef0a8 elementor-invisible elementor-widget elementor-widget-heading\" data-id=\"0bef0a8\" data-element_type=\"widget\" data-settings=\"{&quot;_animation&quot;:&quot;fadeInUp&quot;}\" data-widget_type=\"heading.default\">\n\t\t\t\t<div class=\"elementor-widget-container\">\n\t\t\t<h1 class=\"elementor-heading-title elementor-size-default\">GRI-ISCAP<\/h1>\t\t<\/div>\n\t\t\t\t<\/div>\n\t\t\t\t<div class=\"elementor-element elementor-element-dab001f elementor-widget__width-inherit e-transform elementor-invisible elementor-widget elementor-widget-text-editor\" data-id=\"dab001f\" data-element_type=\"widget\" data-settings=\"{&quot;_animation&quot;:&quot;fadeInUp&quot;,&quot;_transform_scaleX_effect_hover&quot;:{&quot;unit&quot;:&quot;px&quot;,&quot;size&quot;:&quot;&quot;,&quot;sizes&quot;:[]},&quot;_transform_scaleX_effect_hover_tablet&quot;:{&quot;unit&quot;:&quot;px&quot;,&quot;size&quot;:&quot;&quot;,&quot;sizes&quot;:[]},&quot;_transform_scaleX_effect_hover_mobile&quot;:{&quot;unit&quot;:&quot;px&quot;,&quot;size&quot;:&quot;&quot;,&quot;sizes&quot;:[]},&quot;_transform_scaleY_effect_hover&quot;:{&quot;unit&quot;:&quot;px&quot;,&quot;size&quot;:&quot;&quot;,&quot;sizes&quot;:[]},&quot;_transform_scaleY_effect_hover_tablet&quot;:{&quot;unit&quot;:&quot;px&quot;,&quot;size&quot;:&quot;&quot;,&quot;sizes&quot;:[]},&quot;_transform_scaleY_effect_hover_mobile&quot;:{&quot;unit&quot;:&quot;px&quot;,&quot;size&quot;:&quot;&quot;,&quot;sizes&quot;:[]}}\" data-widget_type=\"text-editor.default\">\n\t\t\t\t<div class=\"elementor-widget-container\">\n\t\t\t\t\t\t\t<p>Gabinete de Rela\u00e7\u00f5es Internacionais do ISCAP<\/p>\t\t\t\t\t\t<\/div>\n\t\t\t\t<\/div>\n\t\t\t\t<div class=\"elementor-element elementor-element-2ca1594 elementor-invisible elementor-widget elementor-widget-text-editor\" data-id=\"2ca1594\" data-element_type=\"widget\" data-settings=\"{&quot;_animation&quot;:&quot;fadeInUp&quot;}\" data-widget_type=\"text-editor.default\">\n\t\t\t\t<div class=\"elementor-widget-container\">\n\t\t\t\t\t\t\t<div>O Gabinete de Rela\u00e7\u00f5es Internacionais (GRI) \u00e9 uma unidade de apoio \u00e0 Presid\u00eancia do ISCAP, tendo como miss\u00e3o a internacionaliza\u00e7\u00e3o da institui\u00e7\u00e3o no exterior e &#8220;c\u00e1 dentro&#8221;. Gere programas de coopera\u00e7\u00e3o e interc\u00e2mbio acad\u00e9mico e profissional, nomeadamente o ERASMUS+, em articula\u00e7\u00e3o com o GCRI (Gabinete de Comunica\u00e7\u00e3o e Rela\u00e7\u00f5es Internacionais) do Polit\u00e9cnico do Porto, organiza eventos de \u00edndole internacional, divulga a institui\u00e7\u00e3o em encontros internacionais e promove o interc\u00e2mbio acad\u00e9mico internacional de estudantes, docentes e n\u00e3o docentes.<\/div>\t\t\t\t\t\t<\/div>\n\t\t\t\t<\/div>\n\t\t\t\t\t<\/div>\n\t\t<\/div>\n\t\t\t\t<div class=\"elementor-column elementor-col-50 elementor-top-column elementor-element elementor-element-2b4e1d0\" data-id=\"2b4e1d0\" data-element_type=\"column\">\n\t\t\t<div class=\"elementor-widget-wrap\">\n\t\t\t\t\t\t\t<\/div>\n\t\t<\/div>\n\t\t\t\t\t<\/div>\n\t\t<\/section>\n\t\t\t\t<section class=\"elementor-section elementor-top-section elementor-element elementor-element-8832256 elementor-section-boxed elementor-section-height-default elementor-section-height-default\" data-id=\"8832256\" data-element_type=\"section\">\n\t\t\t\t\t\t<div class=\"elementor-container elementor-column-gap-default\">\n\t\t\t\t\t<div class=\"elementor-column elementor-col-100 elementor-top-column elementor-element elementor-element-9d01362\" data-id=\"9d01362\" data-element_type=\"column\">\n\t\t\t<div class=\"elementor-widget-wrap elementor-element-populated\">\n\t\t\t\t\t\t<div class=\"elementor-element elementor-element-052e16f elementor-widget elementor-widget-spacer\" data-id=\"052e16f\" data-element_type=\"widget\" data-widget_type=\"spacer.default\">\n\t\t\t\t<div class=\"elementor-widget-container\">\n\t\t\t\t\t<div class=\"elementor-spacer\">\n\t\t\t<div class=\"elementor-spacer-inner\"><\/div>\n\t\t<\/div>\n\t\t\t\t<\/div>\n\t\t\t\t<\/div>\n\t\t\t\t<div class=\"elementor-element elementor-element-30bfbc4 elementor-invisible elementor-widget elementor-widget-heading\" data-id=\"30bfbc4\" data-element_type=\"widget\" data-settings=\"{&quot;_animation&quot;:&quot;fadeInUp&quot;}\" data-widget_type=\"heading.default\">\n\t\t\t\t<div class=\"elementor-widget-container\">\n\t\t\t<div class=\"elementor-heading-title elementor-size-default\">Apoiamos-te na tua mobilidade<\/div>\t\t<\/div>\n\t\t\t\t<\/div>\n\t\t\t\t<div class=\"elementor-element elementor-element-48480bc elementor-invisible elementor-widget elementor-widget-heading\" data-id=\"48480bc\" data-element_type=\"widget\" data-settings=\"{&quot;_animation&quot;:&quot;fadeInUp&quot;}\" data-widget_type=\"heading.default\">\n\t\t\t\t<div class=\"elementor-widget-container\">\n\t\t\t<h2 class=\"elementor-heading-title elementor-size-default\">INICIATIVAS E EVENTOS<\/h2>\t\t<\/div>\n\t\t\t\t<\/div>\n\t\t\t\t<div class=\"elementor-element elementor-element-da2ff9a elementor-widget elementor-widget-spacer\" data-id=\"da2ff9a\" data-element_type=\"widget\" data-widget_type=\"spacer.default\">\n\t\t\t\t<div class=\"elementor-widget-container\">\n\t\t\t\t\t<div class=\"elementor-spacer\">\n\t\t\t<div class=\"elementor-spacer-inner\"><\/div>\n\t\t<\/div>\n\t\t\t\t<\/div>\n\t\t\t\t<\/div>\n\t\t\t\t\t<\/div>\n\t\t<\/div>\n\t\t\t\t\t<\/div>\n\t\t<\/section>\n\t\t\t\t<section class=\"elementor-section elementor-top-section elementor-element elementor-element-888c9a3 elementor-section-boxed elementor-section-height-default elementor-section-height-default elementor-invisible\" data-id=\"888c9a3\" data-element_type=\"section\" data-settings=\"{&quot;animation&quot;:&quot;fadeInUp&quot;}\">\n\t\t\t\t\t\t<div class=\"elementor-container elementor-column-gap-default\">\n\t\t\t\t\t<div class=\"elementor-column elementor-col-50 elementor-top-column elementor-element elementor-element-f8a0095 elementor-invisible\" data-id=\"f8a0095\" data-element_type=\"column\" data-settings=\"{&quot;animation&quot;:&quot;fadeInUp&quot;}\">\n\t\t\t<div class=\"elementor-widget-wrap elementor-element-populated\">\n\t\t\t\t\t\t<div class=\"elementor-element elementor-element-9896dad elementor-widget elementor-widget-heading\" data-id=\"9896dad\" data-element_type=\"widget\" data-widget_type=\"heading.default\">\n\t\t\t\t<div class=\"elementor-widget-container\">\n\t\t\t<h3 class=\"elementor-heading-title elementor-size-default\">Semana Internacional<\/h3>\t\t<\/div>\n\t\t\t\t<\/div>\n\t\t\t\t<div class=\"elementor-element elementor-element-8f904f3 elementor-widget elementor-widget-text-editor\" data-id=\"8f904f3\" data-element_type=\"widget\" data-widget_type=\"text-editor.default\">\n\t\t\t\t<div class=\"elementor-widget-container\">\n\t\t\t\t\t\t\t<p>A Semana Internacional do ISCAP \u00e9 um evento acad\u00e9mico e cultural de realiza\u00e7\u00e3o anual que promove a internacionaliza\u00e7\u00e3o da institui\u00e7\u00e3o, reunindo docentes convidados de v\u00e1rios pa\u00edses para uma semana de partilha de conhecimento, experi\u00eancias e culturas.<\/p><p>Durante esta semana, os estudantes do ISCAP t\u00eam a oportunidade de assistir a aulas, workshops, semin\u00e1rios e cursos breves lecionados por professores internacionais, integrados nas unidades curriculares.<\/p><p>O <a href=\"https:\/\/iscap-iw2026-49kplcb.gamma.site\/\" target=\"_blank\" rel=\"noopener\">programa da Semana Internacional 2026<\/a> j\u00e1 est\u00e1 dispon\u00edvel e o evento decorrer\u00e1 de 20 a 24 de abril, acede \u00e0 p\u00e1gina do evento para saberes mais detalhes.<\/p>\t\t\t\t\t\t<\/div>\n\t\t\t\t<\/div>\n\t\t\t\t\t<\/div>\n\t\t<\/div>\n\t\t\t\t<div class=\"elementor-column elementor-col-50 elementor-top-column elementor-element elementor-element-4de9c72\" data-id=\"4de9c72\" data-element_type=\"column\">\n\t\t\t<div class=\"elementor-widget-wrap elementor-element-populated\">\n\t\t\t\t\t\t<div class=\"elementor-element elementor-element-2a79211 elementor-widget__width-initial elementor-invisible elementor-widget elementor-widget-image\" data-id=\"2a79211\" data-element_type=\"widget\" data-settings=\"{&quot;_animation&quot;:&quot;fadeInUp&quot;}\" data-widget_type=\"image.default\">\n\t\t\t\t<div class=\"elementor-widget-container\">\n\t\t\t\t\t\t\t\t\t\t\t\t\t<img fetchpriority=\"high\" decoding=\"async\" width=\"768\" height=\"548\" src=\"https:\/\/www.iscap.pt\/gri\/wp-content\/uploads\/2026\/02\/bandeiras-768x548.png\" class=\"attachment-medium_large size-medium_large wp-image-26126\" alt=\"\" srcset=\"https:\/\/www.iscap.pt\/gri\/wp-content\/uploads\/2026\/02\/bandeiras-768x548.png 768w, https:\/\/www.iscap.pt\/gri\/wp-content\/uploads\/2026\/02\/bandeiras-300x214.png 300w, https:\/\/www.iscap.pt\/gri\/wp-content\/uploads\/2026\/02\/bandeiras.png 847w\" sizes=\"(max-width: 768px) 100vw, 768px\" \/>\t\t\t\t\t\t\t\t\t\t\t\t\t<\/div>\n\t\t\t\t<\/div>\n\t\t\t\t\t<\/div>\n\t\t<\/div>\n\t\t\t\t\t<\/div>\n\t\t<\/section>\n\t\t\t\t<section class=\"elementor-section elementor-top-section elementor-element elementor-element-d12c5b0 elementor-section-boxed elementor-section-height-default elementor-section-height-default elementor-invisible\" data-id=\"d12c5b0\" data-element_type=\"section\" data-settings=\"{&quot;animation&quot;:&quot;fadeInUp&quot;}\">\n\t\t\t\t\t\t<div class=\"elementor-container elementor-column-gap-default\">\n\t\t\t\t\t<div class=\"elementor-column elementor-col-50 elementor-top-column elementor-element elementor-element-2dc634d elementor-invisible\" data-id=\"2dc634d\" data-element_type=\"column\" data-settings=\"{&quot;animation&quot;:&quot;fadeInUp&quot;}\">\n\t\t\t<div class=\"elementor-widget-wrap elementor-element-populated\">\n\t\t\t\t\t\t<div class=\"elementor-element elementor-element-6dc30e9 elementor-widget__width-initial elementor-invisible elementor-widget elementor-widget-image\" data-id=\"6dc30e9\" data-element_type=\"widget\" data-settings=\"{&quot;_animation&quot;:&quot;fadeInUp&quot;}\" data-widget_type=\"image.default\">\n\t\t\t\t<div class=\"elementor-widget-container\">\n\t\t\t\t\t\t\t\t\t\t\t\t\t<img decoding=\"async\" width=\"768\" height=\"551\" src=\"https:\/\/www.iscap.pt\/gri\/wp-content\/uploads\/2026\/02\/bips-768x551.png\" class=\"attachment-medium_large size-medium_large wp-image-26178\" alt=\"\" srcset=\"https:\/\/www.iscap.pt\/gri\/wp-content\/uploads\/2026\/02\/bips-768x551.png 768w, https:\/\/www.iscap.pt\/gri\/wp-content\/uploads\/2026\/02\/bips-300x215.png 300w, https:\/\/www.iscap.pt\/gri\/wp-content\/uploads\/2026\/02\/bips.png 870w\" sizes=\"(max-width: 768px) 100vw, 768px\" \/>\t\t\t\t\t\t\t\t\t\t\t\t\t<\/div>\n\t\t\t\t<\/div>\n\t\t\t\t\t<\/div>\n\t\t<\/div>\n\t\t\t\t<div class=\"elementor-column elementor-col-50 elementor-top-column elementor-element elementor-element-4fe3712\" data-id=\"4fe3712\" data-element_type=\"column\">\n\t\t\t<div class=\"elementor-widget-wrap elementor-element-populated\">\n\t\t\t\t\t\t<div class=\"elementor-element elementor-element-df5e7ce elementor-invisible elementor-widget elementor-widget-heading\" data-id=\"df5e7ce\" data-element_type=\"widget\" data-settings=\"{&quot;_animation&quot;:&quot;fadeInUp&quot;}\" data-widget_type=\"heading.default\">\n\t\t\t\t<div class=\"elementor-widget-container\">\n\t\t\t<h3 class=\"elementor-heading-title elementor-size-default\">Blended Intensive Programmes <\/h3>\t\t<\/div>\n\t\t\t\t<\/div>\n\t\t\t\t<div class=\"elementor-element elementor-element-f8f0fab elementor-invisible elementor-widget elementor-widget-text-editor\" data-id=\"f8f0fab\" data-element_type=\"widget\" data-settings=\"{&quot;_animation&quot;:&quot;fadeInUp&quot;}\" data-widget_type=\"text-editor.default\">\n\t\t\t\t<div class=\"elementor-widget-container\">\n\t\t\t\t\t\t\t<div class=\"gs\"><div class=\"\"><div id=\":p7\" class=\"ii gt adO\"><div id=\":nn\" class=\"a3s aiL\"><div id=\"avWBGd-438\"><div dir=\"ltr\"><p>Os BIPs \u2013 Blended Intensive Programmes s\u00e3o programas intensivos de curta dura\u00e7\u00e3o, coordenados pelo GRI, que combinam obrigatoriamente a mobilidade virtual e presencial, promovendo a coopera\u00e7\u00e3o internacional e metodologias de ensino inovadoras.\u00a0<\/p><p>O ISCAP organiza e promove v\u00e1rios BIPs em diferentes \u00e1reas, proporcionando experi\u00eancias acad\u00e9micas e interculturais num contexto europeu.\u00a0<span style=\"font-style: inherit; font-weight: inherit;\">Estes programas permitem aos estudantes trabalhar em contextos colaborativos internacionais, refor\u00e7ando compet\u00eancias acad\u00e9micas, digitais e interculturais.<\/span><\/p><\/div><\/div><\/div><\/div><div id=\"avWBGd-439\" class=\"WhmR8e\" data-hash=\"0\">\u00a0<\/div><\/div><\/div>\t\t\t\t\t\t<\/div>\n\t\t\t\t<\/div>\n\t\t\t\t\t<\/div>\n\t\t<\/div>\n\t\t\t\t\t<\/div>\n\t\t<\/section>\n\t\t\t\t<section class=\"elementor-section elementor-top-section elementor-element elementor-element-da68cde elementor-section-boxed elementor-section-height-default elementor-section-height-default\" data-id=\"da68cde\" data-element_type=\"section\">\n\t\t\t\t\t\t<div class=\"elementor-container elementor-column-gap-default\">\n\t\t\t\t\t<div class=\"elementor-column elementor-col-100 elementor-top-column elementor-element elementor-element-8ffa928\" data-id=\"8ffa928\" data-element_type=\"column\">\n\t\t\t<div class=\"elementor-widget-wrap elementor-element-populated\">\n\t\t\t\t\t\t<div class=\"elementor-element elementor-element-e9f5ce6 elementor-widget elementor-widget-spacer\" data-id=\"e9f5ce6\" data-element_type=\"widget\" data-widget_type=\"spacer.default\">\n\t\t\t\t<div class=\"elementor-widget-container\">\n\t\t\t\t\t<div class=\"elementor-spacer\">\n\t\t\t<div class=\"elementor-spacer-inner\"><\/div>\n\t\t<\/div>\n\t\t\t\t<\/div>\n\t\t\t\t<\/div>\n\t\t\t\t\t<\/div>\n\t\t<\/div>\n\t\t\t\t\t<\/div>\n\t\t<\/section>\n\t\t\t\t<section class=\"elementor-section elementor-top-section elementor-element elementor-element-0f7747c elementor-section-boxed elementor-section-height-default elementor-section-height-default elementor-invisible\" data-id=\"0f7747c\" data-element_type=\"section\" data-settings=\"{&quot;animation&quot;:&quot;fadeInUp&quot;}\">\n\t\t\t\t\t\t<div class=\"elementor-container elementor-column-gap-default\">\n\t\t\t\t\t<div class=\"elementor-column elementor-col-50 elementor-top-column elementor-element elementor-element-34574f8 elementor-invisible\" data-id=\"34574f8\" data-element_type=\"column\" data-settings=\"{&quot;animation&quot;:&quot;fadeInUp&quot;}\">\n\t\t\t<div class=\"elementor-widget-wrap elementor-element-populated\">\n\t\t\t\t\t\t<div class=\"elementor-element elementor-element-c1c447c elementor-invisible elementor-widget elementor-widget-heading\" data-id=\"c1c447c\" data-element_type=\"widget\" data-settings=\"{&quot;_animation&quot;:&quot;fadeInUp&quot;}\" data-widget_type=\"heading.default\">\n\t\t\t\t<div class=\"elementor-widget-container\">\n\t\t\t<h3 class=\"elementor-heading-title elementor-size-default\">Semana de Orienta\u00e7\u00e3o<\/h3>\t\t<\/div>\n\t\t\t\t<\/div>\n\t\t\t\t<div class=\"elementor-element elementor-element-8027342 elementor-invisible elementor-widget elementor-widget-text-editor\" data-id=\"8027342\" data-element_type=\"widget\" data-settings=\"{&quot;_animation&quot;:&quot;fadeInUp&quot;}\" data-widget_type=\"text-editor.default\">\n\t\t\t\t<div class=\"elementor-widget-container\">\n\t\t\t\t\t\t\t<div class=\"gs\"><div class=\"\"><div id=\":np\" class=\"ii gt adO\"><div id=\":nu\" class=\"a3s aiL\"><div id=\"avWBGd-170\"><div dir=\"ltr\"><p>A Semana de Orienta\u00e7\u00e3o do ISCAP \u00e9 uma iniciativa organizada pelo GRI, em colabora\u00e7\u00e3o com a COMAP, que decorre\u00a0<strong>no in\u00edcio de cada semestre<\/strong>, com o objetivo de integrar e acolher estudantes em mobilidade de diferentes pa\u00edses.<\/p><p>Atrav\u00e9s de atividades de conv\u00edvio, descoberta da cidade e contacto com a cultura portuguesa, a Semana de Orienta\u00e7\u00e3o promove a integra\u00e7\u00e3o acad\u00e9mica e social dos estudantes, refor\u00e7ando o sentimento de perten\u00e7a \u00e0 comunidade ISCAP.<\/p><\/div><\/div><\/div><\/div><div id=\"avWBGd-171\" class=\"WhmR8e\" data-hash=\"0\">\u00a0<\/div><\/div><\/div>\t\t\t\t\t\t<\/div>\n\t\t\t\t<\/div>\n\t\t\t\t<div class=\"elementor-element elementor-element-d0a12fe elementor-widget elementor-widget-spacer\" data-id=\"d0a12fe\" data-element_type=\"widget\" data-widget_type=\"spacer.default\">\n\t\t\t\t<div class=\"elementor-widget-container\">\n\t\t\t\t\t<div class=\"elementor-spacer\">\n\t\t\t<div class=\"elementor-spacer-inner\"><\/div>\n\t\t<\/div>\n\t\t\t\t<\/div>\n\t\t\t\t<\/div>\n\t\t\t\t\t<\/div>\n\t\t<\/div>\n\t\t\t\t<div class=\"elementor-column elementor-col-50 elementor-top-column elementor-element elementor-element-e3e1892\" data-id=\"e3e1892\" data-element_type=\"column\">\n\t\t\t<div class=\"elementor-widget-wrap elementor-element-populated\">\n\t\t\t\t\t\t<div class=\"elementor-element elementor-element-1b0381e elementor-widget__width-initial elementor-invisible elementor-widget elementor-widget-image\" data-id=\"1b0381e\" data-element_type=\"widget\" data-settings=\"{&quot;_animation&quot;:&quot;fadeInUp&quot;}\" data-widget_type=\"image.default\">\n\t\t\t\t<div class=\"elementor-widget-container\">\n\t\t\t\t\t\t\t\t\t\t\t\t\t<img decoding=\"async\" width=\"768\" height=\"549\" src=\"https:\/\/www.iscap.pt\/gri\/wp-content\/uploads\/2026\/02\/orientation-week-768x549.png\" class=\"attachment-medium_large size-medium_large wp-image-26170\" alt=\"\" srcset=\"https:\/\/www.iscap.pt\/gri\/wp-content\/uploads\/2026\/02\/orientation-week-768x549.png 768w, https:\/\/www.iscap.pt\/gri\/wp-content\/uploads\/2026\/02\/orientation-week-300x214.png 300w, https:\/\/www.iscap.pt\/gri\/wp-content\/uploads\/2026\/02\/orientation-week.png 872w\" sizes=\"(max-width: 768px) 100vw, 768px\" \/>\t\t\t\t\t\t\t\t\t\t\t\t\t<\/div>\n\t\t\t\t<\/div>\n\t\t\t\t\t<\/div>\n\t\t<\/div>\n\t\t\t\t\t<\/div>\n\t\t<\/section>\n\t\t\t\t<section class=\"elementor-section elementor-top-section elementor-element elementor-element-1d9a023 elementor-section-boxed elementor-section-height-default elementor-section-height-default\" data-id=\"1d9a023\" data-element_type=\"section\">\n\t\t\t\t\t\t<div class=\"elementor-container elementor-column-gap-default\">\n\t\t\t\t\t<div class=\"elementor-column elementor-col-100 elementor-top-column elementor-element elementor-element-b95e1c4\" data-id=\"b95e1c4\" data-element_type=\"column\">\n\t\t\t<div class=\"elementor-widget-wrap elementor-element-populated\">\n\t\t\t\t\t\t<div class=\"elementor-element elementor-element-1f0cf53 elementor-widget elementor-widget-spacer\" data-id=\"1f0cf53\" data-element_type=\"widget\" data-widget_type=\"spacer.default\">\n\t\t\t\t<div class=\"elementor-widget-container\">\n\t\t\t\t\t<div class=\"elementor-spacer\">\n\t\t\t<div class=\"elementor-spacer-inner\"><\/div>\n\t\t<\/div>\n\t\t\t\t<\/div>\n\t\t\t\t<\/div>\n\t\t\t\t\t<\/div>\n\t\t<\/div>\n\t\t\t\t\t<\/div>\n\t\t<\/section>\n\t\t\t\t<\/div>\n\t\t","protected":false},"excerpt":{"rendered":"<p>GRI-ISCAP Gabinete de Rela\u00e7\u00f5es Internacionais do ISCAP O Gabinete de Rela\u00e7\u00f5es Internacionais (GRI) \u00e9 uma unidade de apoio \u00e0 Presid\u00eancia do ISCAP, tendo como miss\u00e3o a internacionaliza\u00e7\u00e3o da institui\u00e7\u00e3o no exterior e &#8220;c\u00e1 dentro&#8221;. Gere programas de coopera\u00e7\u00e3o e interc\u00e2mbio acad\u00e9mico e profissional, nomeadamente o ERASMUS+, em articula\u00e7\u00e3o com o GCRI (Gabinete de Comunica\u00e7\u00e3o e [&hellip;]<\/p>\n","protected":false},"author":1,"featured_media":0,"parent":0,"menu_order":0,"comment_status":"closed","ping_status":"closed","template":"","meta":{"_eb_attr":"","site-sidebar-layout":"no-sidebar","site-content-layout":"page-builder","ast-site-content-layout":"","site-content-style":"default","site-sidebar-style":"default","ast-global-header-display":"","ast-banner-title-visibility":"","ast-main-header-display":"","ast-hfb-above-header-display":"","ast-hfb-below-header-display":"","ast-hfb-mobile-header-display":"","site-post-title":"disabled","ast-breadcrumbs-content":"","ast-featured-img":"disabled","footer-sml-layout":"","theme-transparent-header-meta":"default","adv-header-id-meta":"","stick-header-meta":"","header-above-stick-meta":"","header-main-stick-meta":"","header-below-stick-meta":"","astra-migrate-meta-layouts":"default","ast-page-background-enabled":"default","ast-page-background-meta":{"desktop":{"background-color":"","background-image":"","background-repeat":"repeat","background-position":"center center","background-size":"auto","background-attachment":"scroll","background-type":"","background-media":"","overlay-type":"","overlay-color":"","overlay-opacity":"","overlay-gradient":""},"tablet":{"background-color":"","background-image":"","background-repeat":"repeat","background-position":"center center","background-size":"auto","background-attachment":"scroll","background-type":"","background-media":"","overlay-type":"","overlay-color":"","overlay-opacity":"","overlay-gradient":""},"mobile":{"background-color":"","background-image":"","background-repeat":"repeat","background-position":"center center","background-size":"auto","background-attachment":"scroll","background-type":"","background-media":"","overlay-type":"","overlay-color":"","overlay-opacity":"","overlay-gradient":""}},"ast-content-background-meta":{"desktop":{"background-color":"var(--ast-global-color-5)","background-image":"","background-repeat":"repeat","background-position":"center center","background-size":"auto","background-attachment":"scroll","background-type":"","background-media":"","overlay-type":"","overlay-color":"","overlay-opacity":"","overlay-gradient":""},"tablet":{"background-color":"var(--ast-global-color-5)","background-image":"","background-repeat":"repeat","background-position":"center center","background-size":"auto","background-attachment":"scroll","background-type":"","background-media":"","overlay-type":"","overlay-color":"","overlay-opacity":"","overlay-gradient":""},"mobile":{"background-color":"var(--ast-global-color-5)","background-image":"","background-repeat":"repeat","background-position":"center center","background-size":"auto","background-attachment":"scroll","background-type":"","background-media":"","overlay-type":"","overlay-color":"","overlay-opacity":"","overlay-gradient":""}},"footnotes":""},"class_list":["post-104","page","type-page","status-publish","hentry"],"_links":{"self":[{"href":"https:\/\/www.iscap.pt\/gri\/wp-json\/wp\/v2\/pages\/104","targetHints":{"allow":["GET"]}}],"collection":[{"href":"https:\/\/www.iscap.pt\/gri\/wp-json\/wp\/v2\/pages"}],"about":[{"href":"https:\/\/www.iscap.pt\/gri\/wp-json\/wp\/v2\/types\/page"}],"author":[{"embeddable":true,"href":"https:\/\/www.iscap.pt\/gri\/wp-json\/wp\/v2\/users\/1"}],"replies":[{"embeddable":true,"href":"https:\/\/www.iscap.pt\/gri\/wp-json\/wp\/v2\/comments?post=104"}],"version-history":[{"count":151,"href":"https:\/\/www.iscap.pt\/gri\/wp-json\/wp\/v2\/pages\/104\/revisions"}],"predecessor-version":[{"id":27109,"href":"https:\/\/www.iscap.pt\/gri\/wp-json\/wp\/v2\/pages\/104\/revisions\/27109"}],"wp:attachment":[{"href":"https:\/\/www.iscap.pt\/gri\/wp-json\/wp\/v2\/media?parent=104"}],"curies":[{"name":"wp","href":"https:\/\/api.w.org\/{rel}","templated":true}]}}