{"id":24473,"date":"2021-05-18T01:38:23","date_gmt":"2021-05-18T01:38:23","guid":{"rendered":"https:\/\/gustavomonteiro.pt\/wp-gri\/?page_id=24473"},"modified":"2026-02-19T17:19:17","modified_gmt":"2026-02-19T17:19:17","slug":"mobilidade-out","status":"publish","type":"page","link":"https:\/\/www.iscap.pt\/gri\/mobilidade-out\/","title":{"rendered":"Mobilidade OUT"},"content":{"rendered":"\t\t<div data-elementor-type=\"wp-page\" data-elementor-id=\"24473\" class=\"elementor elementor-24473\">\n\t\t\t\t\t\t<section class=\"elementor-section elementor-top-section elementor-element elementor-element-2dbdc49 elementor-section-boxed elementor-section-height-default elementor-section-height-default\" data-id=\"2dbdc49\" data-element_type=\"section\">\n\t\t\t\t\t\t<div class=\"elementor-container elementor-column-gap-default\">\n\t\t\t\t\t<div class=\"elementor-column elementor-col-100 elementor-top-column elementor-element elementor-element-7de8f44\" data-id=\"7de8f44\" data-element_type=\"column\">\n\t\t\t<div class=\"elementor-widget-wrap elementor-element-populated\">\n\t\t\t\t\t\t<div class=\"elementor-element elementor-element-fcf9bf2 elementor-widget elementor-widget-spacer\" data-id=\"fcf9bf2\" data-element_type=\"widget\" data-widget_type=\"spacer.default\">\n\t\t\t\t<div class=\"elementor-widget-container\">\n\t\t\t\t\t<div class=\"elementor-spacer\">\n\t\t\t<div class=\"elementor-spacer-inner\"><\/div>\n\t\t<\/div>\n\t\t\t\t<\/div>\n\t\t\t\t<\/div>\n\t\t\t\t\t<\/div>\n\t\t<\/div>\n\t\t\t\t\t<\/div>\n\t\t<\/section>\n\t\t\t\t<section class=\"elementor-section elementor-top-section elementor-element elementor-element-7f8addb elementor-section-boxed elementor-section-height-default elementor-section-height-default\" data-id=\"7f8addb\" data-element_type=\"section\">\n\t\t\t\t\t\t<div class=\"elementor-container elementor-column-gap-default\">\n\t\t\t\t\t<div class=\"elementor-column elementor-col-100 elementor-top-column elementor-element elementor-element-4236bb8\" data-id=\"4236bb8\" data-element_type=\"column\">\n\t\t\t<div class=\"elementor-widget-wrap elementor-element-populated\">\n\t\t\t\t\t\t<div class=\"elementor-element elementor-element-4006cd9 elementor-invisible elementor-widget elementor-widget-heading\" data-id=\"4006cd9\" data-element_type=\"widget\" data-settings=\"{&quot;_animation&quot;:&quot;fadeInUp&quot;}\" data-widget_type=\"heading.default\">\n\t\t\t\t<div class=\"elementor-widget-container\">\n\t\t\t<h2 class=\"elementor-heading-title elementor-size-default\">MOBILIDADE OUT<\/h2>\t\t<\/div>\n\t\t\t\t<\/div>\n\t\t\t\t<div class=\"elementor-element elementor-element-0e24e8e elementor-invisible elementor-widget elementor-widget-text-editor\" data-id=\"0e24e8e\" data-element_type=\"widget\" data-settings=\"{&quot;_animation&quot;:&quot;fadeInUp&quot;}\" data-widget_type=\"text-editor.default\">\n\t\t\t\t<div class=\"elementor-widget-container\">\n\t\t\t\t\t\t\t<p>Este separador destina-se\u00a0a estudantes, docentes e funcion\u00e1rios n\u00e3o docentes do ISCAP.<\/p><p>Aqui encontram\u00a0informa\u00e7\u00e3o sobre\u00a0oportunidades de internacionaliza\u00e7\u00e3o e de mobilidade, no \u00e2mbito dos v\u00e1rios programas (nomeadamente o ERASMUS+) e das mais de 150 parcerias da rede internacional do ISCAP.<\/p>\t\t\t\t\t\t<\/div>\n\t\t\t\t<\/div>\n\t\t\t\t\t<\/div>\n\t\t<\/div>\n\t\t\t\t\t<\/div>\n\t\t<\/section>\n\t\t\t\t<section class=\"elementor-section elementor-top-section elementor-element elementor-element-f94a0ef elementor-section-boxed elementor-section-height-default elementor-section-height-default\" data-id=\"f94a0ef\" data-element_type=\"section\">\n\t\t\t\t\t\t<div class=\"elementor-container elementor-column-gap-default\">\n\t\t\t\t\t<div class=\"elementor-column elementor-col-100 elementor-top-column elementor-element elementor-element-865b9bd\" data-id=\"865b9bd\" data-element_type=\"column\">\n\t\t\t<div class=\"elementor-widget-wrap elementor-element-populated\">\n\t\t\t\t\t\t<div class=\"elementor-element elementor-element-5dc039a elementor-widget elementor-widget-spacer\" data-id=\"5dc039a\" data-element_type=\"widget\" data-widget_type=\"spacer.default\">\n\t\t\t\t<div class=\"elementor-widget-container\">\n\t\t\t\t\t<div class=\"elementor-spacer\">\n\t\t\t<div class=\"elementor-spacer-inner\"><\/div>\n\t\t<\/div>\n\t\t\t\t<\/div>\n\t\t\t\t<\/div>\n\t\t\t\t\t<\/div>\n\t\t<\/div>\n\t\t\t\t\t<\/div>\n\t\t<\/section>\n\t\t\t\t<section class=\"elementor-section elementor-top-section elementor-element elementor-element-539e338 elementor-section-boxed elementor-section-height-default elementor-section-height-default elementor-invisible\" data-id=\"539e338\" data-element_type=\"section\" data-settings=\"{&quot;background_background&quot;:&quot;gradient&quot;,&quot;animation&quot;:&quot;fadeInUp&quot;}\">\n\t\t\t\t\t\t<div class=\"elementor-container elementor-column-gap-no\">\n\t\t\t\t\t<div class=\"elementor-column elementor-col-100 elementor-top-column elementor-element elementor-element-e4bc717\" data-id=\"e4bc717\" data-element_type=\"column\">\n\t\t\t<div class=\"elementor-widget-wrap elementor-element-populated\">\n\t\t\t\t\t\t<div class=\"elementor-element elementor-element-d963ee0 elementor-widget-divider--view-line elementor-widget elementor-widget-divider\" data-id=\"d963ee0\" data-element_type=\"widget\" data-widget_type=\"divider.default\">\n\t\t\t\t<div class=\"elementor-widget-container\">\n\t\t\t\t\t<div class=\"elementor-divider\">\n\t\t\t<span class=\"elementor-divider-separator\">\n\t\t\t\t\t\t<\/span>\n\t\t<\/div>\n\t\t\t\t<\/div>\n\t\t\t\t<\/div>\n\t\t\t\t<div class=\"elementor-element elementor-element-4ff8370 elementor-widget elementor-widget-heading\" data-id=\"4ff8370\" data-element_type=\"widget\" data-widget_type=\"heading.default\">\n\t\t\t\t<div class=\"elementor-widget-container\">\n\t\t\t<h3 class=\"elementor-heading-title elementor-size-default\">Estudantes<\/h3>\t\t<\/div>\n\t\t\t\t<\/div>\n\t\t\t\t<div class=\"elementor-element elementor-element-ca5e564 elementor-widget elementor-widget-text-editor\" data-id=\"ca5e564\" data-element_type=\"widget\" data-widget_type=\"text-editor.default\">\n\t\t\t\t<div class=\"elementor-widget-container\">\n\t\t\t\t\t\t\t<p>O ISCAP oferece oportunidades de mobilidade financiada e n\u00e3o financiada, para estudos e est\u00e1gios, e outras oportunidades de internacionaliza\u00e7\u00e3o do curr\u00edculo dentro de programas espec\u00edficos de coopera\u00e7\u00e3o.<\/p><p>Os cursos de licenciatura em Com\u00e9rcio Internacional, Contabilidade e Administra\u00e7\u00e3o, Marketing, Ci\u00eancias e Tecnologias da Documenta\u00e7\u00e3o e Informa\u00e7\u00e3o e de mestrado em Empreendedorismo e Internacionaliza\u00e7\u00e3o e Estudos Interculturais para Neg\u00f3cios t\u00eam, tamb\u00e9m, acordos de Duplo Diploma que permitem obter dois diplomas superiores de duas institui\u00e7\u00f5es de ensino superior, atrav\u00e9s de um per\u00edodo de mobilidade. Informa-te junto da dire\u00e7\u00e3o do curso!<\/p><p>Ao longo do ano, poder\u00e3o aparecer outras oportunidades de mobilidade, pelo que deves estar atento \u00e0s mensagens de correio electr\u00f3nico do GRI-ISCAP, \u00e0s nossas redes sociais e \u00e0 informa\u00e7\u00e3o impressa e distribu\u00edda pelo ISCAP.<\/p><p>Podem, ainda, consultar<span style=\"text-decoration: underline;\">\u00a0<a href=\"https:\/\/www.iscap.pt\/gri\/mais-oportunidades\/\" target=\"_self\">+ Oportunidades de Internacionaliza\u00e7\u00e3o<\/a><\/span>\u00a0para ter acesso a informa\u00e7\u00e3o sobre como continuar os estudos, encontrar locais de est\u00e1gio, etc.<\/p>\t\t\t\t\t\t<\/div>\n\t\t\t\t<\/div>\n\t\t\t\t\t<\/div>\n\t\t<\/div>\n\t\t\t\t\t<\/div>\n\t\t<\/section>\n\t\t\t\t<section class=\"elementor-section elementor-top-section elementor-element elementor-element-123658f elementor-section-boxed elementor-section-height-default elementor-section-height-default elementor-invisible\" data-id=\"123658f\" data-element_type=\"section\" data-settings=\"{&quot;background_background&quot;:&quot;gradient&quot;,&quot;animation&quot;:&quot;fadeInUp&quot;}\">\n\t\t\t\t\t\t<div class=\"elementor-container elementor-column-gap-default\">\n\t\t\t\t\t<div class=\"elementor-column elementor-col-100 elementor-top-column elementor-element elementor-element-d7fb549\" data-id=\"d7fb549\" data-element_type=\"column\">\n\t\t\t<div class=\"elementor-widget-wrap elementor-element-populated\">\n\t\t\t\t\t\t<div class=\"elementor-element elementor-element-9f4225a elementor-widget-divider--view-line elementor-widget elementor-widget-divider\" data-id=\"9f4225a\" data-element_type=\"widget\" data-widget_type=\"divider.default\">\n\t\t\t\t<div class=\"elementor-widget-container\">\n\t\t\t\t\t<div class=\"elementor-divider\">\n\t\t\t<span class=\"elementor-divider-separator\">\n\t\t\t\t\t\t<\/span>\n\t\t<\/div>\n\t\t\t\t<\/div>\n\t\t\t\t<\/div>\n\t\t\t\t<div class=\"elementor-element elementor-element-ca3b161 elementor-widget elementor-widget-heading\" data-id=\"ca3b161\" data-element_type=\"widget\" data-widget_type=\"heading.default\">\n\t\t\t\t<div class=\"elementor-widget-container\">\n\t\t\t<h3 class=\"elementor-heading-title elementor-size-default\">Docentes e Pessoal N\u00e3o Docente<\/h3>\t\t<\/div>\n\t\t\t\t<\/div>\n\t\t\t\t<div class=\"elementor-element elementor-element-c1b703b elementor-widget elementor-widget-text-editor\" data-id=\"c1b703b\" data-element_type=\"widget\" data-widget_type=\"text-editor.default\">\n\t\t\t\t<div class=\"elementor-widget-container\">\n\t\t\t\t\t\t\t<p>O GRI-ISCAP gere a verba do Programa ERASMUS+ atribu\u00edda anualmente pelo Gabinete de Coopera\u00e7\u00e3o e Rela\u00e7\u00f5es Internacionais do IPP (GCRI), permitindo\u00a0a mobilidade de docentes para miss\u00f5es de ensino (ERASMUS+ STA), numa das nossas institui\u00e7\u00f5es de ensino superior parceiras, e de forma\u00e7\u00e3o (ERASMUS+ STT), numa institui\u00e7\u00e3o parceira, empresa ou organiza\u00e7\u00e3o.<\/p><p>O programa permite, ainda, a mobilidade dos funcion\u00e1rios n\u00e3o docentes para forma\u00e7\u00e3o\u00a0(ERASMUS+ STT), numa institui\u00e7\u00e3o parceira ou numa empresa ou organiza\u00e7\u00e3o.<\/p><p>Estejam atentos \u00e0 abertura das Candidaturas e sigam os procedimentos necess\u00e1rios.<\/p><p>Ao longo do ano, poder\u00e3o aparecer outras oportunidades de mobilidade, pelo que dever\u00e3o estar atentos \u00e0s mensagens de correio eletr\u00f3nico do GRI-ISCAP.<\/p>\t\t\t\t\t\t<\/div>\n\t\t\t\t<\/div>\n\t\t\t\t\t<\/div>\n\t\t<\/div>\n\t\t\t\t\t<\/div>\n\t\t<\/section>\n\t\t\t\t<\/div>\n\t\t","protected":false},"excerpt":{"rendered":"<p>MOBILIDADE OUT Este separador destina-se\u00a0a estudantes, docentes e funcion\u00e1rios n\u00e3o docentes do ISCAP. Aqui encontram\u00a0informa\u00e7\u00e3o sobre\u00a0oportunidades de internacionaliza\u00e7\u00e3o e de mobilidade, no \u00e2mbito dos v\u00e1rios programas (nomeadamente o ERASMUS+) e das mais de 150 parcerias da rede internacional do ISCAP. Estudantes O ISCAP oferece oportunidades de mobilidade financiada e n\u00e3o financiada, para estudos e est\u00e1gios, [&hellip;]<\/p>\n","protected":false},"author":1,"featured_media":0,"parent":0,"menu_order":0,"comment_status":"closed","ping_status":"closed","template":"","meta":{"_eb_attr":"","site-sidebar-layout":"no-sidebar","site-content-layout":"page-builder","ast-site-content-layout":"","site-content-style":"default","site-sidebar-style":"default","ast-global-header-display":"","ast-banner-title-visibility":"","ast-main-header-display":"","ast-hfb-above-header-display":"","ast-hfb-below-header-display":"","ast-hfb-mobile-header-display":"","site-post-title":"disabled","ast-breadcrumbs-content":"","ast-featured-img":"disabled","footer-sml-layout":"","theme-transparent-header-meta":"default","adv-header-id-meta":"","stick-header-meta":"","header-above-stick-meta":"","header-main-stick-meta":"","header-below-stick-meta":"","astra-migrate-meta-layouts":"default","ast-page-background-enabled":"default","ast-page-background-meta":{"desktop":{"background-color":"","background-image":"","background-repeat":"repeat","background-position":"center center","background-size":"auto","background-attachment":"scroll","background-type":"","background-media":"","overlay-type":"","overlay-color":"","overlay-opacity":"","overlay-gradient":""},"tablet":{"background-color":"","background-image":"","background-repeat":"repeat","background-position":"center center","background-size":"auto","background-attachment":"scroll","background-type":"","background-media":"","overlay-type":"","overlay-color":"","overlay-opacity":"","overlay-gradient":""},"mobile":{"background-color":"","background-image":"","background-repeat":"repeat","background-position":"center center","background-size":"auto","background-attachment":"scroll","background-type":"","background-media":"","overlay-type":"","overlay-color":"","overlay-opacity":"","overlay-gradient":""}},"ast-content-background-meta":{"desktop":{"background-color":"var(--ast-global-color-5)","background-image":"","background-repeat":"repeat","background-position":"center center","background-size":"auto","background-attachment":"scroll","background-type":"","background-media":"","overlay-type":"","overlay-color":"","overlay-opacity":"","overlay-gradient":""},"tablet":{"background-color":"var(--ast-global-color-5)","background-image":"","background-repeat":"repeat","background-position":"center center","background-size":"auto","background-attachment":"scroll","background-type":"","background-media":"","overlay-type":"","overlay-color":"","overlay-opacity":"","overlay-gradient":""},"mobile":{"background-color":"var(--ast-global-color-5)","background-image":"","background-repeat":"repeat","background-position":"center center","background-size":"auto","background-attachment":"scroll","background-type":"","background-media":"","overlay-type":"","overlay-color":"","overlay-opacity":"","overlay-gradient":""}},"footnotes":""},"class_list":["post-24473","page","type-page","status-publish","hentry"],"_links":{"self":[{"href":"https:\/\/www.iscap.pt\/gri\/wp-json\/wp\/v2\/pages\/24473","targetHints":{"allow":["GET"]}}],"collection":[{"href":"https:\/\/www.iscap.pt\/gri\/wp-json\/wp\/v2\/pages"}],"about":[{"href":"https:\/\/www.iscap.pt\/gri\/wp-json\/wp\/v2\/types\/page"}],"author":[{"embeddable":true,"href":"https:\/\/www.iscap.pt\/gri\/wp-json\/wp\/v2\/users\/1"}],"replies":[{"embeddable":true,"href":"https:\/\/www.iscap.pt\/gri\/wp-json\/wp\/v2\/comments?post=24473"}],"version-history":[{"count":52,"href":"https:\/\/www.iscap.pt\/gri\/wp-json\/wp\/v2\/pages\/24473\/revisions"}],"predecessor-version":[{"id":26808,"href":"https:\/\/www.iscap.pt\/gri\/wp-json\/wp\/v2\/pages\/24473\/revisions\/26808"}],"wp:attachment":[{"href":"https:\/\/www.iscap.pt\/gri\/wp-json\/wp\/v2\/media?parent=24473"}],"curies":[{"name":"wp","href":"https:\/\/api.w.org\/{rel}","templated":true}]}}