{"id":24620,"date":"2021-05-24T11:08:13","date_gmt":"2021-05-24T11:08:13","guid":{"rendered":"https:\/\/gustavomonteiro.pt\/wp-gri\/?page_id=24620"},"modified":"2021-05-24T11:48:23","modified_gmt":"2021-05-24T11:48:23","slug":"programa-erasmus","status":"publish","type":"page","link":"https:\/\/www.iscap.pt\/gri\/programa-erasmus\/","title":{"rendered":"Programa ERASMUS+"},"content":{"rendered":"\t\t<div data-elementor-type=\"wp-page\" data-elementor-id=\"24620\" class=\"elementor elementor-24620\">\n\t\t\t\t\t\t<section class=\"elementor-section elementor-top-section elementor-element elementor-element-c83f2b5 elementor-section-boxed elementor-section-height-default elementor-section-height-default\" data-id=\"c83f2b5\" data-element_type=\"section\">\n\t\t\t\t\t\t<div class=\"elementor-container elementor-column-gap-default\">\n\t\t\t\t\t<div class=\"elementor-column elementor-col-100 elementor-top-column elementor-element elementor-element-fcbb544\" data-id=\"fcbb544\" data-element_type=\"column\">\n\t\t\t<div class=\"elementor-widget-wrap elementor-element-populated\">\n\t\t\t\t\t\t<div class=\"elementor-element elementor-element-54f7d6c elementor-widget elementor-widget-text-editor\" data-id=\"54f7d6c\" data-element_type=\"widget\" data-widget_type=\"text-editor.default\">\n\t\t\t\t<div class=\"elementor-widget-container\">\n\t\t\t\t\t\t\t<p><strong>O que \u00e9 o Programa ERASMUS+?<br \/><br \/><\/strong>O programa <a href=\"http:\/\/ec.europa.eu\/programmes\/erasmus-plus\/individuals_en#tab-1-1\" target=\"_blank\" rel=\"noopener\">Erasmus+<\/a> \u00e9 o programa da UE nos dom\u00ednios da educa\u00e7\u00e3o, da forma\u00e7\u00e3o, da juventude e do desporto para o per\u00edodo de 2021-2027.<br \/><br \/><br \/><strong>2. Dimens\u00e3o do Programa ERASMUS+<br \/><\/strong><\/p><p>O Programa Erasmus+ cont\u00e9m uma forte dimens\u00e3o internacional (ou seja, coopera\u00e7\u00e3o com Pa\u00edses Parceiros), designadamente nos dom\u00ednios do ensino superior e da juventude. No dom\u00ednio do ensino superior, o Programa Erasmus+ apoia as seguintes A\u00e7\u00f5es principais orientadas para a coopera\u00e7\u00e3o com Pa\u00edses Parceiros:<\/p><ul><li><strong>Mobilidade internacional de indiv\u00edduos e respetivos cr\u00e9ditos e Mestrados Conjuntos Erasmus Mundus (ao abrigo da A\u00e7\u00e3o-chave 1) promovendo a mobilidade dos estudantes e dos membros do pessoal de e para Pa\u00edses Parceiros;<\/strong><\/li><li>Projetos de Refor\u00e7o de Capacidades no ensino superior (ao abrigo da A\u00e7\u00e3o-chave 2) que promovam a coopera\u00e7\u00e3o e as parcerias com impacto na moderniza\u00e7\u00e3o e na internacionaliza\u00e7\u00e3o das institui\u00e7\u00f5es e dos sistemas de ensino superior nos Pa\u00edses Parceiros, com especial destaque para os Pa\u00edses Parceiros vizinhos da UE;<\/li><li>Apoio ao di\u00e1logo pol\u00edtico (ao abrigo da A\u00e7\u00e3o-chave 3), atrav\u00e9s da rede de Peritos para a Reforma do Ensino Superior nos Pa\u00edses Parceiros vizinhos da UE, da associa\u00e7\u00e3o internacional de antigos alunos, do di\u00e1logo pol\u00edtico com Pa\u00edses Parceiros, e de eventos internacionais de atra\u00e7\u00e3o e promo\u00e7\u00e3o;<\/li><li>Atividades Jean Monnet com o objetivo de estimular o ensino, a investiga\u00e7\u00e3o e a reflex\u00e3o no dom\u00ednio dos estudos sobre a Uni\u00e3o Europeia a n\u00edvel mundial.<br \/><br \/><\/li><\/ul><p><strong>3. Como funciona?<br \/><\/strong><\/p><p>O projeto de mobilidade ERASMUS+ \u00e9 coordenado no P.PORTO, atrav\u00e9s do Gabinete de Coopera\u00e7\u00e3o e Rela\u00e7\u00f5es Internacionais, mas o GRI-ISCAP \u00e9 o teu ponto de contacto para te informares e te candidatares a este e aos restantes programas de mobilidade.<\/p><p>Podes candidatar-te a um per\u00edodo de estudos numa institui\u00e7\u00e3o de ensino superior parceira do ISCAP-P.PORTO e a um per\u00edodo de est\u00e1gio, por cada ciclo de estudos, at\u00e9 ao m\u00e1ximo de 12 meses de mobilidade em cada ciclo.<\/p><p>O financimento, atrav\u00e9s da atribui\u00e7\u00e3o de uma bolsa ERASMUS+, depende do or\u00e7amento dispon\u00edvel, mas tentamos sempre que todos os candidatos a mobilidade ERASMUS+ tenham, pelo menos, um per\u00edodo m\u00ednimo de mobilidade financiada para estudos ou est\u00e1gio.<\/p><p>Um estudante do ISCAP aceite neste programa de interc\u00e2mbio, pode desenvolver um per\u00edodo de mobilidade em 3 modalidades:<\/p><ul><li>Per\u00edodo de Estudos (SM)<\/li><li>Per\u00edodo de Est\u00e1gio (SMp)<\/li><li>Per\u00edodo combinado de estudos e de est\u00e1gio (SM+SMp)<br \/><br \/><\/li><\/ul><p><strong>4. Crit\u00e9rios de Seria\u00e7\u00e3o<br \/><\/strong><\/p><p>As Pr\u00e9-candidaturas para mobilidade ERASMUS +, completas e eleg\u00edveis, s\u00e3o ordenadas de acordo com os seguintes crit\u00e9rios:<\/p><ul><li>M\u00e9dia Registada no plano de licenciatura\/ mestrado do ISCAP no momento da candidatura: 25%<\/li><li>Profici\u00eancia na l\u00edngua (estrangeira) de ensino na IES de acolhimento: 25%<\/li><li>N\u00famero total de ECTS: 20%<\/li><li>Prepara\u00e7\u00e3o Intercultural (Sess\u00e3o de divulga\u00e7\u00e3o, Carta de Motiva\u00e7\u00e3o Cultural, Workshop de Prepara\u00e7\u00e3o Intercultural, ser padrinho\/madrinha): 20%<\/li><li>Ser padrinho\/madrinha<a href=\"http:\/\/www.comap-portugal.com\/category\/news\/\" target=\"_blank\" rel=\"noopener\">\u00a0COMAP<\/a>: 15%<\/li><\/ul><p>Se for considerado relevante ou exigido pelo ISCAP ou pela IES de acolhimento onde pretende realizar a mobilidade, o candidato poder\u00e1, ainda, ser submetido a uma entrevista.<\/p><p>O preenchimento das vagas ser\u00e1 feito por ordem decrescente das pr\u00e9-candidaturas seriadas.<br \/><br \/><\/p><p><strong>5. Plano de Estudos, Plano de Equival\u00eancias e Programa de Est\u00e1gio<br \/><br \/><\/strong>O Plano de Estudos e\/ ou Programa de Est\u00e1gio Profissional e o Plano de Equival\u00eancias devem ser previamente discutidos com o coordenador de \u00a0mobilidade. No caso do Plano de Estudos, este deve for\u00e7osamente identificar as unidades curriculares que o candidato se prop\u00f5e frequentar na IES de destino, bem como o n\u00famero de ECTS (ou equivalente) correspondente a cada uma delas. No caso do Programa de Est\u00e1gio, deve ser proporcionado ao estudante um Programa personalizado, de acordo com o programa de est\u00e1gio profissional a ser executado. Os est\u00e1gios curriculares n\u00e3o t\u00eam equival\u00eancia direta nem reconhecimento de cr\u00e9ditos, que apenas ser\u00e3o obtidos ap\u00f3s a aprova\u00e7\u00e3o e avalia\u00e7\u00e3o do relat\u00f3rio de est\u00e1gio. Todavia, o estudante pode realizar o est\u00e1gio durante o per\u00edodo de mobilidade e, depois, apresentar o relat\u00f3rio de est\u00e1gio nas datas previstas no Calend\u00e1rio Acad\u00e9mico.<br \/><br \/>O candidato dever\u00e1 selecionar as unidades curriculares que pretende estudar preferencialmente de entre o lote de unidades curriculares do mesmo grau de ensino colocado \u00e0 disposi\u00e7\u00e3o pelas IES parceiras. Na elabora\u00e7\u00e3o do seu Plano de Estudos, o candidato n\u00e3o \u00e9 permitida a frequ\u00eancia de unidades curriculares de Doutoramento na IES de destino.<br \/><br \/>No caso de o candidato seriado ser colocado numa IES\/ empresa diferente da indicada como sua primeira prefer\u00eancia, dever\u00e1 apresentar novos Planos de Estudos e Equival\u00eancias, em conformidade.<br \/><br \/>O estudante s\u00f3 poder\u00e1 obter equival\u00eancias a um m\u00e1ximo de 40 ECTS por semestre.<br \/><br \/>O estudante dever\u00e1 obter equival\u00eancias a um m\u00ednimo de 21 ECTS por semestre (exceto em casos devidamente justificados), devendo, no entanto, e sempre que poss\u00edvel, selecionar institui\u00e7\u00f5es de destino onde pode obter reconhecimento acad\u00e9mico \u00e0 totalidade das unidades curriculares em que est\u00e1 inscrito no per\u00edodo de mobilidade.<br \/><br \/>O Plano de Estudos e\/ ou Programa de Est\u00e1gio Profissional apresentado no ato de candidatura pode ser revisto em casos justificados (<em>vide<\/em>\u00a0<a href=\"https:\/\/ec.europa.eu\/programmes\/erasmus-plus\/sites\/erasmusplus\/files\/files\/resources\/charterportugal_pt.pdf\" target=\"_blank\" rel=\"noopener\">Carta do Estudante ERASMUS+<\/a>) ap\u00f3s chegada \u00e0 IES\/empresa de destino. A vers\u00e3o revista deve ser remetida ao Coordenador de mobilidade e, ap\u00f3s ter sido aprovada e assinada por este, ao GRI-ISCAP, no prazo de um m\u00eas, ap\u00f3s o in\u00edcio da mobilidade.<br \/><br \/>Eventuais altera\u00e7\u00f5es ao Plano de Estudos n\u00e3o aprovadas pelo coordenador de mobilidade ou apresentadas ap\u00f3s o prazo indicado em cima poder\u00e3o implicar o n\u00e3o reconhecimento da equival\u00eancia de cr\u00e9ditos que o estudante venha a obter na IES de destino, sem preju\u00edzo de eventuais san\u00e7\u00f5es adicionais que venham a ser determinadas.<br \/><br \/><\/p><p><strong>6. Bolsas de Mobilidade ERASMUS+<br \/><\/strong><\/p><p>A mobilidade no \u00e2mbito do Programa ERASMUS+ pode ser financiada com uma bolsa, de acordo com a disponibilidade or\u00e7amental do P.PORTO, que funciona como suplemento para cobrir as despesas de desloca\u00e7\u00e3o. N\u00e3o cobre a totalidade das despesas.<\/p><p>A afeta\u00e7\u00e3o das Bolsas de Mobilidade aos estudantes seriados ser\u00e1 feita por ordem decrescente das pr\u00e9-candidaturas seriadas, at\u00e9 ao esgotamento das verbas dispon\u00edveis para o efeito. Poder\u00e3o ser impostas limita\u00e7\u00f5es ao n\u00famero de bolsas por pa\u00edses eleg\u00edveis e o acesso a uma Bolsa de Mobilidade est\u00e1 vedado a candidaturas colocadas num pa\u00eds n\u00e3o eleg\u00edvel nos termos do Programa comunit\u00e1rio de Mobilidade de Estudantes ERASMUS+.<\/p><p>A bolsa \u00e9 atribu\u00edda aos estudantes seriados, ap\u00f3s a assinatura do contrato de mobilidade.<\/p><p>Os estudantes n\u00e3o contemplados com bolsa ERASMUS+ ou contemplados com bolsa para um per\u00edodo de mobilidade inferior ao desejado, podem realizar mobilidade ERASMUS+, com financimento Zero, com os mesmos direitos e deveres.<\/p><p>Os estudantes seriados com menores recursos econ\u00f3micos, designadamente, aqueles que beneficiam de um financiamento dos Servi\u00e7os de A\u00e7\u00e3o Social, e\/ou com necessidades especiais &#8211; que apresentem uma situa\u00e7\u00e3o individual f\u00edsica, mental ou de sa\u00fade que n\u00e3o permite a participa\u00e7\u00e3o no Programa sem um suporte financeiro adicional, podem candidatar-se a uma bolsa suplementar.<br \/><br \/><br \/><strong>7. Direitos e Deveres<br \/><\/strong><br \/>Conhece-os na <a href=\"https:\/\/ec.europa.eu\/programmes\/erasmus-plus\/sites\/erasmusplus\/files\/files\/resources\/charterportugal_pt.pdf\" target=\"_blank\" rel=\"noopener\">Carta do Estudante ERASMUS+.<\/a><strong><br \/><br \/><\/strong><\/p><p><strong>\u00a0<\/strong><\/p>\t\t\t\t\t\t<\/div>\n\t\t\t\t<\/div>\n\t\t\t\t\t<\/div>\n\t\t<\/div>\n\t\t\t\t\t<\/div>\n\t\t<\/section>\n\t\t\t\t<\/div>\n\t\t","protected":false},"excerpt":{"rendered":"<p>O que \u00e9 o Programa ERASMUS+? O programa Erasmus+ \u00e9 o programa da UE nos dom\u00ednios da educa\u00e7\u00e3o, da forma\u00e7\u00e3o, da juventude e do desporto para o per\u00edodo de 2021-2027. 2. Dimens\u00e3o do Programa ERASMUS+ O Programa Erasmus+ cont\u00e9m uma forte dimens\u00e3o internacional (ou seja, coopera\u00e7\u00e3o com Pa\u00edses Parceiros), designadamente nos dom\u00ednios do ensino superior [&hellip;]<\/p>\n","protected":false},"author":1,"featured_media":0,"parent":0,"menu_order":0,"comment_status":"closed","ping_status":"closed","template":"","meta":{"_eb_attr":"","site-sidebar-layout":"no-sidebar","site-content-layout":"page-builder","ast-site-content-layout":"","site-content-style":"default","site-sidebar-style":"default","ast-global-header-display":"","ast-banner-title-visibility":"","ast-main-header-display":"","ast-hfb-above-header-display":"","ast-hfb-below-header-display":"","ast-hfb-mobile-header-display":"","site-post-title":"disabled","ast-breadcrumbs-content":"","ast-featured-img":"disabled","footer-sml-layout":"","theme-transparent-header-meta":"default","adv-header-id-meta":"","stick-header-meta":"","header-above-stick-meta":"","header-main-stick-meta":"","header-below-stick-meta":"","astra-migrate-meta-layouts":"default","ast-page-background-enabled":"default","ast-page-background-meta":{"desktop":{"background-color":"","background-image":"","background-repeat":"repeat","background-position":"center center","background-size":"auto","background-attachment":"scroll","background-type":"","background-media":"","overlay-type":"","overlay-color":"","overlay-opacity":"","overlay-gradient":""},"tablet":{"background-color":"","background-image":"","background-repeat":"repeat","background-position":"center center","background-size":"auto","background-attachment":"scroll","background-type":"","background-media":"","overlay-type":"","overlay-color":"","overlay-opacity":"","overlay-gradient":""},"mobile":{"background-color":"","background-image":"","background-repeat":"repeat","background-position":"center center","background-size":"auto","background-attachment":"scroll","background-type":"","background-media":"","overlay-type":"","overlay-color":"","overlay-opacity":"","overlay-gradient":""}},"ast-content-background-meta":{"desktop":{"background-color":"var(--ast-global-color-5)","background-image":"","background-repeat":"repeat","background-position":"center center","background-size":"auto","background-attachment":"scroll","background-type":"","background-media":"","overlay-type":"","overlay-color":"","overlay-opacity":"","overlay-gradient":""},"tablet":{"background-color":"var(--ast-global-color-5)","background-image":"","background-repeat":"repeat","background-position":"center center","background-size":"auto","background-attachment":"scroll","background-type":"","background-media":"","overlay-type":"","overlay-color":"","overlay-opacity":"","overlay-gradient":""},"mobile":{"background-color":"var(--ast-global-color-5)","background-image":"","background-repeat":"repeat","background-position":"center center","background-size":"auto","background-attachment":"scroll","background-type":"","background-media":"","overlay-type":"","overlay-color":"","overlay-opacity":"","overlay-gradient":""}},"footnotes":""},"class_list":["post-24620","page","type-page","status-publish","hentry"],"_links":{"self":[{"href":"https:\/\/www.iscap.pt\/gri\/wp-json\/wp\/v2\/pages\/24620","targetHints":{"allow":["GET"]}}],"collection":[{"href":"https:\/\/www.iscap.pt\/gri\/wp-json\/wp\/v2\/pages"}],"about":[{"href":"https:\/\/www.iscap.pt\/gri\/wp-json\/wp\/v2\/types\/page"}],"author":[{"embeddable":true,"href":"https:\/\/www.iscap.pt\/gri\/wp-json\/wp\/v2\/users\/1"}],"replies":[{"embeddable":true,"href":"https:\/\/www.iscap.pt\/gri\/wp-json\/wp\/v2\/comments?post=24620"}],"version-history":[{"count":8,"href":"https:\/\/www.iscap.pt\/gri\/wp-json\/wp\/v2\/pages\/24620\/revisions"}],"predecessor-version":[{"id":24628,"href":"https:\/\/www.iscap.pt\/gri\/wp-json\/wp\/v2\/pages\/24620\/revisions\/24628"}],"wp:attachment":[{"href":"https:\/\/www.iscap.pt\/gri\/wp-json\/wp\/v2\/media?parent=24620"}],"curies":[{"name":"wp","href":"https:\/\/api.w.org\/{rel}","templated":true}]}}