{"id":24631,"date":"2021-05-24T11:49:43","date_gmt":"2021-05-24T11:49:43","guid":{"rendered":"https:\/\/gustavomonteiro.pt\/wp-gri\/?page_id=24631"},"modified":"2026-02-18T15:23:06","modified_gmt":"2026-02-18T15:23:06","slug":"programas-de-duplo-diploma","status":"publish","type":"page","link":"https:\/\/www.iscap.pt\/gri\/programas-de-duplo-diploma\/","title":{"rendered":"Programas de Duplo Diploma"},"content":{"rendered":"\t\t<div data-elementor-type=\"wp-page\" data-elementor-id=\"24631\" class=\"elementor elementor-24631\">\n\t\t\t\t\t\t<section class=\"elementor-section elementor-top-section elementor-element elementor-element-5ea3041 elementor-section-boxed elementor-section-height-default elementor-section-height-default\" data-id=\"5ea3041\" data-element_type=\"section\">\n\t\t\t\t\t\t<div class=\"elementor-container elementor-column-gap-default\">\n\t\t\t\t\t<div class=\"elementor-column elementor-col-100 elementor-top-column elementor-element elementor-element-6234351\" data-id=\"6234351\" data-element_type=\"column\">\n\t\t\t<div class=\"elementor-widget-wrap elementor-element-populated\">\n\t\t\t\t\t\t<div class=\"elementor-element elementor-element-80b0bf7 elementor-invisible elementor-widget elementor-widget-heading\" data-id=\"80b0bf7\" data-element_type=\"widget\" data-settings=\"{&quot;_animation&quot;:&quot;fadeInUp&quot;}\" data-widget_type=\"heading.default\">\n\t\t\t\t<div class=\"elementor-widget-container\">\n\t\t\t<h2 class=\"elementor-heading-title elementor-size-default\">PROGRAMAS DE DUPLO DIPLOMA<\/h2>\t\t<\/div>\n\t\t\t\t<\/div>\n\t\t\t\t\t<\/div>\n\t\t<\/div>\n\t\t\t\t\t<\/div>\n\t\t<\/section>\n\t\t\t\t<section class=\"elementor-section elementor-top-section elementor-element elementor-element-b411350 elementor-section-boxed elementor-section-height-default elementor-section-height-default elementor-invisible\" data-id=\"b411350\" data-element_type=\"section\" data-settings=\"{&quot;animation&quot;:&quot;fadeInUp&quot;}\">\n\t\t\t\t\t\t<div class=\"elementor-container elementor-column-gap-default\">\n\t\t\t\t\t<div class=\"elementor-column elementor-col-100 elementor-top-column elementor-element elementor-element-dadbd17\" data-id=\"dadbd17\" data-element_type=\"column\">\n\t\t\t<div class=\"elementor-widget-wrap elementor-element-populated\">\n\t\t\t\t\t\t<div class=\"elementor-element elementor-element-223d349 elementor-widget elementor-widget-text-editor\" data-id=\"223d349\" data-element_type=\"widget\" data-widget_type=\"text-editor.default\">\n\t\t\t\t<div class=\"elementor-widget-container\">\n\t\t\t\t\t\t\t<p>Os <strong><span style=\"color: #8b1e1e;\">programas de duplo diploma<\/span><\/strong> permitem que os estudantes inscritos obtenham, para al\u00e9m do diploma do P.PORTO, um segundo diploma de uma universidade parceira.<\/p><p>A obten\u00e7\u00e3o de um duplo diploma est\u00e1 dependente da candidatura e seria\u00e7\u00e3o dos estudantes, de acordo com o estabelecido no Acordo de Duplo Diploma, e da frequ\u00eancia de um per\u00edodo e um plano de estudos, pr\u00e9-definidos,\u00a0 na institui\u00e7\u00e3o parceira, adicional ou n\u00e3o \u00e0 dura\u00e7\u00e3o do curso em que se encontra inscrito.<\/p><p>No \u00e2mbito do novo quadro do Programa Erasmus+, os estudantes podem candidatar-se a bolsa para financiamento da mobilidade, para todos os pa\u00edses envolvidos nos acordos de duplo diploma.<\/p><p>Em baixo encontram-se os programas de duplo diploma dispon\u00edveis<\/p><ol><li><b style=\"font-style: inherit;\"><span style=\"color: #8b1e1e;\"><b style=\"font-style: inherit;\">Licenciatura em\u00a0<\/b><b style=\"font-style: inherit;\">Ci\u00eancias<\/b><b style=\"font-style: inherit;\">\u00a0e\u00a0<\/b><b style=\"font-style: inherit;\">Tecnologias<\/b><b style=\"font-style: inherit;\">\u00a0da\u00a0<\/b><b style=\"font-style: inherit;\">Documenta\u00e7\u00e3o<\/b><b style=\"font-style: inherit;\">\u00a0e\u00a0<\/b><b style=\"font-style: inherit;\"><span style=\"font-size: 16px;\">Informa\u00e7\u00e3o:<\/span><\/b><\/span>\u00a0<\/b>Programa de Duplo Diploma<span style=\"font-size: 16px;\">\u00a0em\u00a0<\/span><i style=\"font-weight: inherit;\">Information<\/i><i style=\"font-weight: inherit;\">\u00a0Management<\/i>, com\u00a0<span style=\"font-size: 16px;\">o\u00a0<span style=\"text-decoration: underline;\"><a style=\"font-size: 16px;\" href=\"https:\/\/svako.lt\/en\">Siauliai State University of Applies Sciences<\/a><\/span>, Litu\u00e2nia.<\/span><\/li><li><span style=\"font-size: 16px;\"><span style=\"color: #8b1e1e;\"><strong>Licenciatura em Marketing:<\/strong><\/span> Programa de Duplo Diploma com a <a href=\"https:\/\/www.uvigo.gal\/es\/estudiar\/que-estudiar\/estudios-grado\/grado-publicidad-relaciones-publicas-p04g190v01\">Universidade de Vigo<\/a>, Espanha;<\/span><\/li><li><span style=\"font-size: 16px;\"><span style=\"color: #8b1e1e;\"><b>Licenciatura em Assessoria e Tradu\u00e7\u00e3o: <\/b><\/span>Programa de Duplo Diploma com o <a href=\"https:\/\/www.unicollegessml.it\/en\/bachelor-applied-languages\/\">UniCollege<\/a>, It\u00e1lia.<\/span><\/li><li><span style=\"color: #8b1e1e;\"><strong>Mestrado em Estudos Interculturais para Neg\u00f3cios:\u00a0<\/strong><\/span><ol><li>Programa de Duplo Diploma em <em>Languages and Interculturel Management<\/em><b>, <\/b>com a <span style=\"text-decoration: underline;\"><a href=\"http:\/\/www.univ-artois.fr\/\">Universidade de Artois<\/a><\/span>, Fran\u00e7a.<\/li><li>Programa de Duplo Diploma com a <a href=\"https:\/\/www.flshj.ucd.ac.ma\/\">Chouaib Doukkali University<\/a>, Marrocos.<\/li><\/ol><\/li><li><strong><span style=\"color: #8b1e1e;\">Mestrado em Gest\u00e3o de Recursos Humanos:<\/span><\/strong> Programa de Duplo Diploma com a Universidad Miguel Hern\u00e1ndez de Elche, Espanha.<\/li><\/ol><p style=\"font-size: 16px;\">Para mais informa\u00e7\u00e3o, deves falar com o\/a <a href=\"https:\/\/www.iscap.pt\/gri\/docentes-coordenadores-de-mobilidade\/\">coordenador\/a de curso\/mobilidade<\/a> e com o GRI.<\/p>\t\t\t\t\t\t<\/div>\n\t\t\t\t<\/div>\n\t\t\t\t\t<\/div>\n\t\t<\/div>\n\t\t\t\t\t<\/div>\n\t\t<\/section>\n\t\t\t\t<\/div>\n\t\t","protected":false},"excerpt":{"rendered":"<p>PROGRAMAS DE DUPLO DIPLOMA Os programas de duplo diploma permitem que os estudantes inscritos obtenham, para al\u00e9m do diploma do P.PORTO, um segundo diploma de uma universidade parceira. A obten\u00e7\u00e3o de um duplo diploma est\u00e1 dependente da candidatura e seria\u00e7\u00e3o dos estudantes, de acordo com o estabelecido no Acordo de Duplo Diploma, e da frequ\u00eancia [&hellip;]<\/p>\n","protected":false},"author":1,"featured_media":0,"parent":0,"menu_order":0,"comment_status":"closed","ping_status":"closed","template":"","meta":{"_eb_attr":"","site-sidebar-layout":"no-sidebar","site-content-layout":"page-builder","ast-site-content-layout":"","site-content-style":"default","site-sidebar-style":"default","ast-global-header-display":"","ast-banner-title-visibility":"","ast-main-header-display":"","ast-hfb-above-header-display":"","ast-hfb-below-header-display":"","ast-hfb-mobile-header-display":"","site-post-title":"disabled","ast-breadcrumbs-content":"","ast-featured-img":"disabled","footer-sml-layout":"","theme-transparent-header-meta":"default","adv-header-id-meta":"","stick-header-meta":"","header-above-stick-meta":"","header-main-stick-meta":"","header-below-stick-meta":"","astra-migrate-meta-layouts":"default","ast-page-background-enabled":"default","ast-page-background-meta":{"desktop":{"background-color":"","background-image":"","background-repeat":"repeat","background-position":"center center","background-size":"auto","background-attachment":"scroll","background-type":"","background-media":"","overlay-type":"","overlay-color":"","overlay-opacity":"","overlay-gradient":""},"tablet":{"background-color":"","background-image":"","background-repeat":"repeat","background-position":"center center","background-size":"auto","background-attachment":"scroll","background-type":"","background-media":"","overlay-type":"","overlay-color":"","overlay-opacity":"","overlay-gradient":""},"mobile":{"background-color":"","background-image":"","background-repeat":"repeat","background-position":"center center","background-size":"auto","background-attachment":"scroll","background-type":"","background-media":"","overlay-type":"","overlay-color":"","overlay-opacity":"","overlay-gradient":""}},"ast-content-background-meta":{"desktop":{"background-color":"var(--ast-global-color-5)","background-image":"","background-repeat":"repeat","background-position":"center center","background-size":"auto","background-attachment":"scroll","background-type":"","background-media":"","overlay-type":"","overlay-color":"","overlay-opacity":"","overlay-gradient":""},"tablet":{"background-color":"var(--ast-global-color-5)","background-image":"","background-repeat":"repeat","background-position":"center center","background-size":"auto","background-attachment":"scroll","background-type":"","background-media":"","overlay-type":"","overlay-color":"","overlay-opacity":"","overlay-gradient":""},"mobile":{"background-color":"var(--ast-global-color-5)","background-image":"","background-repeat":"repeat","background-position":"center center","background-size":"auto","background-attachment":"scroll","background-type":"","background-media":"","overlay-type":"","overlay-color":"","overlay-opacity":"","overlay-gradient":""}},"footnotes":""},"class_list":["post-24631","page","type-page","status-publish","hentry"],"_links":{"self":[{"href":"https:\/\/www.iscap.pt\/gri\/wp-json\/wp\/v2\/pages\/24631","targetHints":{"allow":["GET"]}}],"collection":[{"href":"https:\/\/www.iscap.pt\/gri\/wp-json\/wp\/v2\/pages"}],"about":[{"href":"https:\/\/www.iscap.pt\/gri\/wp-json\/wp\/v2\/types\/page"}],"author":[{"embeddable":true,"href":"https:\/\/www.iscap.pt\/gri\/wp-json\/wp\/v2\/users\/1"}],"replies":[{"embeddable":true,"href":"https:\/\/www.iscap.pt\/gri\/wp-json\/wp\/v2\/comments?post=24631"}],"version-history":[{"count":34,"href":"https:\/\/www.iscap.pt\/gri\/wp-json\/wp\/v2\/pages\/24631\/revisions"}],"predecessor-version":[{"id":26671,"href":"https:\/\/www.iscap.pt\/gri\/wp-json\/wp\/v2\/pages\/24631\/revisions\/26671"}],"wp:attachment":[{"href":"https:\/\/www.iscap.pt\/gri\/wp-json\/wp\/v2\/media?parent=24631"}],"curies":[{"name":"wp","href":"https:\/\/api.w.org\/{rel}","templated":true}]}}