{"id":24655,"date":"2021-05-24T12:24:42","date_gmt":"2021-05-24T12:24:42","guid":{"rendered":"https:\/\/gustavomonteiro.pt\/wp-gri\/?page_id=24655"},"modified":"2026-02-10T10:48:15","modified_gmt":"2026-02-10T10:48:15","slug":"procedimentos-de-candidatura","status":"publish","type":"page","link":"https:\/\/www.iscap.pt\/gri\/procedimentos-de-candidatura\/","title":{"rendered":"Procedimentos de Candidatura"},"content":{"rendered":"\t\t<div data-elementor-type=\"wp-page\" data-elementor-id=\"24655\" class=\"elementor elementor-24655\">\n\t\t\t\t\t\t<section class=\"elementor-section elementor-top-section elementor-element elementor-element-41b61d2 elementor-section-boxed elementor-section-height-default elementor-section-height-default\" data-id=\"41b61d2\" data-element_type=\"section\">\n\t\t\t\t\t\t<div class=\"elementor-container elementor-column-gap-default\">\n\t\t\t\t\t<div class=\"elementor-column elementor-col-100 elementor-top-column elementor-element elementor-element-e99538a\" data-id=\"e99538a\" data-element_type=\"column\">\n\t\t\t<div class=\"elementor-widget-wrap elementor-element-populated\">\n\t\t\t\t\t\t<div class=\"elementor-element elementor-element-c3f654d elementor-invisible elementor-widget elementor-widget-heading\" data-id=\"c3f654d\" data-element_type=\"widget\" data-settings=\"{&quot;_animation&quot;:&quot;fadeInUp&quot;}\" data-widget_type=\"heading.default\">\n\t\t\t\t<div class=\"elementor-widget-container\">\n\t\t\t<h2 class=\"elementor-heading-title elementor-size-default\">\nREGULAMENTO DE MOBILIDADE DE ESTUDANTES<\/h2>\t\t<\/div>\n\t\t\t\t<\/div>\n\t\t\t\t\t<\/div>\n\t\t<\/div>\n\t\t\t\t\t<\/div>\n\t\t<\/section>\n\t\t\t\t<section class=\"elementor-section elementor-top-section elementor-element elementor-element-28a7d27 elementor-section-boxed elementor-section-height-default elementor-section-height-default elementor-invisible\" data-id=\"28a7d27\" data-element_type=\"section\" data-settings=\"{&quot;animation&quot;:&quot;fadeInUp&quot;}\">\n\t\t\t\t\t\t<div class=\"elementor-container elementor-column-gap-default\">\n\t\t\t\t\t<div class=\"elementor-column elementor-col-100 elementor-top-column elementor-element elementor-element-fbb51ed\" data-id=\"fbb51ed\" data-element_type=\"column\">\n\t\t\t<div class=\"elementor-widget-wrap elementor-element-populated\">\n\t\t\t\t\t\t<div class=\"elementor-element elementor-element-1d0a895 elementor-widget elementor-widget-text-editor\" data-id=\"1d0a895\" data-element_type=\"widget\" data-widget_type=\"text-editor.default\">\n\t\t\t\t<div class=\"elementor-widget-container\">\n\t\t\t\t\t\t\t<h3><span style=\"color: #8b1e1e;\">Pre\u00e2mbulo<\/span><\/h3><p>Podem candidatar-se ao Programa de Mobilidade de Estudantes todos os estudantes inscritos nos programas de CTesP, licenciatura e de mestrado do Instituto Superior de Contabilidade e Administra\u00e7\u00e3o do Porto que pretendam frequentar um per\u00edodo de estudos ou de est\u00e1gio numa das institui\u00e7\u00f5es eleg\u00edveis para estudos (com quem o ISCAP tenha um acordo v\u00e1lido) ou para est\u00e1gio.<\/p><p>Devem ser observados os crit\u00e9rios de elegibilidade e de seria\u00e7\u00e3o e os requisitos de cada um dos programas de mobilidade dispon\u00edveis.<\/p><h3 style=\"padding-left: 40px;\"><span style=\"color: #8b1e1e;\">1.\u00a0 Inscri\u00e7\u00e3o no ISCAP e nas Unidades Curriculares<\/span><\/h3><p>Durante o per\u00edodo de mobilidade, o estudante ter\u00e1 de continuar matriculado e inscrito no ISCAP, com as propinas regularizadas e dever\u00e1 ser mantido o pagamento ao P.Porto das propinas devidas por lei durante o per\u00edodo de perman\u00eancia na IES parceira.\u00a0Os Acordos Bilaterais asseguram a isen\u00e7\u00e3o do pagamento de propinas nas institui\u00e7\u00f5es de destino, quando aplic\u00e1vel (ex: Programa ERASMUS+). Todavia, poder\u00e1 haver lugar ao pagamento de outros emolumentos na IES parceira.<\/p><p>Durante o per\u00edodo de estudos numa Institui\u00e7\u00e3o de Ensino Superior (IES) parceira, de forma a cumprir o Plano de Estudos aprovado, o estudante n\u00e3o poder\u00e1 realizar avalia\u00e7\u00e3o a qualquer unidade curricular do ISCAP constante desse Plano.<\/p><h3 style=\"padding-left: 40px;\"><span style=\"color: #8b1e1e;\">2. Processo de Candidatura e de Sele\u00e7\u00e3o<\/span><\/h3><p>O GRI apela a todos os estudantes que est\u00e3o a pensar realizar um per\u00edodo de estudos no\u00a0\u00e2mbito do Programa Erasmus+, que se inscrevam como madrinhas\/padrinhos, no ano anterior \u00e0quele em que\u00a0pretendem efetivar a mobilidade, junto da\u00a0<a href=\"http:\/\/www.comap-portugal.com\/category\/news\/\" target=\"_blank\" rel=\"noopener\"><span style=\"text-decoration: underline;\">COMAP &#8211; Comiss\u00e3o de Apadrinhamento do ISCAP<\/span><\/a>, para colaborar na integra\u00e7\u00e3o e no acolhimento dos estudantes de interc\u00e2mbio recebidos. Esta experi\u00eancia \u00e9 extremamente enriquecedora, j\u00e1 que esse contacto possibilita o interc\u00e2mbio de culturas e de informa\u00e7\u00f5es que se revelam bastante \u00fateis no futuro.\u00a0Esta participa\u00e7\u00e3o ser\u00e1 tida em considera\u00e7\u00e3o como crit\u00e9rio de seria\u00e7\u00e3o.<\/p><p>O prazo de Pr\u00e9-candidatura decorre anualmente, em data a anunciar pelo GRI-ISCAP (no ano letivo anterior ao que o estudante deseja realizar a mobilidade). Podem, no entanto, ter lugar outros momentos de candidatura a mobilidade durante o ano letivo, pelo que o estudante dever\u00e1 estar atentos ao email institucional, Facebook do GRI-ISCAP e a outros canais de divulga\u00e7\u00e3o.<\/p><p>O estudante dever\u00e1 aconselhar-se junto do seu Coordenador de Mobilidade sobre as institui\u00e7\u00f5es mais indicadas para interc\u00e2mbio no ano e semestre em que pretende realizar a mobilidade, de modo a garantir o reconhecimento acad\u00e9mico. A defini\u00e7\u00e3o do Plano de Equival\u00eancias e de Estudos \u00e9 da exclusiva responsabilidade do coordenador de mobilidade.<\/p><p>Ap\u00f3s an\u00e1lise da possibilidade de mobilidade, de reconhecimento acad\u00e9mico e da aprova\u00e7\u00e3o pelo coordenador de mobilidade, o estudante interessado dever\u00e1 formalizar a sua\u00a0<a href=\"https:\/\/www.iscap.pt\/gri\/pre-candidatura\/\">Pr\u00e9-candidatura<\/a>. Ap\u00f3s aprova\u00e7\u00e3o da pr\u00e9-candidatura e publica\u00e7\u00e3o das listas de seria\u00e7\u00e3o, o estudante dever\u00e1 formalizar a\u00a0Candidatura.<\/p><p>A Candidatura tem 2 fases e v\u00e1rios passos obrigat\u00f3rios:<\/p><ol><li><a href=\"https:\/\/iscap.pt\/gri\/site\/index.php\/estudantes\/procedimentos\/pre-candidatura\" target=\"_blank\" rel=\"noopener\">Pr\u00e9-Candidatura<\/a><\/li><li>Formaliza\u00e7\u00e3o da\u00a0<a href=\"https:\/\/iscap.pt\/gri\/site\/index.php\/estudantes\/procedimentos\/candidatura\" target=\"_blank\" rel=\"noopener\">Candidatura<\/a>\u00a0(ap\u00f3s a divulga\u00e7\u00e3o dos resultados de seria\u00e7\u00e3o)<\/li><\/ol><h3 style=\"padding-left: 40px;\"><span style=\"color: #8b1e1e;\">\u00a03.\u00a0Publicita\u00e7\u00e3o dos Resultados da Pr\u00e9-Candidatura<\/span><\/h3><ul><li>O GRI-ISCAP divulga os resultados do processo de pr\u00e9-seria\u00e7\u00e3o no prazo de sessenta dias ap\u00f3s o encerramento do per\u00edodo de pr\u00e9-candidatura, por email (institucional).<\/li><li>Os estudantes seriados ser\u00e3o informados dos resultados da atribui\u00e7\u00e3o de Bolsas de Mobilidade pelo Gabinete de Coopera\u00e7\u00e3o e Rela\u00e7\u00f5es Internacionais do P.PORTO (<span id=\"cloak44408\"><a href=\"mailto:gcri@iscap.ipp.pt\">gcri@iscap.ipp.pt<\/a><\/span>).<\/li><\/ul><h3 style=\"padding-left: 40px;\"><span style=\"color: #8b1e1e;\">4. Desist\u00eancias<\/span><\/h3><ul><li>A eventual desist\u00eancia de um candidato dever\u00e1 ser comunicada por escrito ao GRI-ISCAP, logo que o motivo subjacente ocorra. Esta obriga\u00e7\u00e3o de comunica\u00e7\u00e3o existe qualquer que seja a fase da candidatura (antes ou depois da divulga\u00e7\u00e3o dos respetivos resultados) durante a qual o motivo subjacente venha a ocorrer.<\/li><li>Para al\u00e9m da obriga\u00e7\u00e3o referida no n\u00famero anterior, se a desist\u00eancia ocorrer depois de a coloca\u00e7\u00e3o do estudante em causa ter sido comunicada \u00e0 institui\u00e7\u00e3o de acolhimento, dever\u00e1 o mesmo comunicar o facto a esta, igualmente por escrito (e-mail).<\/li><li>A desist\u00eancia, ainda que comunicada nos termos referidos acima, n\u00e3o exime o estudante em causa do cumprimento das obriga\u00e7\u00f5es acess\u00f3rias que haja previamente assumido perante a institui\u00e7\u00e3o de acolhimento, nomeadamente o pagamento de reservas de alojamento e de taxas de inscri\u00e7\u00e3o.<\/li><li>A desist\u00eancia, ainda que comunicada nos termos referidos acima, poder\u00e1 acarretar uma san\u00e7\u00e3o para o estudante, quando n\u00e3o tiver uma justifica\u00e7\u00e3o fundamentada, caso volte a candidatar-se ao Programa Erasmus+ no ano seguinte. Esta san\u00e7\u00e3o equivale a descer 5 lugares de ordem na classifica\u00e7\u00e3o global.<\/li><li>No caso de a desist\u00eancia ter lugar ap\u00f3s o in\u00edcio do per\u00edodo de mobilidade, o estudante \u00e9 obrigado a devolver integralmente a Bolsa de Mobilidade que lhe tenha sido atribu\u00edda.<\/li><\/ul><h3 style=\"padding-left: 40px;\"><span style=\"color: #8b1e1e;\">5.\u00a0Crit\u00e9rios de Seria\u00e7\u00e3o<\/span><\/h3><p>As Pr\u00e9-candidaturas para mobilidade ERASMUS +, completas e eleg\u00edveis, s\u00e3o ordenadas de acordo com os seguintes crit\u00e9rios:<\/p><ul><li>M\u00e9dia Registada no plano de licenciatura\/ mestrado do ISCAP no momento da candidatura: 20%<\/li><li>Profici\u00eancia na l\u00edngua (estrangeira) de ensino na IES de acolhimento: 25%<\/li><li>N\u00famero total de ECTS obtidos no ciclo de estudos: 20%<\/li><li>Prepara\u00e7\u00e3o Intercultural (Sess\u00e3o de divulga\u00e7\u00e3o, Workshop de Prepara\u00e7\u00e3o Intercultural, Sess\u00e3o de Testemunhos ERASMUS): 20%<\/li><li>Ser padrinho\/madrinha<a href=\"http:\/\/www.comap-portugal.com\/category\/news\/\"> COMAP<\/a>: 15%<\/li><\/ul><p>Se for considerado relevante ou exigido pelo ISCAP ou pela IES de acolhimento onde pretende realizar a mobilidade, o candidato poder\u00e1, ainda, ser submetido a uma entrevista.<\/p><p>O preenchimento das vagas ser\u00e1 feito por ordem decrescente das pr\u00e9-candidaturas seriadas.<\/p><h3 style=\"padding-left: 40px;\"><span style=\"color: #8b1e1e;\">6. Plano de Estudos, Plano de Equival\u00eancias e Programa de Est\u00e1gio<\/span><\/h3><ul><li>O Plano de Estudos e\/ ou Programa de Est\u00e1gio Profissional e o Plano de Equival\u00eancias devem ser previamente discutidos com o coordenador de \u00a0mobilidade. No caso do Plano de Estudos, este deve for\u00e7osamente identificar as unidades curriculares que o candidato se prop\u00f5e frequentar na IES de destino, bem como o n\u00famero de ECTS (ou equivalente) correspondente a cada uma delas. No caso do Programa de Est\u00e1gio, deve ser proporcionado ao estudante um Programa personalizado, de acordo com o programa de est\u00e1gio profissional a ser executado. Os est\u00e1gios curriculares n\u00e3o t\u00eam equival\u00eancia direta nem reconhecimento de cr\u00e9ditos, que apenas ser\u00e3o obtidos ap\u00f3s a aprova\u00e7\u00e3o e avalia\u00e7\u00e3o do relat\u00f3rio de est\u00e1gio. Todavia, o estudante pode realizar o est\u00e1gio durante o per\u00edodo de mobilidade e, depois, apresentar o relat\u00f3rio de est\u00e1gio nas datas previstas no Calend\u00e1rio Acad\u00e9mico.<\/li><li>O candidato dever\u00e1 selecionar as unidades curriculares que pretende estudar preferencialmente de entre o lote de unidades curriculares do mesmo grau de ensino colocado \u00e0 disposi\u00e7\u00e3o pelas IES parceiras. Na elabora\u00e7\u00e3o do seu Plano de Estudos, n\u00e3o \u00e9 permitida a inclus\u00e3o de unidades curriculares de Doutoramento na IES de destino.<\/li><li>No caso de o candidato seriado ser colocado numa IES\/ empresa diferente da indicada como sua primeira prefer\u00eancia, dever\u00e1 apresentar novos Planos de Estudos e Equival\u00eancias, em conformidade.<\/li><li>O estudante s\u00f3 poder\u00e1 obter equival\u00eancias a um m\u00e1ximo de 40 ECTS por semestre.<\/li><li>O estudante dever\u00e1 obter equival\u00eancias a um <strong>m\u00ednimo de 21 ECTS<\/strong> por semestre (exceto em casos devidamente justificados), devendo, no entanto, e sempre que poss\u00edvel, selecionar institui\u00e7\u00f5es de destino onde pode obter reconhecimento acad\u00e9mico \u00e0 totalidade das unidades curriculares em que est\u00e1 inscrito no per\u00edodo de mobilidade.<\/li><li>O Plano de Estudos e\/ ou Programa de Est\u00e1gio Profissional apresentado no ato de candidatura pode ser revisto em casos justificados (<em>vide<\/em>\u00a0<a href=\"https:\/\/ec.europa.eu\/programmes\/erasmus-plus\/sites\/erasmusplus\/files\/files\/resources\/charterportugal_pt.pdf\">Carta do Estudante ERASMUS+<\/a>) ap\u00f3s chegada \u00e0 IES\/empresa de destino. A vers\u00e3o revista deve ser remetida ao Coordenador de mobilidade e, ap\u00f3s ter sido aprovada e assinada por este, ao GRI-ISCAP, no prazo de um m\u00eas, ap\u00f3s o in\u00edcio da mobilidade.<\/li><li>Eventuais altera\u00e7\u00f5es ao Plano de Estudos n\u00e3o aprovadas pelo coordenador de mobilidade ou apresentadas ap\u00f3s o prazo indicado em cima poder\u00e3o implicar o n\u00e3o reconhecimento da equival\u00eancia de cr\u00e9ditos que o estudante venha a obter na IES de destino, sem preju\u00edzo de eventuais san\u00e7\u00f5es adicionais que venham a ser determinadas.<\/li><\/ul><h3 style=\"padding-left: 40px;\"><span style=\"color: #8b1e1e;\">7. Reconhecimento da Mobilidade<\/span><\/h3><p>Os cr\u00e9ditos obtidos na IES parceira em cumprimento do Plano de Estudos estabelecido\u00a0 ser\u00e3o reconhecidos como equivalentes a cr\u00e9ditos da do curso a que est\u00e1 matriculado no ISCAP, conforme Plano de Equival\u00eancias aprovado. Qualquer altera\u00e7\u00e3o ao Plano de Estudos, durante a mobilidade, dever\u00e1 ser comunicado ao coordenador de mobilidade, para elabora\u00e7\u00e3o, aprova\u00e7\u00e3o e assinatura de novos planos de equival\u00eancia e de estudos.<\/p><p>Para obter reconhecimento dos estudos, ap\u00f3s o per\u00edodo de mobilidade, o estudante deve entregar\u00a0 no GRI-ISCAP, at\u00e9 um m\u00eas ap\u00f3s o per\u00edodo de mobilidade o documento de Reconhecimento Acad\u00e9mico (Transcript of Records) emitido pela IES de acolhimento. Todas as dilig\u00eancias no sentido da obten\u00e7\u00e3o deste documento junto da IES devem ser levadas a cabo pelo pr\u00f3prio estudante.<\/p><p>No caso de n\u00e3o ter obtido aproveitamento na institui\u00e7\u00e3o de acolhimento ao m\u00ednimo de ECTS exigido por semestre (21) ou n\u00e3o tenha cumprido o programa de est\u00e1gio, o estudante \u00e9 obrigado a devolver integralmente a Bolsa de Mobilidade que lhe tenha sido atribu\u00edda.<\/p><h3 style=\"padding-left: 40px;\"><span style=\"color: #8b1e1e;\">8. Certificado de Aproveitamento (Transcript of Records)<\/span><\/h3><p>O certificado de Aproveitamento dever\u00e1 obedecer \u00e0s seguintes caracter\u00edsticas:<\/p><ul><li>incluir a designa\u00e7\u00e3o, a classifica\u00e7\u00e3o obtida e o n\u00famero de ECTS atribu\u00eddos em cada uma das unidades curriculares constantes do Plano de Estudos aprovado;<\/li><li>a classifica\u00e7\u00e3o e o n\u00famero de cr\u00e9ditos devem estar expressos segundo o sistema ECTS (\u201cEuropean Credit Transfer System\u201d \u2014 Sistema Europeu de Transfer\u00eancia de Cr\u00e9ditos Acad\u00e9micos);<\/li><li>apenas ser\u00e3o aceites certificados de aproveitamento originais e redigidos em l\u00edngua inglesa, francesa, espanhola, italiana ou portuguesa.<\/li><\/ul><p>No caso de o sistema de classifica\u00e7\u00e3o e\/ou de atribui\u00e7\u00e3o de cr\u00e9ditos em uso na IES parceira n\u00e3o corresponder ao sistema ECTS, dever\u00e1 o estudante apresentar, juntamente com o requerimento, informa\u00e7\u00e3o em documento oficial da respetiva IES que permita ao GRI-ISCAP estabelecer a equival\u00eancia com o sistema ECTS.<\/p><p>No que diz respeito \u00e0 classifica\u00e7\u00e3o, importa dar a conhecer a escala utilizada, com indica\u00e7\u00e3o dos n\u00edveis de aprova\u00e7\u00e3o e reprova\u00e7\u00e3o, e a distribui\u00e7\u00e3o de frequ\u00eancia das classifica\u00e7\u00f5es apurada recentemente na IES parceira. Quanto ao sistema de cr\u00e9ditos, \u00e9 fundamental dar a conhecer o n\u00famero de unidades correspondentes \u00e0 carga normal de trabalho de um estudante representativo da IES parceira durante um ano letivo.<\/p><p>No caso de serem detetadas quaisquer irregularidades no certificado de aproveitamento, o estudante dever\u00e1 contactar diretamente a IES de destino no sentido da regulariza\u00e7\u00e3o da situa\u00e7\u00e3o dentro do prazo legal.<\/p><h3 style=\"padding-left: 40px;\"><span style=\"color: #8b1e1e;\">9. Crit\u00e9rios de Reconhecimento Acad\u00e9mico<\/span><\/h3><p>A aprecia\u00e7\u00e3o do pedido de reconhecimento acad\u00e9mico do per\u00edodo de mobilidade, sempre que o Reconhecimento Acad\u00e9mico esteja de acordo com o Plano de Equival\u00eancias, compete ao Coordenador de Mobilidade e ao Conselho T\u00e9cnico-Cient\u00edfico do ISCAP.<\/p><p>O ju\u00edzo da Comiss\u00e3o de Equival\u00eancias orientar-se-\u00e1 pelo objetivo de promover as equidades horizontal e vertical no tratamento dos estudantes do ISCAP, entendidas como segue:<\/p><ul><li>equidade horizontal \u2014 minimizar as injusti\u00e7as entre estudantes que estudaram no estrangeiro em diferentes IES parceiras no mesmo ano letivo e entre estes e os que permaneceram no ISCAP durante o mesmo per\u00edodo;<\/li><li>equidade vertical \u2014 minimizar as discrep\u00e2ncias intertemporais nos crit\u00e9rios de aprecia\u00e7\u00e3o dos pedidos de reconhecimento de equival\u00eancias.<\/li><\/ul><p>Como crit\u00e9rios gerais, estabelece-se que:<\/p><ul><li>as classifica\u00e7\u00f5es obtidas na IES estrangeira s\u00e3o convertidas na escala em vigor nas licenciaturas\/ nos mestrados do ISCAP de acordo com tabelas empregues pelas coordena\u00e7\u00f5es ERASMUS+ das institui\u00e7\u00f5es participantes no Programa de Mobilidade. Estas tabelas t\u00eam por base as distribui\u00e7\u00f5es de frequ\u00eancia das classifica\u00e7\u00f5es recentes nestas institui\u00e7\u00f5es;<\/li><li>n\u00e3o ser\u00e1 concedido qualquer tipo de equival\u00eancia a unidades curriculares frequentadas numa IES parceira cujo conte\u00fado program\u00e1tico se aproxime substancialmente de unidade curricular(s) que o estudante haja frequentado anteriormente no ISCAP. De igual modo, n\u00e3o ser\u00e1 permitida a inscri\u00e7\u00e3o posterior numa unidade curricular do ISCAP com um conte\u00fado program\u00e1tico substancialmente pr\u00f3ximo do de unidade(s) curricular(es) frequentada(s) numa IES parceira;<\/li><li>N\u00e3o ser\u00e3o reconhecidos mais do que 40 cr\u00e9ditos ECTS por semestre, salvo em casos excecionais, devidamente fundamentados e aprovados pelo Coordenador de mobilidade.<\/li><\/ul><p>O Coordenador de Mobilidade poder\u00e1 decidir de modo diferente se tiver fundadas raz\u00f5es para crer que os procedimentos de atribui\u00e7\u00e3o de ECTS e\/ou de rigor no sistema de classifica\u00e7\u00e3o adotados por determinada IES de destino configuram uma situa\u00e7\u00e3o excecional. O perfilhamento de crit\u00e9rio espec\u00edfico deve visar a minimiza\u00e7\u00e3o de injusti\u00e7as entre estudantes do ISCAP que frequentem IES parceiras diferentes.<\/p><p>Em casos de pedidos de reconhecimento de equival\u00eancia excecionais, a decis\u00e3o da Comiss\u00e3o de Equival\u00eancias do ISCAP \u00e9 definitiva.<\/p><h3 style=\"padding-left: 40px;\"><span style=\"color: #8b1e1e;\">10. Tabela de Convers\u00e3o de ECTS<\/span><\/h3><p>A presente tabela visa a convers\u00e3o das classifica\u00e7\u00f5es obtidas na Escala de Classifica\u00e7\u00f5es para o sistema de classifica\u00e7\u00e3o portugu\u00eas. As op\u00e7\u00f5es realizadas assentam no conte\u00fado atribu\u00eddo a cada nota pela Escala de Classifica\u00e7\u00f5es ECTS, bem como na percentagem de estudantes que recebem as diferentes classifica\u00e7\u00f5es.<\/p><p>Convers\u00e3o das classifica\u00e7\u00f5es na Escala de Classifica\u00e7\u00e3o ECTS para a Escala de 0 a 20:<\/p><p>A &#8211; 17 valores<\/p><p>B &#8211; 16 valores<\/p><p>C &#8211; 14 valores<\/p><p>D &#8211; 12 valores<\/p><p>E &#8211; 10 valores<\/p><p>FX &#8211; 8 valores<\/p><p>F &#8211; menos de 8 valores<\/p><p>Convers\u00e3o das classifica\u00e7\u00f5es na escala de 0 a 20 para a Escala de Classifica\u00e7\u00e3o ECTS:<\/p><p>17 a 20 valores &#8211; A<\/p><p>15-16 valores &#8211; B<\/p><p>13-14 valores &#8211; C<\/p><p>11-12 valores &#8211; D<\/p><p>10 valores &#8211; E<\/p><p>8 a 9 valores &#8211; FX<\/p><p>Menos de 8 &#8211; F<\/p><p>ECTS Grading Scale:<\/p><p>Grade Definition \u2014 Percentage of students<\/p><p>A (Excellent) \u2013 outstanding performance with only minor errors \u2013 10%<\/p><p>B (very good) \u2013 above the average standard with some errors \u2013 25%<\/p><p>C (good) \u2013 generally sound work with a number of notable errors \u2013 30%<\/p><p>D (satisfactory) \u2013 fair but with significant shortcomings \u2013 25%<\/p><p>E (sufficient) \u2013 performance meets the minimum criteria \u2013 10%<\/p><p>FX (fail) \u2013 some more work required before the credit can be awarded<\/p><p>F (fail) \u2013 considerable further work required<\/p>\t\t\t\t\t\t<\/div>\n\t\t\t\t<\/div>\n\t\t\t\t\t<\/div>\n\t\t<\/div>\n\t\t\t\t\t<\/div>\n\t\t<\/section>\n\t\t\t\t<\/div>\n\t\t","protected":false},"excerpt":{"rendered":"<p>REGULAMENTO DE MOBILIDADE DE ESTUDANTES Pre\u00e2mbulo Podem candidatar-se ao Programa de Mobilidade de Estudantes todos os estudantes inscritos nos programas de CTesP, licenciatura e de mestrado do Instituto Superior de Contabilidade e Administra\u00e7\u00e3o do Porto que pretendam frequentar um per\u00edodo de estudos ou de est\u00e1gio numa das institui\u00e7\u00f5es eleg\u00edveis para estudos (com quem o ISCAP [&hellip;]<\/p>\n","protected":false},"author":1,"featured_media":0,"parent":0,"menu_order":0,"comment_status":"closed","ping_status":"closed","template":"","meta":{"_eb_attr":"","site-sidebar-layout":"no-sidebar","site-content-layout":"page-builder","ast-site-content-layout":"","site-content-style":"default","site-sidebar-style":"default","ast-global-header-display":"","ast-banner-title-visibility":"","ast-main-header-display":"","ast-hfb-above-header-display":"","ast-hfb-below-header-display":"","ast-hfb-mobile-header-display":"","site-post-title":"disabled","ast-breadcrumbs-content":"","ast-featured-img":"disabled","footer-sml-layout":"","theme-transparent-header-meta":"default","adv-header-id-meta":"","stick-header-meta":"","header-above-stick-meta":"","header-main-stick-meta":"","header-below-stick-meta":"","astra-migrate-meta-layouts":"default","ast-page-background-enabled":"default","ast-page-background-meta":{"desktop":{"background-color":"","background-image":"","background-repeat":"repeat","background-position":"center center","background-size":"auto","background-attachment":"scroll","background-type":"","background-media":"","overlay-type":"","overlay-color":"","overlay-opacity":"","overlay-gradient":""},"tablet":{"background-color":"","background-image":"","background-repeat":"repeat","background-position":"center center","background-size":"auto","background-attachment":"scroll","background-type":"","background-media":"","overlay-type":"","overlay-color":"","overlay-opacity":"","overlay-gradient":""},"mobile":{"background-color":"","background-image":"","background-repeat":"repeat","background-position":"center center","background-size":"auto","background-attachment":"scroll","background-type":"","background-media":"","overlay-type":"","overlay-color":"","overlay-opacity":"","overlay-gradient":""}},"ast-content-background-meta":{"desktop":{"background-color":"var(--ast-global-color-5)","background-image":"","background-repeat":"repeat","background-position":"center center","background-size":"auto","background-attachment":"scroll","background-type":"","background-media":"","overlay-type":"","overlay-color":"","overlay-opacity":"","overlay-gradient":""},"tablet":{"background-color":"var(--ast-global-color-5)","background-image":"","background-repeat":"repeat","background-position":"center center","background-size":"auto","background-attachment":"scroll","background-type":"","background-media":"","overlay-type":"","overlay-color":"","overlay-opacity":"","overlay-gradient":""},"mobile":{"background-color":"var(--ast-global-color-5)","background-image":"","background-repeat":"repeat","background-position":"center center","background-size":"auto","background-attachment":"scroll","background-type":"","background-media":"","overlay-type":"","overlay-color":"","overlay-opacity":"","overlay-gradient":""}},"footnotes":""},"class_list":["post-24655","page","type-page","status-publish","hentry"],"_links":{"self":[{"href":"https:\/\/www.iscap.pt\/gri\/wp-json\/wp\/v2\/pages\/24655","targetHints":{"allow":["GET"]}}],"collection":[{"href":"https:\/\/www.iscap.pt\/gri\/wp-json\/wp\/v2\/pages"}],"about":[{"href":"https:\/\/www.iscap.pt\/gri\/wp-json\/wp\/v2\/types\/page"}],"author":[{"embeddable":true,"href":"https:\/\/www.iscap.pt\/gri\/wp-json\/wp\/v2\/users\/1"}],"replies":[{"embeddable":true,"href":"https:\/\/www.iscap.pt\/gri\/wp-json\/wp\/v2\/comments?post=24655"}],"version-history":[{"count":40,"href":"https:\/\/www.iscap.pt\/gri\/wp-json\/wp\/v2\/pages\/24655\/revisions"}],"predecessor-version":[{"id":26615,"href":"https:\/\/www.iscap.pt\/gri\/wp-json\/wp\/v2\/pages\/24655\/revisions\/26615"}],"wp:attachment":[{"href":"https:\/\/www.iscap.pt\/gri\/wp-json\/wp\/v2\/media?parent=24655"}],"curies":[{"name":"wp","href":"https:\/\/api.w.org\/{rel}","templated":true}]}}