{"id":24661,"date":"2021-05-24T12:32:01","date_gmt":"2021-05-24T12:32:01","guid":{"rendered":"https:\/\/gustavomonteiro.pt\/wp-gri\/?page_id=24661"},"modified":"2026-02-09T11:41:34","modified_gmt":"2026-02-09T11:41:34","slug":"pre-candidatura","status":"publish","type":"page","link":"https:\/\/www.iscap.pt\/gri\/pre-candidatura\/","title":{"rendered":"Pr\u00e9-Candidatura"},"content":{"rendered":"\t\t<div data-elementor-type=\"wp-page\" data-elementor-id=\"24661\" class=\"elementor elementor-24661\">\n\t\t\t\t\t\t<section class=\"elementor-section elementor-top-section elementor-element elementor-element-35f074f elementor-section-boxed elementor-section-height-default elementor-section-height-default\" data-id=\"35f074f\" data-element_type=\"section\">\n\t\t\t\t\t\t<div class=\"elementor-container elementor-column-gap-default\">\n\t\t\t\t\t<div class=\"elementor-column elementor-col-100 elementor-top-column elementor-element elementor-element-ba16c37\" data-id=\"ba16c37\" data-element_type=\"column\">\n\t\t\t<div class=\"elementor-widget-wrap elementor-element-populated\">\n\t\t\t\t\t\t<div class=\"elementor-element elementor-element-cbd6b68 elementor-invisible elementor-widget elementor-widget-heading\" data-id=\"cbd6b68\" data-element_type=\"widget\" data-settings=\"{&quot;_animation&quot;:&quot;fadeInUp&quot;}\" data-widget_type=\"heading.default\">\n\t\t\t\t<div class=\"elementor-widget-container\">\n\t\t\t<h2 class=\"elementor-heading-title elementor-size-default\">\nPR\u00c9-CANDIDATURA AO PROGRAMA ERASMUS+<\/h2>\t\t<\/div>\n\t\t\t\t<\/div>\n\t\t\t\t\t<\/div>\n\t\t<\/div>\n\t\t\t\t\t<\/div>\n\t\t<\/section>\n\t\t\t\t<section class=\"elementor-section elementor-top-section elementor-element elementor-element-cf783d7 elementor-section-boxed elementor-section-height-default elementor-section-height-default elementor-invisible\" data-id=\"cf783d7\" data-element_type=\"section\" data-settings=\"{&quot;animation&quot;:&quot;fadeInUp&quot;}\">\n\t\t\t\t\t\t<div class=\"elementor-container elementor-column-gap-default\">\n\t\t\t\t\t<div class=\"elementor-column elementor-col-100 elementor-top-column elementor-element elementor-element-6bee5cd\" data-id=\"6bee5cd\" data-element_type=\"column\">\n\t\t\t<div class=\"elementor-widget-wrap elementor-element-populated\">\n\t\t\t\t\t\t<div class=\"elementor-element elementor-element-5d60e1f elementor-widget elementor-widget-text-editor\" data-id=\"5d60e1f\" data-element_type=\"widget\" data-widget_type=\"text-editor.default\">\n\t\t\t\t<div class=\"elementor-widget-container\">\n\t\t\t\t\t\t\t<p>O GRI-ISCAP divulga todos os programas de mobilidade dispon\u00edveis para o ano letivo seguinte no ano letivo anterior, normalmente em outubro\/novembro. O mais popular \u00e9 o programa ERASMUS+, agora com mais oportunidades para todo o mundo!<\/p><p>Antes de seres seriado como estudante em mobilidade, tens de te pr\u00e9-candidatar e seguir os passos e procedimentos espec\u00edficos.<\/p><p><em><strong>Conhece os pa\u00edses e vagas dispon\u00edveis no separador <span style=\"text-decoration: underline;\"><a href=\"https:\/\/www.iscap.pt\/gri\/parceiros\/\" target=\"_blank\" rel=\"noopener\">parcerias<\/a><\/span> e<\/strong> f<strong>ica a conhecer aqui os\u00a0 procedimentos e datas para te candidatares a mobilidades a realizar no ano letivo 2026-2027!<\/strong><\/em><\/p><h4 style=\"text-align: left;\"><span style=\"color: #8b1e1e;\">A <strong>pr\u00e9-candidatura<\/strong> \u00e9 composta por <strong>6 passos<\/strong>:<\/span><\/h4><h5 style=\"padding-left: 40px;\"><strong><span style=\"color: #8b1e1e;\">1. Sess\u00e3o de Divulga\u00e7\u00e3o de Programas de Mobilidade<\/span><\/strong><\/h5><p><strong>\u00a0 \u00a0 19 <em>de novembro de 2025 | 14h00-16h00 | Grande Audit\u00f3rio<\/em><\/strong><\/p><p>Nesta sess\u00e3o, de participa\u00e7\u00e3o obrigat\u00f3ria, ser\u00e3o dadas todas as informa\u00e7\u00f5es fundamentais sobre como, quando e para onde te candidatares.<\/p><p><strong>\u00a0 \u00a0 \u00a0 <span style=\"text-decoration: underline;\">Inscreve-te <a href=\"https:\/\/forms.office.com\/Pages\/ResponsePage.aspx?id=luUd1aBFpUqg2EfRyViqMoBF7_OKHS1IqGDXTfdiJH1UN1dCNTc3Qlo4WU9ZR1JCMENKM1k3RzNPNC4u\">aqui!<\/a><\/span><\/strong><\/p><h5 style=\"padding-left: 40px;\"><strong><span style=\"color: #8b1e1e;\">2. \u00a0Iscapianos em ERASMUS:\u00a0testemunhos\u00a0<\/span><\/strong><\/h5><p><strong><em>\u00a0 19 de novembro de 2025<\/em><\/strong><em><strong style=\"font-size: 16px; font-style: normal;\"><strong>| 16h00-17h00 | Grande Audit\u00f3rio<\/strong><\/strong><\/em><\/p><p>Conhece hist\u00f3rias de estudantes de mobilidade e partilha de testemunhos e experi\u00eancias.<\/p><h5 style=\"padding-left: 40px;\"><strong>\u00a0 \u00a0<\/strong><span id=\"cloak52626\"><\/span><strong><span style=\"color: #8b1e1e;\">3. Cultures on the Move: <\/span><\/strong>networking com<span style=\"font-size: 16px; font-style: normal; font-weight: 400;\">\u00a0estudantes ERASMUS\u00a0<\/span><\/h5><p>\u00a0 <em style=\"font-size: 16px;\"><strong>\u00a0 \u00a0 26 de novembro de 2025 | 14h00-16h00<\/strong><\/em><\/p><p style=\"font-size: 16px; font-style: normal; font-weight: 400;\">Sess\u00e3o organizada pela COMAP e grande oportunidade para conhecer estudantes de interc\u00e2mbio no ISCAP, tirar d\u00favidas sobre os pa\u00edses e institui\u00e7\u00f5es parceiras (IES) e de fazer contatos no pa\u00eds de destino.<\/p><p><strong>\u00a0 \u00a0 \u00a0 Inscreve-te <a href=\"https:\/\/forms.office.com\/Pages\/ResponsePage.aspx?id=luUd1aBFpUqg2EfRyViqMoBF7_OKHS1IqGDXTfdiJH1URTJaM05DSkVUREE0WUxWTzhISVg3NDBaUC4u\">aqui!<\/a><\/strong><\/p><h4 style=\"padding-left: 40px;\"><strong><span style=\"color: #8b1e1e;\">4. Workshop de Prepara\u00e7\u00e3o Intercultural <\/span><\/strong><\/h4><p><strong style=\"font-size: 16px; font-style: normal;\">\u00a0 \u00a0<em> 3 de dezembro de 2025<strong>| 14h00-16h00 | Audit\u00f3rio 1<\/strong><\/em><\/strong><\/p><p style=\"font-size: 16px; font-style: normal; font-weight: 400;\">Esta sess\u00e3o, de participa\u00e7\u00e3o obrigat\u00f3ria, tem como objetivo o desenvolvimento de compet\u00eancias para facilitar e otimizar a experi\u00eancia de mobilidade.\u00a0\u00a0<\/p><p><strong>\u00a0 \u00a0 \u00a0<\/strong><span style=\"text-decoration: underline;\"><strong>Inscreve-te <a href=\"https:\/\/forms.office.com\/Pages\/ResponsePage.aspx?id=luUd1aBFpUqg2EfRyViqMoBF7_OKHS1IqGDXTfdiJH1UMjJLOUlQUkJCWlBXSkNMTzJRVkVMV01CUC4u\">aqui!<\/a><\/strong><\/span><\/p><h4 style=\"padding-left: 40px;\"><strong><span style=\"color: #8b1e1e;\">5.\u00a0<span style=\"font-size: 16px; font-style: normal;\">\u00a0Preenchimento do\u00a0<\/span><span style=\"text-decoration: underline;\"><em><a style=\"font-size: 16px; font-style: normal; font-weight: 400; background-color: #ffffff; color: #8b1e1e; text-decoration: underline;\" href=\"https:\/\/online.iscap.ipp.pt\/grisurvey\/index.php\/714931?newtest=Y&amp;lang=en\" target=\"_blank\" rel=\"noopener\">Formul\u00e1rio online de Pr\u00e9-Candidatura<\/a><\/em><span style=\"font-size: 16px; font-style: normal;\">\u00a0<\/span><\/span><\/span><\/strong><\/h4><p><em><strong>\u00a0at\u00e9 31 de janeiro de 2025<\/strong><\/em><\/p><p style=\"font-size: 16px; font-style: normal; font-weight: 400;\">Chegou a altura de escolher a(s) IES\/ Empresas onde queres fazer mobilidade!<\/p><p style=\"font-size: 16px; font-style: normal; font-weight: 400;\">(i) fala com o teu\u00a0<a href=\"https:\/\/www.iscap.pt\/gri\/docentes-coordenadores-de-mobilidade\/\">coordenador de mobilidade<\/a>; (ii) elabora o<a style=\"font-size: 16px;\" href=\"https:\/\/iscap.pt\/gri\/site\/images\/Documents\/Formularios\/OUT\/PRE-Plano%20Equivalencias_v2017.doc\" target=\"_blank\" rel=\"noopener\">\u00a0<span style=\"text-decoration: underline;\">pr\u00e9-plano\u00a0de equival\u00eancias<\/span><\/a> e recolhe a assinatura do coordenador; (iii) preenche a candidatura on-line e n\u00e3o te esque\u00e7as de preparar todos os documentos necess\u00e1rios.<\/p><h4 style=\"padding-left: 40px;\"><span style=\"color: #8b1e1e;\"><strong>6. <\/strong><strong>Prova de profici\u00eancia lingu\u00edstica: <\/strong><em><strong>janeiro de 2026, em datas a definir<\/strong><\/em><\/span><\/h4><p>Se estudares\/ estagiares num pa\u00eds fora da CPLP ter\u00e1s de usar uma l\u00edngua estrangeira.<\/p><p>O Programa ERASMUS+ exige um n\u00edvel de profici\u00eancia m\u00ednimo para a mobilidade (B2), pelo que teremos de comprovar a tua \u00a0profici\u00eancia lingu\u00edstica na l\u00edngua de trabalho na IES\/ empresa de acolhimento, seja atrav\u00e9s de um teste\u00a0 ou de outros instrumentos (hist\u00f3rico acad\u00e9mico).<\/p><p>\u00a0<strong>Agora, podes e deves ver a <a href=\"https:\/\/www.iscap.pt\/gri\/wp-content\/uploads\/2025\/11\/brochura_candidatura_26_27.pdf\" target=\"_blank\" rel=\"noopener\"><span style=\"text-decoration: underline;\">Agenda de Candidatura<\/span><\/a> e a <a href=\"https:\/\/ipppt.sharepoint.com\/:b:\/s\/GRI-ISCAP\/EfJBvS-EFiJErqY6BHRRyn0BRFG6TH0JcQNE0yyH3lHNuA?e=bUjTea\"><span style=\"text-decoration: underline;\">Checklist<\/span> <\/a>para n\u00e3o te esqueceres de nada!<\/strong><\/p><p><strong>Descarrega, tamb\u00e9m a <span style=\"text-decoration: underline;\"><a href=\"https:\/\/uni-foundation.eu\/project\/erasmus-app\/\">ERASMUS+ App<\/a><\/span>!<\/strong><\/p>\t\t\t\t\t\t<\/div>\n\t\t\t\t<\/div>\n\t\t\t\t\t<\/div>\n\t\t<\/div>\n\t\t\t\t\t<\/div>\n\t\t<\/section>\n\t\t\t\t<\/div>\n\t\t","protected":false},"excerpt":{"rendered":"<p>PR\u00c9-CANDIDATURA AO PROGRAMA ERASMUS+ O GRI-ISCAP divulga todos os programas de mobilidade dispon\u00edveis para o ano letivo seguinte no ano letivo anterior, normalmente em outubro\/novembro. O mais popular \u00e9 o programa ERASMUS+, agora com mais oportunidades para todo o mundo! Antes de seres seriado como estudante em mobilidade, tens de te pr\u00e9-candidatar e seguir os [&hellip;]<\/p>\n","protected":false},"author":1,"featured_media":0,"parent":0,"menu_order":0,"comment_status":"closed","ping_status":"closed","template":"","meta":{"_eb_attr":"","site-sidebar-layout":"no-sidebar","site-content-layout":"page-builder","ast-site-content-layout":"","site-content-style":"default","site-sidebar-style":"default","ast-global-header-display":"","ast-banner-title-visibility":"","ast-main-header-display":"","ast-hfb-above-header-display":"","ast-hfb-below-header-display":"","ast-hfb-mobile-header-display":"","site-post-title":"disabled","ast-breadcrumbs-content":"","ast-featured-img":"disabled","footer-sml-layout":"","theme-transparent-header-meta":"default","adv-header-id-meta":"","stick-header-meta":"","header-above-stick-meta":"","header-main-stick-meta":"","header-below-stick-meta":"","astra-migrate-meta-layouts":"default","ast-page-background-enabled":"default","ast-page-background-meta":{"desktop":{"background-color":"","background-image":"","background-repeat":"repeat","background-position":"center center","background-size":"auto","background-attachment":"scroll","background-type":"","background-media":"","overlay-type":"","overlay-color":"","overlay-opacity":"","overlay-gradient":""},"tablet":{"background-color":"","background-image":"","background-repeat":"repeat","background-position":"center center","background-size":"auto","background-attachment":"scroll","background-type":"","background-media":"","overlay-type":"","overlay-color":"","overlay-opacity":"","overlay-gradient":""},"mobile":{"background-color":"","background-image":"","background-repeat":"repeat","background-position":"center center","background-size":"auto","background-attachment":"scroll","background-type":"","background-media":"","overlay-type":"","overlay-color":"","overlay-opacity":"","overlay-gradient":""}},"ast-content-background-meta":{"desktop":{"background-color":"var(--ast-global-color-5)","background-image":"","background-repeat":"repeat","background-position":"center center","background-size":"auto","background-attachment":"scroll","background-type":"","background-media":"","overlay-type":"","overlay-color":"","overlay-opacity":"","overlay-gradient":""},"tablet":{"background-color":"var(--ast-global-color-5)","background-image":"","background-repeat":"repeat","background-position":"center center","background-size":"auto","background-attachment":"scroll","background-type":"","background-media":"","overlay-type":"","overlay-color":"","overlay-opacity":"","overlay-gradient":""},"mobile":{"background-color":"var(--ast-global-color-5)","background-image":"","background-repeat":"repeat","background-position":"center center","background-size":"auto","background-attachment":"scroll","background-type":"","background-media":"","overlay-type":"","overlay-color":"","overlay-opacity":"","overlay-gradient":""}},"footnotes":""},"class_list":["post-24661","page","type-page","status-publish","hentry"],"_links":{"self":[{"href":"https:\/\/www.iscap.pt\/gri\/wp-json\/wp\/v2\/pages\/24661","targetHints":{"allow":["GET"]}}],"collection":[{"href":"https:\/\/www.iscap.pt\/gri\/wp-json\/wp\/v2\/pages"}],"about":[{"href":"https:\/\/www.iscap.pt\/gri\/wp-json\/wp\/v2\/types\/page"}],"author":[{"embeddable":true,"href":"https:\/\/www.iscap.pt\/gri\/wp-json\/wp\/v2\/users\/1"}],"replies":[{"embeddable":true,"href":"https:\/\/www.iscap.pt\/gri\/wp-json\/wp\/v2\/comments?post=24661"}],"version-history":[{"count":136,"href":"https:\/\/www.iscap.pt\/gri\/wp-json\/wp\/v2\/pages\/24661\/revisions"}],"predecessor-version":[{"id":26465,"href":"https:\/\/www.iscap.pt\/gri\/wp-json\/wp\/v2\/pages\/24661\/revisions\/26465"}],"wp:attachment":[{"href":"https:\/\/www.iscap.pt\/gri\/wp-json\/wp\/v2\/media?parent=24661"}],"curies":[{"name":"wp","href":"https:\/\/api.w.org\/{rel}","templated":true}]}}