{"id":24670,"date":"2021-05-24T12:39:23","date_gmt":"2021-05-24T12:39:23","guid":{"rendered":"https:\/\/gustavomonteiro.pt\/wp-gri\/?page_id=24670"},"modified":"2026-03-13T15:21:10","modified_gmt":"2026-03-13T15:21:10","slug":"candidatura-ao-programa-erasmus","status":"publish","type":"page","link":"https:\/\/www.iscap.pt\/gri\/candidatura-ao-programa-erasmus\/","title":{"rendered":"Candidatura ao Programa Erasmus+"},"content":{"rendered":"\t\t<div data-elementor-type=\"wp-page\" data-elementor-id=\"24670\" class=\"elementor elementor-24670\">\n\t\t\t\t\t\t<section class=\"elementor-section elementor-top-section elementor-element elementor-element-bbf5ac6 elementor-section-boxed elementor-section-height-default elementor-section-height-default\" data-id=\"bbf5ac6\" data-element_type=\"section\">\n\t\t\t\t\t\t<div class=\"elementor-container elementor-column-gap-default\">\n\t\t\t\t\t<div class=\"elementor-column elementor-col-100 elementor-top-column elementor-element elementor-element-003d5b0\" data-id=\"003d5b0\" data-element_type=\"column\">\n\t\t\t<div class=\"elementor-widget-wrap elementor-element-populated\">\n\t\t\t\t\t\t<div class=\"elementor-element elementor-element-2e8cb12 elementor-invisible elementor-widget elementor-widget-heading\" data-id=\"2e8cb12\" data-element_type=\"widget\" data-settings=\"{&quot;_animation&quot;:&quot;fadeInUp&quot;}\" data-widget_type=\"heading.default\">\n\t\t\t\t<div class=\"elementor-widget-container\">\n\t\t\t<h2 class=\"elementor-heading-title elementor-size-default\">\nCANDIDATURA AO PROGRAMA ERASMUS+<\/h2>\t\t<\/div>\n\t\t\t\t<\/div>\n\t\t\t\t\t<\/div>\n\t\t<\/div>\n\t\t\t\t\t<\/div>\n\t\t<\/section>\n\t\t\t\t<section class=\"elementor-section elementor-top-section elementor-element elementor-element-8c69354 elementor-section-boxed elementor-section-height-default elementor-section-height-default\" data-id=\"8c69354\" data-element_type=\"section\">\n\t\t\t\t\t\t<div class=\"elementor-container elementor-column-gap-default\">\n\t\t\t\t\t<div class=\"elementor-column elementor-col-100 elementor-top-column elementor-element elementor-element-7aa3efb\" data-id=\"7aa3efb\" data-element_type=\"column\">\n\t\t\t<div class=\"elementor-widget-wrap elementor-element-populated\">\n\t\t\t\t\t\t<div class=\"elementor-element elementor-element-4bc68d7 elementor-invisible elementor-widget elementor-widget-text-editor\" data-id=\"4bc68d7\" data-element_type=\"widget\" data-settings=\"{&quot;_animation&quot;:&quot;fadeInUp&quot;}\" data-widget_type=\"text-editor.default\">\n\t\t\t\t<div class=\"elementor-widget-container\">\n\t\t\t\t\t\t\t<p>Ap\u00f3s ter sido divulgado o resultado da pr\u00e9-candidatura, tens 15 dias para confirmares, por email, a inten\u00e7\u00e3o de mobilidade. A seguir deves come\u00e7ar o processo de formaliza\u00e7\u00e3o da candidatura, dentro do prazo indicado pelo GRI.<\/p><p>Algumas candidaturas s\u00e3o online, outras apenas documentais. Em qualquer dos casos, deves entregar todos os documentos exigidos para a Candidatura ou envi\u00e1-los\/ submet\u00ea-los para a IES de acolhimento sempre com conhecimento do GRI e j\u00e1 assinados por ti e pelo coordenador de mobilidade.<\/p><p>Deves confirmar todas as informa\u00e7\u00f5es sobre prazos, calend\u00e1rio acad\u00e9mico, oferta de alojamento e Plano de Interc\u00e2mbio (em ingl\u00eas, por exemplo) nas p\u00e1ginas web das IES ou, caso n\u00e3o estejam dispon\u00edveis online, solicit\u00e1-la por email.<\/p><p>Algumas IES t\u00eam resid\u00eancias e formul\u00e1rio de candidatura a alojamento. Neste caso, e se estiveres interessado, deves preencher o formul\u00e1rio de alojamento e junt\u00e1-lo ao processo de candidatura.<\/p><p>No caso de a IES n\u00e3o disponibilizar ofertas de alojamento ou de preferires alojamento fora das resid\u00eancias, deves fazer uma pesquisa \u00a0cuidadosa ou contactar estudantes do ISCAP que j\u00e1 tenham realizado mobilidade nessas IES.<\/p><p>Podes encontrar ofertas de alojamento em Erasmus noutras plataformas online.<\/p><h4><span style=\"color: #8b1e1e;\"><strong>Documentos de Candidatura:<\/strong><\/span><\/h4><ul><li><a href=\"https:\/\/learning-agreement.eu\/\" target=\"_self\"><span style=\"text-decoration: underline;\">Plano de Estudos Online<\/span>\u00a0<\/a>(Online <em>Learning Agreement<\/em>) &#8211; ERASMUS<\/li><li><a href=\"https:\/\/www.iscap.pt\/gri\/wp-content\/uploads\/2024\/11\/Learning_Agreement_Studies_Form.docx\">Plano de Estudos (n\u00e3o ERASMUS)<\/a><\/li><li><a href=\"https:\/\/www.iscap.pt\/gri\/wp-content\/uploads\/2024\/11\/SC-GCRI-MOD29v-08-Plano-Equivalencias.doc\" target=\"_blank\" rel=\"noopener\"><span style=\"text-decoration: underline;\">Plano de Equival\u00eancias<\/span><\/a><\/li><li><span style=\"text-decoration: underline;\"><a href=\"https:\/\/www.iscap.pt\/gri\/wp-content\/uploads\/2022\/10\/Plano-de-Esta\u0301gio_OUT.docx\" target=\"_self\">Plano de Est\u00e1gio<\/a><\/span><\/li><li>Seguro de Sa\u00fade:<span style=\"text-decoration: underline;\">\u00a0<\/span><a href=\"http:\/\/www.seg-social.pt\/pedido-cartao-europeu-seguro-doenca\" target=\"_blank\" rel=\"noopener\"><span style=\"text-decoration: underline;\">Cart\u00e3o Europeu de Sa\u00fade<\/span><\/a><a title=\"\" href=\"file:\/\/\/C:\/Users\/ISCAP\/Dropbox\/GRI_OUTGOING\/2017-18\/CHECK-LIST%20ALUNOS_17-18_revAA.docx#_ftn1\" name=\"_ftnref1\"><\/a>\u00a0(para os pa\u00edses da Uni\u00e3o Europeia) ou um outro Seguro de Sa\u00fade (para os pa\u00edses fora da Uni\u00e3o Europeia)<\/li><li><span style=\"text-decoration: underline;\"><a href=\"https:\/\/www.iscap.pt\/gri\/wp-content\/uploads\/2021\/10\/Declarac\u0327a\u0303o-de-Compromisso.docx\" target=\"_blank\" rel=\"noopener\">Declara\u00e7\u00e3o de Compromisso<\/a><\/span><\/li><\/ul><p>Est\u00e1 atento ao email institucional e cumpre os prazos indicados pela IES de acolhimento e pelo GRI!<\/p><p>N\u00e3o deixes de ler o Regulamento de Mobilidade de Estudantes, para mais informa\u00e7\u00f5es.<\/p>\t\t\t\t\t\t<\/div>\n\t\t\t\t<\/div>\n\t\t\t\t\t<\/div>\n\t\t<\/div>\n\t\t\t\t\t<\/div>\n\t\t<\/section>\n\t\t\t\t<section class=\"elementor-section elementor-top-section elementor-element elementor-element-49fe88f elementor-section-boxed elementor-section-height-default elementor-section-height-default\" data-id=\"49fe88f\" data-element_type=\"section\">\n\t\t\t\t\t\t<div class=\"elementor-container elementor-column-gap-default\">\n\t\t\t\t\t<div class=\"elementor-column elementor-col-100 elementor-top-column elementor-element elementor-element-fca94d6\" data-id=\"fca94d6\" data-element_type=\"column\">\n\t\t\t<div class=\"elementor-widget-wrap elementor-element-populated\">\n\t\t\t\t\t\t<div class=\"elementor-element elementor-element-156c000 elementor-widget elementor-widget-spacer\" data-id=\"156c000\" data-element_type=\"widget\" data-widget_type=\"spacer.default\">\n\t\t\t\t<div class=\"elementor-widget-container\">\n\t\t\t\t\t<div class=\"elementor-spacer\">\n\t\t\t<div class=\"elementor-spacer-inner\"><\/div>\n\t\t<\/div>\n\t\t\t\t<\/div>\n\t\t\t\t<\/div>\n\t\t\t\t\t<\/div>\n\t\t<\/div>\n\t\t\t\t\t<\/div>\n\t\t<\/section>\n\t\t\t\t<section class=\"elementor-section elementor-top-section elementor-element elementor-element-21c7c10 elementor-section-boxed elementor-section-height-default elementor-section-height-default\" data-id=\"21c7c10\" data-element_type=\"section\">\n\t\t\t\t\t\t<div class=\"elementor-container elementor-column-gap-default\">\n\t\t\t\t\t<div class=\"elementor-column elementor-col-100 elementor-top-column elementor-element elementor-element-6e141cc\" data-id=\"6e141cc\" data-element_type=\"column\">\n\t\t\t<div class=\"elementor-widget-wrap elementor-element-populated\">\n\t\t\t\t\t\t<div class=\"elementor-element elementor-element-05d5ec2 elementor-widget elementor-widget-heading\" data-id=\"05d5ec2\" data-element_type=\"widget\" data-widget_type=\"heading.default\">\n\t\t\t\t<div class=\"elementor-widget-container\">\n\t\t\t<h3 class=\"elementor-heading-title elementor-size-default\">BASE DE CONHECIMENTO<\/h3>\t\t<\/div>\n\t\t\t\t<\/div>\n\t\t\t\t\t<\/div>\n\t\t<\/div>\n\t\t\t\t\t<\/div>\n\t\t<\/section>\n\t\t\t\t<section class=\"elementor-section elementor-top-section elementor-element elementor-element-a3d7657 elementor-section-boxed elementor-section-height-default elementor-section-height-default\" data-id=\"a3d7657\" data-element_type=\"section\">\n\t\t\t\t\t\t<div class=\"elementor-container elementor-column-gap-default\">\n\t\t\t\t\t<div class=\"elementor-column elementor-col-100 elementor-top-column elementor-element elementor-element-d8d684d\" data-id=\"d8d684d\" data-element_type=\"column\">\n\t\t\t<div class=\"elementor-widget-wrap elementor-element-populated\">\n\t\t\t\t\t\t<div class=\"elementor-element elementor-element-8f74993 elementor-widget elementor-widget-betterdocs-search-form\" data-id=\"8f74993\" data-element_type=\"widget\" data-widget_type=\"betterdocs-search-form.default\">\n\t\t\t\t<div class=\"elementor-widget-container\">\n\t\t\t<div class=\"betterdocs-search-form-widget-wrapper\"><div class=\"betterdocs-search-modal-sidebar\" id=\"betterdocs-search-modal\" data-placeholder=\"Pesquisar\" data-numberoffaqs=\"5\" data-enable_faq_search=\"1\" data-enable_docs_search=\"1\" data-enable_ai_powered_search=\"1\"><\/div><\/div>\t\t<\/div>\n\t\t\t\t<\/div>\n\t\t\t\t\t<\/div>\n\t\t<\/div>\n\t\t\t\t\t<\/div>\n\t\t<\/section>\n\t\t\t\t<section class=\"elementor-section elementor-top-section elementor-element elementor-element-48e0a45 elementor-section-boxed elementor-section-height-default elementor-section-height-default\" data-id=\"48e0a45\" data-element_type=\"section\">\n\t\t\t\t\t\t<div class=\"elementor-container elementor-column-gap-default\">\n\t\t\t\t\t<div class=\"elementor-column elementor-col-100 elementor-top-column elementor-element elementor-element-d61cf72\" data-id=\"d61cf72\" data-element_type=\"column\">\n\t\t\t<div class=\"elementor-widget-wrap elementor-element-populated\">\n\t\t\t\t\t\t<div class=\"elementor-element elementor-element-6439883 elementor-widget__width-inherit e-transform elementor-grid-3 elementor-grid-tablet-2 elementor-grid-mobile-1 elementor-invisible elementor-widget elementor-widget-betterdocs-category-grid\" data-id=\"6439883\" data-element_type=\"widget\" data-settings=\"{&quot;_animation&quot;:&quot;fadeInUp&quot;,&quot;grid_column&quot;:&quot;3&quot;,&quot;grid_column_tablet&quot;:&quot;2&quot;,&quot;grid_column_mobile&quot;:&quot;1&quot;,&quot;_transform_skewX_effect&quot;:{&quot;unit&quot;:&quot;px&quot;,&quot;size&quot;:&quot;&quot;,&quot;sizes&quot;:[]},&quot;_transform_skewX_effect_tablet&quot;:{&quot;unit&quot;:&quot;deg&quot;,&quot;size&quot;:&quot;&quot;,&quot;sizes&quot;:[]},&quot;_transform_skewX_effect_mobile&quot;:{&quot;unit&quot;:&quot;deg&quot;,&quot;size&quot;:&quot;&quot;,&quot;sizes&quot;:[]},&quot;_transform_skewY_effect&quot;:{&quot;unit&quot;:&quot;px&quot;,&quot;size&quot;:&quot;&quot;,&quot;sizes&quot;:[]},&quot;_transform_skewY_effect_tablet&quot;:{&quot;unit&quot;:&quot;deg&quot;,&quot;size&quot;:&quot;&quot;,&quot;sizes&quot;:[]},&quot;_transform_skewY_effect_mobile&quot;:{&quot;unit&quot;:&quot;deg&quot;,&quot;size&quot;:&quot;&quot;,&quot;sizes&quot;:[]}}\" data-widget_type=\"betterdocs-category-grid.default\">\n\t\t\t\t<div class=\"elementor-widget-container\">\n\t\t\t\n<div\n\tid=\"el-betterdocs-cat-grid-6439883\" class=\"betterdocs-category-grid-wrapper betterdocs-elementor\">\n\t<div\n\t\tclass=\"betterdocs-category-grid-inner-wrapper betterdocs-category-grid masonry \" data-layout-mode=\"masonry\" data-column_space_desktop=\"3\" data-column_space_tab=\"3\" data-column_space_mobile=\"3\" data-column=\"3\" data-column_desktop=\"3\" data-column_tab=\"2\" data-column_mobile=\"1\">\n\t\t\n<article\n\tdata-id=\"5\" class=\"betterdocs-single-category-wrapper category-grid default\">\n\t<div class=\"betterdocs-single-category-inner\">\n\t\t\n<div class=\"betterdocs-category-header\">\n\t<div class=\"betterdocs-category-header-inner\">\n\t\t<h3 class=\"betterdocs-category-title\">ANTES DA MOBILIDADE<\/h3>\n<div data-count=\"6\" class=\"betterdocs-category-items-counts\">\n\t<span>\n\t\t 6 \t<\/span>\n<\/div>\n\t<\/div>\n<\/div>\n<div class=\"betterdocs-body\">\n<ul class=\"betterdocs-articles-list\">\n\t<li><i class=\"far fa-file-alt\"><\/i><a href=\"https:\/\/www.iscap.pt\/gri\/docs\/preparacao-do-contrato-financeiro-erasmus\/\"><span>Prepara\u00e7\u00e3o do Contrato Financeiro<\/span> <\/a><\/li><li><i class=\"far fa-file-alt\"><\/i><a href=\"https:\/\/www.iscap.pt\/gri\/docs\/preparacao-da-candidatura\/\"><span>Prepara\u00e7\u00e3o da Candidatura<\/span> <\/a><\/li><li><i class=\"far fa-file-alt\"><\/i><a href=\"https:\/\/www.iscap.pt\/gri\/docs\/aceitacao-pela-instituicao-de-acolhimento\/\"><span>Aceita\u00e7\u00e3o pela Institui\u00e7\u00e3o de Acolhimento<\/span> <\/a><\/li><li><i class=\"far fa-file-alt\"><\/i><a href=\"https:\/\/www.iscap.pt\/gri\/docs\/confirmacao-da-intencao-de-mobilidade\/\"><span>Confirma\u00e7\u00e3o da Inten\u00e7\u00e3o de Mobilidade<\/span> <\/a><\/li><li><i class=\"far fa-file-alt\"><\/i><a href=\"https:\/\/www.iscap.pt\/gri\/docs\/comunicacao-dos-resultados\/\"><span>Comunica\u00e7\u00e3o dos Resultados<\/span> <\/a><\/li><li><i class=\"far fa-file-alt\"><\/i><a href=\"https:\/\/www.iscap.pt\/gri\/docs\/preparacao-da-pre-candidatura\/\"><span>Prepara\u00e7\u00e3o da Pr\u00e9-Candidatura<\/span> <\/a><\/li><\/ul>\n<\/div>\t<\/div>\n<\/article>\n\n<article\n\tdata-id=\"6\" class=\"betterdocs-single-category-wrapper category-grid default\">\n\t<div class=\"betterdocs-single-category-inner\">\n\t\t\n<div class=\"betterdocs-category-header\">\n\t<div class=\"betterdocs-category-header-inner\">\n\t\t<h3 class=\"betterdocs-category-title\">DURANTE A MOBILIDADE<\/h3>\n<div data-count=\"4\" class=\"betterdocs-category-items-counts\">\n\t<span>\n\t\t 4 \t<\/span>\n<\/div>\n\t<\/div>\n<\/div>\n<div class=\"betterdocs-body\">\n<ul class=\"betterdocs-articles-list\">\n\t<li><i class=\"far fa-file-alt\"><\/i><a href=\"https:\/\/www.iscap.pt\/gri\/docs\/realizacao-de-exames\/\"><span>Realiza\u00e7\u00e3o de Exames<\/span> <\/a><\/li><li><i class=\"far fa-file-alt\"><\/i><a href=\"https:\/\/www.iscap.pt\/gri\/docs\/prolongamento-da-mobilidade\/\"><span>Prolongamento da Mobilidade<\/span> <\/a><\/li><li><i class=\"far fa-file-alt\"><\/i><a href=\"https:\/\/www.iscap.pt\/gri\/docs\/alteracao-ao-plano-de-estagio\/\"><span>Altera\u00e7\u00e3o ao Plano de Est\u00e1gio<\/span> <\/a><\/li><li><i class=\"far fa-file-alt\"><\/i><a href=\"https:\/\/www.iscap.pt\/gri\/docs\/alteracao-ao-plano-de-estudos\/\"><span>Altera\u00e7\u00e3o ao Plano de Estudos<\/span> <\/a><\/li><\/ul>\n<\/div>\t<\/div>\n<\/article>\n\n<article\n\tdata-id=\"7\" class=\"betterdocs-single-category-wrapper category-grid default\">\n\t<div class=\"betterdocs-single-category-inner\">\n\t\t\n<div class=\"betterdocs-category-header\">\n\t<div class=\"betterdocs-category-header-inner\">\n\t\t<h3 class=\"betterdocs-category-title\">DEPOIS DA MOBILIDADE<\/h3>\n<div data-count=\"4\" class=\"betterdocs-category-items-counts\">\n\t<span>\n\t\t 4 \t<\/span>\n<\/div>\n\t<\/div>\n<\/div>\n<div class=\"betterdocs-body\">\n<ul class=\"betterdocs-articles-list\">\n\t<li><i class=\"far fa-file-alt\"><\/i><a href=\"https:\/\/www.iscap.pt\/gri\/docs\/conclusao-da-mobilidade-de-estagio\/\"><span>Conclus\u00e3o da Mobilidade de Est\u00e1gio<\/span> <\/a><\/li><li><i class=\"far fa-file-alt\"><\/i><a href=\"https:\/\/www.iscap.pt\/gri\/docs\/conversao-das-avaliacoes\/\"><span>Convers\u00e3o das Avalia\u00e7\u00f5es<\/span> <\/a><\/li><li><i class=\"far fa-file-alt\"><\/i><a href=\"https:\/\/www.iscap.pt\/gri\/docs\/reconhecimento-academico\/\"><span>Reconhecimento Acad\u00e9mico<\/span> <\/a><\/li><li><i class=\"far fa-file-alt\"><\/i><a href=\"https:\/\/www.iscap.pt\/gri\/docs\/validacao-da-mobilidade\/\"><span>Valida\u00e7\u00e3o da Mobilidade<\/span> <\/a><\/li><\/ul>\n<\/div>\t<\/div>\n<\/article>\n\t<\/div>\n\t\t<div class=\"clearfix\"><\/div>\n\t<\/div>\n\t\t<\/div>\n\t\t\t\t<\/div>\n\t\t\t\t\t<\/div>\n\t\t<\/div>\n\t\t\t\t\t<\/div>\n\t\t<\/section>\n\t\t\t\t<section class=\"elementor-section elementor-top-section elementor-element elementor-element-3bdd1b5 elementor-section-boxed elementor-section-height-default elementor-section-height-default\" data-id=\"3bdd1b5\" data-element_type=\"section\">\n\t\t\t\t\t\t<div class=\"elementor-container elementor-column-gap-default\">\n\t\t\t\t\t<div class=\"elementor-column elementor-col-100 elementor-top-column elementor-element elementor-element-5cf8d40\" data-id=\"5cf8d40\" data-element_type=\"column\">\n\t\t\t<div class=\"elementor-widget-wrap elementor-element-populated\">\n\t\t\t\t\t\t<div class=\"elementor-element elementor-element-30697b5 elementor-widget elementor-widget-spacer\" data-id=\"30697b5\" data-element_type=\"widget\" data-widget_type=\"spacer.default\">\n\t\t\t\t<div class=\"elementor-widget-container\">\n\t\t\t\t\t<div class=\"elementor-spacer\">\n\t\t\t<div class=\"elementor-spacer-inner\"><\/div>\n\t\t<\/div>\n\t\t\t\t<\/div>\n\t\t\t\t<\/div>\n\t\t\t\t\t<\/div>\n\t\t<\/div>\n\t\t\t\t\t<\/div>\n\t\t<\/section>\n\t\t\t\t<\/div>\n\t\t","protected":false},"excerpt":{"rendered":"<p>CANDIDATURA AO PROGRAMA ERASMUS+ Ap\u00f3s ter sido divulgado o resultado da pr\u00e9-candidatura, tens 15 dias para confirmares, por email, a inten\u00e7\u00e3o de mobilidade. A seguir deves come\u00e7ar o processo de formaliza\u00e7\u00e3o da candidatura, dentro do prazo indicado pelo GRI. Algumas candidaturas s\u00e3o online, outras apenas documentais. Em qualquer dos casos, deves entregar todos os documentos [&hellip;]<\/p>\n","protected":false},"author":1,"featured_media":0,"parent":0,"menu_order":0,"comment_status":"closed","ping_status":"closed","template":"","meta":{"_eb_attr":"","site-sidebar-layout":"no-sidebar","site-content-layout":"page-builder","ast-site-content-layout":"","site-content-style":"default","site-sidebar-style":"default","ast-global-header-display":"","ast-banner-title-visibility":"","ast-main-header-display":"","ast-hfb-above-header-display":"","ast-hfb-below-header-display":"","ast-hfb-mobile-header-display":"","site-post-title":"disabled","ast-breadcrumbs-content":"","ast-featured-img":"disabled","footer-sml-layout":"","theme-transparent-header-meta":"default","adv-header-id-meta":"","stick-header-meta":"","header-above-stick-meta":"","header-main-stick-meta":"","header-below-stick-meta":"","astra-migrate-meta-layouts":"default","ast-page-background-enabled":"default","ast-page-background-meta":{"desktop":{"background-color":"","background-image":"","background-repeat":"repeat","background-position":"center center","background-size":"auto","background-attachment":"scroll","background-type":"","background-media":"","overlay-type":"","overlay-color":"","overlay-opacity":"","overlay-gradient":""},"tablet":{"background-color":"","background-image":"","background-repeat":"repeat","background-position":"center center","background-size":"auto","background-attachment":"scroll","background-type":"","background-media":"","overlay-type":"","overlay-color":"","overlay-opacity":"","overlay-gradient":""},"mobile":{"background-color":"","background-image":"","background-repeat":"repeat","background-position":"center center","background-size":"auto","background-attachment":"scroll","background-type":"","background-media":"","overlay-type":"","overlay-color":"","overlay-opacity":"","overlay-gradient":""}},"ast-content-background-meta":{"desktop":{"background-color":"var(--ast-global-color-5)","background-image":"","background-repeat":"repeat","background-position":"center center","background-size":"auto","background-attachment":"scroll","background-type":"","background-media":"","overlay-type":"","overlay-color":"","overlay-opacity":"","overlay-gradient":""},"tablet":{"background-color":"var(--ast-global-color-5)","background-image":"","background-repeat":"repeat","background-position":"center center","background-size":"auto","background-attachment":"scroll","background-type":"","background-media":"","overlay-type":"","overlay-color":"","overlay-opacity":"","overlay-gradient":""},"mobile":{"background-color":"var(--ast-global-color-5)","background-image":"","background-repeat":"repeat","background-position":"center center","background-size":"auto","background-attachment":"scroll","background-type":"","background-media":"","overlay-type":"","overlay-color":"","overlay-opacity":"","overlay-gradient":""}},"footnotes":""},"class_list":["post-24670","page","type-page","status-publish","hentry"],"_links":{"self":[{"href":"https:\/\/www.iscap.pt\/gri\/wp-json\/wp\/v2\/pages\/24670","targetHints":{"allow":["GET"]}}],"collection":[{"href":"https:\/\/www.iscap.pt\/gri\/wp-json\/wp\/v2\/pages"}],"about":[{"href":"https:\/\/www.iscap.pt\/gri\/wp-json\/wp\/v2\/types\/page"}],"author":[{"embeddable":true,"href":"https:\/\/www.iscap.pt\/gri\/wp-json\/wp\/v2\/users\/1"}],"replies":[{"embeddable":true,"href":"https:\/\/www.iscap.pt\/gri\/wp-json\/wp\/v2\/comments?post=24670"}],"version-history":[{"count":79,"href":"https:\/\/www.iscap.pt\/gri\/wp-json\/wp\/v2\/pages\/24670\/revisions"}],"predecessor-version":[{"id":27079,"href":"https:\/\/www.iscap.pt\/gri\/wp-json\/wp\/v2\/pages\/24670\/revisions\/27079"}],"wp:attachment":[{"href":"https:\/\/www.iscap.pt\/gri\/wp-json\/wp\/v2\/media?parent=24670"}],"curies":[{"name":"wp","href":"https:\/\/api.w.org\/{rel}","templated":true}]}}