{"id":24676,"date":"2021-05-24T12:46:17","date_gmt":"2021-05-24T12:46:17","guid":{"rendered":"https:\/\/gustavomonteiro.pt\/wp-gri\/?page_id=24676"},"modified":"2026-02-09T10:59:19","modified_gmt":"2026-02-09T10:59:19","slug":"docentes-coordenadores-de-mobilidade","status":"publish","type":"page","link":"https:\/\/www.iscap.pt\/gri\/docentes-coordenadores-de-mobilidade\/","title":{"rendered":"Docentes Coordenadores de Mobilidade"},"content":{"rendered":"\t\t<div data-elementor-type=\"wp-page\" data-elementor-id=\"24676\" class=\"elementor elementor-24676\">\n\t\t\t\t\t\t<section class=\"elementor-section elementor-top-section elementor-element elementor-element-3db2b2f0 elementor-section-boxed elementor-section-height-default elementor-section-height-default\" data-id=\"3db2b2f0\" data-element_type=\"section\">\n\t\t\t\t\t\t<div class=\"elementor-container elementor-column-gap-default\">\n\t\t\t\t\t<div class=\"elementor-column elementor-col-100 elementor-top-column elementor-element elementor-element-ec9362e\" data-id=\"ec9362e\" data-element_type=\"column\">\n\t\t\t<div class=\"elementor-widget-wrap elementor-element-populated\">\n\t\t\t\t\t\t<div class=\"elementor-element elementor-element-43866ce elementor-widget elementor-widget-text-editor\" data-id=\"43866ce\" data-element_type=\"widget\" data-widget_type=\"text-editor.default\">\n\t\t\t\t<div class=\"elementor-widget-container\">\n\t\t\t\t\t\t\t<figure>\n<table>\n<tbody>\n<tr>\n<td><strong>Curso<\/strong><\/td>\n<td><strong>Nome<\/strong><\/td>\n<td><strong>Gab.<\/strong><\/td>\n<td><strong>E-mail<\/strong><\/td>\n<\/tr>\n<tr>\n<td>Licenciatura em Assessoria e Tradu\u00e7\u00e3o (AT)<\/td>\n<td><strong>Professora Paula Almeida<\/strong><\/td>\n<td>304<\/td>\n<td><a href=\"mailto:gchorao@iscap.ipp.pt\">palmeida@iscap.ipp.pt<\/a><\/td>\n<\/tr>\n<tr>\n<td>Licenciatura em&nbsp;Com\u00e9rcio Internacional (CI)<\/td>\n<td><strong>Professora Susana Bernardino<\/strong><\/td>\n<td>312<\/td>\n<td>&nbsp;<a href=\"mailto:susanab@iscap.ipp.pt\" data-wplink-edit=\"true\">susanab@iscap.ipp.pt<\/a><\/td>\n<\/tr>\n<tr>\n<td>Licenciatura em&nbsp;Comunica\u00e7\u00e3o Empresarial (CE)<\/td>\n<td><strong>Professora In\u00eas Pereira<\/strong><\/td>\n<td>431<\/td>\n<td><a href=\"mailto:ipereira@iscap.ipp.pt\">ipereira@iscap.ipp.pt<\/a><\/td>\n<\/tr>\n<tr>\n<td>Licenciatura em Contabilidade e Administra\u00e7\u00e3o (CA)<\/td>\n<td><strong>Professora Am\u00e9lia Silva&nbsp;<\/strong><\/td>\n<td>408&nbsp;<\/td>\n<td><a href=\"mailto:ameliafs@gmail.com\">ameliafs@gmail.com<\/a><\/td>\n<\/tr>\n<tr>\n<td>Licenciatura em Criatividade e Inova\u00e7\u00e3o Empresarial (CIE)<\/td>\n<td><strong>Professor Orlando Rua<\/strong><\/td>\n<td>402<\/td>\n<td><a href=\"mailto:orua@iscap.ipp.pt\">orua@iscap.ipp.pt<\/a><\/td>\n<\/tr>\n<tr>\n<td>Licenciatura em&nbsp;Marketing (MKT)<\/td>\n<td><strong>Professora&nbsp;&nbsp;Maria Ant\u00f3nia Rodrigues<\/strong><\/td>\n<td>&nbsp;425<\/td>\n<td><a href=\"mailto:mar@iscap.ipp.pt\">mar@iscap.ipp.pt<\/a><\/td>\n<\/tr>\n<tr>\n<td>Licenciatura em&nbsp;Ci\u00eancias e Tecnologias da Documenta\u00e7\u00e3o e Informa\u00e7\u00e3o (CTDI)<\/td>\n<td><strong>Professora Milena Carvalho<\/strong><\/td>\n<td>301<\/td>\n<td><a href=\"mailto:milenacarvalho@iscap.ipp.pt\">milenacarvalho@iscap.ipp.pt<\/a><\/td>\n<\/tr>\n<tr>\n<td>&nbsp;Licenciatura em&nbsp;Recursos Humanos (RH)<\/td>\n<td><strong>Professora Ana Cl\u00e1udia Rodrigues<\/strong><\/td>\n<td>336<\/td>\n<td><a href=\"mailto:anarodrigues@iscap.ipp.pt\">anarodrigues@iscap.ipp.pt<\/a><\/td>\n<\/tr>\n<tr>\n<td>&nbsp;Mestrado em Assessoria e Administra\u00e7\u00e3o (MAA)<\/td>\n<td><strong>Professora Anabela Mesquita&nbsp;<\/strong><\/td>\n<td>426<\/td>\n<td><a href=\"mailto:sarmento@iscap.ipp.pt\">sarmento@iscap.ipp.pt<\/a><\/td>\n<\/tr>\n<tr>\n<td>Mestrado em Auditoria (MA)<\/td>\n<td><strong>Professora Isabel Maldonado<\/strong><\/td>\n<td>332&nbsp;<\/td>\n<td>imaldonado<a href=\"mailto:alcina@iscap.ipp.pt\">@iscap.ipp.pt<\/a><\/td>\n<\/tr>\n<tr>\n<td>&nbsp;Mestrado em Contabilidade e Finan\u00e7as (MCF)<\/td>\n<td><strong>Professor Lu\u00eds Gomes<\/strong><\/td>\n<td>406&nbsp;<\/td>\n<td><a href=\"mailto:pgomes@iscap.ipp.pt\">pgomes@iscap.ipp.pt<\/a><\/td>\n<\/tr>\n<tr>\n<td>&nbsp;Mestrado em Empreendedorismo e Internacionaliza\u00e7\u00e3o (MEI)<\/td>\n<td><strong>Professora Maria Clara Ribeiro<\/strong><\/td>\n<td>&nbsp;418<\/td>\n<td><a href=\"mailto:diamar.clara@gmail.com\">diamar.clara@gmail.com<\/a>;&nbsp;<a href=\"mailto:mclara@iscap.ipp.pt\">mclara@iscap.ipp.pt<\/a><\/td>\n<\/tr>\n<tr>\n<td>&nbsp;Mestrado em Gest\u00e3o das Organiza\u00e7\u00f5es (MGO)<\/td>\n<td><strong>Doutor Eduardo S\u00e1 e Silva<\/strong><\/td>\n<td><u>413&nbsp;<\/u><\/td>\n<td><a href=\"edursilva56@gmail.com\">smonteiro@iscap.ipp.pt<\/a><\/td>\n<\/tr>\n<tr>\n<td>&nbsp;Mestrado em Log\u00edstica (ML)<\/td>\n<td><strong>Professor S\u00e9rgio Monteiro<\/strong><\/td>\n<td>&nbsp;327<\/td>\n<td><a href=\"mailto:cerdeira@iscap.ipp.pt\">cerdeira@iscap.ipp.pt<\/a><\/td>\n<\/tr>\n<tr>\n<td>Mestrado em Marketing&nbsp;Digital (MMD)<\/td>\n<td><strong>Professor Pedro Silva<\/strong><\/td>\n<td>339<\/td>\n<td>psilva<a href=\"mailto:analima@iscap.ipp.pt\">@iscap.ipp.pt<\/a><\/td>\n<\/tr>\n<tr>\n<td>Mestrado em Tradu\u00e7\u00e3o e Interpreta\u00e7\u00e3o Especializadas (MTIE)<\/td>\n<td><strong>Professora Alexandra Albuquerque<\/strong><\/td>\n<td>304<\/td>\n<td><a href=\"mailto:alexalb@iscap.ipp.pt\">alexalb@iscap.ipp.pt<\/a><\/td>\n<\/tr>\n<tr>\n<td>Mestrado em&nbsp;<em>Intercultural Studies for Business<\/em>&nbsp;(MEIPN)<\/td>\n<td><strong>Professora Clara Sarmento<\/strong><\/td>\n<td>333<\/td>\n<td><a href=\"mailto:clara@iscap.ipp.pt\">clara@iscap.ipp.pt<\/a><\/td>\n<\/tr>\n<tr>\n<td>Mestrado em Finan\u00e7as Empresariais (MFE)<\/td>\n<td><strong>Professor Armando Silva<\/strong><\/td>\n<td>338<\/td>\n<td>armandosilva@iscap.ipp.pt<\/td>\n<\/tr>\n<tr>\n<td>Mestrado em Informa\u00e7\u00e3o Empresarial (MIE)<\/td>\n<td><strong>Professor Lu\u00eds Rodrigues<\/strong><\/td>\n<td>328<\/td>\n<td><a href=\"mailto:LSR@iscap.ipp.pt\">LSR@iscap.ipp.pt<\/a><\/td>\n<\/tr>\n<tr>\n<td>Mestrado em Gest\u00e3o e Desenvolvimento de Recursos Humanos (GDRH)<\/td>\n<td><strong>Professora Ana Cl\u00e1udia Rodrigues<\/strong><\/td>\n<td>336<\/td>\n<td><a href=\"mailto:anarodrigues@iscap.ipp.pt\">anarodrigues@iscap.ipp.pt<\/a><\/td>\n<\/tr>\n<tr>\n<td>Mestrado em Neg\u00f3cio Eletr\u00f3nico (NE)<\/td>\n<td><strong>Professor Jos\u00e9 Agostinho Pinto<\/strong><\/td>\n<td>323<\/td>\n<td><a href=\"mailto:apinto@iscap.ipp.pt\">apinto@iscap.ipp.pt<\/a><\/td>\n<\/tr>\n<tr>\n<td>Mestrado em Assessoria e Comunica\u00e7\u00e3o Digital (ACD)<\/td>\n<td><strong>Professora Paula Peres<\/strong><\/td>\n<td>326<\/td>\n<td><a href=\"mailto:p_peres@iscap.ipp.pt\">p_peres@iscap.ipp.pt<\/a>&nbsp;<\/td>\n<\/tr>\n<tr>\n<td>Mestrado em Gest\u00e3o e Regime Jur\u00eddico-Empresarial da Economia Social (GReJEES)<\/td>\n<td><strong>Professora Deolinda Meira<\/strong><\/td>\n<td>411<\/td>\n<td><a href=\"mailto:meira@iscap.ipp.pt\">meira@iscap.ipp.pt<\/a><\/td>\n<\/tr>\n<tr>\n<td>CTesP em Apoio \u00e0 Decis\u00e3o (AD)<\/td>\n<td><strong>Professora Ana Maria Rodrigues<\/strong><\/td>\n<td>315<\/td>\n<td><a href=\"mailto:anamaria@iscap.ipp.pt\">anamaria@iscap.ipp.pt<\/a><\/td>\n<\/tr>\n<tr>\n<td>CTesP em Com\u00e9rcio e Gest\u00e3o de Neg\u00f3cios de Moda<\/td>\n<td><strong>Professor Ant\u00f3nio Oliveira<\/strong><\/td>\n<td>&nbsp;<\/td>\n<td><a href=\"ajmo@iscap.ipp.pt\">ajmo@iscap.ipp.pt<\/a><\/td>\n<\/tr>\n<tr>\n<td>CTesP em&nbsp;Gest\u00e3o de Tecnologias Para a Inova\u00e7\u00e3o<\/td>\n<td><strong>Professor Paulo Jos\u00e9 Trigueiros<\/strong><\/td>\n<td>323<\/td>\n<td><a href=\"mailto:pjt@iscap.ipp.pt\">pjt@iscap.ipp.pt<\/a><\/td>\n<\/tr>\n<tr>\n<td>CTesP em&nbsp;Vendas Para Mercados Internacionais<\/td>\n<td><strong>Professora Ana Lima<\/strong><\/td>\n<td>425<\/td>\n<td><a href=\"mailto:analima@iscap.ipp.pt\">analima@iscap.ipp.pt<\/a><\/td>\n<\/tr>\n<tr>\n<td>CTesP em Tecnologias Aplicadas \u00e0 Comunica\u00e7\u00e3o Internacional em PME<\/td>\n<td><strong>Professora Micaela Moura<\/strong><\/td>\n<td>307<\/td>\n<td>marques7@iscap.ipp.pt<\/td>\n<\/tr>\n<tr>\n<td>CTesP em Contabilidade e Fiscalidade para PME (CF)<\/td>\n<td><strong>Professora Albertina Monteiro<\/strong><\/td>\n<td>427<\/td>\n<td><a href=\"mailto:amonteiro@iscap.ipp.pt\">amonteiro@iscap.ipp.pt<\/a><\/td>\n<\/tr>\n<tr>\n<td>CTesP em Gest\u00e3o de Produtos de Ourivesaria<\/td>\n<td><strong>Professora Ana Azevedo<\/strong><\/td>\n<td>326<\/td>\n<td><a href=\"mailto:aazevedo@iscap.ipp.pt\">aazevedo@iscap.ipp.pt<\/a><\/td>\n<\/tr>\n<tr>\n<td>CTesP em Rela\u00e7\u00f5es P\u00fablicas e Organiza\u00e7\u00e3o de Eventos (RPOE)<\/td>\n<td><strong>Professora Isabel Ardions<\/strong><\/td>\n<td>GEE<\/td>\n<td><a href=\"mailto:iardions@iscap.ipp.pt\">iardions@iscap.ipp.pt<\/a><\/td>\n<\/tr>\n<tr>\n<td>CTesP em Gest\u00e3o Comercial do Ponto de Venda (GCPV)<\/td>\n<td><strong>Professor Jos\u00e9 Duarte Santos<\/strong><\/td>\n<td>412<\/td>\n<td><a href=\"mailto:jdsantos@iscap.ipp.pt\">jdsantos@iscap.ipp.pt<\/a><\/td>\n<\/tr>\n<\/tbody>\n<\/table>\n<\/figure>\n<p><!-- \/wp:table --><\/p>\t\t\t\t\t\t<\/div>\n\t\t\t\t<\/div>\n\t\t\t\t\t<\/div>\n\t\t<\/div>\n\t\t\t\t\t<\/div>\n\t\t<\/section>\n\t\t\t\t<\/div>\n\t\t","protected":false},"excerpt":{"rendered":"<p>Curso Nome Gab. E-mail Licenciatura em Assessoria e Tradu\u00e7\u00e3o (AT) Professora Paula Almeida 304 palmeida@iscap.ipp.pt Licenciatura em\u00a0Com\u00e9rcio Internacional (CI) Professora Susana Bernardino 312 \u00a0susanab@iscap.ipp.pt Licenciatura em\u00a0Comunica\u00e7\u00e3o Empresarial (CE) Professora In\u00eas Pereira 431 ipereira@iscap.ipp.pt Licenciatura em Contabilidade e Administra\u00e7\u00e3o (CA) Professora Am\u00e9lia Silva\u00a0 408 ameliafs@gmail.com Licenciatura em Criatividade e Inova\u00e7\u00e3o Empresarial (CIE) Professor Orlando Rua 402 [&hellip;]<\/p>\n","protected":false},"author":1,"featured_media":0,"parent":0,"menu_order":0,"comment_status":"closed","ping_status":"closed","template":"","meta":{"_eb_attr":"","site-sidebar-layout":"default","site-content-layout":"default","ast-site-content-layout":"default","site-content-style":"default","site-sidebar-style":"default","ast-global-header-display":"","ast-banner-title-visibility":"","ast-main-header-display":"","ast-hfb-above-header-display":"","ast-hfb-below-header-display":"","ast-hfb-mobile-header-display":"","site-post-title":"","ast-breadcrumbs-content":"","ast-featured-img":"","footer-sml-layout":"","theme-transparent-header-meta":"default","adv-header-id-meta":"","stick-header-meta":"","header-above-stick-meta":"","header-main-stick-meta":"","header-below-stick-meta":"","astra-migrate-meta-layouts":"set","ast-page-background-enabled":"default","ast-page-background-meta":{"desktop":{"background-color":"","background-image":"","background-repeat":"repeat","background-position":"center center","background-size":"auto","background-attachment":"scroll","background-type":"","background-media":"","overlay-type":"","overlay-color":"","overlay-opacity":"","overlay-gradient":""},"tablet":{"background-color":"","background-image":"","background-repeat":"repeat","background-position":"center center","background-size":"auto","background-attachment":"scroll","background-type":"","background-media":"","overlay-type":"","overlay-color":"","overlay-opacity":"","overlay-gradient":""},"mobile":{"background-color":"","background-image":"","background-repeat":"repeat","background-position":"center center","background-size":"auto","background-attachment":"scroll","background-type":"","background-media":"","overlay-type":"","overlay-color":"","overlay-opacity":"","overlay-gradient":""}},"ast-content-background-meta":{"desktop":{"background-color":"var(--ast-global-color-5)","background-image":"","background-repeat":"repeat","background-position":"center center","background-size":"auto","background-attachment":"scroll","background-type":"","background-media":"","overlay-type":"","overlay-color":"","overlay-opacity":"","overlay-gradient":""},"tablet":{"background-color":"var(--ast-global-color-5)","background-image":"","background-repeat":"repeat","background-position":"center center","background-size":"auto","background-attachment":"scroll","background-type":"","background-media":"","overlay-type":"","overlay-color":"","overlay-opacity":"","overlay-gradient":""},"mobile":{"background-color":"var(--ast-global-color-5)","background-image":"","background-repeat":"repeat","background-position":"center center","background-size":"auto","background-attachment":"scroll","background-type":"","background-media":"","overlay-type":"","overlay-color":"","overlay-opacity":"","overlay-gradient":""}},"footnotes":""},"class_list":["post-24676","page","type-page","status-publish","hentry"],"_links":{"self":[{"href":"https:\/\/www.iscap.pt\/gri\/wp-json\/wp\/v2\/pages\/24676","targetHints":{"allow":["GET"]}}],"collection":[{"href":"https:\/\/www.iscap.pt\/gri\/wp-json\/wp\/v2\/pages"}],"about":[{"href":"https:\/\/www.iscap.pt\/gri\/wp-json\/wp\/v2\/types\/page"}],"author":[{"embeddable":true,"href":"https:\/\/www.iscap.pt\/gri\/wp-json\/wp\/v2\/users\/1"}],"replies":[{"embeddable":true,"href":"https:\/\/www.iscap.pt\/gri\/wp-json\/wp\/v2\/comments?post=24676"}],"version-history":[{"count":37,"href":"https:\/\/www.iscap.pt\/gri\/wp-json\/wp\/v2\/pages\/24676\/revisions"}],"predecessor-version":[{"id":26070,"href":"https:\/\/www.iscap.pt\/gri\/wp-json\/wp\/v2\/pages\/24676\/revisions\/26070"}],"wp:attachment":[{"href":"https:\/\/www.iscap.pt\/gri\/wp-json\/wp\/v2\/media?parent=24676"}],"curies":[{"name":"wp","href":"https:\/\/api.w.org\/{rel}","templated":true}]}}