{"id":24730,"date":"2021-05-27T15:04:07","date_gmt":"2021-05-27T15:04:07","guid":{"rendered":"https:\/\/gustavomonteiro.pt\/wp-gri\/?page_id=24730"},"modified":"2026-03-24T10:37:01","modified_gmt":"2026-03-24T10:37:01","slug":"mais-oportunidades","status":"publish","type":"page","link":"https:\/\/www.iscap.pt\/gri\/mais-oportunidades\/","title":{"rendered":"Mais Oportunidades"},"content":{"rendered":"\t\t<div data-elementor-type=\"wp-page\" data-elementor-id=\"24730\" class=\"elementor elementor-24730\">\n\t\t\t\t\t\t<section class=\"elementor-section elementor-top-section elementor-element elementor-element-41b61d2 elementor-section-boxed elementor-section-height-default elementor-section-height-default\" data-id=\"41b61d2\" data-element_type=\"section\">\n\t\t\t\t\t\t<div class=\"elementor-container elementor-column-gap-default\">\n\t\t\t\t\t<div class=\"elementor-column elementor-col-100 elementor-top-column elementor-element elementor-element-e99538a\" data-id=\"e99538a\" data-element_type=\"column\">\n\t\t\t<div class=\"elementor-widget-wrap elementor-element-populated\">\n\t\t\t\t\t\t<div class=\"elementor-element elementor-element-c3f654d elementor-invisible elementor-widget elementor-widget-heading\" data-id=\"c3f654d\" data-element_type=\"widget\" data-settings=\"{&quot;_animation&quot;:&quot;fadeInUp&quot;}\" data-widget_type=\"heading.default\">\n\t\t\t\t<div class=\"elementor-widget-container\">\n\t\t\t<h2 class=\"elementor-heading-title elementor-size-default\">MAIS OPORTUNIDADES DE INTERNACIONALIZA\u00c7\u00c3O\n<\/h2>\t\t<\/div>\n\t\t\t\t<\/div>\n\t\t\t\t\t<\/div>\n\t\t<\/div>\n\t\t\t\t\t<\/div>\n\t\t<\/section>\n\t\t\t\t<section class=\"elementor-section elementor-top-section elementor-element elementor-element-28a7d27 elementor-section-boxed elementor-section-height-default elementor-section-height-default\" data-id=\"28a7d27\" data-element_type=\"section\">\n\t\t\t\t\t\t<div class=\"elementor-container elementor-column-gap-default\">\n\t\t\t\t\t<div class=\"elementor-column elementor-col-100 elementor-top-column elementor-element elementor-element-fbb51ed\" data-id=\"fbb51ed\" data-element_type=\"column\">\n\t\t\t<div class=\"elementor-widget-wrap elementor-element-populated\">\n\t\t\t\t\t\t<div class=\"elementor-element elementor-element-707786f elementor-widget elementor-widget-spacer\" data-id=\"707786f\" data-element_type=\"widget\" data-widget_type=\"spacer.default\">\n\t\t\t\t<div class=\"elementor-widget-container\">\n\t\t\t\t\t<div class=\"elementor-spacer\">\n\t\t\t<div class=\"elementor-spacer-inner\"><\/div>\n\t\t<\/div>\n\t\t\t\t<\/div>\n\t\t\t\t<\/div>\n\t\t\t\t\t<\/div>\n\t\t<\/div>\n\t\t\t\t\t<\/div>\n\t\t<\/section>\n\t\t\t\t<section class=\"elementor-section elementor-top-section elementor-element elementor-element-b638d1f elementor-section-boxed elementor-section-height-default elementor-section-height-default elementor-invisible\" data-id=\"b638d1f\" data-element_type=\"section\" data-settings=\"{&quot;animation&quot;:&quot;fadeInUp&quot;}\">\n\t\t\t\t\t\t<div class=\"elementor-container elementor-column-gap-default\">\n\t\t\t\t\t<div class=\"elementor-column elementor-col-50 elementor-top-column elementor-element elementor-element-fd67ad7\" data-id=\"fd67ad7\" data-element_type=\"column\">\n\t\t\t<div class=\"elementor-widget-wrap elementor-element-populated\">\n\t\t\t\t\t\t<div class=\"elementor-element elementor-element-8bd79c2 elementor-widget elementor-widget-text-editor\" data-id=\"8bd79c2\" data-element_type=\"widget\" data-widget_type=\"text-editor.default\">\n\t\t\t\t<div class=\"elementor-widget-container\">\n\t\t\t\t\t\t\t<h3><span style=\"color: #8b1e1e;\">Oportunidades de est\u00e1gio e de trabalho tempor\u00e1rio:<\/span><\/h3><ul><li><span style=\"text-decoration: underline;\"><a href=\"http:\/\/www.animafestexperience.com\/\" target=\"_blank\" rel=\"noopener\">Animafest Experience<\/a><\/span><\/li><li><span style=\"text-decoration: underline;\"><a href=\"http:\/\/www.anyworkanywhere.com\/\" target=\"_blank\" rel=\"noopener\">Anywork Anywhere<\/a><\/span><\/li><li><span style=\"text-decoration: underline;\"><a href=\"http:\/\/www.educationuk.org\/global\/\" target=\"_blank\" rel=\"noopener\">Education on UK (British Council)<\/a><\/span><\/li><li><span style=\"text-decoration: underline;\"><a href=\"http:\/\/www.internwise.co.uk\/\" target=\"_blank\" rel=\"noopener\">Internwise<\/a><\/span><\/li><li><span style=\"text-decoration: underline;\"><a href=\"http:\/\/ec.europa.eu\/ploteus\/\" target=\"_blank\" rel=\"noopener\">Ploteus<\/a> (Oportunidades de aprendizagem e possibilidades de emprego, entre outros)<\/span><\/li><li><span style=\"text-decoration: underline;\"><a href=\"https:\/\/www.seasonworkers.com\/summerjobs\/\" target=\"_blank\" rel=\"noopener\">Season Workers<\/a><\/span><\/li><li><span style=\"text-decoration: underline;\"><a href=\"http:\/\/www.praxisnetwork.eu\/\" target=\"_blank\" rel=\"noopener\">Praxis<\/a><\/span><\/li><li><span style=\"text-decoration: underline;\"><a href=\"http:\/\/www.hutong-school.com\/\" target=\"_blank\" rel=\"noopener\">Hutong School<\/a><\/span><\/li><li><span style=\"text-decoration: underline;\"><a href=\"http:\/\/www.spain-internship.com\/en\/\" target=\"_blank\" rel=\"noopener\">Spain Internships<\/a><\/span><\/li><li><span style=\"text-decoration: underline;\"><a href=\"http:\/\/www.travelingua.pt\/\" target=\"_blank\" rel=\"noopener\">Travelingua<\/a><\/span><\/li><li><span style=\"text-decoration: underline;\"><a href=\"https:\/\/www.trainingexperience.org\/offers?type=internship\">Training Experience<\/a><\/span><\/li><li><span style=\"text-decoration: underline;\"><a href=\"https:\/\/premiumresearch.es\/en\/european-circular-talent-lab\/\">European Circular Talent Lab<\/a><\/span><\/li><li><span style=\"text-decoration: underline;\"><a href=\"https:\/\/www.ipsi-dhbw.de\/en\/\">DHBW<\/a><\/span><\/li><\/ul>\t\t\t\t\t\t<\/div>\n\t\t\t\t<\/div>\n\t\t\t\t\t<\/div>\n\t\t<\/div>\n\t\t\t\t<div class=\"elementor-column elementor-col-50 elementor-top-column elementor-element elementor-element-747d1bb\" data-id=\"747d1bb\" data-element_type=\"column\">\n\t\t\t<div class=\"elementor-widget-wrap elementor-element-populated\">\n\t\t\t\t\t\t<div class=\"elementor-element elementor-element-169eaa1 elementor-widget elementor-widget-text-editor\" data-id=\"169eaa1\" data-element_type=\"widget\" data-widget_type=\"text-editor.default\">\n\t\t\t\t<div class=\"elementor-widget-container\">\n\t\t\t\t\t\t\t<h3><span style=\"color: #8b1e1e;\">Outras liga\u00e7\u00f5es de interesse:<\/span><\/h3><ul><li><a href=\"https:\/\/www.wikijob.co.uk\/\" target=\"_blank\" rel=\"noopener\">Wikijob<\/a><\/li><li><span style=\"text-decoration: underline;\"><a href=\"https:\/\/europa.eu\/youth\/discovereu_en\">DiscoverEU<\/a><\/span><\/li><li><a href=\"https:\/\/www.britishcouncil.pt\/en\/study-uk\" target=\"_blank\" rel=\"noopener\"><span style=\"text-decoration: underline;\">British Council<\/span><\/a><\/li><li><span style=\"text-decoration: underline;\"><a href=\"http:\/\/www.eaie.org\/\">EAIE <\/a>(Associa\u00e7\u00e3o Europeia para a Educa\u00e7\u00e3o Internacional)<\/span><\/li><li><span style=\"text-decoration: underline;\"><a href=\"http:\/\/www.ccla.pt\/\">Fullbright <\/a>(Atribui\u00e7\u00e3o de Bolsas Internacionais)<\/span><\/li><li><span style=\"text-decoration: underline;\"><a href=\"http:\/\/act.fct.pt\/acervodocumental\/registos-de-autoridade-arquivistica\/gabinete-de-relacoes-internacionais-da-ciencia-e-do-ensino-superior\/\" target=\"_blank\" rel=\"noopener\">Grices<\/a><\/span><\/li><li><span style=\"text-decoration: underline;\"><a href=\"http:\/\/www.isep.org\/\" target=\"_blank\" rel=\"noopener\">International Student Exchange Program<\/a><\/span><\/li><li><span style=\"text-decoration: underline;\"><a href=\"https:\/\/www.universia.pt\/\" target=\"_blank\" rel=\"noopener\">Universia<\/a><\/span><\/li><\/ul>\t\t\t\t\t\t<\/div>\n\t\t\t\t<\/div>\n\t\t\t\t\t<\/div>\n\t\t<\/div>\n\t\t\t\t\t<\/div>\n\t\t<\/section>\n\t\t\t\t<section class=\"elementor-section elementor-top-section elementor-element elementor-element-78e644d elementor-section-boxed elementor-section-height-default elementor-section-height-default\" data-id=\"78e644d\" data-element_type=\"section\">\n\t\t\t\t\t\t<div class=\"elementor-container elementor-column-gap-default\">\n\t\t\t\t\t<div class=\"elementor-column elementor-col-100 elementor-top-column elementor-element elementor-element-8381f9a\" data-id=\"8381f9a\" data-element_type=\"column\">\n\t\t\t<div class=\"elementor-widget-wrap\">\n\t\t\t\t\t\t\t<\/div>\n\t\t<\/div>\n\t\t\t\t\t<\/div>\n\t\t<\/section>\n\t\t\t\t<section class=\"elementor-section elementor-top-section elementor-element elementor-element-d0517f7 elementor-section-boxed elementor-section-height-default elementor-section-height-default\" data-id=\"d0517f7\" data-element_type=\"section\">\n\t\t\t\t\t\t<div class=\"elementor-container elementor-column-gap-default\">\n\t\t\t\t\t<div class=\"elementor-column elementor-col-100 elementor-top-column elementor-element elementor-element-60c601b\" data-id=\"60c601b\" data-element_type=\"column\">\n\t\t\t<div class=\"elementor-widget-wrap\">\n\t\t\t\t\t\t\t<\/div>\n\t\t<\/div>\n\t\t\t\t\t<\/div>\n\t\t<\/section>\n\t\t\t\t<\/div>\n\t\t","protected":false},"excerpt":{"rendered":"<p>MAIS OPORTUNIDADES DE INTERNACIONALIZA\u00c7\u00c3O Oportunidades de est\u00e1gio e de trabalho tempor\u00e1rio: Animafest Experience Anywork Anywhere Education on UK (British Council) Internwise Ploteus (Oportunidades de aprendizagem e possibilidades de emprego, entre outros) Season Workers Praxis Hutong School Spain Internships Travelingua Training Experience European Circular Talent Lab DHBW Outras liga\u00e7\u00f5es de interesse: Wikijob DiscoverEU British Council EAIE [&hellip;]<\/p>\n","protected":false},"author":1,"featured_media":0,"parent":0,"menu_order":0,"comment_status":"closed","ping_status":"closed","template":"","meta":{"_eb_attr":"","site-sidebar-layout":"no-sidebar","site-content-layout":"page-builder","ast-site-content-layout":"","site-content-style":"default","site-sidebar-style":"default","ast-global-header-display":"","ast-banner-title-visibility":"","ast-main-header-display":"","ast-hfb-above-header-display":"","ast-hfb-below-header-display":"","ast-hfb-mobile-header-display":"","site-post-title":"disabled","ast-breadcrumbs-content":"","ast-featured-img":"disabled","footer-sml-layout":"","theme-transparent-header-meta":"default","adv-header-id-meta":"","stick-header-meta":"","header-above-stick-meta":"","header-main-stick-meta":"","header-below-stick-meta":"","astra-migrate-meta-layouts":"default","ast-page-background-enabled":"default","ast-page-background-meta":{"desktop":{"background-color":"","background-image":"","background-repeat":"repeat","background-position":"center center","background-size":"auto","background-attachment":"scroll","background-type":"","background-media":"","overlay-type":"","overlay-color":"","overlay-opacity":"","overlay-gradient":""},"tablet":{"background-color":"","background-image":"","background-repeat":"repeat","background-position":"center center","background-size":"auto","background-attachment":"scroll","background-type":"","background-media":"","overlay-type":"","overlay-color":"","overlay-opacity":"","overlay-gradient":""},"mobile":{"background-color":"","background-image":"","background-repeat":"repeat","background-position":"center center","background-size":"auto","background-attachment":"scroll","background-type":"","background-media":"","overlay-type":"","overlay-color":"","overlay-opacity":"","overlay-gradient":""}},"ast-content-background-meta":{"desktop":{"background-color":"var(--ast-global-color-5)","background-image":"","background-repeat":"repeat","background-position":"center center","background-size":"auto","background-attachment":"scroll","background-type":"","background-media":"","overlay-type":"","overlay-color":"","overlay-opacity":"","overlay-gradient":""},"tablet":{"background-color":"var(--ast-global-color-5)","background-image":"","background-repeat":"repeat","background-position":"center center","background-size":"auto","background-attachment":"scroll","background-type":"","background-media":"","overlay-type":"","overlay-color":"","overlay-opacity":"","overlay-gradient":""},"mobile":{"background-color":"var(--ast-global-color-5)","background-image":"","background-repeat":"repeat","background-position":"center center","background-size":"auto","background-attachment":"scroll","background-type":"","background-media":"","overlay-type":"","overlay-color":"","overlay-opacity":"","overlay-gradient":""}},"footnotes":""},"class_list":["post-24730","page","type-page","status-publish","hentry"],"_links":{"self":[{"href":"https:\/\/www.iscap.pt\/gri\/wp-json\/wp\/v2\/pages\/24730","targetHints":{"allow":["GET"]}}],"collection":[{"href":"https:\/\/www.iscap.pt\/gri\/wp-json\/wp\/v2\/pages"}],"about":[{"href":"https:\/\/www.iscap.pt\/gri\/wp-json\/wp\/v2\/types\/page"}],"author":[{"embeddable":true,"href":"https:\/\/www.iscap.pt\/gri\/wp-json\/wp\/v2\/users\/1"}],"replies":[{"embeddable":true,"href":"https:\/\/www.iscap.pt\/gri\/wp-json\/wp\/v2\/comments?post=24730"}],"version-history":[{"count":58,"href":"https:\/\/www.iscap.pt\/gri\/wp-json\/wp\/v2\/pages\/24730\/revisions"}],"predecessor-version":[{"id":27240,"href":"https:\/\/www.iscap.pt\/gri\/wp-json\/wp\/v2\/pages\/24730\/revisions\/27240"}],"wp:attachment":[{"href":"https:\/\/www.iscap.pt\/gri\/wp-json\/wp\/v2\/media?parent=24730"}],"curies":[{"name":"wp","href":"https:\/\/api.w.org\/{rel}","templated":true}]}}