{"id":24732,"date":"2021-05-27T15:04:15","date_gmt":"2021-05-27T15:04:15","guid":{"rendered":"https:\/\/gustavomonteiro.pt\/wp-gri\/?page_id=24732"},"modified":"2026-02-09T14:32:23","modified_gmt":"2026-02-09T14:32:23","slug":"mobilidade-do-brasil-e-espanha","status":"publish","type":"page","link":"https:\/\/www.iscap.pt\/gri\/mobilidade-do-brasil-e-espanha\/","title":{"rendered":"Mobilidade do Brasil e Espanha"},"content":{"rendered":"\t\t<div data-elementor-type=\"wp-page\" data-elementor-id=\"24732\" class=\"elementor elementor-24732\">\n\t\t\t\t\t\t<section class=\"elementor-section elementor-top-section elementor-element elementor-element-41b61d2 elementor-section-boxed elementor-section-height-default elementor-section-height-default\" data-id=\"41b61d2\" data-element_type=\"section\">\n\t\t\t\t\t\t<div class=\"elementor-container elementor-column-gap-default\">\n\t\t\t\t\t<div class=\"elementor-column elementor-col-100 elementor-top-column elementor-element elementor-element-e99538a\" data-id=\"e99538a\" data-element_type=\"column\">\n\t\t\t<div class=\"elementor-widget-wrap elementor-element-populated\">\n\t\t\t\t\t\t<div class=\"elementor-element elementor-element-c3f654d elementor-invisible elementor-widget elementor-widget-heading\" data-id=\"c3f654d\" data-element_type=\"widget\" data-settings=\"{&quot;_animation&quot;:&quot;fadeInUp&quot;}\" data-widget_type=\"heading.default\">\n\t\t\t\t<div class=\"elementor-widget-container\">\n\t\t\t<h2 class=\"elementor-heading-title elementor-size-default\">MOBILIDADE DO BRASIL E ESPANHA <\/h2>\t\t<\/div>\n\t\t\t\t<\/div>\n\t\t\t\t\t<\/div>\n\t\t<\/div>\n\t\t\t\t\t<\/div>\n\t\t<\/section>\n\t\t\t\t<section class=\"elementor-section elementor-top-section elementor-element elementor-element-28a7d27 elementor-section-boxed elementor-section-height-default elementor-section-height-default elementor-invisible\" data-id=\"28a7d27\" data-element_type=\"section\" data-settings=\"{&quot;animation&quot;:&quot;fadeInUp&quot;}\">\n\t\t\t\t\t\t<div class=\"elementor-container elementor-column-gap-default\">\n\t\t\t\t\t<div class=\"elementor-column elementor-col-100 elementor-top-column elementor-element elementor-element-fbb51ed\" data-id=\"fbb51ed\" data-element_type=\"column\">\n\t\t\t<div class=\"elementor-widget-wrap elementor-element-populated\">\n\t\t\t\t\t\t<div class=\"elementor-element elementor-element-1d0a895 elementor-widget elementor-widget-text-editor\" data-id=\"1d0a895\" data-element_type=\"widget\" data-widget_type=\"text-editor.default\">\n\t\t\t\t<div class=\"elementor-widget-container\">\n\t\t\t\t\t\t\t<p>O ISCAP-IPP tem mais de 70 instituti\u00e7\u00f5es parceiras no Brasil. A seguir \u00e0 Europa, o Brasil \u00e9, sem d\u00favida, o nosso segundo maior espa\u00e7o de coopera\u00e7\u00e3o internacional.<\/p><p>A mobilidade de alunos brasileiros no ISCAP tem, assim, aumentado significativamente nos \u00faltimos anos e esperemos que continue a aumentar, quer em per\u00edodos de mobilidade de curta dura\u00e7\u00e3o, quer em interc\u00e2mbios no \u00e2mbito dos duplos diplomas que t\u00eam sido acordados.<\/p><p>A l\u00edngua facilita a adapta\u00e7\u00e3o, mas depressa descobrir\u00e1s que as variantes europeia e brasileira do Portugu\u00eas t\u00eam muitas diferen\u00e7as e podem ser uma aventura!<\/p><p>Os nossos semestres tamb\u00e9m s\u00e3o desencontrados, tal como as esta\u00e7\u00f5es do ano, o que pode causar alguma confus\u00e3o, no in\u00edcio. A cultura acad\u00e9mica tamb\u00e9m \u00e9 diferente, pelo que mais do que semelhan\u00e7as, ir\u00e1s descobrir muitas coisas novas!<\/p><p>Assim, deixamos aqui algumas informa\u00e7\u00f5es que esperamos possam ser \u00fateis para come\u00e7ares a planear a tua mobilidade no ISCAP. Depois, j\u00e1 c\u00e1, ter\u00e1s um(a) padrinho\/ madrinha, atribu\u00eddo pela COMAP, um professor tutor e o Gabinete de Rela\u00e7\u00f5es Internacionais (GRI-ISCAP) sempre dispon\u00edveis para te apoiar e fazer do teu interc\u00e2mbio uma experi\u00eancia inesquec\u00edvel!<\/p><p>Se tiveres alguma d\u00favida, n\u00e3o hesites em contactar o GRI INcoming!<\/p>\t\t\t\t\t\t<\/div>\n\t\t\t\t<\/div>\n\t\t\t\t\t<\/div>\n\t\t<\/div>\n\t\t\t\t\t<\/div>\n\t\t<\/section>\n\t\t\t\t<\/div>\n\t\t","protected":false},"excerpt":{"rendered":"<p>MOBILIDADE DO BRASIL E ESPANHA O ISCAP-IPP tem mais de 70 instituti\u00e7\u00f5es parceiras no Brasil. A seguir \u00e0 Europa, o Brasil \u00e9, sem d\u00favida, o nosso segundo maior espa\u00e7o de coopera\u00e7\u00e3o internacional. A mobilidade de alunos brasileiros no ISCAP tem, assim, aumentado significativamente nos \u00faltimos anos e esperemos que continue a aumentar, quer em per\u00edodos [&hellip;]<\/p>\n","protected":false},"author":1,"featured_media":0,"parent":0,"menu_order":0,"comment_status":"closed","ping_status":"closed","template":"","meta":{"_eb_attr":"","site-sidebar-layout":"no-sidebar","site-content-layout":"page-builder","ast-site-content-layout":"","site-content-style":"default","site-sidebar-style":"default","ast-global-header-display":"","ast-banner-title-visibility":"","ast-main-header-display":"","ast-hfb-above-header-display":"","ast-hfb-below-header-display":"","ast-hfb-mobile-header-display":"","site-post-title":"disabled","ast-breadcrumbs-content":"","ast-featured-img":"disabled","footer-sml-layout":"","theme-transparent-header-meta":"default","adv-header-id-meta":"","stick-header-meta":"","header-above-stick-meta":"","header-main-stick-meta":"","header-below-stick-meta":"","astra-migrate-meta-layouts":"default","ast-page-background-enabled":"default","ast-page-background-meta":{"desktop":{"background-color":"","background-image":"","background-repeat":"repeat","background-position":"center center","background-size":"auto","background-attachment":"scroll","background-type":"","background-media":"","overlay-type":"","overlay-color":"","overlay-opacity":"","overlay-gradient":""},"tablet":{"background-color":"","background-image":"","background-repeat":"repeat","background-position":"center center","background-size":"auto","background-attachment":"scroll","background-type":"","background-media":"","overlay-type":"","overlay-color":"","overlay-opacity":"","overlay-gradient":""},"mobile":{"background-color":"","background-image":"","background-repeat":"repeat","background-position":"center center","background-size":"auto","background-attachment":"scroll","background-type":"","background-media":"","overlay-type":"","overlay-color":"","overlay-opacity":"","overlay-gradient":""}},"ast-content-background-meta":{"desktop":{"background-color":"var(--ast-global-color-5)","background-image":"","background-repeat":"repeat","background-position":"center center","background-size":"auto","background-attachment":"scroll","background-type":"","background-media":"","overlay-type":"","overlay-color":"","overlay-opacity":"","overlay-gradient":""},"tablet":{"background-color":"var(--ast-global-color-5)","background-image":"","background-repeat":"repeat","background-position":"center center","background-size":"auto","background-attachment":"scroll","background-type":"","background-media":"","overlay-type":"","overlay-color":"","overlay-opacity":"","overlay-gradient":""},"mobile":{"background-color":"var(--ast-global-color-5)","background-image":"","background-repeat":"repeat","background-position":"center center","background-size":"auto","background-attachment":"scroll","background-type":"","background-media":"","overlay-type":"","overlay-color":"","overlay-opacity":"","overlay-gradient":""}},"footnotes":""},"class_list":["post-24732","page","type-page","status-publish","hentry"],"_links":{"self":[{"href":"https:\/\/www.iscap.pt\/gri\/wp-json\/wp\/v2\/pages\/24732","targetHints":{"allow":["GET"]}}],"collection":[{"href":"https:\/\/www.iscap.pt\/gri\/wp-json\/wp\/v2\/pages"}],"about":[{"href":"https:\/\/www.iscap.pt\/gri\/wp-json\/wp\/v2\/types\/page"}],"author":[{"embeddable":true,"href":"https:\/\/www.iscap.pt\/gri\/wp-json\/wp\/v2\/users\/1"}],"replies":[{"embeddable":true,"href":"https:\/\/www.iscap.pt\/gri\/wp-json\/wp\/v2\/comments?post=24732"}],"version-history":[{"count":7,"href":"https:\/\/www.iscap.pt\/gri\/wp-json\/wp\/v2\/pages\/24732\/revisions"}],"predecessor-version":[{"id":26533,"href":"https:\/\/www.iscap.pt\/gri\/wp-json\/wp\/v2\/pages\/24732\/revisions\/26533"}],"wp:attachment":[{"href":"https:\/\/www.iscap.pt\/gri\/wp-json\/wp\/v2\/media?parent=24732"}],"curies":[{"name":"wp","href":"https:\/\/api.w.org\/{rel}","templated":true}]}}