{"id":24789,"date":"2021-05-28T00:51:28","date_gmt":"2021-05-28T00:51:28","guid":{"rendered":"https:\/\/gustavomonteiro.pt\/wp-gri\/?page_id=24789"},"modified":"2026-02-10T12:12:44","modified_gmt":"2026-02-10T12:12:44","slug":"candidatura","status":"publish","type":"page","link":"https:\/\/www.iscap.pt\/gri\/candidatura\/","title":{"rendered":"Candidatura"},"content":{"rendered":"\t\t<div data-elementor-type=\"wp-page\" data-elementor-id=\"24789\" class=\"elementor elementor-24789\">\n\t\t\t\t\t\t<section class=\"elementor-section elementor-top-section elementor-element elementor-element-41b61d2 elementor-section-boxed elementor-section-height-default elementor-section-height-default\" data-id=\"41b61d2\" data-element_type=\"section\">\n\t\t\t\t\t\t<div class=\"elementor-container elementor-column-gap-default\">\n\t\t\t\t\t<div class=\"elementor-column elementor-col-100 elementor-top-column elementor-element elementor-element-e99538a\" data-id=\"e99538a\" data-element_type=\"column\">\n\t\t\t<div class=\"elementor-widget-wrap elementor-element-populated\">\n\t\t\t\t\t\t<div class=\"elementor-element elementor-element-c3f654d elementor-invisible elementor-widget elementor-widget-heading\" data-id=\"c3f654d\" data-element_type=\"widget\" data-settings=\"{&quot;_animation&quot;:&quot;fadeInUp&quot;}\" data-widget_type=\"heading.default\">\n\t\t\t\t<div class=\"elementor-widget-container\">\n\t\t\t<h2 class=\"elementor-heading-title elementor-size-default\">CANDIDATURA<\/h2>\t\t<\/div>\n\t\t\t\t<\/div>\n\t\t\t\t\t<\/div>\n\t\t<\/div>\n\t\t\t\t\t<\/div>\n\t\t<\/section>\n\t\t\t\t<section class=\"elementor-section elementor-top-section elementor-element elementor-element-28a7d27 elementor-section-boxed elementor-section-height-default elementor-section-height-default elementor-invisible\" data-id=\"28a7d27\" data-element_type=\"section\" data-settings=\"{&quot;animation&quot;:&quot;fadeInUp&quot;}\">\n\t\t\t\t\t\t<div class=\"elementor-container elementor-column-gap-default\">\n\t\t\t\t\t<div class=\"elementor-column elementor-col-100 elementor-top-column elementor-element elementor-element-fbb51ed\" data-id=\"fbb51ed\" data-element_type=\"column\">\n\t\t\t<div class=\"elementor-widget-wrap elementor-element-populated\">\n\t\t\t\t\t\t<div class=\"elementor-element elementor-element-1d0a895 elementor-widget elementor-widget-text-editor\" data-id=\"1d0a895\" data-element_type=\"widget\" data-widget_type=\"text-editor.default\">\n\t\t\t\t<div class=\"elementor-widget-container\">\n\t\t\t\t\t\t\t<div><p>Ficamos muito satisfeitos por teres escolhido o ISCAP para realizar um per\u00edodo de mobilidade de estudos!<\/p><p>Aqui, encontras toda a informa\u00e7\u00e3o necess\u00e1ria para formalizares a candidatura, ap\u00f3s teres tratado de todo o processo na tua institui\u00e7\u00e3o de origem e teres sido nomeado como estudante de mobilidade.<\/p><p>A candidatura \u00e9 realizada eletronicamente, atrav\u00e9s do preenchimento e submiss\u00e3o do <a href=\"http:\/\/paol.iscap.ipp.pt\/grisurvey\/index.php?sid=85344&amp;lang=pt\" target=\"_blank\" rel=\"noopener\">Formul\u00e1rio de Candidatura Eletr\u00f3nica<\/a>, mas h\u00e1 v\u00e1rios documentos que t\u00eam de ser carregados, por isso, antes de iniciares o preenchimento do formul\u00e1rio l\u00ea com aten\u00e7\u00e3o toda a informa\u00e7\u00e3o em baixo.<\/p><h3><span style=\"color: #003a8f;\">O que fazer ANTES:<\/span><\/h3><p>1. Seleciona as mat\u00e9rias que desejas estudar. J\u00e1 leste &#8220;<a href=\"https:\/\/gustavomonteiro.pt\/wp-gri\/elaborar-o-plano-de-estudos\/\" target=\"_blank\" rel=\"noopener\">Como elaborar o Plano de Estudos<\/a>&#8220;?<\/p><p>2. Confirma se a tua institui\u00e7\u00e3o de origem j\u00e1 fez a tua nomea\u00e7\u00e3o oficial para o GRI Incoming.<\/p><p>3. Descarrega os documentos necess\u00e1rios, preenche-os e recolhe todas as assinaturas. Depois, dever\u00e1s digitaliza-los, em formato de imagem ou PDF, antes de os anexares \u00e0 candidatura. Os documentos podem ser encontrados em baixo.<\/p><h3 style=\"padding-left: 40px;\"><span style=\"color: #003a8f;\">1. Prazos:<\/span><\/h3><p>Para te candidatares a mobilidade<\/p><p>a) no Primeiro Semestre (setembro a janeiro), deves enviar submeter o formul\u00e1rio at\u00e9 ao dia 1 de junho;<\/p><p>b) no Segundo Semestre (fevereiro a julho), deves submeter o formul\u00e1rio at\u00e9 ao dia\u00a01 de\u00a0novembro.<\/p><h3 style=\"padding-left: 40px;\"><span style=\"color: #003a8f;\">2. Procedimentos:<\/span><\/h3><p>Todos os alunos devem preencher o\u00a0<a href=\"https:\/\/iscap.pt\/gri\/ers\/1\/main.php\" target=\"_blank\" rel=\"noopener\">Formul\u00e1rio de Candidatura Eletr\u00f3nica<\/a>.<\/p><p><strong>a) Documentos necess\u00e1rios<\/strong>:<\/p><ol><li style=\"list-style-type: none;\"><ol><li style=\"list-style-type: none;\"><ul><li>Foto<\/li><li>C\u00f3pia BI \/ Passaporte<\/li><li>Registo Acad\u00e9mico<\/li><li><a href=\"https:\/\/iscap.pt\/gri\/site\/images\/Documents\/Formularios\/IN\/Learning_Agreement_Studies_Form_NOT%20ERASMUS_2017_IN.docx\" target=\"_blank\" rel=\"noopener\">Contrato de Estudos<\/a><\/li><\/ul><\/li><\/ol><\/li><\/ol><p><strong>Nota:<\/strong>\u00a0<em>Todos os documentos devem ser em formato JPG \/ PNG \/ PDF e, quando aplic\u00e1vel, devem ser devidamente assinados antes de serem submetidos.<\/em><\/p><p>N\u00e3o se aceitam fotos dos documentos!<\/p><p>Finalmente, n\u00e3o te esque\u00e7as de confirmar que completaste a candidatura, antes de submeter o <a href=\"http:\/\/paol.iscap.ipp.pt\/grisurvey\/index.php?sid=85344&amp;lang=pt\" target=\"_blank\" rel=\"noopener\">formul\u00e1rio<\/a>. Formul\u00e1rios incompletos n\u00e3o ser\u00e3o considerados.<\/p><\/div>\t\t\t\t\t\t<\/div>\n\t\t\t\t<\/div>\n\t\t\t\t\t<\/div>\n\t\t<\/div>\n\t\t\t\t\t<\/div>\n\t\t<\/section>\n\t\t\t\t<\/div>\n\t\t","protected":false},"excerpt":{"rendered":"<p>CANDIDATURA Ficamos muito satisfeitos por teres escolhido o ISCAP para realizar um per\u00edodo de mobilidade de estudos! Aqui, encontras toda a informa\u00e7\u00e3o necess\u00e1ria para formalizares a candidatura, ap\u00f3s teres tratado de todo o processo na tua institui\u00e7\u00e3o de origem e teres sido nomeado como estudante de mobilidade. A candidatura \u00e9 realizada eletronicamente, atrav\u00e9s do preenchimento [&hellip;]<\/p>\n","protected":false},"author":1,"featured_media":0,"parent":0,"menu_order":0,"comment_status":"closed","ping_status":"closed","template":"","meta":{"_eb_attr":"","site-sidebar-layout":"no-sidebar","site-content-layout":"page-builder","ast-site-content-layout":"","site-content-style":"default","site-sidebar-style":"default","ast-global-header-display":"","ast-banner-title-visibility":"","ast-main-header-display":"","ast-hfb-above-header-display":"","ast-hfb-below-header-display":"","ast-hfb-mobile-header-display":"","site-post-title":"disabled","ast-breadcrumbs-content":"","ast-featured-img":"disabled","footer-sml-layout":"","theme-transparent-header-meta":"default","adv-header-id-meta":"","stick-header-meta":"","header-above-stick-meta":"","header-main-stick-meta":"","header-below-stick-meta":"","astra-migrate-meta-layouts":"default","ast-page-background-enabled":"default","ast-page-background-meta":{"desktop":{"background-color":"","background-image":"","background-repeat":"repeat","background-position":"center center","background-size":"auto","background-attachment":"scroll","background-type":"","background-media":"","overlay-type":"","overlay-color":"","overlay-opacity":"","overlay-gradient":""},"tablet":{"background-color":"","background-image":"","background-repeat":"repeat","background-position":"center center","background-size":"auto","background-attachment":"scroll","background-type":"","background-media":"","overlay-type":"","overlay-color":"","overlay-opacity":"","overlay-gradient":""},"mobile":{"background-color":"","background-image":"","background-repeat":"repeat","background-position":"center center","background-size":"auto","background-attachment":"scroll","background-type":"","background-media":"","overlay-type":"","overlay-color":"","overlay-opacity":"","overlay-gradient":""}},"ast-content-background-meta":{"desktop":{"background-color":"var(--ast-global-color-5)","background-image":"","background-repeat":"repeat","background-position":"center center","background-size":"auto","background-attachment":"scroll","background-type":"","background-media":"","overlay-type":"","overlay-color":"","overlay-opacity":"","overlay-gradient":""},"tablet":{"background-color":"var(--ast-global-color-5)","background-image":"","background-repeat":"repeat","background-position":"center center","background-size":"auto","background-attachment":"scroll","background-type":"","background-media":"","overlay-type":"","overlay-color":"","overlay-opacity":"","overlay-gradient":""},"mobile":{"background-color":"var(--ast-global-color-5)","background-image":"","background-repeat":"repeat","background-position":"center center","background-size":"auto","background-attachment":"scroll","background-type":"","background-media":"","overlay-type":"","overlay-color":"","overlay-opacity":"","overlay-gradient":""}},"footnotes":""},"class_list":["post-24789","page","type-page","status-publish","hentry"],"_links":{"self":[{"href":"https:\/\/www.iscap.pt\/gri\/wp-json\/wp\/v2\/pages\/24789","targetHints":{"allow":["GET"]}}],"collection":[{"href":"https:\/\/www.iscap.pt\/gri\/wp-json\/wp\/v2\/pages"}],"about":[{"href":"https:\/\/www.iscap.pt\/gri\/wp-json\/wp\/v2\/types\/page"}],"author":[{"embeddable":true,"href":"https:\/\/www.iscap.pt\/gri\/wp-json\/wp\/v2\/users\/1"}],"replies":[{"embeddable":true,"href":"https:\/\/www.iscap.pt\/gri\/wp-json\/wp\/v2\/comments?post=24789"}],"version-history":[{"count":25,"href":"https:\/\/www.iscap.pt\/gri\/wp-json\/wp\/v2\/pages\/24789\/revisions"}],"predecessor-version":[{"id":26626,"href":"https:\/\/www.iscap.pt\/gri\/wp-json\/wp\/v2\/pages\/24789\/revisions\/26626"}],"wp:attachment":[{"href":"https:\/\/www.iscap.pt\/gri\/wp-json\/wp\/v2\/media?parent=24789"}],"curies":[{"name":"wp","href":"https:\/\/api.w.org\/{rel}","templated":true}]}}