{"id":24798,"date":"2021-05-28T00:55:45","date_gmt":"2021-05-28T00:55:45","guid":{"rendered":"https:\/\/gustavomonteiro.pt\/wp-gri\/?page_id=24798"},"modified":"2026-02-10T12:17:51","modified_gmt":"2026-02-10T12:17:51","slug":"elaborar-o-plano-de-estudos","status":"publish","type":"page","link":"https:\/\/www.iscap.pt\/gri\/elaborar-o-plano-de-estudos\/","title":{"rendered":"Elaborar o Plano de Estudos"},"content":{"rendered":"\t\t<div data-elementor-type=\"wp-page\" data-elementor-id=\"24798\" class=\"elementor elementor-24798\">\n\t\t\t\t\t\t<section class=\"elementor-section elementor-top-section elementor-element elementor-element-41b61d2 elementor-section-boxed elementor-section-height-default elementor-section-height-default\" data-id=\"41b61d2\" data-element_type=\"section\">\n\t\t\t\t\t\t<div class=\"elementor-container elementor-column-gap-default\">\n\t\t\t\t\t<div class=\"elementor-column elementor-col-100 elementor-top-column elementor-element elementor-element-e99538a\" data-id=\"e99538a\" data-element_type=\"column\">\n\t\t\t<div class=\"elementor-widget-wrap elementor-element-populated\">\n\t\t\t\t\t\t<div class=\"elementor-element elementor-element-c3f654d elementor-invisible elementor-widget elementor-widget-heading\" data-id=\"c3f654d\" data-element_type=\"widget\" data-settings=\"{&quot;_animation&quot;:&quot;fadeInUp&quot;}\" data-widget_type=\"heading.default\">\n\t\t\t\t<div class=\"elementor-widget-container\">\n\t\t\t<h2 class=\"elementor-heading-title elementor-size-default\">COMO ELABORAR O PLANO DE ESTUDOS<\/h2>\t\t<\/div>\n\t\t\t\t<\/div>\n\t\t\t\t\t<\/div>\n\t\t<\/div>\n\t\t\t\t\t<\/div>\n\t\t<\/section>\n\t\t\t\t<section class=\"elementor-section elementor-top-section elementor-element elementor-element-28a7d27 elementor-section-boxed elementor-section-height-default elementor-section-height-default elementor-invisible\" data-id=\"28a7d27\" data-element_type=\"section\" data-settings=\"{&quot;animation&quot;:&quot;fadeInUp&quot;}\">\n\t\t\t\t\t\t<div class=\"elementor-container elementor-column-gap-default\">\n\t\t\t\t\t<div class=\"elementor-column elementor-col-100 elementor-top-column elementor-element elementor-element-fbb51ed\" data-id=\"fbb51ed\" data-element_type=\"column\">\n\t\t\t<div class=\"elementor-widget-wrap elementor-element-populated\">\n\t\t\t\t\t\t<div class=\"elementor-element elementor-element-1d0a895 elementor-invisible elementor-widget elementor-widget-text-editor\" data-id=\"1d0a895\" data-element_type=\"widget\" data-settings=\"{&quot;_animation&quot;:&quot;fadeInUp&quot;}\" data-widget_type=\"text-editor.default\">\n\t\t\t\t<div class=\"elementor-widget-container\">\n\t\t\t\t\t\t\t<p>Como aluno de mobilidade do Brasil ou de Espanha, podes estudar em portugu\u00eas ou em ingl\u00eas (dentro das op\u00e7\u00f5es oferecidas no <a href=\"https:\/\/gustavomonteiro.pt\/wp-gri\/exchange-programme\/\" target=\"_blank\" rel=\"noopener\">Plano de Estudos Internacional<\/a>).<\/p><p>Se decidires estudar em portugu\u00eas, podes selecionar qualquer unidade curricular (UC) (mat\u00e9ria) dos v\u00e1rios <a href=\"https:\/\/www.iscap.ipp.pt\/cursos\/licenciatura\" target=\"_blank\" rel=\"noopener\">Planos de Estudos de Licenciatura ou de Mestrado <\/a>oferecidos pelo ISCAP.<\/p><p>Deves, no entanto, ter aten\u00e7\u00e3o ao seguinte:<\/p><p>1. O primeiro semestre corresponde ao per\u00edodo entre Setembro e Fevereiro;<\/p><p>2. O segundo semestre corresponde ao per\u00edodo entre Fevereiro\/Mar\u00e7o e Julho;<\/p><p>3. Cada ECTS corresponde a 28 horas de trabalho (aulas e trabalho aut\u00f3nomo);<\/p><p>4. N\u00e3o podes frequentar mais de 40 ECTS por semestre, sendo que o n\u00famero m\u00e9dio \u00e9 de 30 ECTS.<\/p><p>5. Se escolheres UC de v\u00e1rios cursos, poder\u00e1 haver sobreposi\u00e7\u00e3o no hor\u00e1rio. Como temos hor\u00e1rios diurnos e noturnos, poder\u00e1s depois ter de escolher turmas diurnas e noturnas para poderes frequentar todas as UC do Plano de Estudos aprovado.<\/p><p>6. Tamb\u00e9m h\u00e1 UC com designa\u00e7\u00f5es diferentes, mas com conte\u00fado id\u00eantico, que n\u00e3o podes frequentar em simult\u00e2neo, como \u00e9 o caso de:<\/p><ul><li>Probabilidade e Estat\u00edstica (2368) e Estat\u00edstica I (2070)<\/li><li>Organiza\u00e7\u00e3o e Gest\u00e3o de Empresas (1136) e Introdu\u00e7\u00e3o \u00e0 Gest\u00e3o (2121)<\/li><\/ul><p>7. Em algumas UC pr\u00e1ticas, em ambiente empresarial, nomeadamente do curso de licenciatura em Contabilidade e Administra\u00e7\u00e3o, poder\u00e1 ser necess\u00e1rio pagar uma pequena taxa de consum\u00edveis (Ex. Contabilidadade Geral, Contabilidade Financeira).<\/p>\t\t\t\t\t\t<\/div>\n\t\t\t\t<\/div>\n\t\t\t\t\t<\/div>\n\t\t<\/div>\n\t\t\t\t\t<\/div>\n\t\t<\/section>\n\t\t\t\t<\/div>\n\t\t","protected":false},"excerpt":{"rendered":"<p>COMO ELABORAR O PLANO DE ESTUDOS Como aluno de mobilidade do Brasil ou de Espanha, podes estudar em portugu\u00eas ou em ingl\u00eas (dentro das op\u00e7\u00f5es oferecidas no Plano de Estudos Internacional). Se decidires estudar em portugu\u00eas, podes selecionar qualquer unidade curricular (UC) (mat\u00e9ria) dos v\u00e1rios Planos de Estudos de Licenciatura ou de Mestrado oferecidos pelo [&hellip;]<\/p>\n","protected":false},"author":1,"featured_media":0,"parent":0,"menu_order":0,"comment_status":"closed","ping_status":"closed","template":"","meta":{"_eb_attr":"","site-sidebar-layout":"no-sidebar","site-content-layout":"page-builder","ast-site-content-layout":"","site-content-style":"default","site-sidebar-style":"default","ast-global-header-display":"","ast-banner-title-visibility":"","ast-main-header-display":"","ast-hfb-above-header-display":"","ast-hfb-below-header-display":"","ast-hfb-mobile-header-display":"","site-post-title":"disabled","ast-breadcrumbs-content":"","ast-featured-img":"disabled","footer-sml-layout":"","theme-transparent-header-meta":"default","adv-header-id-meta":"","stick-header-meta":"","header-above-stick-meta":"","header-main-stick-meta":"","header-below-stick-meta":"","astra-migrate-meta-layouts":"default","ast-page-background-enabled":"default","ast-page-background-meta":{"desktop":{"background-color":"","background-image":"","background-repeat":"repeat","background-position":"center center","background-size":"auto","background-attachment":"scroll","background-type":"","background-media":"","overlay-type":"","overlay-color":"","overlay-opacity":"","overlay-gradient":""},"tablet":{"background-color":"","background-image":"","background-repeat":"repeat","background-position":"center center","background-size":"auto","background-attachment":"scroll","background-type":"","background-media":"","overlay-type":"","overlay-color":"","overlay-opacity":"","overlay-gradient":""},"mobile":{"background-color":"","background-image":"","background-repeat":"repeat","background-position":"center center","background-size":"auto","background-attachment":"scroll","background-type":"","background-media":"","overlay-type":"","overlay-color":"","overlay-opacity":"","overlay-gradient":""}},"ast-content-background-meta":{"desktop":{"background-color":"var(--ast-global-color-5)","background-image":"","background-repeat":"repeat","background-position":"center center","background-size":"auto","background-attachment":"scroll","background-type":"","background-media":"","overlay-type":"","overlay-color":"","overlay-opacity":"","overlay-gradient":""},"tablet":{"background-color":"var(--ast-global-color-5)","background-image":"","background-repeat":"repeat","background-position":"center center","background-size":"auto","background-attachment":"scroll","background-type":"","background-media":"","overlay-type":"","overlay-color":"","overlay-opacity":"","overlay-gradient":""},"mobile":{"background-color":"var(--ast-global-color-5)","background-image":"","background-repeat":"repeat","background-position":"center center","background-size":"auto","background-attachment":"scroll","background-type":"","background-media":"","overlay-type":"","overlay-color":"","overlay-opacity":"","overlay-gradient":""}},"footnotes":""},"class_list":["post-24798","page","type-page","status-publish","hentry"],"_links":{"self":[{"href":"https:\/\/www.iscap.pt\/gri\/wp-json\/wp\/v2\/pages\/24798","targetHints":{"allow":["GET"]}}],"collection":[{"href":"https:\/\/www.iscap.pt\/gri\/wp-json\/wp\/v2\/pages"}],"about":[{"href":"https:\/\/www.iscap.pt\/gri\/wp-json\/wp\/v2\/types\/page"}],"author":[{"embeddable":true,"href":"https:\/\/www.iscap.pt\/gri\/wp-json\/wp\/v2\/users\/1"}],"replies":[{"embeddable":true,"href":"https:\/\/www.iscap.pt\/gri\/wp-json\/wp\/v2\/comments?post=24798"}],"version-history":[{"count":10,"href":"https:\/\/www.iscap.pt\/gri\/wp-json\/wp\/v2\/pages\/24798\/revisions"}],"predecessor-version":[{"id":26638,"href":"https:\/\/www.iscap.pt\/gri\/wp-json\/wp\/v2\/pages\/24798\/revisions\/26638"}],"wp:attachment":[{"href":"https:\/\/www.iscap.pt\/gri\/wp-json\/wp\/v2\/media?parent=24798"}],"curies":[{"name":"wp","href":"https:\/\/api.w.org\/{rel}","templated":true}]}}