{"id":24850,"date":"2021-05-28T01:39:56","date_gmt":"2021-05-28T01:39:56","guid":{"rendered":"https:\/\/gustavomonteiro.pt\/wp-gri\/?page_id=24850"},"modified":"2026-02-10T12:16:58","modified_gmt":"2026-02-10T12:16:58","slug":"sistema-de-buddies","status":"publish","type":"page","link":"https:\/\/www.iscap.pt\/gri\/sistema-de-buddies\/","title":{"rendered":"Sistema de Buddies"},"content":{"rendered":"\t\t<div data-elementor-type=\"wp-page\" data-elementor-id=\"24850\" class=\"elementor elementor-24850\">\n\t\t\t\t\t\t<section class=\"elementor-section elementor-top-section elementor-element elementor-element-41b61d2 elementor-section-boxed elementor-section-height-default elementor-section-height-default\" data-id=\"41b61d2\" data-element_type=\"section\">\n\t\t\t\t\t\t<div class=\"elementor-container elementor-column-gap-default\">\n\t\t\t\t\t<div class=\"elementor-column elementor-col-100 elementor-top-column elementor-element elementor-element-e99538a\" data-id=\"e99538a\" data-element_type=\"column\">\n\t\t\t<div class=\"elementor-widget-wrap elementor-element-populated\">\n\t\t\t\t\t\t<div class=\"elementor-element elementor-element-c3f654d elementor-invisible elementor-widget elementor-widget-heading\" data-id=\"c3f654d\" data-element_type=\"widget\" data-settings=\"{&quot;_animation&quot;:&quot;fadeInUp&quot;}\" data-widget_type=\"heading.default\">\n\t\t\t\t<div class=\"elementor-widget-container\">\n\t\t\t<h2 class=\"elementor-heading-title elementor-size-default\">SISTEMA DE BUDDIES: COMAP<\/h2>\t\t<\/div>\n\t\t\t\t<\/div>\n\t\t\t\t\t<\/div>\n\t\t<\/div>\n\t\t\t\t\t<\/div>\n\t\t<\/section>\n\t\t\t\t<section class=\"elementor-section elementor-top-section elementor-element elementor-element-28a7d27 elementor-section-boxed elementor-section-height-default elementor-section-height-default\" data-id=\"28a7d27\" data-element_type=\"section\">\n\t\t\t\t\t\t<div class=\"elementor-container elementor-column-gap-default\">\n\t\t\t\t\t<div class=\"elementor-column elementor-col-100 elementor-top-column elementor-element elementor-element-fbb51ed\" data-id=\"fbb51ed\" data-element_type=\"column\">\n\t\t\t<div class=\"elementor-widget-wrap elementor-element-populated\">\n\t\t\t\t\t\t<div class=\"elementor-element elementor-element-1d0a895 elementor-invisible elementor-widget elementor-widget-text-editor\" data-id=\"1d0a895\" data-element_type=\"widget\" data-settings=\"{&quot;_animation&quot;:&quot;fadeInUp&quot;}\" data-widget_type=\"text-editor.default\">\n\t\t\t\t<div class=\"elementor-widget-container\">\n\t\t\t\t\t\t\t<p>A <span style=\"text-decoration: underline;\"><a href=\"https:\/\/sites.google.com\/view\/comap-iscap\/home\">COMAP<\/a><\/span> \u00e9 a Comiss\u00e3o de Apadrinhamento, constitu\u00edda por alunos de v\u00e1rios cursos e anos do ISCAP que se\u00a0voluntariam para apoiar\u00a0o processo de mobilidade dos alunos de interc\u00e2mbio que acolhemos.\u00a0<\/p><p>A COMAP foi fundada em 2011 e desde essa altura trabalha em estreita colabora\u00e7\u00e3o com o Gabinete de Rela\u00e7\u00f5es Internacionais do ISCAP (GRI-ISCAP) no recrutamento de padrinhos e madrinhas (Buddies), organiza\u00e7\u00e3o de atividades, principalmente as Semanas de Orienta\u00e7\u00e3o, e noutras a\u00e7\u00f5es de apoio \u00e0 mobilidade.<\/p><p>Al\u00e9m disso, e como o ISCAP-IPP n\u00e3o tem Resid\u00eancias para Estudantes, a COMAP gere uma base de dados de Alojamento, com ofertas validadas por visitas aos locais.<\/p>\t\t\t\t\t\t<\/div>\n\t\t\t\t<\/div>\n\t\t\t\t\t<\/div>\n\t\t<\/div>\n\t\t\t\t\t<\/div>\n\t\t<\/section>\n\t\t\t\t<section class=\"elementor-section elementor-top-section elementor-element elementor-element-4a072ef elementor-section-boxed elementor-section-height-default elementor-section-height-default\" data-id=\"4a072ef\" data-element_type=\"section\">\n\t\t\t\t\t\t<div class=\"elementor-container elementor-column-gap-default\">\n\t\t\t\t\t<div class=\"elementor-column elementor-col-100 elementor-top-column elementor-element elementor-element-05cc7d4\" data-id=\"05cc7d4\" data-element_type=\"column\">\n\t\t\t<div class=\"elementor-widget-wrap elementor-element-populated\">\n\t\t\t\t\t\t<div class=\"elementor-element elementor-element-3ad302a elementor-invisible elementor-widget elementor-widget-image\" data-id=\"3ad302a\" data-element_type=\"widget\" data-settings=\"{&quot;_animation&quot;:&quot;fadeInUp&quot;}\" data-widget_type=\"image.default\">\n\t\t\t\t<div class=\"elementor-widget-container\">\n\t\t\t\t\t\t\t\t\t\t\t\t\t<img fetchpriority=\"high\" decoding=\"async\" width=\"768\" height=\"370\" src=\"https:\/\/www.iscap.pt\/gri\/wp-content\/uploads\/2021\/06\/IMG_20200204_145339-scaled-e1622550434441-768x370.jpg\" class=\"attachment-medium_large size-medium_large wp-image-24993\" alt=\"comap erasmus iscap porto\" srcset=\"https:\/\/www.iscap.pt\/gri\/wp-content\/uploads\/2021\/06\/IMG_20200204_145339-scaled-e1622550434441-768x370.jpg 768w, https:\/\/www.iscap.pt\/gri\/wp-content\/uploads\/2021\/06\/IMG_20200204_145339-scaled-e1622550434441-300x145.jpg 300w, https:\/\/www.iscap.pt\/gri\/wp-content\/uploads\/2021\/06\/IMG_20200204_145339-scaled-e1622550434441-1024x494.jpg 1024w, https:\/\/www.iscap.pt\/gri\/wp-content\/uploads\/2021\/06\/IMG_20200204_145339-scaled-e1622550434441-1536x740.jpg 1536w, https:\/\/www.iscap.pt\/gri\/wp-content\/uploads\/2021\/06\/IMG_20200204_145339-scaled-e1622550434441-2048x987.jpg 2048w\" sizes=\"(max-width: 768px) 100vw, 768px\" \/>\t\t\t\t\t\t\t\t\t\t\t\t\t<\/div>\n\t\t\t\t<\/div>\n\t\t\t\t\t<\/div>\n\t\t<\/div>\n\t\t\t\t\t<\/div>\n\t\t<\/section>\n\t\t\t\t<\/div>\n\t\t","protected":false},"excerpt":{"rendered":"<p>SISTEMA DE BUDDIES: COMAP A COMAP \u00e9 a Comiss\u00e3o de Apadrinhamento, constitu\u00edda por alunos de v\u00e1rios cursos e anos do ISCAP que se\u00a0voluntariam para apoiar\u00a0o processo de mobilidade dos alunos de interc\u00e2mbio que acolhemos.\u00a0 A COMAP foi fundada em 2011 e desde essa altura trabalha em estreita colabora\u00e7\u00e3o com o Gabinete de Rela\u00e7\u00f5es Internacionais do [&hellip;]<\/p>\n","protected":false},"author":1,"featured_media":0,"parent":0,"menu_order":0,"comment_status":"closed","ping_status":"closed","template":"","meta":{"_eb_attr":"","site-sidebar-layout":"no-sidebar","site-content-layout":"page-builder","ast-site-content-layout":"","site-content-style":"default","site-sidebar-style":"default","ast-global-header-display":"","ast-banner-title-visibility":"","ast-main-header-display":"","ast-hfb-above-header-display":"","ast-hfb-below-header-display":"","ast-hfb-mobile-header-display":"","site-post-title":"disabled","ast-breadcrumbs-content":"","ast-featured-img":"disabled","footer-sml-layout":"","theme-transparent-header-meta":"default","adv-header-id-meta":"","stick-header-meta":"","header-above-stick-meta":"","header-main-stick-meta":"","header-below-stick-meta":"","astra-migrate-meta-layouts":"default","ast-page-background-enabled":"default","ast-page-background-meta":{"desktop":{"background-color":"","background-image":"","background-repeat":"repeat","background-position":"center center","background-size":"auto","background-attachment":"scroll","background-type":"","background-media":"","overlay-type":"","overlay-color":"","overlay-opacity":"","overlay-gradient":""},"tablet":{"background-color":"","background-image":"","background-repeat":"repeat","background-position":"center center","background-size":"auto","background-attachment":"scroll","background-type":"","background-media":"","overlay-type":"","overlay-color":"","overlay-opacity":"","overlay-gradient":""},"mobile":{"background-color":"","background-image":"","background-repeat":"repeat","background-position":"center center","background-size":"auto","background-attachment":"scroll","background-type":"","background-media":"","overlay-type":"","overlay-color":"","overlay-opacity":"","overlay-gradient":""}},"ast-content-background-meta":{"desktop":{"background-color":"var(--ast-global-color-5)","background-image":"","background-repeat":"repeat","background-position":"center center","background-size":"auto","background-attachment":"scroll","background-type":"","background-media":"","overlay-type":"","overlay-color":"","overlay-opacity":"","overlay-gradient":""},"tablet":{"background-color":"var(--ast-global-color-5)","background-image":"","background-repeat":"repeat","background-position":"center center","background-size":"auto","background-attachment":"scroll","background-type":"","background-media":"","overlay-type":"","overlay-color":"","overlay-opacity":"","overlay-gradient":""},"mobile":{"background-color":"var(--ast-global-color-5)","background-image":"","background-repeat":"repeat","background-position":"center center","background-size":"auto","background-attachment":"scroll","background-type":"","background-media":"","overlay-type":"","overlay-color":"","overlay-opacity":"","overlay-gradient":""}},"footnotes":""},"class_list":["post-24850","page","type-page","status-publish","hentry"],"_links":{"self":[{"href":"https:\/\/www.iscap.pt\/gri\/wp-json\/wp\/v2\/pages\/24850","targetHints":{"allow":["GET"]}}],"collection":[{"href":"https:\/\/www.iscap.pt\/gri\/wp-json\/wp\/v2\/pages"}],"about":[{"href":"https:\/\/www.iscap.pt\/gri\/wp-json\/wp\/v2\/types\/page"}],"author":[{"embeddable":true,"href":"https:\/\/www.iscap.pt\/gri\/wp-json\/wp\/v2\/users\/1"}],"replies":[{"embeddable":true,"href":"https:\/\/www.iscap.pt\/gri\/wp-json\/wp\/v2\/comments?post=24850"}],"version-history":[{"count":28,"href":"https:\/\/www.iscap.pt\/gri\/wp-json\/wp\/v2\/pages\/24850\/revisions"}],"predecessor-version":[{"id":26635,"href":"https:\/\/www.iscap.pt\/gri\/wp-json\/wp\/v2\/pages\/24850\/revisions\/26635"}],"wp:attachment":[{"href":"https:\/\/www.iscap.pt\/gri\/wp-json\/wp\/v2\/media?parent=24850"}],"curies":[{"name":"wp","href":"https:\/\/api.w.org\/{rel}","templated":true}]}}