{"id":25140,"date":"2021-06-07T01:33:23","date_gmt":"2021-06-07T01:33:23","guid":{"rendered":"https:\/\/gustavomonteiro.pt\/wp-gri\/?page_id=25140"},"modified":"2026-02-19T17:20:12","modified_gmt":"2026-02-19T17:20:12","slug":"front-erasmus","status":"publish","type":"page","link":"https:\/\/www.iscap.pt\/gri\/front-erasmus\/","title":{"rendered":"Front Erasmus+"},"content":{"rendered":"\t\t<div data-elementor-type=\"wp-page\" data-elementor-id=\"25140\" class=\"elementor elementor-25140\">\n\t\t\t\t\t\t<section class=\"elementor-section elementor-top-section elementor-element elementor-element-41b61d2 elementor-section-boxed elementor-section-height-default elementor-section-height-default\" data-id=\"41b61d2\" data-element_type=\"section\">\n\t\t\t\t\t\t<div class=\"elementor-container elementor-column-gap-default\">\n\t\t\t\t\t<div class=\"elementor-column elementor-col-100 elementor-top-column elementor-element elementor-element-e99538a\" data-id=\"e99538a\" data-element_type=\"column\">\n\t\t\t<div class=\"elementor-widget-wrap elementor-element-populated\">\n\t\t\t\t\t\t<div class=\"elementor-element elementor-element-c3f654d elementor-invisible elementor-widget elementor-widget-heading\" data-id=\"c3f654d\" data-element_type=\"widget\" data-settings=\"{&quot;_animation&quot;:&quot;fadeInUp&quot;}\" data-widget_type=\"heading.default\">\n\t\t\t\t<div class=\"elementor-widget-container\">\n\t\t\t<h2 class=\"elementor-heading-title elementor-size-default\">ERASMUS+<\/h2>\t\t<\/div>\n\t\t\t\t<\/div>\n\t\t\t\t\t<\/div>\n\t\t<\/div>\n\t\t\t\t\t<\/div>\n\t\t<\/section>\n\t\t\t\t<section class=\"elementor-section elementor-top-section elementor-element elementor-element-28a7d27 elementor-section-boxed elementor-section-height-default elementor-section-height-default elementor-invisible\" data-id=\"28a7d27\" data-element_type=\"section\" data-settings=\"{&quot;animation&quot;:&quot;fadeInUp&quot;}\">\n\t\t\t\t\t\t<div class=\"elementor-container elementor-column-gap-default\">\n\t\t\t\t\t<div class=\"elementor-column elementor-col-100 elementor-top-column elementor-element elementor-element-fbb51ed\" data-id=\"fbb51ed\" data-element_type=\"column\">\n\t\t\t<div class=\"elementor-widget-wrap elementor-element-populated\">\n\t\t\t\t\t\t<div class=\"elementor-element elementor-element-1d0a895 elementor-widget elementor-widget-text-editor\" data-id=\"1d0a895\" data-element_type=\"widget\" data-widget_type=\"text-editor.default\">\n\t\t\t\t<div class=\"elementor-widget-container\">\n\t\t\t\t\t\t\t<h3 style=\"padding-left: 40px;\"><span style=\"color: #8b1e1e;\">1. O que \u00e9?<\/span><\/h3><p>O <a href=\"http:\/\/ec.europa.eu\/programmes\/erasmus-plus\/individuals_en#tab-1-1\" target=\"_blank\" rel=\"noopener\"><span style=\"text-decoration: underline;\">Erasmus+<\/span><\/a> \u00e9 o programa da UE nos dom\u00ednios da educa\u00e7\u00e3o, da forma\u00e7\u00e3o, da juventude e do desporto para o per\u00edodo de 2021-2027.<\/p><h3 style=\"padding-left: 40px;\"><span style=\"color: #8b1e1e;\">2. Dimens\u00e3o<\/span><\/h3><p>O Programa Erasmus+ cont\u00e9m uma forte dimens\u00e3o internacional (ou seja, coopera\u00e7\u00e3o com Pa\u00edses Parceiros), designadamente nos dom\u00ednios do ensino superior e da juventude. No dom\u00ednio do ensino superior, o Programa Erasmus+ apoia as seguintes A\u00e7\u00f5es principais orientadas para a coopera\u00e7\u00e3o com Pa\u00edses Parceiros:<\/p><ul><li><strong>Mobilidade internacional de indiv\u00edduos e respetivos cr\u00e9ditos e Mestrados Conjuntos Erasmus Mundus (ao abrigo da A\u00e7\u00e3o-chave 1) promovendo a mobilidade dos estudantes e dos membros do pessoal de e para Pa\u00edses Parceiros; <\/strong><\/li><li>Projetos de Refor\u00e7o de Capacidades no ensino superior (ao abrigo da A\u00e7\u00e3o-chave 2) que promovam a coopera\u00e7\u00e3o e as parcerias com impacto na moderniza\u00e7\u00e3o e na internacionaliza\u00e7\u00e3o das institui\u00e7\u00f5es e dos sistemas de ensino superior nos Pa\u00edses Parceiros, com especial destaque para os Pa\u00edses Parceiros vizinhos da UE;<\/li><li>Apoio ao di\u00e1logo pol\u00edtico (ao abrigo da A\u00e7\u00e3o-chave 3), atrav\u00e9s da rede de Peritos para a Reforma do Ensino Superior nos Pa\u00edses Parceiros vizinhos da UE, da associa\u00e7\u00e3o internacional de antigos alunos, do di\u00e1logo pol\u00edtico com Pa\u00edses Parceiros, e de eventos internacionais de atra\u00e7\u00e3o e promo\u00e7\u00e3o;<\/li><li>Atividades Jean Monnet com o objetivo de estimular o ensino, a investiga\u00e7\u00e3o e a reflex\u00e3o no dom\u00ednio dos estudos sobre a Uni\u00e3o Europeia a n\u00edvel mundial.<\/li><\/ul><h3 style=\"padding-left: 40px;\"><span style=\"color: #8b1e1e;\">3. Objetivos<\/span><\/h3><p>&#8220;O objetivo desta a\u00e7\u00e3o \u00e9 contribuir para criar um Espa\u00e7o Europeu da Educa\u00e7\u00e3o, assim como refor\u00e7ar a liga\u00e7\u00e3o entre a educa\u00e7\u00e3o e a investiga\u00e7\u00e3o, e promover as aptid\u00f5es de pensamento cr\u00edtico dos<strong> estudantes<\/strong> de todas as disciplinas e a todos os n\u00edveis (nomeadamente os n\u00edveis de licenciatura, mestrado e doutoramento). A a\u00e7\u00e3o visa tamb\u00e9m promover a empregabilidade, a inclus\u00e3o social, o envolvimento c\u00edvico, a inova\u00e7\u00e3o e a sustentabilidade ambiental na Europa e n\u00e3o s\u00f3, proporcionado a todos os estudantes a oportunidade de estudar ou obter forma\u00e7\u00e3o no estrangeiro no \u00e2mbito dos seus estudos, a fim de:<\/p><ul><li>expor os estudantes a diferentes vis\u00f5es, conhecimentos e m\u00e9todos de ensino e investiga\u00e7\u00e3o, bem como a pr\u00e1ticas profissionais na sua \u00e1rea de estudo;<\/li><li>desenvolver as suas compet\u00eancias transversais, como a comunica\u00e7\u00e3o, a l\u00edngua, a resolu\u00e7\u00e3o de problemas, as compet\u00eancias interculturais e as compet\u00eancias de investiga\u00e7\u00e3o;<\/li><li>desenvolver compet\u00eancias orientadas para o futuro, como as compet\u00eancias digitais, que lhes permitir\u00e3o responder aos desafios do presente e do futuro;<\/li><li>promover o desenvolvimento pessoal, nomeadamente a capacidade de adapta\u00e7\u00e3o a novas situa\u00e7\u00f5es e a autoconfian\u00e7a.<\/li><\/ul><p>O objetivo \u00e9 tamb\u00e9m permitir que<strong> qualquer membro do pessoal<\/strong>, incluindo das empresas, ensine ou d\u00ea forma\u00e7\u00e3o no estrangeiro no \u00e2mbito do seu desenvolvimento profissional, a fim de:<\/p><ul><li>partilhar os seus conhecimentos especializados;<\/li><li>experienciar novos ambientes de ensino;<\/li><li>adquirir compet\u00eancias pedag\u00f3gicas e de conce\u00e7\u00e3o de programas curriculares, bem como compet\u00eancias digitais, novas e inovadoras;<\/li><li>estabelecer liga\u00e7\u00f5es com pares no estrangeiro para desenvolver atividades comuns com vista a alcan\u00e7ar os objetivos do programa;<\/li><li>partilhar boas pr\u00e1ticas e refor\u00e7ar a coopera\u00e7\u00e3o entre institui\u00e7\u00f5es de ensino superior;<\/li><li>preparar melhor os estudantes para o mundo do trabalho, integrando pessoal das empresas nos cursos.&#8221; (In Guia do Programa Erasmus+, p.42.. Obtido de <a href=\"https:\/\/erasmus-plus.ec.europa.eu\/sites\/default\/files\/2021-11\/2022-erasmusplus-programme-guide_pt.pdf\">2022-erasmusplus-programme-guide_pt.pdf (europa.eu)<\/a>)<\/li><\/ul><h3 style=\"padding-left: 40px;\"><span style=\"color: #8b1e1e;\">4. Como Funciona?<\/span><\/h3><p>O projeto de mobilidade ERASMUS+ \u00e9 coordenado no P.PORTO, atrav\u00e9s do Gabinete de Coopera\u00e7\u00e3o e Rela\u00e7\u00f5es Internacionais, mas o GRI-ISCAP \u00e9 o\u00a0 ponto de contacto no ISCAP para informa\u00e7\u00f5es e candidaturas.<\/p><p>O financimento, atrav\u00e9s da atribui\u00e7\u00e3o de uma bolsa ERASMUS+, depende do or\u00e7amento dispon\u00edvel, mas tentamos sempre que todos os candidatos a mobilidade ERASMUS+ tenham, pelo menos, um per\u00edodo m\u00ednimo de mobilidade financiada.<\/p>\t\t\t\t\t\t<\/div>\n\t\t\t\t<\/div>\n\t\t\t\t\t<\/div>\n\t\t<\/div>\n\t\t\t\t\t<\/div>\n\t\t<\/section>\n\t\t\t\t<\/div>\n\t\t","protected":false},"excerpt":{"rendered":"<p>ERASMUS+ 1. O que \u00e9? O Erasmus+ \u00e9 o programa da UE nos dom\u00ednios da educa\u00e7\u00e3o, da forma\u00e7\u00e3o, da juventude e do desporto para o per\u00edodo de 2021-2027. 2. Dimens\u00e3o O Programa Erasmus+ cont\u00e9m uma forte dimens\u00e3o internacional (ou seja, coopera\u00e7\u00e3o com Pa\u00edses Parceiros), designadamente nos dom\u00ednios do ensino superior e da juventude. No dom\u00ednio [&hellip;]<\/p>\n","protected":false},"author":1,"featured_media":0,"parent":0,"menu_order":0,"comment_status":"closed","ping_status":"closed","template":"","meta":{"_eb_attr":"","site-sidebar-layout":"no-sidebar","site-content-layout":"page-builder","ast-site-content-layout":"","site-content-style":"default","site-sidebar-style":"default","ast-global-header-display":"","ast-banner-title-visibility":"","ast-main-header-display":"","ast-hfb-above-header-display":"","ast-hfb-below-header-display":"","ast-hfb-mobile-header-display":"","site-post-title":"disabled","ast-breadcrumbs-content":"","ast-featured-img":"disabled","footer-sml-layout":"","theme-transparent-header-meta":"default","adv-header-id-meta":"","stick-header-meta":"","header-above-stick-meta":"","header-main-stick-meta":"","header-below-stick-meta":"","astra-migrate-meta-layouts":"default","ast-page-background-enabled":"default","ast-page-background-meta":{"desktop":{"background-color":"","background-image":"","background-repeat":"repeat","background-position":"center center","background-size":"auto","background-attachment":"scroll","background-type":"","background-media":"","overlay-type":"","overlay-color":"","overlay-opacity":"","overlay-gradient":""},"tablet":{"background-color":"","background-image":"","background-repeat":"repeat","background-position":"center center","background-size":"auto","background-attachment":"scroll","background-type":"","background-media":"","overlay-type":"","overlay-color":"","overlay-opacity":"","overlay-gradient":""},"mobile":{"background-color":"","background-image":"","background-repeat":"repeat","background-position":"center center","background-size":"auto","background-attachment":"scroll","background-type":"","background-media":"","overlay-type":"","overlay-color":"","overlay-opacity":"","overlay-gradient":""}},"ast-content-background-meta":{"desktop":{"background-color":"var(--ast-global-color-5)","background-image":"","background-repeat":"repeat","background-position":"center center","background-size":"auto","background-attachment":"scroll","background-type":"","background-media":"","overlay-type":"","overlay-color":"","overlay-opacity":"","overlay-gradient":""},"tablet":{"background-color":"var(--ast-global-color-5)","background-image":"","background-repeat":"repeat","background-position":"center center","background-size":"auto","background-attachment":"scroll","background-type":"","background-media":"","overlay-type":"","overlay-color":"","overlay-opacity":"","overlay-gradient":""},"mobile":{"background-color":"var(--ast-global-color-5)","background-image":"","background-repeat":"repeat","background-position":"center center","background-size":"auto","background-attachment":"scroll","background-type":"","background-media":"","overlay-type":"","overlay-color":"","overlay-opacity":"","overlay-gradient":""}},"footnotes":""},"class_list":["post-25140","page","type-page","status-publish","hentry"],"_links":{"self":[{"href":"https:\/\/www.iscap.pt\/gri\/wp-json\/wp\/v2\/pages\/25140","targetHints":{"allow":["GET"]}}],"collection":[{"href":"https:\/\/www.iscap.pt\/gri\/wp-json\/wp\/v2\/pages"}],"about":[{"href":"https:\/\/www.iscap.pt\/gri\/wp-json\/wp\/v2\/types\/page"}],"author":[{"embeddable":true,"href":"https:\/\/www.iscap.pt\/gri\/wp-json\/wp\/v2\/users\/1"}],"replies":[{"embeddable":true,"href":"https:\/\/www.iscap.pt\/gri\/wp-json\/wp\/v2\/comments?post=25140"}],"version-history":[{"count":40,"href":"https:\/\/www.iscap.pt\/gri\/wp-json\/wp\/v2\/pages\/25140\/revisions"}],"predecessor-version":[{"id":26811,"href":"https:\/\/www.iscap.pt\/gri\/wp-json\/wp\/v2\/pages\/25140\/revisions\/26811"}],"wp:attachment":[{"href":"https:\/\/www.iscap.pt\/gri\/wp-json\/wp\/v2\/media?parent=25140"}],"curies":[{"name":"wp","href":"https:\/\/api.w.org\/{rel}","templated":true}]}}