{"id":25291,"date":"2021-09-15T17:58:03","date_gmt":"2021-09-15T17:58:03","guid":{"rendered":"https:\/\/www.iscap.pt\/gri\/?page_id=25291"},"modified":"2026-02-09T15:13:11","modified_gmt":"2026-02-09T15:13:11","slug":"teste","status":"publish","type":"page","link":"https:\/\/www.iscap.pt\/gri\/about-iscap\/teste\/","title":{"rendered":"Programa Vasco da Gama"},"content":{"rendered":"\t\t<div data-elementor-type=\"wp-page\" data-elementor-id=\"25291\" class=\"elementor elementor-25291\">\n\t\t\t\t\t\t<section class=\"elementor-section elementor-top-section elementor-element elementor-element-6c673ebd elementor-section-boxed elementor-section-height-default elementor-section-height-default elementor-invisible\" data-id=\"6c673ebd\" data-element_type=\"section\" data-settings=\"{&quot;animation&quot;:&quot;fadeInUp&quot;}\">\n\t\t\t\t\t\t<div class=\"elementor-container elementor-column-gap-default\">\n\t\t\t\t\t<div class=\"elementor-column elementor-col-100 elementor-top-column elementor-element elementor-element-7b37be02\" data-id=\"7b37be02\" data-element_type=\"column\">\n\t\t\t<div class=\"elementor-widget-wrap elementor-element-populated\">\n\t\t\t\t\t\t<div class=\"elementor-element elementor-element-505e765a elementor-widget elementor-widget-text-editor\" data-id=\"505e765a\" data-element_type=\"widget\" data-widget_type=\"text-editor.default\">\n\t\t\t\t<div class=\"elementor-widget-container\">\n\t\t\t\t\t\t\t<h4><strong><span style=\"color: #8b1e1e;\">\u00c2mbito<\/span><\/strong><\/h4><ol><li>O programa Vasco da Gama \u00e9 um programa de mobilidade de estudantes entre escolas do ensino polit\u00e9cnico.<\/li><li>O interc\u00e2mbio de estudantes ao abrigo do programa implica um acordo pr\u00e9vio entre a institui\u00e7\u00e3o de origem e a institui\u00e7\u00e3o de acolhimento, assinado pelos respectivos respons\u00e1veis.<\/li><li>A mobilidade de estudantes abrange tamb\u00e9m os est\u00e1gios, trabalhos de fim de curso ou projectos finais, desde que as referidas actividades integrem o plano curricular do curso na escola de origem.<\/li><\/ol><h4><strong><span style=\"color: #8b1e1e;\">Estudantes Eleg\u00edveis<\/span><\/strong><\/h4><p>O Programa Vasco da Gama destina-se a todos os estudantes nacionais ou oficialmente reconhecidos por Portugal como refugiados, ap\u00e1tridas ou residentes permanentes que estejam simultaneamente inscritos num curso de uma escola do ensino superior polit\u00e9cnico.<\/p><h4><strong><span style=\"color: #8b1e1e;\">Dura\u00e7\u00e3o<\/span><\/strong><\/h4><p>O per\u00edodo de estudos em institui\u00e7\u00e3o diferente poder\u00e1 ser de 1 semestre ou de um ano lectivo, consoante o que for estabelecido no acordo entre institui\u00e7\u00f5es, tendo em aten\u00e7\u00e3o a organiza\u00e7\u00e3o curricular do curso nas duas escolas e a natureza do trabalho a desenvolver.<\/p><h4><strong><span style=\"color: #8b1e1e;\">Como se candidatar<\/span><\/strong><\/h4><p>Os candidatos dever\u00e3o apresentar a candidatura na Escola de origem at\u00e9 30 de Maio, para os interc\u00e2mbios relativos ao ano letivo <br \/>seguinte.<\/p><p><strong>Da candidatura dever\u00e3o constar:<\/strong><\/p><p>a) Nome, ano e curso do candidato;<\/p><p>b) Curso e escola que pretende frequentar;<\/p><p>c) Per\u00edodo desejado: 1 semestre ou 1 ano letivo;<\/p><p>d) <a href=\"https:\/\/www.iscap.pt\/gri\/wp-content\/uploads\/2022\/01\/programa_de_estudos_vasco-da-gama.pdf\"><span style=\"text-decoration: underline;\">Plano de Estudos<\/span><\/a> pretendido.<\/p><p><span style=\"color: #8b1e1e;\"><strong>Mais informa\u00e7\u00f5es:<\/strong><\/span><\/p><p><a href=\"https:\/\/www.iscap.pt\/gri\/wp-content\/uploads\/2022\/01\/regulamento_programa_vasco_da_gama.pdf\"><span style=\"text-decoration: underline;\">Regulamento do Programa Vasco da Gama<\/span><\/a><\/p><p>GRI: gri@iscap.ipp.pt<\/p><p><strong>Outros documentos importantes:<\/strong><\/p><p><a href=\"https:\/\/www.iscap.pt\/gri\/wp-content\/uploads\/2022\/01\/alteracao_ao_plano_de_estudos_vascodagama.pdf\"><span style=\"text-decoration: underline;\">Altera\u00e7\u00e3o ao Plano de Estudos<\/span><\/a><\/p>\t\t\t\t\t\t<\/div>\n\t\t\t\t<\/div>\n\t\t\t\t\t<\/div>\n\t\t<\/div>\n\t\t\t\t\t<\/div>\n\t\t<\/section>\n\t\t\t\t<\/div>\n\t\t","protected":false},"excerpt":{"rendered":"<p>\u00c2mbito O programa Vasco da Gama \u00e9 um programa de mobilidade de estudantes entre escolas do ensino polit\u00e9cnico. O interc\u00e2mbio de estudantes ao abrigo do programa implica um acordo pr\u00e9vio entre a institui\u00e7\u00e3o de origem e a institui\u00e7\u00e3o de acolhimento, assinado pelos respectivos respons\u00e1veis. A mobilidade de estudantes abrange tamb\u00e9m os est\u00e1gios, trabalhos de fim [&hellip;]<\/p>\n","protected":false},"author":1,"featured_media":0,"parent":24729,"menu_order":0,"comment_status":"closed","ping_status":"closed","template":"","meta":{"_eb_attr":"","site-sidebar-layout":"default","site-content-layout":"default","ast-site-content-layout":"","site-content-style":"default","site-sidebar-style":"default","ast-global-header-display":"","ast-banner-title-visibility":"","ast-main-header-display":"","ast-hfb-above-header-display":"","ast-hfb-below-header-display":"","ast-hfb-mobile-header-display":"","site-post-title":"","ast-breadcrumbs-content":"","ast-featured-img":"","footer-sml-layout":"","theme-transparent-header-meta":"default","adv-header-id-meta":"","stick-header-meta":"","header-above-stick-meta":"","header-main-stick-meta":"","header-below-stick-meta":"","astra-migrate-meta-layouts":"default","ast-page-background-enabled":"default","ast-page-background-meta":{"desktop":{"background-color":"","background-image":"","background-repeat":"repeat","background-position":"center center","background-size":"auto","background-attachment":"scroll","background-type":"","background-media":"","overlay-type":"","overlay-color":"","overlay-opacity":"","overlay-gradient":""},"tablet":{"background-color":"","background-image":"","background-repeat":"repeat","background-position":"center center","background-size":"auto","background-attachment":"scroll","background-type":"","background-media":"","overlay-type":"","overlay-color":"","overlay-opacity":"","overlay-gradient":""},"mobile":{"background-color":"","background-image":"","background-repeat":"repeat","background-position":"center center","background-size":"auto","background-attachment":"scroll","background-type":"","background-media":"","overlay-type":"","overlay-color":"","overlay-opacity":"","overlay-gradient":""}},"ast-content-background-meta":{"desktop":{"background-color":"var(--ast-global-color-5)","background-image":"","background-repeat":"repeat","background-position":"center center","background-size":"auto","background-attachment":"scroll","background-type":"","background-media":"","overlay-type":"","overlay-color":"","overlay-opacity":"","overlay-gradient":""},"tablet":{"background-color":"var(--ast-global-color-5)","background-image":"","background-repeat":"repeat","background-position":"center center","background-size":"auto","background-attachment":"scroll","background-type":"","background-media":"","overlay-type":"","overlay-color":"","overlay-opacity":"","overlay-gradient":""},"mobile":{"background-color":"var(--ast-global-color-5)","background-image":"","background-repeat":"repeat","background-position":"center center","background-size":"auto","background-attachment":"scroll","background-type":"","background-media":"","overlay-type":"","overlay-color":"","overlay-opacity":"","overlay-gradient":""}},"footnotes":""},"class_list":["post-25291","page","type-page","status-publish","hentry"],"_links":{"self":[{"href":"https:\/\/www.iscap.pt\/gri\/wp-json\/wp\/v2\/pages\/25291","targetHints":{"allow":["GET"]}}],"collection":[{"href":"https:\/\/www.iscap.pt\/gri\/wp-json\/wp\/v2\/pages"}],"about":[{"href":"https:\/\/www.iscap.pt\/gri\/wp-json\/wp\/v2\/types\/page"}],"author":[{"embeddable":true,"href":"https:\/\/www.iscap.pt\/gri\/wp-json\/wp\/v2\/users\/1"}],"replies":[{"embeddable":true,"href":"https:\/\/www.iscap.pt\/gri\/wp-json\/wp\/v2\/comments?post=25291"}],"version-history":[{"count":14,"href":"https:\/\/www.iscap.pt\/gri\/wp-json\/wp\/v2\/pages\/25291\/revisions"}],"predecessor-version":[{"id":26542,"href":"https:\/\/www.iscap.pt\/gri\/wp-json\/wp\/v2\/pages\/25291\/revisions\/26542"}],"up":[{"embeddable":true,"href":"https:\/\/www.iscap.pt\/gri\/wp-json\/wp\/v2\/pages\/24729"}],"wp:attachment":[{"href":"https:\/\/www.iscap.pt\/gri\/wp-json\/wp\/v2\/media?parent=25291"}],"curies":[{"name":"wp","href":"https:\/\/api.w.org\/{rel}","templated":true}]}}