{"id":129,"date":"2023-07-24T01:05:59","date_gmt":"2023-07-24T01:05:59","guid":{"rendered":"https:\/\/www.iscap.pt\/linguaedireito\/?page_id=129"},"modified":"2023-07-24T01:51:03","modified_gmt":"2023-07-24T01:51:03","slug":"locais-venues","status":"publish","type":"page","link":"https:\/\/www.iscap.pt\/linguaedireito\/index.php\/locais-venues\/","title":{"rendered":"Locais\/ Venues"},"content":{"rendered":"\n<div class=\"wp-block-columns is-layout-flex wp-container-core-columns-is-layout-28f84493 wp-block-columns-is-layout-flex\">\n<div class=\"wp-block-column is-layout-flow wp-block-column-is-layout-flow\">\n<p><strong>Como Chego ao ISCAP?<\/strong><\/p>\n\n\n\n<p>A melhor forma de chegar ao ISCAP \u00e9 de metro utilizando a linha D (linha amarela) at\u00e9 ao Hospital S. Jo\u00e3o. Ent\u00e3o voc\u00ea pode caminhar at\u00e9 o ISCAP (cerca de 20 \/ 25 minutos) ou pegar um \u00f4nibus (linha 506, 600, 603 ou 705).<\/p>\n<\/div>\n\n\n\n<div class=\"wp-block-column is-layout-flow wp-block-column-is-layout-flow\">\n<p><strong>How do I get to ISCAP &#8211; P. PORTO?<\/strong><\/p>\n\n\n\n<p>The best way to get to ISCAP is by metro using line D (yellow line) to Hospital S. Jo\u00e3o. Then you can walk to ISCAP (around 20 \/ 25 minutes) or get a bus (line 506, 600, 603, or 705).<\/p>\n<\/div>\n<\/div>\n\n\n\n<figure class=\"wp-block-image alignwide size-full\"><img loading=\"lazy\" decoding=\"async\" width=\"994\" height=\"472\" src=\"https:\/\/www.iscap.pt\/linguaedireito\/wp-content\/uploads\/2023\/07\/Captura-de-ecra-2023-07-24-015039.png\" alt=\"\" class=\"wp-image-130\" srcset=\"https:\/\/www.iscap.pt\/linguaedireito\/wp-content\/uploads\/2023\/07\/Captura-de-ecra-2023-07-24-015039.png 994w, https:\/\/www.iscap.pt\/linguaedireito\/wp-content\/uploads\/2023\/07\/Captura-de-ecra-2023-07-24-015039-300x142.png 300w, https:\/\/www.iscap.pt\/linguaedireito\/wp-content\/uploads\/2023\/07\/Captura-de-ecra-2023-07-24-015039-768x365.png 768w\" sizes=\"auto, (max-width: 994px) 100vw, 994px\" \/><\/figure>\n\n\n\n<div class=\"wp-block-columns is-layout-flex wp-container-core-columns-is-layout-28f84493 wp-block-columns-is-layout-flex\">\n<div class=\"wp-block-column is-layout-flow wp-block-column-is-layout-flow\">\n<p><a rel=\"noreferrer noopener\" href=\"https:\/\/www.stcp.pt\/fotos\/conteudos\/spidermaps_449805742501bfc1e837fc_14377916895040ea23019aa.pdf\" target=\"_blank\"><\/a><a rel=\"noreferrer noopener\" href=\"https:\/\/www.stcp.pt\/fotos\/conteudos\/spidermaps_449805742501bfc1e837fc_14377916895040ea23019aa.pdf\" data-type=\"URL\" data-id=\"https:\/\/www.stcp.pt\/fotos\/conteudos\/spidermaps_449805742501bfc1e837fc_14377916895040ea23019aa.pdf\" target=\"_blank\">Aqui<\/a> pode tamb\u00e9m consultar como ir e vir de qualquer ponto do Porto para o Hospital de S. Jo\u00e3o (a principal rede de transportes perto do ISCAP- P.Porto).<\/p>\n<\/div>\n\n\n\n<div class=\"wp-block-column is-layout-flow wp-block-column-is-layout-flow\">\n<p><a rel=\"noreferrer noopener\" href=\"https:\/\/www.stcp.pt\/fotos\/conteudos\/spidermaps_449805742501bfc1e837fc_14377916895040ea23019aa.pdf\" data-type=\"URL\" data-id=\"https:\/\/www.stcp.pt\/fotos\/conteudos\/spidermaps_449805742501bfc1e837fc_14377916895040ea23019aa.pdf\" target=\"_blank\">Here <\/a>you can also check how to come and go from anywhere in Porto to Hospital S. Jo\u00e3o (the main transport network near ISCAP- P.Porto).<\/p>\n<\/div>\n<\/div>\n\n\n\n<p><mark style=\"background-color:rgba(0, 0, 0, 0);color:#d93232\" class=\"has-inline-color\">&#8211;<\/mark><\/p>\n\n\n\n<p><mark style=\"background-color:rgba(0, 0, 0, 0);color:#d53232\" class=\"has-inline-color\">&#8211;<\/mark><\/p>\n\n\n\n<div class=\"wp-block-columns is-layout-flex wp-container-core-columns-is-layout-28f84493 wp-block-columns-is-layout-flex\">\n<div class=\"wp-block-column is-layout-flow wp-block-column-is-layout-flow\">\n<p><strong>Como chegar \u00e0 U. Cat\u00f3lica?<\/strong><\/p>\n\n\n\n<p>Coordenadas GPS: +41\u00b0 9&#8242; 11.57&#8243;, -8\u00b0 40&#8242; 17.<\/p>\n\n\n\n<p>Rua Diogo de Botelho, 1327 | 4169-005 Porto<br>Telefone: 226 196 200; Fax: 226 196 291<\/p>\n\n\n\n<p><strong>Transportes P\u00fablicos:<\/strong><\/p>\n\n\n\n<ul class=\"wp-block-list\">\n<li>Linha 200 &#8211; Bolh\u00e3o &#8211; Castelo do Queijo<\/li>\n\n\n\n<li>Linha 203 &#8211; Marqu\u00eas &#8211; Castelo do Queijo<\/li>\n\n\n\n<li>Linha 204 &#8211; H. S. Jo\u00e3o &#8211; Foz<\/li>\n\n\n\n<li>Linha 207 &#8211; Campanh\u00e3 &#8211; Foz (Mercado)<\/li>\n<\/ul>\n\n\n\n<p><mark style=\"background-color:rgba(0, 0, 0, 0);color:#cd2626\" class=\"has-inline-color\">&#8211;<\/mark><\/p>\n\n\n\n<p><strong>Se vem em viatura pr\u00f3pria de:<\/strong><\/p>\n\n\n\n<p><mark style=\"background-color:rgba(0, 0, 0, 0);color:#e74444\" class=\"has-inline-color\">&#8211;<\/mark><\/p>\n\n\n\n<ul class=\"wp-block-list\">\n<li><strong>Lisboa:<\/strong>&nbsp;A1 sa\u00edda Porto &#8211; Ponte da Arr\u00e1bida. Sa\u00edda: Bessa Leite.&nbsp;<br>Contornar rotunda. Passar Hotel Ipanema Park.<br>Seguir indica\u00e7\u00f5es Foz at\u00e9 \u00e0 Pra\u00e7a do Imp\u00e9rio. Junto a esta pra\u00e7a encontra os edif\u00edcios da Universidade.<\/li>\n<\/ul>\n\n\n\n<ul class=\"wp-block-list\">\n<li><strong>Braga:<\/strong>&nbsp;A3 sa\u00edda Porto &#8211; A1 (Sul) &#8211; IC1<br>IC1: Sa\u00edda Boavista\/Foz do Douro &#8211; Av. Boavista<br>Av. Boavista: Virar \u00e0 esquerda no monumento ao empres\u00e1rio para a Av. do Marechal Gomes da Costa<br>No final da Avenida, na Pra\u00e7a Imp\u00e9rio, seguir pela 3\u00aa sa\u00edda (Rua Diogo de Botelho)<\/li>\n<\/ul>\n<\/div>\n\n\n\n<div class=\"wp-block-column is-layout-flow wp-block-column-is-layout-flow\">\n<p><strong>How do I get o UCP?<\/strong><\/p>\n\n\n\n<p>GPS Coordinates: +41\u00b0 9&#8242; 11.57&#8243;, -8\u00b0 40&#8242; 17<\/p>\n\n\n\n<p>Rua Diogo de Botelho, 1327 | 4169-005 Porto<br>Mobile Phone: 226 196 200; Fax: 226 196 291<\/p>\n\n\n\n<p><strong>Public Transport:<\/strong><\/p>\n\n\n\n<ul class=\"wp-block-list\">\n<li>Line 200 &#8211; Bolh\u00e3o &#8211; Castelo do Queijo<\/li>\n\n\n\n<li>Line 203 &#8211; Marqu\u00eas &#8211; Castelo do Queijo<\/li>\n\n\n\n<li>Line 204 &#8211; H. S. Jo\u00e3o &#8211; Foz<\/li>\n\n\n\n<li>Line 207 &#8211; Campanh\u00e3 &#8211; Foz (Market)<\/li>\n<\/ul>\n\n\n\n<p><mark style=\"background-color:rgba(0, 0, 0, 0);color:#ea2929\" class=\"has-inline-color\">&#8211;<\/mark><\/p>\n\n\n\n<p><strong>If you arrive in your own vehicle from:<\/strong><\/p>\n\n\n\n<ul class=\"wp-block-list\">\n<li><strong>Lisbon<\/strong>: A1 exit Porto &#8211; Ponte da Arr\u00e1bida. Output: Bessa Leite.&nbsp;<br>Bypass roundabout. Pass Hotel Ipanema Park.<br>Follow Foz signs to Pra\u00e7a do Imp\u00e9rio. Next to this square you will find the buildings of the University.<\/li>\n<\/ul>\n\n\n\n<p><mark style=\"background-color:rgba(0, 0, 0, 0);color:#f32e2e\" class=\"has-inline-color\">&#8211;<\/mark><\/p>\n\n\n\n<ul class=\"wp-block-list\">\n<li><strong>Braga<\/strong>: A3 exit Porto &#8211; A1 (South) &#8211; IC1<br>IC1: Exit Boavista\/Foz do Douro &#8211; Av. Boavista<br>Av. Boavista: Turn left at the monument to the businessman to Av. Marshal Gomes da Costa<br>At the end of the Avenue, at Pra\u00e7a Imp\u00e9rio, take the 3rd exit (Rua Diogo de Botelho)<\/li>\n<\/ul>\n<\/div>\n<\/div>\n\n\n\n<figure class=\"wp-block-image alignwide size-full\"><img loading=\"lazy\" decoding=\"async\" width=\"658\" height=\"649\" src=\"https:\/\/www.iscap.pt\/linguaedireito\/wp-content\/uploads\/2023\/07\/Captura-de-ecra-2023-07-24-021654.png\" alt=\"\" class=\"wp-image-134\" srcset=\"https:\/\/www.iscap.pt\/linguaedireito\/wp-content\/uploads\/2023\/07\/Captura-de-ecra-2023-07-24-021654.png 658w, https:\/\/www.iscap.pt\/linguaedireito\/wp-content\/uploads\/2023\/07\/Captura-de-ecra-2023-07-24-021654-300x296.png 300w\" sizes=\"auto, (max-width: 658px) 100vw, 658px\" \/><\/figure>\n\n\n\n<p><\/p>\n\n\n\n<div class=\"wp-block-group alignfull has-contrast-color has-text-color is-vertical is-content-justification-center is-layout-flex wp-container-core-group-is-layout-f306f087 wp-block-group-is-layout-flex\" style=\"min-height:40vh;margin-top:0;margin-bottom:0;padding-top:var(--wp--preset--spacing--60);padding-right:var(--wp--preset--spacing--50);padding-bottom:var(--wp--preset--spacing--60);padding-left:var(--wp--preset--spacing--50)\"><div style=\"margin-bottom:6px;\" class=\"aligncenter wp-block-site-logo\"><a href=\"https:\/\/www.iscap.pt\/linguaedireito\/\" class=\"custom-logo-link\" rel=\"home\"><img loading=\"lazy\" decoding=\"async\" width=\"1291\" height=\"256\" src=\"https:\/\/www.iscap.pt\/linguaedireito\/wp-content\/uploads\/2023\/07\/rodape.png\" class=\"custom-logo\" alt=\"Congresso de L\u00edngua e Direito 2023\" srcset=\"https:\/\/www.iscap.pt\/linguaedireito\/wp-content\/uploads\/2023\/07\/rodape.png 1289w, https:\/\/www.iscap.pt\/linguaedireito\/wp-content\/uploads\/2023\/07\/rodape-300x60.png 300w, https:\/\/www.iscap.pt\/linguaedireito\/wp-content\/uploads\/2023\/07\/rodape-1024x203.png 1024w, https:\/\/www.iscap.pt\/linguaedireito\/wp-content\/uploads\/2023\/07\/rodape-768x153.png 768w\" sizes=\"auto, (max-width: 1291px) 100vw, 1291px\" \/><\/a><\/div><\/div>\n","protected":false},"excerpt":{"rendered":"<p>Como Chego ao ISCAP? A melhor forma de chegar ao ISCAP \u00e9 de metro utilizando a linha D (linha amarela) at\u00e9 ao Hospital S. Jo\u00e3o. Ent\u00e3o voc\u00ea pode caminhar at\u00e9 o ISCAP (cerca de 20 \/ 25 minutos) ou pegar um \u00f4nibus (linha 506, 600, 603 ou 705). How do I get to ISCAP &#8211; [&hellip;]<\/p>\n","protected":false},"author":1,"featured_media":0,"parent":0,"menu_order":0,"comment_status":"closed","ping_status":"closed","template":"","meta":{"footnotes":""},"class_list":["post-129","page","type-page","status-publish","hentry"],"_links":{"self":[{"href":"https:\/\/www.iscap.pt\/linguaedireito\/index.php\/wp-json\/wp\/v2\/pages\/129","targetHints":{"allow":["GET"]}}],"collection":[{"href":"https:\/\/www.iscap.pt\/linguaedireito\/index.php\/wp-json\/wp\/v2\/pages"}],"about":[{"href":"https:\/\/www.iscap.pt\/linguaedireito\/index.php\/wp-json\/wp\/v2\/types\/page"}],"author":[{"embeddable":true,"href":"https:\/\/www.iscap.pt\/linguaedireito\/index.php\/wp-json\/wp\/v2\/users\/1"}],"replies":[{"embeddable":true,"href":"https:\/\/www.iscap.pt\/linguaedireito\/index.php\/wp-json\/wp\/v2\/comments?post=129"}],"version-history":[{"count":5,"href":"https:\/\/www.iscap.pt\/linguaedireito\/index.php\/wp-json\/wp\/v2\/pages\/129\/revisions"}],"predecessor-version":[{"id":143,"href":"https:\/\/www.iscap.pt\/linguaedireito\/index.php\/wp-json\/wp\/v2\/pages\/129\/revisions\/143"}],"wp:attachment":[{"href":"https:\/\/www.iscap.pt\/linguaedireito\/index.php\/wp-json\/wp\/v2\/media?parent=129"}],"curies":[{"name":"wp","href":"https:\/\/api.w.org\/{rel}","templated":true}]}}