{"id":56,"date":"2023-03-23T18:12:49","date_gmt":"2023-03-23T18:12:49","guid":{"rendered":"https:\/\/www.iscap.pt\/linguaedireito\/?page_id=56"},"modified":"2023-10-11T10:40:55","modified_gmt":"2023-10-11T10:40:55","slug":"programa-provisorio-provisional-programme","status":"publish","type":"page","link":"https:\/\/www.iscap.pt\/linguaedireito\/index.php\/programa-provisorio-provisional-programme\/","title":{"rendered":"Programa \/ Programme"},"content":{"rendered":"\n<p><mark style=\"background-color:rgba(0, 0, 0, 0);color:#cf4545\" class=\"has-inline-color\">&#8211;<\/mark><\/p>\n\n\n\n<hr class=\"wp-block-separator has-alpha-channel-opacity\"\/>\n\n\n\n<h2 class=\"wp-block-heading alignfull has-text-align-center has-medium-font-size\"><strong>Assista \u00e0s comunica\u00e7\u00f5es livremente, nas instala\u00e7\u00f5es do ISCAP\/UCP ou \u00e0 dist\u00e2ncia \/ Attend the communications freely at ISCAP or UCP, or online.<\/strong><\/h2>\n\n\n\n<h2 class=\"wp-block-heading alignfull has-text-align-center has-medium-font-size\">Descarregue o programa completo, com a lista das comunica\u00e7\u00f5es e os links de acesso, <a rel=\"noreferrer noopener\" href=\"https:\/\/ipppt-my.sharepoint.com\/:b:\/g\/personal\/dir-curso_mtrad_iscap_ipp_pt\/EWzL1WcuMTJKmaQ60osnkGAB7YpGPNg_99yfQoTY0eApHg?e=Hdspwi\" data-type=\"link\" data-id=\"https:\/\/ipppt-my.sharepoint.com\/personal\/dir-curso_mtrad_iscap_ipp_pt\/_layouts\/15\/onedrive.aspx?id=%2Fpersonal%2Fdir%2Dcurso%5Fmtrad%5Fiscap%5Fipp%5Fpt%2FDocuments%2FCongresso%20L%26D%20Programa%2Epdf&amp;parent=%2Fpersonal%2Fdir%2Dcurso%5Fmtrad%5Fiscap%5Fipp%5Fpt%2FDocuments&amp;ga=1\" target=\"_blank\">aqui<\/a> \/ Get the complete programme, with the list of all communications and access link, <a href=\"https:\/\/ipppt-my.sharepoint.com\/:b:\/g\/personal\/dir-curso_mtrad_iscap_ipp_pt\/EWzL1WcuMTJKmaQ60osnkGAB7YpGPNg_99yfQoTY0eApHg?e=Hdspwi\" data-type=\"link\" data-id=\"https:\/\/ipppt-my.sharepoint.com\/personal\/dir-curso_mtrad_iscap_ipp_pt\/_layouts\/15\/onedrive.aspx?id=%2Fpersonal%2Fdir%2Dcurso%5Fmtrad%5Fiscap%5Fipp%5Fpt%2FDocuments%2FCongresso%20L%26D%20Programa%2Epdf&amp;parent=%2Fpersonal%2Fdir%2Dcurso%5Fmtrad%5Fiscap%5Fipp%5Fpt%2FDocuments&amp;ga=1\" target=\"_blank\" rel=\"noreferrer noopener\">here<\/a>.<\/h2>\n\n\n\n<h2 class=\"wp-block-heading alignfull has-text-align-center has-medium-font-size\">Descarregue <a href=\"https:\/\/ipppt-my.sharepoint.com\/:b:\/g\/personal\/dir-curso_mtrad_iscap_ipp_pt\/EcY7pA0d3xlAmzuYjsKpr4oB1INcp_1MmBaZTvzO89MqDA?e=TtCWD2\" data-type=\"link\" data-id=\"https:\/\/ipppt-my.sharepoint.com\/personal\/dir-curso_mtrad_iscap_ipp_pt\/_layouts\/15\/onedrive.aspx?id=%2Fpersonal%2Fdir%2Dcurso%5Fmtrad%5Fiscap%5Fipp%5Fpt%2FDocuments%2FLivro%20de%20resumos%5FL%C3%ADngua%20e%20Direito%202023%20%281%29%2Epdf&amp;parent=%2Fpersonal%2Fdir%2Dcurso%5Fmtrad%5Fiscap%5Fipp%5Fpt%2FDocuments&amp;ga=1\" target=\"_blank\" rel=\"noreferrer noopener\">aqui<\/a> o livro de resumos \/ Download the book of abstracts <a rel=\"noreferrer noopener\" href=\"https:\/\/ipppt-my.sharepoint.com\/:b:\/g\/personal\/dir-curso_mtrad_iscap_ipp_pt\/EcY7pA0d3xlAmzuYjsKpr4oB1INcp_1MmBaZTvzO89MqDA?e=TtCWD2\" data-type=\"link\" data-id=\"https:\/\/ipppt-my.sharepoint.com\/personal\/dir-curso_mtrad_iscap_ipp_pt\/_layouts\/15\/onedrive.aspx?id=%2Fpersonal%2Fdir%2Dcurso%5Fmtrad%5Fiscap%5Fipp%5Fpt%2FDocuments%2FLivro%20de%20resumos%5FL%C3%ADngua%20e%20Direito%202023%20%281%29%2Epdf&amp;parent=%2Fpersonal%2Fdir%2Dcurso%5Fmtrad%5Fiscap%5Fipp%5Fpt%2FDocuments&amp;ga=1\" target=\"_blank\">here<\/a>. <\/h2>\n\n\n\n<hr class=\"wp-block-separator has-alpha-channel-opacity\"\/>\n\n\n\n<p><a id=\"_msocom_1\"><\/a><\/p>\n\n\n\n<p><mark style=\"background-color:rgba(0, 0, 0, 0);color:#cb4848\" class=\"has-inline-color\">&#8211;<\/mark><\/p>\n\n\n\n<h5 class=\"wp-block-heading has-text-align-center\"><strong>26 de outubro \/ October &#8211; ISCAP-P. PORTO<\/strong><\/h5>\n\n\n\n<figure class=\"wp-block-table alignwide\"><table><tbody><tr><td>8.30<\/td><td>Registo dos Participantes \/ Attendee Registration<\/td><\/tr><tr><td>9.00<\/td><td>Abertura e Boas Vindas \/ Opening Session<\/td><\/tr><tr><td>9.30<\/td><td>Sylvie Monjean-Decaudin (oradora convidada\/keynote speaker): La Traducci\u00f3n Jur\u00eddica En La Era Digital<\/td><\/tr><tr><td>10.15<\/td><td>Coffee Break <\/td><\/tr><tr><td>10.45<\/td><td>Comunica\u00e7\u00f5es Sala\/Room 1 | Comunica\u00e7\u00f5es Sala\/Room 2<\/td><\/tr><tr><td>12.30<\/td><td>Almo\u00e7o \/ Lunch<\/td><\/tr><tr><td>14.00<\/td><td>Ingemar Strandvik (orador convidado\/keynote speaker): Multilingual Law-Drafting in European Contexts<\/td><\/tr><tr><td>14.45<\/td><td>Painel Plen\u00e1rio: Servi\u00e7o Jur\u00eddico e Dire\u00e7\u00e3o-Geral de Tradu\u00e7\u00e3o da Comiss\u00e3o Europeia<\/td><\/tr><tr><td>16.00<\/td><td>Coffee Break <\/td><\/tr><tr><td>16.30<\/td><td>Comunica\u00e7\u00f5es Sala\/Room 1 | Comunica\u00e7\u00f5es Sala\/Room 2 | Comunica\u00e7\u00f5es Sala\/Room 3 (s\u00f3\/only online)<\/td><\/tr><\/tbody><\/table><\/figure>\n\n\n\n<p><mark style=\"background-color:rgba(0, 0, 0, 0);color:#e83838\" class=\"has-inline-color\">&#8211;<\/mark><\/p>\n\n\n\n<p><mark style=\"background-color:rgba(0, 0, 0, 0);color:#e02222\" class=\"has-inline-color\">&#8211;<\/mark><\/p>\n\n\n\n<h5 class=\"wp-block-heading has-text-align-center\"><strong>27 de outubro \/ October &#8211; UCP (Universidade Cat\u00f3lica do Porto)<\/strong><\/h5>\n\n\n\n<figure class=\"wp-block-table alignwide\"><table><tbody><tr><td>9.00<\/td><td>Registo dos Participantes \/ Attendee Registration<\/td><\/tr><tr><td>9.30<\/td><td>Comunica\u00e7\u00f5es Sala\/Room 1 | Comunica\u00e7\u00f5es Sala\/Room 2<\/td><\/tr><tr><td>11.15<\/td><td>Coffee Break <\/td><\/tr><tr><td>11.45<\/td><td>Fernando Prieto Ramos (orador convidado\/keynote speaker): La Traducci\u00f3n Jur\u00eddica en la Esfera Institucional Internacional<\/td><\/tr><tr><td>12.30<\/td><td>Almo\u00e7o \/ Lunch <\/td><\/tr><tr><td>14.00<\/td><td>Gerard-Ren\u00e9 de Groot (orador convidado\/keynote speaker): The System of Protection of Regional and Minority Languages within the Council of Europe<\/td><\/tr><tr><td>14.45<\/td><td>Comunica\u00e7\u00f5es Sala\/Room 1 | Comunica\u00e7\u00f5es Sala\/Room 2<\/td><\/tr><tr><td>16.15<\/td><td>Encerramento \/ Closing Session <\/td><\/tr><tr><td>16.45<\/td><td>Porto d&#8217;Honra \/ Complimentary Port<\/td><\/tr><\/tbody><\/table><\/figure>\n\n\n\n<div class=\"wp-block-group alignfull has-contrast-color has-text-color is-vertical is-content-justification-center is-layout-flex wp-container-core-group-is-layout-f306f087 wp-block-group-is-layout-flex\" style=\"min-height:40vh;margin-top:0;margin-bottom:0;padding-top:var(--wp--preset--spacing--60);padding-right:var(--wp--preset--spacing--50);padding-bottom:var(--wp--preset--spacing--60);padding-left:var(--wp--preset--spacing--50)\"><div style=\"margin-bottom:6px;\" class=\"aligncenter wp-block-site-logo\"><a href=\"https:\/\/www.iscap.pt\/linguaedireito\/\" class=\"custom-logo-link\" rel=\"home\"><img loading=\"lazy\" decoding=\"async\" width=\"1292\" height=\"256\" src=\"https:\/\/www.iscap.pt\/linguaedireito\/wp-content\/uploads\/2023\/07\/rodape.png\" class=\"custom-logo\" alt=\"Congresso de L\u00edngua e Direito 2023\" srcset=\"https:\/\/www.iscap.pt\/linguaedireito\/wp-content\/uploads\/2023\/07\/rodape.png 1289w, https:\/\/www.iscap.pt\/linguaedireito\/wp-content\/uploads\/2023\/07\/rodape-300x60.png 300w, https:\/\/www.iscap.pt\/linguaedireito\/wp-content\/uploads\/2023\/07\/rodape-1024x203.png 1024w, https:\/\/www.iscap.pt\/linguaedireito\/wp-content\/uploads\/2023\/07\/rodape-768x153.png 768w\" sizes=\"auto, (max-width: 1292px) 100vw, 1292px\" \/><\/a><\/div><\/div>\n","protected":false},"excerpt":{"rendered":"<p>&#8211; Assista \u00e0s comunica\u00e7\u00f5es livremente, nas instala\u00e7\u00f5es do ISCAP\/UCP ou \u00e0 dist\u00e2ncia \/ Attend the communications freely at ISCAP or UCP, or online. Descarregue o programa completo, com a lista das comunica\u00e7\u00f5es e os links de acesso, aqui \/ Get the complete programme, with the list of all communications and access link, here. Descarregue aqui [&hellip;]<\/p>\n","protected":false},"author":1,"featured_media":0,"parent":0,"menu_order":0,"comment_status":"closed","ping_status":"closed","template":"","meta":{"footnotes":""},"class_list":["post-56","page","type-page","status-publish","hentry"],"_links":{"self":[{"href":"https:\/\/www.iscap.pt\/linguaedireito\/index.php\/wp-json\/wp\/v2\/pages\/56","targetHints":{"allow":["GET"]}}],"collection":[{"href":"https:\/\/www.iscap.pt\/linguaedireito\/index.php\/wp-json\/wp\/v2\/pages"}],"about":[{"href":"https:\/\/www.iscap.pt\/linguaedireito\/index.php\/wp-json\/wp\/v2\/types\/page"}],"author":[{"embeddable":true,"href":"https:\/\/www.iscap.pt\/linguaedireito\/index.php\/wp-json\/wp\/v2\/users\/1"}],"replies":[{"embeddable":true,"href":"https:\/\/www.iscap.pt\/linguaedireito\/index.php\/wp-json\/wp\/v2\/comments?post=56"}],"version-history":[{"count":25,"href":"https:\/\/www.iscap.pt\/linguaedireito\/index.php\/wp-json\/wp\/v2\/pages\/56\/revisions"}],"predecessor-version":[{"id":184,"href":"https:\/\/www.iscap.pt\/linguaedireito\/index.php\/wp-json\/wp\/v2\/pages\/56\/revisions\/184"}],"wp:attachment":[{"href":"https:\/\/www.iscap.pt\/linguaedireito\/index.php\/wp-json\/wp\/v2\/media?parent=56"}],"curies":[{"name":"wp","href":"https:\/\/api.w.org\/{rel}","templated":true}]}}