{"id":58,"date":"2023-03-23T18:22:49","date_gmt":"2023-03-23T18:22:49","guid":{"rendered":"https:\/\/www.iscap.pt\/linguaedireito\/?page_id=58"},"modified":"2023-10-06T20:52:30","modified_gmt":"2023-10-06T20:52:30","slug":"inscricao-registration","status":"publish","type":"page","link":"https:\/\/www.iscap.pt\/linguaedireito\/index.php\/inscricao-registration\/","title":{"rendered":"Inscri\u00e7\u00e3o \/ Registration"},"content":{"rendered":"\n<div class=\"wp-block-group alignwide has-global-padding is-layout-constrained wp-block-group-is-layout-constrained\">\n<div class=\"wp-block-columns alignwide is-layout-flex wp-container-core-columns-is-layout-28f84493 wp-block-columns-is-layout-flex\">\n<div class=\"wp-block-column is-layout-flow wp-block-column-is-layout-flow\" style=\"flex-basis:50%\">\n<p>L\u00ednguas de trabalho: portugu\u00eas, ingl\u00eas, franc\u00eas e espanhol<\/p>\n\n\n\n<p>Ap\u00f3s a aceita\u00e7\u00e3o da proposta de comunica\u00e7\u00e3o (atrav\u00e9s do formul\u00e1rio), os participantes dever\u00e3o proceder \u00e0 inscri\u00e7\u00e3o definitiva no Congresso.<\/p>\n\n\n\n<ul class=\"wp-block-list\">\n<li>Inscri\u00e7\u00e3o (early bird \u2013 de 1 de agosto a 10 de setembro de 2023): \u20ac40,00<\/li>\n\n\n\n<li>Inscri\u00e7\u00e3o (regular \u2013 de 11 de setembro a 1 de outubro): \u20ac50,00<\/li>\n<\/ul>\n\n\n\n<p>Membros da Rede EMT isentos do pagamento da inscri\u00e7\u00e3o, (se for o primeiro autor). <\/p>\n\n\n\n<p>O pagamento da inscri\u00e7\u00e3o dever\u00e1 ser feito por transfer\u00eancia banc\u00e1ria, ap\u00f3s a proposta de comunica\u00e7\u00e3o ser aceite e nitificada via email. <\/p>\n<\/div>\n\n\n\n<div class=\"wp-block-column is-layout-flow wp-block-column-is-layout-flow\" style=\"flex-basis:50%\">\n<p>Conference languages: Portuguese, English, French &amp; Spanish<\/p>\n\n\n\n<p>After your communication proposal (through the form) has been accepted, you will be requested to proceed to the final registration at the Conference.<\/p>\n\n\n\n<ul class=\"wp-block-list\">\n<li>Early bird Registration (from 1 August to 10 September 2023): \u20ac40,00<\/li>\n\n\n\n<li>Regular registration (from September 11 to October 1): \u20ac50.00<\/li>\n<\/ul>\n\n\n\n<p>Members of the EMT Network are exempted from the payment of the registration fee, (if first author).<\/p>\n\n\n\n<p>The registration fee must be paid via wire transfer, after your proposal has been accepted and notified via email.<\/p>\n<\/div>\n<\/div>\n<\/div>\n\n\n\n<p class=\"has-text-align-center has-large-font-size\"><mark style=\"background-color:rgba(0, 0, 0, 0);color:#d24444\" class=\"has-inline-color\">.<\/mark><\/p>\n\n\n\n<div class=\"wp-block-buttons is-content-justification-center is-layout-flex wp-container-core-buttons-is-layout-a89b3969 wp-block-buttons-is-layout-flex\">\n<div class=\"wp-block-button\"><a class=\"wp-block-button__link wp-element-button\" href=\"https:\/\/forms.office.com\/e\/LHzZVQTkWH\" target=\"_blank\" rel=\"noreferrer noopener\"><strong><mark style=\"background-color:rgba(0, 0, 0, 0)\" class=\"has-inline-color has-contrast-color\">Formul\u00e1rio de Inscri\u00e7\u00e3o \/ Registration Form<\/mark><\/strong><\/a><\/div>\n<\/div>\n\n\n\n<p class=\"has-text-align-center has-large-font-size\"><strong>Fechado  \/ Closed<\/strong><\/p>\n\n\n\n<p class=\"has-text-align-center\">Pode assistir \u00e0s comunica\u00e7\u00f5es nas instala\u00e7\u00f5es do ISCAP e da UCP, ou online (ver os links no pdf com o programa completo) \/ You may attend all the communications at ISCAP and UCP, or online (follow the links included in the pdf with the complete schedule).<\/p>\n\n\n\n<div class=\"wp-block-group alignfull has-contrast-color has-text-color is-vertical is-content-justification-center is-layout-flex wp-container-core-group-is-layout-f306f087 wp-block-group-is-layout-flex\" style=\"min-height:40vh;margin-top:0;margin-bottom:0;padding-top:var(--wp--preset--spacing--60);padding-right:var(--wp--preset--spacing--50);padding-bottom:var(--wp--preset--spacing--60);padding-left:var(--wp--preset--spacing--50)\"><div style=\"margin-bottom:6px;\" class=\"aligncenter wp-block-site-logo\"><a href=\"https:\/\/www.iscap.pt\/linguaedireito\/\" class=\"custom-logo-link\" rel=\"home\"><img loading=\"lazy\" decoding=\"async\" width=\"1291\" height=\"256\" src=\"https:\/\/www.iscap.pt\/linguaedireito\/wp-content\/uploads\/2023\/07\/rodape.png\" class=\"custom-logo\" alt=\"Congresso de L\u00edngua e Direito 2023\" srcset=\"https:\/\/www.iscap.pt\/linguaedireito\/wp-content\/uploads\/2023\/07\/rodape.png 1289w, https:\/\/www.iscap.pt\/linguaedireito\/wp-content\/uploads\/2023\/07\/rodape-300x60.png 300w, https:\/\/www.iscap.pt\/linguaedireito\/wp-content\/uploads\/2023\/07\/rodape-1024x203.png 1024w, https:\/\/www.iscap.pt\/linguaedireito\/wp-content\/uploads\/2023\/07\/rodape-768x153.png 768w\" sizes=\"auto, (max-width: 1291px) 100vw, 1291px\" \/><\/a><\/div><\/div>\n","protected":false},"excerpt":{"rendered":"<p>L\u00ednguas de trabalho: portugu\u00eas, ingl\u00eas, franc\u00eas e espanhol Ap\u00f3s a aceita\u00e7\u00e3o da proposta de comunica\u00e7\u00e3o (atrav\u00e9s do formul\u00e1rio), os participantes dever\u00e3o proceder \u00e0 inscri\u00e7\u00e3o definitiva no Congresso. Membros da Rede EMT isentos do pagamento da inscri\u00e7\u00e3o, (se for o primeiro autor). O pagamento da inscri\u00e7\u00e3o dever\u00e1 ser feito por transfer\u00eancia banc\u00e1ria, ap\u00f3s a proposta de [&hellip;]<\/p>\n","protected":false},"author":1,"featured_media":0,"parent":0,"menu_order":0,"comment_status":"closed","ping_status":"closed","template":"","meta":{"footnotes":""},"class_list":["post-58","page","type-page","status-publish","hentry"],"_links":{"self":[{"href":"https:\/\/www.iscap.pt\/linguaedireito\/index.php\/wp-json\/wp\/v2\/pages\/58","targetHints":{"allow":["GET"]}}],"collection":[{"href":"https:\/\/www.iscap.pt\/linguaedireito\/index.php\/wp-json\/wp\/v2\/pages"}],"about":[{"href":"https:\/\/www.iscap.pt\/linguaedireito\/index.php\/wp-json\/wp\/v2\/types\/page"}],"author":[{"embeddable":true,"href":"https:\/\/www.iscap.pt\/linguaedireito\/index.php\/wp-json\/wp\/v2\/users\/1"}],"replies":[{"embeddable":true,"href":"https:\/\/www.iscap.pt\/linguaedireito\/index.php\/wp-json\/wp\/v2\/comments?post=58"}],"version-history":[{"count":10,"href":"https:\/\/www.iscap.pt\/linguaedireito\/index.php\/wp-json\/wp\/v2\/pages\/58\/revisions"}],"predecessor-version":[{"id":159,"href":"https:\/\/www.iscap.pt\/linguaedireito\/index.php\/wp-json\/wp\/v2\/pages\/58\/revisions\/159"}],"wp:attachment":[{"href":"https:\/\/www.iscap.pt\/linguaedireito\/index.php\/wp-json\/wp\/v2\/media?parent=58"}],"curies":[{"name":"wp","href":"https:\/\/api.w.org\/{rel}","templated":true}]}}