{"id":178,"date":"2023-03-09T15:45:31","date_gmt":"2023-03-09T15:45:31","guid":{"rendered":"https:\/\/www.iscap.pt\/rulescoop2023\/?page_id=178"},"modified":"2023-04-26T10:21:48","modified_gmt":"2023-04-26T10:21:48","slug":"llamada-de-trabajos-2","status":"publish","type":"page","link":"https:\/\/www.iscap.pt\/rulescoop2023\/es\/llamada-de-trabajos-2\/","title":{"rendered":"Llamada de trabajos"},"content":{"rendered":"\n<p>En tiempos de incertidumbre y crisis sucesivas, surgen soluciones que cuestionan las actuales relaciones econ\u00f3micas, ambientales y sociales. Es en este contexto, marcado por la transici\u00f3n digital, verde e inclusiva, que el XVI Congreso de RulesCOOP invita a la comunidad acad\u00e9mica, cient\u00edfica y profesional a debatir sobre el papel de la econom\u00eda social.<br>La Transformaci\u00f3n Digital es un t\u00e9rmino muy utilizado siendo cr\u00edtico para las organizaciones, ya que las tecnolog\u00edas, los sistemas de informaci\u00f3n y los procesos van de la mano en esta transformaci\u00f3n. Se trata de realizar tareas organizativas integrando tecnolog\u00edas y sistemas de informaci\u00f3n para desmaterializar los procesos, crear flujos de informaci\u00f3n internos y externos y mejorar la interoperabilidad. En este contexto, es esencial conocer: (i) el estado de las organizaciones de la econom\u00eda social en cuanto a capacidad instalada y preparaci\u00f3n para afrontar este reto; (ii) c\u00f3mo la transici\u00f3n digital puede mejorar el rendimiento de estas organizaciones haci\u00e9ndolas m\u00e1s inclusivas y sostenibles.<br>La transici\u00f3n ecol\u00f3gica ha ocupado un lugar destacado en la agenda internacional de las \u00faltimas d\u00e9cadas y ha sido objeto de diversos instrumentos legislativos. Garantizar la transici\u00f3n hacia energ\u00edas limpias, promover el autoconsumo y luchar contra la pobreza energ\u00e9tica han sido las preocupaciones m\u00e1s relevantes de esta agenda internacional para un planeta m\u00e1s verde e inclusivo. En este congreso pretendemos reflexionar sobre: (i) el papel de la econom\u00eda social en la defensa de los colectivos m\u00e1s vulnerables en t\u00e9rminos energ\u00e9ticos (ii) la creaci\u00f3n de instrumentos de pol\u00edtica p\u00fablica para la protecci\u00f3n de los ciudadanos vulnerables y para la promoci\u00f3n e implicaci\u00f3n activa de los ciudadanos en la transici\u00f3n verde; (iii) el papel de las entidades de la econom\u00eda social en la democratizaci\u00f3n y descentralizaci\u00f3n energ\u00e9tica.<br>En el imperativo de construir una sociedad m\u00e1s integradora que no deje a nadie atr\u00e1s, las entidades de la econom\u00eda social desempe\u00f1an un papel importante. En este congreso pretendemos reflexionar sobre: (i) la posici\u00f3n de las organizaciones de la econom\u00eda social ante retos complejos como la discriminaci\u00f3n (de g\u00e9nero, raza, etc.), los fuertes flujos migratorios, la integraci\u00f3n de las personas con discapacidad, el acceso a un trabajo digno, entre muchos otros; y (ii) el papel de las pol\u00edticas p\u00fablicas en la promoci\u00f3n de esta dimensi\u00f3n inclusiva de las organizaciones de la econom\u00eda social.<br>As\u00ed, el 16\u00ba Congreso RulesCOOP pretende reunir a especialistas, j\u00f3venes y profesionales del sector de la econom\u00eda social para debatir sobre los retos y estrategias para una econom\u00eda social m\u00e1s activa y preparada para afrontar los desaf\u00edos que plantea la transici\u00f3n digital, verde e inclusiva. Tambi\u00e9n se aceptan ponencias m\u00e1s generales, centradas en otras tendencias y retos de la econom\u00eda social, como el voluntariado, la financiaci\u00f3n y la rendici\u00f3n de cuentas, la innovaci\u00f3n social, entre otros.<\/p>\n\n\n\n<p>Los trabajos podr\u00e1n ser escritos o presentados en portugu\u00e9s, espa\u00f1ol o ingl\u00e9s y estar\u00e1n sujetos a la evaluaci\u00f3n previa del Comit\u00e9 Cient\u00edfico del Congreso. Los trabajos se publicar\u00e1n posteriormente en el libro de actas del Congreso y se integrar\u00e1n en las publicaciones de CEOS.PP. Se acepta la publicaci\u00f3n de comunicaciones en formato corto (hasta 6 p\u00e1ginas) o desarrollado (hasta 12 p\u00e1ginas), de acuerdo con las normas APA y el modelo facilitado en la web del Congreso. M\u00e1s adelante se anunciar\u00e1n las oportunidades de publicaci\u00f3n en revistas asociadas al Congreso.<br>Los trabajos s\u00f3lo se tendr\u00e1n en cuenta para su publicaci\u00f3n si al menos uno de los autores se inscribe en el Congreso como autor. Cada autor podr\u00e1 presentar un m\u00e1ximo de dos comunicaciones.<br>Las presentaciones se realizan a trav\u00e9s de la plataforma easychair en el enlace: <a href=\"https:\/\/easychair.org\/conferences\/?conf=xvirulescoop2023\" target=\"_blank\" rel=\"noreferrer noopener\">https:\/\/easychair.org\/conferences\/?conf=xvirulescoop2023<\/a>.<\/p>\n\n\n\n<p>El Congreso se dirige a tres grupos destinatarios:\n<\/p><ul>\n<li>investigadores dedicados a estudiar las tendencias y los retos de la econom\u00eda social;<\/li>\n<li>estudiantes de grado, m\u00e1ster, doctorado o posgrado que trabajen en la econom\u00eda social <\/li>\n<li>profesionales del sector de la econom\u00eda social que pretenden compartir sus pr\u00e1cticas de gesti\u00f3n e intervenci\u00f3n.<\/li>\n<\/ul>\n\n\n\n<p>Los trabajos deber\u00e1n responder a las siguientes preguntas:<\/p>\n\n\n\n<ul class=\"wp-block-list\">\n<li>\u00bfCu\u00e1l es el problema estudiado\/analizado y por qu\u00e9 es relevante\/importante?<\/li>\n\n\n\n<li>\u00bfCu\u00e1l es el estado de la cuesti\u00f3n?<\/li>\n\n\n\n<li>\u00bfQu\u00e9 enfoque metodol\u00f3gico se ha utilizado o se propone utilizar?<\/li>\n\n\n\n<li>\u00bfCu\u00e1les son los resultados (si procede)?<\/li>\n<\/ul>\n\n\n\n<p><strong>Fechas importantes<\/strong> (nuevas fechas!):<br>14 de Abril: fecha l\u00edmite para la presentaci\u00f3n de res\u00famenes<br>20 de Abril: Notificaci\u00f3n de aceptaci\u00f3n por el comit\u00e9 cient\u00edfico del congreso<br>4 y 5 de Mayo: Congreso en r\u00e9gimen mixto<\/p>\n\n\n\n<p><strong>Contactos<\/strong>: rulescoop.iscap@iscap.ipp.pt<\/p>\n\n\n\n<p><strong>Custos de inscripci\u00f3n<\/strong><\/p>\n\n\n\n<figure class=\"wp-block-table\"><table><tbody><tr><td><\/td><td><strong>Hasta el 15 de abril<\/strong><strong> <\/strong><strong><em>(Early bird)<\/em><\/strong><\/td><td><strong>Despues del 15 de abril<\/strong><\/td><\/tr><tr><td>Autores<\/td><td>150 \u20ac<\/td><td>150 \u20ac<\/td><\/tr><tr><td>Investigadores CEOS.PP<\/td><td>100 \u20ac<\/td><td>150 \u20ac<\/td><\/tr><tr><td>Representantes de RulesCOOP<\/td><td>Gratuito<\/td><td>Gratuito<\/td><\/tr><tr><td>Estudiantes deI SCAP con paper<\/td><td>Gratuito<\/td><td>Gratuito<\/td><\/tr><tr><td>Otros estudiantes con paper<\/td><td>50 \u20ac<\/td><td>50 \u20ac<\/td><\/tr><tr><td>Estudiantes de ISCAP sin paper<\/td><td>30 \u20ac<\/td><td>50 \u20ac<\/td><\/tr><tr><td>Otros Estudiantes sin paper<\/td><td>75 \u20ac<\/td><td>100 \u20ac<\/td><\/tr><tr><td>Otros participantes sin paper<\/td><td>100 \u20ac<\/td><td>150 \u20ac<\/td><\/tr><\/tbody><\/table><\/figure>\n\n\n\n<p>Las inscripciones s\u00f3lo pueden realizarse desde el <a rel=\"noreferrer noopener\" href=\"https:\/\/docs.google.com\/forms\/d\/e\/1FAIpQLSd2SaeOaB-DTd4N0Hx81EVeCuLN6hA4txcEw0U_ioAbNh2opA\/viewform\" target=\"_blank\">formulario de inscripci\u00f3n<\/a>. No se aceptar\u00e1n inscripciones por correo electr\u00f3nico. Despu\u00e9s de realizar el pago, env\u00ede un comprobante de pago a la direcci\u00f3n de correo electr\u00f3nico rulescoop2023.iscap@iscap.ipp.pt<\/p>\n","protected":false},"excerpt":{"rendered":"<p>En tiempos de incertidumbre y crisis sucesivas, surgen soluciones que cuestionan las actuales relaciones econ\u00f3micas, ambientales y sociales. Es en este contexto, marcado por la transici\u00f3n digital, verde e inclusiva, que el XVI Congreso de RulesCOOP invita a la comunidad acad\u00e9mica, cient\u00edfica y profesional a debatir sobre el papel de la econom\u00eda social.La Transformaci\u00f3n Digital [&hellip;]<\/p>\n","protected":false},"author":1,"featured_media":0,"parent":0,"menu_order":0,"comment_status":"closed","ping_status":"closed","template":"","meta":{"footnotes":""},"class_list":["post-178","page","type-page","status-publish","hentry"],"_links":{"self":[{"href":"https:\/\/www.iscap.pt\/rulescoop2023\/wp-json\/wp\/v2\/pages\/178","targetHints":{"allow":["GET"]}}],"collection":[{"href":"https:\/\/www.iscap.pt\/rulescoop2023\/wp-json\/wp\/v2\/pages"}],"about":[{"href":"https:\/\/www.iscap.pt\/rulescoop2023\/wp-json\/wp\/v2\/types\/page"}],"author":[{"embeddable":true,"href":"https:\/\/www.iscap.pt\/rulescoop2023\/wp-json\/wp\/v2\/users\/1"}],"replies":[{"embeddable":true,"href":"https:\/\/www.iscap.pt\/rulescoop2023\/wp-json\/wp\/v2\/comments?post=178"}],"version-history":[{"count":7,"href":"https:\/\/www.iscap.pt\/rulescoop2023\/wp-json\/wp\/v2\/pages\/178\/revisions"}],"predecessor-version":[{"id":427,"href":"https:\/\/www.iscap.pt\/rulescoop2023\/wp-json\/wp\/v2\/pages\/178\/revisions\/427"}],"wp:attachment":[{"href":"https:\/\/www.iscap.pt\/rulescoop2023\/wp-json\/wp\/v2\/media?parent=178"}],"curies":[{"name":"wp","href":"https:\/\/api.w.org\/{rel}","templated":true}]}}