{"id":184,"date":"2023-03-09T15:51:54","date_gmt":"2023-03-09T15:51:54","guid":{"rendered":"https:\/\/www.iscap.pt\/rulescoop2023\/?page_id=184"},"modified":"2023-05-08T14:56:14","modified_gmt":"2023-05-08T14:56:14","slug":"committees","status":"publish","type":"page","link":"https:\/\/www.iscap.pt\/rulescoop2023\/en\/committees\/","title":{"rendered":"Committees"},"content":{"rendered":"\n<p class=\"has-large-font-size\">General Chair<\/p>\n\n\n\n<p>Deolinda Meira &#8211; CEOS.PP, Polit\u00e9cnico do Porto<\/p>\n\n\n\n<div style=\"height:5px\" aria-hidden=\"true\" class=\"wp-block-spacer\"><\/div>\n\n\n\n<hr class=\"wp-block-separator has-alpha-channel-opacity is-style-wide\"\/>\n\n\n\n<p><\/p>\n\n\n\n<p class=\"has-large-font-size\"><strong>Organising Committee<\/strong><\/p>\n\n\n\n<p>Ana Maria Bandeira&nbsp; &#8211; CEOS.PP, Polit\u00e9cnico do Porto<\/p>\n\n\n\n<p>Ana Isabel Azevedo&nbsp; &#8211; CEOS.PP, Polit\u00e9cnico do Porto<\/p>\n\n\n\n<p>Ana Lu\u00edsa Martinho&nbsp; &#8211; CEOS.PP, Polit\u00e9cnico do Porto<\/p>\n\n\n\n<p>Agostinho Sousa Pinto &#8211; CEOS.PP, Polit\u00e9cnico do Porto<\/p>\n\n\n\n<p>Mariana Curado Malta&nbsp; &#8211; CEOS.PP, Polit\u00e9cnico do Porto<\/p>\n\n\n\n<p>Susana Bernardino&nbsp; &#8211; CEOS.PP, Polit\u00e9cnico do Porto<\/p>\n\n\n\n<p>Cl\u00e1udia Pinto &#8211; CEOS.PP, Polit\u00e9cnico do Porto<\/p>\n\n\n\n<p>Br\u00edzida Tom\u00e9 &#8211; CEOS.PP, Polit\u00e9cnico do Porto<\/p>\n\n\n\n<div style=\"height:5px\" aria-hidden=\"true\" class=\"wp-block-spacer\"><\/div>\n\n\n\n<hr class=\"wp-block-separator has-alpha-channel-opacity is-style-wide\"\/>\n\n\n\n<p><\/p>\n\n\n\n<p class=\"has-large-font-size\"><strong>Scientific Steering Committee<\/strong><\/p>\n\n\n\n<p><\/p>\n\n\n\n<p>Ana Isabel Azevedo&nbsp; &#8211; CEOS.PP, Polit\u00e9cnico do Porto<\/p>\n\n\n\n<p>Ana Lu\u00edsa Martinho\u00a0 &#8211; CEOS.PP, Polit\u00e9cnico do Porto<\/p>\n\n\n\n<p>Ana Maria Bandeira &#8211; CEOS.PP, Polit\u00e9cnico do Porto<\/p>\n\n\n\n<p>Deolinda Meira &#8211; CEOS.PP, Polit\u00e9cnico do Porto<\/p>\n\n\n\n<p>Mariana Curado Malta&nbsp; &#8211; CEOS.PP, Polit\u00e9cnico do Porto<\/p>\n\n\n\n<p>Susana Bernardino&nbsp; &#8211; CEOS.PP, Polit\u00e9cnico do Porto<\/p>\n\n\n\n<div style=\"height:5px\" aria-hidden=\"true\" class=\"wp-block-spacer\"><\/div>\n\n\n\n<hr class=\"wp-block-separator has-alpha-channel-opacity is-style-wide\"\/>\n\n\n\n<p><\/p>\n\n\n\n<p class=\"has-large-font-size\"><strong>Scientific Committee<\/strong><\/p>\n\n\n\n<p>Agostinho Sousa Pinto- CEOS.PP, Polit\u00e9cnico do Porto, PT<\/p>\n\n\n\n<p>Concei\u00e7\u00e3o Castro &#8211; CEOS.PP, Polit\u00e9cnico do Porto, PT<\/p>\n\n\n\n<p>Elisa Roblot &#8211; Espaces et Soci\u00e9t\u00e9s Rennes (UMR 6590 CNRS), FR<\/p>\n\n\n\n<p>Maria Elisabete Ramos &#8211; Faculdade de Economia da Universidade de Coimbra, PT<\/p>\n\n\n\n<p>Francisco Torres &#8211; Universidade de Vigo, ES<\/p>\n\n\n\n<p>Gustavo de las Vacas &#8211; Universidade Complutense de Madrid, ES<\/p>\n\n\n\n<p>Paloma Bel Duran- Universidade Complutense de Madrid, ES<\/p>\n\n\n\n<p>Joana Marques &#8211; Associa\u00e7\u00e3o A3S | Centro de Investiga\u00e7\u00e3o e Estudos de Sociologia (CIES-ISCTE), PT<\/p>\n\n\n\n<p>Jorge Mu\u00f1oz &#8211; Universit\u00e9 de Brest, FR<\/p>\n\n\n\n<p>Lu\u00eds Rodrigues &#8211; CEOS.PP, Polit\u00e9cnico do Porto, PT<\/p>\n\n\n\n<p>Maria de F\u00e1tima Ribeiro &#8211; Escola de Direito do Porto, Universidade Cat\u00f3lica Portuguesa, PT<\/p>\n\n\n\n<p>Maria de los Angeles &#8211; Universidad Nacional de Rosario, AR<\/p>\n\n\n\n<p>Maria Jos\u00e9 Senent Vidal- Universitat Jaume I, ES<\/p>\n\n\n\n<p>Mar\u00eda Jos\u00e9 Va\u00f1\u00f3 Va\u00f1o &#8211; Universidade de Valencia\/Iudescoop, ES<\/p>\n\n\n\n<p>Rafael Chaves \u00c1vila- Universidade de Valencia\/Iudescoop, ES<\/p>\n\n\n\n<p>Lorena L\u00f3pez &#8211; Universidade da Costa Rica, CR<\/p>\n\n\n\n<p>Mario Radrigan Rubuo- Universidade de Santiago do Chile, CL<\/p>\n\n\n\n<p>M\u00e1rcia Santos&nbsp; &#8211; Centro de Investiga\u00e7\u00e3o em Ci\u00eancias da Informa\u00e7\u00e3o, Tecnologias e Arquitetura (ISTAR-IUL\/IISCTE), PT<\/p>\n\n\n\n<p>Marta Mota &#8211; CEOS.PP, Polit\u00e9cnico do Porto, PT<\/p>\n\n\n\n<p>Itziar Villafanez &#8211; Universidad del Pa\u00eds Vasco, Euskal Herriko Unibertsitatea, ES<\/p>\n\n\n\n<p>Aitor Bengoetxea &#8211; Universidad del Pa\u00eds Vasco, Euskal Herriko Unibertsitatea, ES<\/p>\n\n\n\n<p>Ane Etxebarria &#8211; Universidad del Pa\u00eds Vasco, Euskal Herriko Unibertsitatea, ES<\/p>\n\n\n\n<p>Marietta Bucheli &#8211; Pontificia Universidad Javeriana, ES<\/p>\n\n\n\n<p>Paulo Vasconcelos-CEOS.PP, Polit\u00e9cnico do Porto, PT<\/p>\n\n\n\n<p>In\u00eas Veiga Pereira- CEOS.PP, Polit\u00e9cnico do Porto, PT<\/p>\n\n\n\n<p>Marisa Ferreira &#8211; CIICESI, Polit\u00e9cnico do Porto, PT<\/p>\n\n\n\n<p>Elisa Roblot &#8211; Espaces et Soci\u00e9t\u00e9s Rennes (UMR 6590 CNRS), FR<\/p>\n\n\n\n<p>Joana Marques &#8211; A3S &amp; CIES-ISCTE-IUL, PT<\/p>\n\n\n\n<p>M\u00e1rcia Santos &#8211; IPS, ISTAR-IUL, ISCTE-IUL, PT<\/p>\n\n\n\n<p>Daniel Hern\u00e1ndez C\u00e1ceres &#8211; Universidad de Almer\u00eda, ES<\/p>\n\n\n\n<p>Carlos Vargas Vasserot &#8211; Universidad de Almer\u00eda, ES<\/p>\n","protected":false},"excerpt":{"rendered":"<p>General Chair Deolinda Meira &#8211; CEOS.PP, Polit\u00e9cnico do Porto Organising Committee Ana Maria Bandeira&nbsp; &#8211; CEOS.PP, Polit\u00e9cnico do Porto Ana Isabel Azevedo&nbsp; &#8211; CEOS.PP, Polit\u00e9cnico do Porto Ana Lu\u00edsa Martinho&nbsp; &#8211; CEOS.PP, Polit\u00e9cnico do Porto Agostinho Sousa Pinto &#8211; CEOS.PP, Polit\u00e9cnico do Porto Mariana Curado Malta&nbsp; &#8211; CEOS.PP, Polit\u00e9cnico do Porto Susana Bernardino&nbsp; &#8211; CEOS.PP, [&hellip;]<\/p>\n","protected":false},"author":1,"featured_media":0,"parent":0,"menu_order":0,"comment_status":"closed","ping_status":"closed","template":"","meta":{"footnotes":""},"class_list":["post-184","page","type-page","status-publish","hentry"],"_links":{"self":[{"href":"https:\/\/www.iscap.pt\/rulescoop2023\/wp-json\/wp\/v2\/pages\/184","targetHints":{"allow":["GET"]}}],"collection":[{"href":"https:\/\/www.iscap.pt\/rulescoop2023\/wp-json\/wp\/v2\/pages"}],"about":[{"href":"https:\/\/www.iscap.pt\/rulescoop2023\/wp-json\/wp\/v2\/types\/page"}],"author":[{"embeddable":true,"href":"https:\/\/www.iscap.pt\/rulescoop2023\/wp-json\/wp\/v2\/users\/1"}],"replies":[{"embeddable":true,"href":"https:\/\/www.iscap.pt\/rulescoop2023\/wp-json\/wp\/v2\/comments?post=184"}],"version-history":[{"count":7,"href":"https:\/\/www.iscap.pt\/rulescoop2023\/wp-json\/wp\/v2\/pages\/184\/revisions"}],"predecessor-version":[{"id":617,"href":"https:\/\/www.iscap.pt\/rulescoop2023\/wp-json\/wp\/v2\/pages\/184\/revisions\/617"}],"wp:attachment":[{"href":"https:\/\/www.iscap.pt\/rulescoop2023\/wp-json\/wp\/v2\/media?parent=184"}],"curies":[{"name":"wp","href":"https:\/\/api.w.org\/{rel}","templated":true}]}}