{"id":196,"date":"2023-03-10T14:59:07","date_gmt":"2023-03-10T14:59:07","guid":{"rendered":"https:\/\/www.iscap.pt\/rulescoop2023\/?page_id=196"},"modified":"2023-05-02T10:37:35","modified_gmt":"2023-05-02T10:37:35","slug":"inscricoes","status":"publish","type":"page","link":"https:\/\/www.iscap.pt\/rulescoop2023\/inscricoes\/","title":{"rendered":"Inscri\u00e7\u00f5es e Alojamento"},"content":{"rendered":"\n<p>As inscri\u00e7\u00f5es dever\u00e3o ser realizadas a partir do <a rel=\"noreferrer noopener\" href=\"https:\/\/docs.google.com\/forms\/d\/e\/1FAIpQLSd2SaeOaB-DTd4N0Hx81EVeCuLN6hA4txcEw0U_ioAbNh2opA\/viewform\" target=\"_blank\">formul\u00e1rio de inscri\u00e7\u00e3o<\/a>. N\u00e3o se aceitam inscri\u00e7\u00f5es por email. <\/p>\n\n\n\n<p>Depois de efectuar o pagamento envie por favor um comprovativo de pagamento para o email para <a href=\"mailto:rulescoop.iscap@iscap.ipp.pt\">rulescoop.iscap@iscap.ipp.pt<\/a>.<\/p>\n\n\n\n<div style=\"height:5px\" aria-hidden=\"true\" class=\"wp-block-spacer\"><\/div>\n\n\n\n<p class=\"has-medium-font-size\" style=\"padding-top:var(--wp--preset--spacing--30);padding-right:var(--wp--preset--spacing--30);padding-bottom:var(--wp--preset--spacing--30);padding-left:var(--wp--preset--spacing--30)\"><strong>Custos de inscri\u00e7\u00e3o<\/strong><\/p>\n\n\n\n<figure class=\"wp-block-table\"><table><tbody><tr><td><\/td><td><strong>At\u00e9 15 de abril<\/strong><br><strong><em>(Early bird)<\/em><\/strong><\/td><td><strong>Depois de 15 de abril<\/strong><\/td><\/tr><tr><td>Autores com comunica\u00e7\u00e3o<\/td><td>150 \u20ac<\/td><td>150 \u20ac<\/td><\/tr><tr><td>Investigadores CEOS.PP<\/td><td>100 \u20ac<\/td><td>150 \u20ac<\/td><\/tr><tr><td>Representantes da rede RulesCOOP<\/td><td>Gratuito<\/td><td>Gratuito<\/td><\/tr><tr><td>Estudantes do ISCAP com comunica\u00e7\u00e3o<\/td><td>Gratuito<\/td><td>Gratuito<\/td><\/tr><tr><td>Outros estudantes com comunica\u00e7\u00e3o<\/td><td>50 \u20ac<\/td><td>50 \u20ac<\/td><\/tr><tr><td>Estudantes do ISCAP sem comunica\u00e7\u00e3o<\/td><td>30 \u20ac<\/td><td>50 \u20ac<\/td><\/tr><tr><td>Outros estudantes sem comunica\u00e7\u00e3o<\/td><td>75 \u20ac<\/td><td>100 \u20ac<\/td><\/tr><tr><td>Outros participantes sem comunica\u00e7\u00e3o<\/td><td>100 \u20ac<\/td><td>150 \u20ac<\/td><\/tr><\/tbody><\/table><\/figure>\n\n\n\n<div style=\"height:8px\" aria-hidden=\"true\" class=\"wp-block-spacer\"><\/div>\n\n\n\n<p class=\"has-large-font-size\"><mark style=\"background-color:rgba(0, 0, 0, 0);color:#06af93\" class=\"has-inline-color\">Inscri\u00e7\u00e3o no Jantar e\/ou Programa Social<\/mark><\/p>\n\n\n\n<p>As inscri\u00e7\u00f5es dever\u00e3o ser realizadas a partir deste <a rel=\"noreferrer noopener\" href=\"https:\/\/docs.google.com\/forms\/d\/e\/1FAIpQLSeEd_SRum2wvWad0QpbGqqeSIoJT3FzEDo1SiMYneUROSRaDg\/viewform\" target=\"_blank\">formul\u00e1rio<\/a>.<br>N\u00e3o se aceitam inscri\u00e7\u00f5es por email.<\/p>\n\n\n\n<div style=\"height:4px\" aria-hidden=\"true\" class=\"wp-block-spacer\"><\/div>\n\n\n\n<p>Depois de efectuar o pagamento envie por favor um comprovativo de pagamento para o email para <a href=\"mailto:rulescoop.iscap@iscap.ipp.pt\" data-type=\"mailto\">rulescoop.iscap@iscap.ipp.pt<\/a>.<\/p>\n\n\n\n<div style=\"height:19px\" aria-hidden=\"true\" class=\"wp-block-spacer\"><\/div>\n\n\n\n<p class=\"has-large-font-size\"><mark style=\"background-color:rgba(0, 0, 0, 0);color:#085983\" class=\"has-inline-color\">Alojamento<\/mark><\/p>\n\n\n\n<div style=\"height:11px\" aria-hidden=\"true\" class=\"wp-block-spacer\"><\/div>\n\n\n\n<p class=\"has-medium-font-size\"><mark style=\"background-color:rgba(0, 0, 0, 0);color:#2ed2cd\" class=\"has-inline-color\"><a href=\"https:\/\/www.axishoteis.com\/pt\/axis-porto.html\">AXIS PORTO BUSINESS &amp; SPA HOTEL ****<\/a><\/mark><\/p>\n\n\n\n<figure class=\"wp-block-gallery has-nested-images columns-default is-cropped wp-block-gallery-1 is-layout-flex wp-block-gallery-is-layout-flex\">\n<figure class=\"wp-block-image size-large\"><a href=\"https:\/\/www.axishoteis.com\/pt\/axis-porto.html\" target=\"_blank\" rel=\"noreferrer noopener\"><img loading=\"lazy\" decoding=\"async\" width=\"1000\" height=\"896\" data-id=\"323\" src=\"https:\/\/www.iscap.pt\/rulescoop2023\/wp-content\/uploads\/2023\/04\/Axis.jpg\" alt=\"\" class=\"wp-image-323\" srcset=\"https:\/\/www.iscap.pt\/rulescoop2023\/wp-content\/uploads\/2023\/04\/Axis.jpg 1000w, https:\/\/www.iscap.pt\/rulescoop2023\/wp-content\/uploads\/2023\/04\/Axis-300x269.jpg 300w, https:\/\/www.iscap.pt\/rulescoop2023\/wp-content\/uploads\/2023\/04\/Axis-768x688.jpg 768w\" sizes=\"auto, (max-width: 1000px) 100vw, 1000px\" \/><\/a><\/figure>\n<\/figure>\n\n\n\n<div style=\"height:13px\" aria-hidden=\"true\" class=\"wp-block-spacer\"><\/div>\n\n\n\n<p><mark style=\"background-color:rgba(0, 0, 0, 0);color:#2ed2cd\" class=\"has-inline-color\"><a href=\"https:\/\/hotelmoov.com\/hoteis\/porto\/hotel-moov-porto-norte\/\">MOOV Hotel Porto Norte **<\/a><\/mark><\/p>\n\n\n\n<figure class=\"wp-block-gallery has-nested-images columns-default is-cropped wp-block-gallery-2 is-layout-flex wp-block-gallery-is-layout-flex\">\n<figure class=\"wp-block-image size-large\"><a href=\"https:\/\/hotelmoov.com\/hoteis\/porto\/hotel-moov-porto-norte\/\" target=\"_blank\" rel=\"noreferrer noopener\"><img loading=\"lazy\" decoding=\"async\" width=\"1024\" height=\"550\" data-id=\"327\" src=\"https:\/\/www.iscap.pt\/rulescoop2023\/wp-content\/uploads\/2023\/04\/moov.png\" alt=\"\" class=\"wp-image-327\" srcset=\"https:\/\/www.iscap.pt\/rulescoop2023\/wp-content\/uploads\/2023\/04\/moov.png 1024w, https:\/\/www.iscap.pt\/rulescoop2023\/wp-content\/uploads\/2023\/04\/moov-300x161.png 300w, https:\/\/www.iscap.pt\/rulescoop2023\/wp-content\/uploads\/2023\/04\/moov-768x413.png 768w\" sizes=\"auto, (max-width: 1024px) 100vw, 1024px\" \/><\/a><\/figure>\n<\/figure>\n\n\n\n<div style=\"height:13px\" aria-hidden=\"true\" class=\"wp-block-spacer\"><\/div>\n\n\n\n<p><mark style=\"background-color:rgba(0, 0, 0, 0);color:#2ed2cd\" class=\"has-inline-color\"><a href=\"https:\/\/www.ihg.com\/holidayinnexpress\/hotels\/gb\/en\/porto\/oposc\/hoteldetail\">HolidayInn Express Porto \u2013 City Centre<\/a><\/mark><\/p>\n\n\n\n<figure class=\"wp-block-gallery has-nested-images columns-default is-cropped wp-block-gallery-3 is-layout-flex wp-block-gallery-is-layout-flex\">\n<figure class=\"wp-block-image size-large\"><a href=\"https:\/\/www.ihg.com\/holidayinnexpress\/hotels\/gb\/en\/porto\/oposc\/hoteldetail\" target=\"_blank\" rel=\"noreferrer noopener\"><img loading=\"lazy\" decoding=\"async\" width=\"1024\" height=\"726\" data-id=\"333\" src=\"https:\/\/www.iscap.pt\/rulescoop2023\/wp-content\/uploads\/2023\/04\/holiday-inn.png\" alt=\"\" class=\"wp-image-333\" srcset=\"https:\/\/www.iscap.pt\/rulescoop2023\/wp-content\/uploads\/2023\/04\/holiday-inn.png 1024w, https:\/\/www.iscap.pt\/rulescoop2023\/wp-content\/uploads\/2023\/04\/holiday-inn-300x213.png 300w, https:\/\/www.iscap.pt\/rulescoop2023\/wp-content\/uploads\/2023\/04\/holiday-inn-768x545.png 768w\" sizes=\"auto, (max-width: 1024px) 100vw, 1024px\" \/><\/a><\/figure>\n<\/figure>\n\n\n\n<div style=\"height:13px\" aria-hidden=\"true\" class=\"wp-block-spacer\"><\/div>\n\n\n\n<p><mark style=\"background-color:rgba(0, 0, 0, 0);color:#2ed2cd\" class=\"has-inline-color\"><a href=\"https:\/\/www.ihg.com\/holidayinnexpress\/hotels\/gb\/en\/porto\/prtpe\/hoteldetail?cm_mmc=GoogleMaps-_-EX-_-PT-_-PRTPE\">HolidayInn Express Porto \u2013 Exponor<\/a><\/mark><\/p>\n\n\n\n<figure class=\"wp-block-image size-full is-resized\"><a href=\"https:\/\/www.ihg.com\/holidayinnexpress\/hotels\/gb\/en\/porto\/prtpe\/hoteldetail?cm_mmc=GoogleMaps-_-EX-_-PT-_-PRTPE\" target=\"_blank\" rel=\"noreferrer noopener\"><img loading=\"lazy\" decoding=\"async\" src=\"https:\/\/www.iscap.pt\/rulescoop2023\/wp-content\/uploads\/2023\/04\/holiday-exponor.png\" alt=\"\" class=\"wp-image-345\" width=\"650\" height=\"433\" srcset=\"https:\/\/www.iscap.pt\/rulescoop2023\/wp-content\/uploads\/2023\/04\/holiday-exponor.png 960w, https:\/\/www.iscap.pt\/rulescoop2023\/wp-content\/uploads\/2023\/04\/holiday-exponor-300x200.png 300w, https:\/\/www.iscap.pt\/rulescoop2023\/wp-content\/uploads\/2023\/04\/holiday-exponor-768x512.png 768w\" sizes=\"auto, (max-width: 650px) 100vw, 650px\" \/><\/a><\/figure>\n\n\n\n<div style=\"height:13px\" aria-hidden=\"true\" class=\"wp-block-spacer\"><\/div>\n\n\n\n<p><mark style=\"background-color:rgba(0, 0, 0, 0);color:#2ed2cd\" class=\"has-inline-color\"><a href=\"https:\/\/www.eurostarshotels.com.pt\/eurostars-oporto.html\">Eurostars Oporto<\/a><\/mark><\/p>\n\n\n\n<figure class=\"wp-block-image size-full\"><a href=\"https:\/\/www.eurostarshotels.com.pt\/eurostars-oporto.html\" target=\"_blank\" rel=\"noreferrer noopener\"><img loading=\"lazy\" decoding=\"async\" width=\"1024\" height=\"672\" src=\"https:\/\/www.iscap.pt\/rulescoop2023\/wp-content\/uploads\/2023\/04\/eurostars.jpg\" alt=\"\" class=\"wp-image-348\" srcset=\"https:\/\/www.iscap.pt\/rulescoop2023\/wp-content\/uploads\/2023\/04\/eurostars.jpg 1024w, https:\/\/www.iscap.pt\/rulescoop2023\/wp-content\/uploads\/2023\/04\/eurostars-300x197.jpg 300w, https:\/\/www.iscap.pt\/rulescoop2023\/wp-content\/uploads\/2023\/04\/eurostars-768x504.jpg 768w\" sizes=\"auto, (max-width: 1024px) 100vw, 1024px\" \/><\/a><\/figure>\n","protected":false},"excerpt":{"rendered":"<p>As inscri\u00e7\u00f5es dever\u00e3o ser realizadas a partir do formul\u00e1rio de inscri\u00e7\u00e3o. N\u00e3o se aceitam inscri\u00e7\u00f5es por email. Depois de efectuar o pagamento envie por favor um comprovativo de pagamento para o email para rulescoop.iscap@iscap.ipp.pt. Custos de inscri\u00e7\u00e3o At\u00e9 15 de abril(Early bird) Depois de 15 de abril Autores com comunica\u00e7\u00e3o 150 \u20ac 150 \u20ac Investigadores [&hellip;]<\/p>\n","protected":false},"author":1,"featured_media":0,"parent":0,"menu_order":0,"comment_status":"closed","ping_status":"closed","template":"","meta":{"footnotes":""},"class_list":["post-196","page","type-page","status-publish","hentry"],"_links":{"self":[{"href":"https:\/\/www.iscap.pt\/rulescoop2023\/wp-json\/wp\/v2\/pages\/196","targetHints":{"allow":["GET"]}}],"collection":[{"href":"https:\/\/www.iscap.pt\/rulescoop2023\/wp-json\/wp\/v2\/pages"}],"about":[{"href":"https:\/\/www.iscap.pt\/rulescoop2023\/wp-json\/wp\/v2\/types\/page"}],"author":[{"embeddable":true,"href":"https:\/\/www.iscap.pt\/rulescoop2023\/wp-json\/wp\/v2\/users\/1"}],"replies":[{"embeddable":true,"href":"https:\/\/www.iscap.pt\/rulescoop2023\/wp-json\/wp\/v2\/comments?post=196"}],"version-history":[{"count":37,"href":"https:\/\/www.iscap.pt\/rulescoop2023\/wp-json\/wp\/v2\/pages\/196\/revisions"}],"predecessor-version":[{"id":606,"href":"https:\/\/www.iscap.pt\/rulescoop2023\/wp-json\/wp\/v2\/pages\/196\/revisions\/606"}],"wp:attachment":[{"href":"https:\/\/www.iscap.pt\/rulescoop2023\/wp-json\/wp\/v2\/media?parent=196"}],"curies":[{"name":"wp","href":"https:\/\/api.w.org\/{rel}","templated":true}]}}