{"id":2,"date":"2023-02-06T16:49:22","date_gmt":"2023-02-06T16:49:22","guid":{"rendered":"https:\/\/www.iscap.pt\/rulescoop2023\/?page_id=2"},"modified":"2023-04-26T10:17:50","modified_gmt":"2023-04-26T10:17:50","slug":"chamada-de-trabalhos","status":"publish","type":"page","link":"https:\/\/www.iscap.pt\/rulescoop2023\/chamada-de-trabalhos\/","title":{"rendered":"Chamada de trabalhos"},"content":{"rendered":"\n<p><strong>Transi\u00e7\u00e3o digital, verde e inclusiva na Economia Social<\/strong><\/p>\n\n\n\n<p>Em tempos de incerteza e de sucessivas crises, emergem solu\u00e7\u00f5es que questionam as atuais rela\u00e7\u00f5es econ\u00f3micas, ambientais e sociais. \u00c9 neste contexto, marcado pela transi\u00e7\u00e3o digital, verde e inclusiva, que o XVI Congresso do RulesCOOP convida a comunidade acad\u00e9mica, cient\u00edfica e profissional a debater o papel da economia social nesta transi\u00e7\u00e3o.<\/p>\n\n\n\n<p>A Transforma\u00e7\u00e3o Digital \u00e9 um termo amplamente utilizado sendo cr\u00edtico para as organiza\u00e7\u00f5es, j\u00e1 que tecnologias, sistemas de informa\u00e7\u00e3o e processos est\u00e3o lado a lado nessa transforma\u00e7\u00e3o. Trata-se de executar tarefas organizacionais integrando tecnologias e sistemas de informa\u00e7\u00e3o para desmaterializar processos, criando fluxos de informa\u00e7\u00e3o internos e externos, refor\u00e7ando a interoperabilidade. Neste contexto, \u00e9 essencial conhecer: (i) o estado da arte das organiza\u00e7\u00f5es da economia social quanto \u00e0 capacidade instalada e prepara\u00e7\u00e3o para enfrentar este desafio; (ii) de que forma a transi\u00e7\u00e3o digital pode melhorar o desempenho destas organiza\u00e7\u00f5es tornando-as mais inclusivas e sustent\u00e1veis.<\/p>\n\n\n\n<p>A transi\u00e7\u00e3o verde tem merecido destaque na agenda internacional das \u00faltimas d\u00e9cadas e tem sido alvo de diversos instrumentos legislativos. Assegurar a transi\u00e7\u00e3o para as energias limpas, promover o autoconsumo e combater a pobreza energ\u00e9tica t\u00eam sido as preocupa\u00e7\u00f5es mais relevantes desta agenda internacional para um planeta mais verde e inclusivo. Neste congresso, pretendemos refletir sobre: (i) o papel da economia social na defesa dos grupos mais vulner\u00e1veis em termos energ\u00e9ticos (ii) a cria\u00e7\u00e3o de instrumentos ao n\u00edvel das pol\u00edticas p\u00fablicas para a prote\u00e7\u00e3o dos cidad\u00e3os vulner\u00e1veis e para a promo\u00e7\u00e3o e envolvimento ativo dos cidad\u00e3os na transi\u00e7\u00e3o verde; (iii) o papel das entidades da economia social na democratiza\u00e7\u00e3o e descentraliza\u00e7\u00e3o energ\u00e9tica.<\/p>\n\n\n\n<p>No imperativo de constru\u00e7\u00e3o de uma sociedade mais inclusiva, que n\u00e3o deixe ningu\u00e9m ficar para tr\u00e1s, as entidades da economia social assumem um importante papel. Neste congresso pretendemos reflectir sobre: (i) o posicionamento das entidades da ecoomia social perante desafios complexos como discrimina\u00e7\u00e3o (g\u00e9nero, racial, etc), os fortes fluxos migrat\u00f3rios, integra\u00e7\u00e3o de pessoas com defici\u00eancia, acesso a trabalho digno, entre muitos outros; e (ii) o papel das pol\u00edticas p\u00fablicas na promo\u00e7\u00e3o deste dimens\u00e3o inclusiva das entidades da economia social.<\/p>\n\n\n\n<p>Assim, o XVI Congresso do RulesCOOP pretende colocar em di\u00e1logo especialistas, jovens, profissionais do setor da economia social para debater desafios e estrat\u00e9gias para uma economia social mais ativa e preparada para fazer face aos desafios que a transi\u00e7\u00e3o digital, verde&nbsp; e inclusiva lhes colocam. Admitem-se ainda comunica\u00e7\u00f5es de car\u00e1ter mais gen\u00e9rico, centradas em outras tend\u00eancias e desafios na economia social, tais como voluntariado, financiamento e <em>accountability<\/em>, inova\u00e7\u00e3o social, entre outros.<\/p>\n\n\n\n<p>O Congresso dirige-se a tr\u00eas grupos-alvo:<\/p>\n\n\n\n<ul class=\"wp-block-list\">\n<li>investigadores e investigadoras que se dedicam ao estudo das tend\u00eancias e desafios da economia social;<\/li>\n\n\n\n<li>estudantes de licenciaturas, mestrados, doutoramentos ou p\u00f3s-gradua\u00e7\u00f5es com trabalho na \u00e1rea da economia social;<\/li>\n\n\n\n<li>profissionais do setor da economia social que visem partilhar as suas pr\u00e1ticas de gest\u00e3o e de interven\u00e7\u00e3o.<\/li>\n<\/ul>\n\n\n\n<p>As comunica\u00e7\u00f5es poder\u00e3o ser escritas\/apresentadas em portugu\u00eas, espanhol ou ingl\u00eas. <\/p>\n\n\n\n<p>Os artigos ser\u00e3o posteriormente publicados no livro de atas do Congresso e integrados nas Publica\u00e7\u00f5es CEOS.PP. Admite-se a publica\u00e7\u00e3o de artigos em formato curto (at\u00e9 6 p\u00e1ginas) ou desenvolvido (at\u00e9 12 p\u00e1ginas), de acordo com as normas e modelo APA.<\/p>\n\n\n\n<p>Posteriormente ser\u00e3o divulgadas as oportunidades de publica\u00e7\u00e3o em revistas associadas ao Congresso.&nbsp;<\/p>\n\n\n\n<p>Os artigos apenas ser\u00e3o considerados para publica\u00e7\u00e3o se pelo menos um dos autores se inscrever no Congresso como autor.&nbsp; Cada autor poder\u00e1 apresentar no m\u00e1ximo duas comunica\u00e7\u00f5es.<\/p>\n\n\n\n<p>As submiss\u00f5es s\u00e3o realizadas atrav\u00e9s da plataforma <em>easychair<\/em> no <em>link<\/em>:&nbsp; <a href=\"https:\/\/easychair.org\/conferences\/?conf=xvirulescoop2023\">https:\/\/easychair.org\/conferences\/?conf=xvirulescoop2023<\/a>.&nbsp;<\/p>\n\n\n\n<p>Os artigos dever\u00e3o responder \u00e0s seguintes quest\u00f5es:<\/p>\n\n\n\n<p>&#8211; Qual a problem\u00e1tica estudada\/analisada e por que \u00e9 relevante\/importante?<\/p>\n\n\n\n<p>&#8211; Qual o estado da arte sobre o tema?<\/p>\n\n\n\n<p>&#8211; Qual a abordagem metodol\u00f3gica usada ou que se prop\u00f5e utilizar?<\/p>\n\n\n\n<p>&#8211; Quais os resultados (se aplic\u00e1vel)?<\/p>\n\n\n\n<p><strong>Datas importantes (novas datas!):<\/strong><\/p>\n\n\n\n<p>14 de abril: Data limite para a submiss\u00e3o do resumo<\/p>\n\n\n\n<p>20 de abril: Notifica\u00e7\u00e3o de aceita\u00e7\u00e3o por parte da comiss\u00e3o cient\u00edfica da Congresso<\/p>\n\n\n\n<p>4 e 5 de maio: Congresso em regime h\u00edbrido<\/p>\n\n\n\n<p><strong>Contactos:<\/strong> rulescoop.iscap@iscap.ipp.pt<\/p>\n\n\n\n<p><strong>Custos de inscri\u00e7\u00e3o<\/strong><\/p>\n\n\n\n<figure class=\"wp-block-table\"><table><tbody><tr><td><\/td><td><strong>At\u00e9 15 de abril<\/strong><strong> <\/strong><strong><em>(Early bird)<\/em><\/strong><\/td><td><strong>Depois de 15 de abril<\/strong><\/td><\/tr><tr><td>Autores com comunica\u00e7\u00e3o<\/td><td>150 \u20ac<\/td><td>150 \u20ac<\/td><\/tr><tr><td>Investigadores CEOS.PP<\/td><td>100 \u20ac<\/td><td>150 \u20ac<\/td><\/tr><tr><td>Representantes da rede RulesCOOP<\/td><td>Gratuito<\/td><td>Gratuito<\/td><\/tr><tr><td>Estudantes do ISCAP com comunica\u00e7\u00e3o<\/td><td>Gratuito<\/td><td>Gratuito<\/td><\/tr><tr><td>Outros estudantes com comunica\u00e7\u00e3o<\/td><td>50 \u20ac<\/td><td>50 \u20ac<\/td><\/tr><tr><td>Estudantes do ISCAP sem comunica\u00e7\u00e3o<\/td><td>30 \u20ac<\/td><td>50 \u20ac<\/td><\/tr><tr><td>Outros estudantes sem comunica\u00e7\u00e3o<\/td><td>75 \u20ac<\/td><td>100 \u20ac<\/td><\/tr><tr><td>Outros participantes sem comunica\u00e7\u00e3o<\/td><td>100 \u20ac<\/td><td>150 \u20ac<\/td><\/tr><\/tbody><\/table><\/figure>\n\n\n\n<p>As inscri\u00e7\u00f5es dever\u00e3o ser realizadas a partir do <a rel=\"noreferrer noopener\" href=\"https:\/\/docs.google.com\/forms\/d\/e\/1FAIpQLSd2SaeOaB-DTd4N0Hx81EVeCuLN6hA4txcEw0U_ioAbNh2opA\/viewform\" target=\"_blank\">formul\u00e1rio de inscri\u00e7\u00e3o<\/a>. N\u00e3o se aceitam inscri\u00e7\u00f5es por email. Depois de efectuar o pagamento envie por favor um comprovativo de pagamento para o email para rulescoop2023.iscap@iscap.ipp.pt .<\/p>\n","protected":false},"excerpt":{"rendered":"<p>Transi\u00e7\u00e3o digital, verde e inclusiva na Economia Social Em tempos de incerteza e de sucessivas crises, emergem solu\u00e7\u00f5es que questionam as atuais rela\u00e7\u00f5es econ\u00f3micas, ambientais e sociais. \u00c9 neste contexto, marcado pela transi\u00e7\u00e3o digital, verde e inclusiva, que o XVI Congresso do RulesCOOP convida a comunidade acad\u00e9mica, cient\u00edfica e profissional a debater o papel da [&hellip;]<\/p>\n","protected":false},"author":1,"featured_media":0,"parent":0,"menu_order":0,"comment_status":"closed","ping_status":"closed","template":"","meta":{"footnotes":""},"class_list":["post-2","page","type-page","status-publish","hentry"],"_links":{"self":[{"href":"https:\/\/www.iscap.pt\/rulescoop2023\/wp-json\/wp\/v2\/pages\/2","targetHints":{"allow":["GET"]}}],"collection":[{"href":"https:\/\/www.iscap.pt\/rulescoop2023\/wp-json\/wp\/v2\/pages"}],"about":[{"href":"https:\/\/www.iscap.pt\/rulescoop2023\/wp-json\/wp\/v2\/types\/page"}],"author":[{"embeddable":true,"href":"https:\/\/www.iscap.pt\/rulescoop2023\/wp-json\/wp\/v2\/users\/1"}],"replies":[{"embeddable":true,"href":"https:\/\/www.iscap.pt\/rulescoop2023\/wp-json\/wp\/v2\/comments?post=2"}],"version-history":[{"count":17,"href":"https:\/\/www.iscap.pt\/rulescoop2023\/wp-json\/wp\/v2\/pages\/2\/revisions"}],"predecessor-version":[{"id":423,"href":"https:\/\/www.iscap.pt\/rulescoop2023\/wp-json\/wp\/v2\/pages\/2\/revisions\/423"}],"wp:attachment":[{"href":"https:\/\/www.iscap.pt\/rulescoop2023\/wp-json\/wp\/v2\/media?parent=2"}],"curies":[{"name":"wp","href":"https:\/\/api.w.org\/{rel}","templated":true}]}}